{"id":15125,"date":"2025-01-19T14:08:12","date_gmt":"2025-01-19T14:08:12","guid":{"rendered":"https:\/\/www.hydraulic-cylinders.net\/product\/bucket-cylinder-for-komatsu-small-excavator-pc100-3-5-6\/"},"modified":"2025-01-19T14:08:14","modified_gmt":"2025-01-19T14:08:14","slug":"bucket-cylinder-for-komatsu-small-excavator-pc100-3-5-6","status":"publish","type":"product","link":"https:\/\/www.hydraulic-cylinders.net\/es\/producto\/bucket-cylinder-for-komatsu-small-excavator-pc100-3-5-6\/","title":{"rendered":"Cilindro de cuchar\u00f3n para excavadora peque\u00f1a Komatsu PC100-3-5-6"},"content":{"rendered":"<h2>Cilindro de cuchar\u00f3n para excavadora peque\u00f1a Komatsu PC100-3-5-6<\/h2>\n<h3>Introducci\u00f3n:<\/h3>\n<p>Un cilindro de cuchar\u00f3n es un cilindro hidr\u00e1ulico especialmente dise\u00f1ado que se utiliza para controlar el movimiento del cuchar\u00f3n en maquinaria pesada como excavadoras, retroexcavadoras y cargadoras frontales. Su funci\u00f3n principal es permitir la elevaci\u00f3n, el descenso y la inclinaci\u00f3n del cuchar\u00f3n para facilitar la manipulaci\u00f3n de diversos materiales. En el sistema hidr\u00e1ulico, el cilindro del cuchar\u00f3n logra un control preciso del cuchar\u00f3n mediante los cambios de presi\u00f3n del aceite hidr\u00e1ulico, lo que permite a los operadores manipular cargas pesadas con eficiencia y adaptarse a entornos de trabajo complejos y a diversos requisitos.<\/p>\n<p><img decoding=\"async\" src=\"https:\/\/www.hydraulic-cylinders.net\/wp-content\/uploads\/2025\/01\/songte-company-2.webp\"><\/p>\n<h3>Caracter\u00edsticas:<\/h3>\n<ul>\n<li>Alta resistencia y durabilidad: generalmente fabricado en acero o aluminio de alta resistencia, capaz de soportar alta presi\u00f3n y cargas pesadas, adecuado para entornos de trabajo hostiles, dise\u00f1ado teniendo en cuenta la resistencia al desgaste y la resistencia a la corrosi\u00f3n, lo que extiende la vida \u00fatil.<\/li>\n<li>Operaci\u00f3n hidr\u00e1ulica eficiente: acci\u00f3n suave de extensi\u00f3n y contracci\u00f3n lograda a trav\u00e9s de la presi\u00f3n del aceite hidr\u00e1ulico, capaz de responder r\u00e1pidamente a los comandos de control, proporcionando una poderosa fuerza de empuje y tracci\u00f3n, adecuada para manipular cargas pesadas y tareas laborales complejas.<\/li>\n<li>Diversos tipos: cilindros de simple efecto (hidr\u00e1ulicos en una sola direcci\u00f3n) o de doble efecto (hidr\u00e1ulicos en ambas direcciones) que se pueden seleccionar seg\u00fan las necesidades para satisfacer diferentes requisitos operativos. Algunos modelos son telesc\u00f3picos, lo que permite una mayor extensi\u00f3n sin aumentar las dimensiones externas, ideal para aplicaciones con espacio limitado.<\/li>\n<li>Puede reemplazar perfectamente otros cilindros hidr\u00e1ulicos.<\/li>\n<\/ul>\n<p><img decoding=\"async\" src=\"https:\/\/www.hydraulic-cylinders.net\/wp-content\/uploads\/2025\/01\/songte-cylinder-head-with-all-kinds-excavator-models.webp\"><\/p>\n<h3>Aplicaciones:<\/h3>\n<p>Los cilindros de cangilones se utilizan com\u00fanmente en diversos equipos de construcci\u00f3n, agr\u00edcolas y de manipulaci\u00f3n de materiales:<\/p>\n<ul>\n<li>Equipos de construcci\u00f3n: excavadoras, retroexcavadoras, cargadoras frontales<\/li>\n<li>Maquinaria agr\u00edcola: cargadoras frontales, utilizadas para cargar, levantar y transportar tierra, heno y otros materiales.<\/li>\n<li>Excavadoras: los cilindros del cuchar\u00f3n permiten que el cuchar\u00f3n penetre en el suelo para lograr la acci\u00f3n de excavaci\u00f3n.<\/li>\n<li>Cargadores frontales: los cilindros del cuchar\u00f3n ayudan a levantar y descargar mercanc\u00edas de manera eficaz<\/li>\n<\/ul>\n<h3>Criterios de dise\u00f1o y selecci\u00f3n:<\/h3>\n<p>Desde una perspectiva de dise\u00f1o, la capacidad de carga, el sellado, la durabilidad, la seguridad y la facilidad de mantenimiento del cilindro son consideraciones importantes:<\/p>\n<ul>\n<li>Capacidad de carga: el cilindro debe ser capaz de soportar la carga impuesta por el equipo y el material que se manipula. <\/li>\n<li>Sellado: Se utilizan diversos sellos, como sellos de pist\u00f3n, sellos de varilla, etc., para evitar fugas de aceite y mantener la confiabilidad del sistema. <\/li>\n<li>Durabilidad: el cilindro debe estar dise\u00f1ado teniendo en cuenta la resistencia al desgaste y la corrosi\u00f3n, y el cuerpo del cilindro, el v\u00e1stago del pist\u00f3n y otros componentes deben estar hechos de materiales de alta resistencia. <\/li>\n<li>Seguridad: el cilindro debe tener una presi\u00f3n de trabajo segura y debe estar equipado con dispositivos de seguridad confiables para evitar sobrecargas y accidentes. <\/li>\n<li>Mantenibilidad: el cilindro debe estar dise\u00f1ado para que sea f\u00e1cil de mantener y reparar, con componentes de f\u00e1cil acceso y una estructura f\u00e1cil de desmontar. <\/li>\n<\/ul>\n<p><img decoding=\"async\" src=\"https:\/\/www.hydraulic-cylinders.net\/wp-content\/uploads\/2025\/01\/songte-oil-pipes-and-spare-parts.webp\"><\/p>\n<h3>Sellado y lubricaci\u00f3n:<\/h3>\n<p>Se utilizan diversos elementos de sellado, como anillos de sellado de pist\u00f3n, anillos de sellado de v\u00e1stago, etc., para evitar fugas de aceite y garantizar la fiabilidad del sistema. Los sellos est\u00e1n fabricados con materiales resistentes al desgaste, como poliuretano y caucho de nitrilo. El cuerpo del cilindro y las superficies roscadas de los extremos est\u00e1n finamente procesadas para mejorar la resistencia al desgaste. Es necesaria una lubricaci\u00f3n regular con aceite hidr\u00e1ulico adecuado para garantizar el buen funcionamiento del cilindro.<\/p>\n<h3>Mantenimiento:<\/h3>\n<p>La inspecci\u00f3n regular y las medidas de mantenimiento preventivo son esenciales para la longevidad del cilindro:<\/p>\n<ul>\n<li>Controles peri\u00f3dicos de fugas, da\u00f1os y desgaste del cilindro y sus componentes.<\/li>\n<li>Lubricaci\u00f3n adecuada para garantizar el buen funcionamiento del cilindro.<\/li>\n<li>Sustituci\u00f3n de juntas y comprobaciones de calibraci\u00f3n cuando sea necesario.<\/li>\n<li>Instalaci\u00f3n adecuada, alineaci\u00f3n y uso de soportes de montaje apropiados para asegurar el cilindro.<\/li>\n<li>Procedimientos recomendados de inspecci\u00f3n, reparaci\u00f3n y reemplazo para prolongar la vida \u00fatil del cilindro.<\/li>\n<\/ul>\n<p><img decoding=\"async\" src=\"https:\/\/www.hydraulic-cylinders.net\/wp-content\/uploads\/2025\/01\/songte-chushion-collar.webp\"><\/p>\n<h3>Consideraciones de seguridad y factores ambientales:<\/h3>\n<p>Al utilizar cilindros de cangilones, se deben tomar medidas de seguridad para evitar accidentes y lesiones. La instalaci\u00f3n, el funcionamiento y el mantenimiento adecuados son esenciales para un funcionamiento seguro y eficiente. Tambi\u00e9n se deben considerar factores ambientales, como la temperatura y la humedad, al seleccionar y operar los cilindros de cangilones para garantizar un funcionamiento suave y fiable.<\/p>\n<h3>Diagn\u00f3stico de fallas y problemas comunes:<\/h3>\n<p>Las fallas comunes que pueden ocurrir con los cilindros de cuchar\u00f3n incluyen fugas de aceite, presi\u00f3n insuficiente, fuerza insuficiente y precisi\u00f3n de posicionamiento deficiente. La inspecci\u00f3n y el mantenimiento regulares pueden ayudar a prevenir estos problemas. Si ocurren problemas, se pueden utilizar medidas de diagn\u00f3stico como la medici\u00f3n de presi\u00f3n, la prueba de v\u00e1lvulas y la inspecci\u00f3n visual para identificar el origen del problema.<\/p>\n<p><img decoding=\"async\" src=\"https:\/\/www.hydraulic-cylinders.net\/wp-content\/uploads\/2025\/01\/songte-bushings-with-all-kinds-of-excavator-models.webp\"><\/p>\n<h3>Sobre nosotros:<\/h3>\n<p>Somos fabricantes de cilindros hidr\u00e1ulicos de repuesto. Nuestra empresa cuenta con una gama completa de productos y se ha convertido en uno de los principales fabricantes y distribuidores mayoristas de cilindros hidr\u00e1ulicos en el mercado nacional e internacional. Nos adherimos al principio de excelente calidad, nos basamos en la estrategia de gesti\u00f3n de la producci\u00f3n industrial de nuestros talleres de alta calidad y mejoramos continuamente nuestra plataforma de fabricaci\u00f3n mediante el uso de talento tecnol\u00f3gico, equipos de fabricaci\u00f3n digitales de alta gama y sistemas de prueba profesionales. Adem\u00e1s, contamos con una gran creatividad para satisfacer las diversas necesidades de nuestros clientes con los principios de alta eficiencia, precisi\u00f3n y calidad. <\/p>\n<p>Nuestra empresa ofrece servicios profesionales, personalizados y con certificaci\u00f3n internacional, equipos de producci\u00f3n avanzados y un excelente servicio posventa.<\/p>\n<p><img decoding=\"async\" src=\"https:\/\/www.hydraulic-cylinders.net\/wp-content\/uploads\/2025\/01\/songte-company-3.webp\"><\/p>\n<p>Autor: lyl<\/p>","protected":false},"excerpt":{"rendered":"<p>Bucket Cylinder For Komatsu Small Excavator PC100-3-5-6 Introduction: A bucket cylinder is a specially designed hydraulic cylinder used to control the movement of the bucket in heavy machinery such as excavators, backhoe excavators, and front-end loaders. Its main function is to enable the bucket to be lifted, lowered, and tilted for easy handling of various [&hellip;]<\/p>","protected":false},"featured_media":14776,"comment_status":"open","ping_status":"closed","template":"","meta":{"_et_pb_use_builder":"","_et_pb_old_content":"","_et_gb_content_width":""},"product_brand":[],"product_cat":[1494],"product_tag":[1495,1496],"class_list":{"0":"post-15125","1":"product","2":"type-product","3":"status-publish","4":"has-post-thumbnail","6":"product_cat-bucket-cylinders","7":"product_tag-bucket-cylinders","8":"product_tag-hydraulic-cylinders","10":"first","11":"instock","12":"shipping-taxable","13":"product-type-simple"},"amp_enabled":true,"_links":{"self":[{"href":"https:\/\/www.hydraulic-cylinders.net\/es\/wp-json\/wp\/v2\/product\/15125","targetHints":{"allow":["GET"]}}],"collection":[{"href":"https:\/\/www.hydraulic-cylinders.net\/es\/wp-json\/wp\/v2\/product"}],"about":[{"href":"https:\/\/www.hydraulic-cylinders.net\/es\/wp-json\/wp\/v2\/types\/product"}],"replies":[{"embeddable":true,"href":"https:\/\/www.hydraulic-cylinders.net\/es\/wp-json\/wp\/v2\/comments?post=15125"}],"wp:featuredmedia":[{"embeddable":true,"href":"https:\/\/www.hydraulic-cylinders.net\/es\/wp-json\/wp\/v2\/media\/14776"}],"wp:attachment":[{"href":"https:\/\/www.hydraulic-cylinders.net\/es\/wp-json\/wp\/v2\/media?parent=15125"}],"wp:term":[{"taxonomy":"product_brand","embeddable":true,"href":"https:\/\/www.hydraulic-cylinders.net\/es\/wp-json\/wp\/v2\/product_brand?post=15125"},{"taxonomy":"product_cat","embeddable":true,"href":"https:\/\/www.hydraulic-cylinders.net\/es\/wp-json\/wp\/v2\/product_cat?post=15125"},{"taxonomy":"product_tag","embeddable":true,"href":"https:\/\/www.hydraulic-cylinders.net\/es\/wp-json\/wp\/v2\/product_tag?post=15125"}],"curies":[{"name":"wp","href":"https:\/\/api.w.org\/{rel}","templated":true}]}}