{"id":15128,"date":"2025-01-19T14:08:23","date_gmt":"2025-01-19T14:08:23","guid":{"rendered":"https:\/\/www.hydraulic-cylinders.net\/product\/bucket-cylinder-for-komatsu-small-excavator-pc55-55uu\/"},"modified":"2025-01-19T14:08:25","modified_gmt":"2025-01-19T14:08:25","slug":"bucket-cylinder-for-komatsu-small-excavator-pc55-55uu","status":"publish","type":"product","link":"https:\/\/www.hydraulic-cylinders.net\/es\/producto\/bucket-cylinder-for-komatsu-small-excavator-pc55-55uu\/","title":{"rendered":"Cilindro de cuchar\u00f3n para miniexcavadora Komatsu PC55 55UU"},"content":{"rendered":"<h1>Cilindro de cuchar\u00f3n para miniexcavadora Komatsu PC55 55UU<\/h1>\n<h2>Introducci\u00f3n<\/h2>\n<p>El cilindro de la cuchara para la miniexcavadora Komatsu PC55 55UU es un cilindro hidr\u00e1ulico especializado que se utiliza principalmente para controlar el movimiento de la cuchara en maquinaria pesada, como excavadoras, retroexcavadoras y cargadoras frontales. Su funci\u00f3n principal es permitir que la cuchara se eleve, descienda e incline, facilitando as\u00ed diversas tareas de manipulaci\u00f3n de materiales. En el sistema hidr\u00e1ulico, el cilindro de la cuchara permite un control preciso de la misma mediante variaciones en la presi\u00f3n del aceite hidr\u00e1ulico, lo que permite a los operadores manipular objetos pesados \u200b\u200bcon eficiencia, adapt\u00e1ndose a entornos de trabajo complejos y a diversos requisitos operativos.<\/p>\n<p><img decoding=\"async\" src=\"https:\/\/www.hydraulic-cylinders.net\/wp-content\/uploads\/2025\/01\/songte-company-2.webp\" alt=\"Imagen del cilindro del cubo\"><\/p>\n<h2>Caracter\u00edsticas<\/h2>\n<ul>\n<li>Alta resistencia y durabilidad: generalmente fabricadas en acero o aluminio de alta resistencia, capaces de soportar altas presiones y cargas pesadas, adecuadas para entornos de trabajo exigentes, dise\u00f1adas teniendo en cuenta la resistencia al desgaste y a la corrosi\u00f3n, y una vida \u00fatil prolongada.<\/li>\n<li>Funcionamiento hidr\u00e1ulico eficiente: movimientos suaves de extensi\u00f3n y contracci\u00f3n logrados mediante la presi\u00f3n del aceite hidr\u00e1ulico, respuesta r\u00e1pida a los comandos de control, que proporciona una potente fuerza de empuje y tracci\u00f3n, adecuada para el manejo de objetos pesados \u200b\u200by tareas operativas complejas.<\/li>\n<li>Existen varios tipos: se pueden seleccionar cilindros de simple efecto (hidr\u00e1ulicos que act\u00faan en una sola direcci\u00f3n) o de doble efecto (hidr\u00e1ulicos que act\u00faan en dos direcciones) seg\u00fan las necesidades para satisfacer diferentes requisitos operativos; algunos modelos son telesc\u00f3picos, lo que permite una mayor expansi\u00f3n sin aumentar las dimensiones externas, adecuados para aplicaciones con espacio limitado.<\/li>\n<li>Reemplazo perfecto para cilindros hidr\u00e1ulicos: nuestro producto puede reemplazar perfectamente estos cilindros hidr\u00e1ulicos.<\/li>\n<\/ul>\n<p><img decoding=\"async\" src=\"https:\/\/www.hydraulic-cylinders.net\/wp-content\/uploads\/2025\/01\/songte-cylinder-head-with-all-kinds-excavator-models.webp\" alt=\"Imagen del cilindro del cubo\"><\/p>\n<h2>Aplicaciones<\/h2>\n<p>El cilindro del cuchar\u00f3n para la miniexcavadora Komatsu PC55 55UU tiene diversas aplicaciones en diferentes campos:<\/p>\n<ul>\n<li>Equipos de construcci\u00f3n: ampliamente utilizados en excavadoras para excavar, cargar y mover tierra o escombros; en retroexcavadoras, los cilindros del cuchar\u00f3n ayudan tanto a excavar como a elevar. <\/li>\n<li>Maquinaria agr\u00edcola: se utiliza en cargadoras frontales para recoger, levantar y transportar tierra, heno y otros materiales; en las excavadoras, los cilindros del cuchar\u00f3n permiten la acci\u00f3n de excavaci\u00f3n al permitir que el cuchar\u00f3n penetre en el suelo. <\/li>\n<li>Cargadores: en los cargadores frontales, ayudan a levantar e inclinar la mercanc\u00eda de forma eficaz. <\/li>\n<\/ul>\n<h2>Consideraciones de dise\u00f1o y criterios de selecci\u00f3n<\/h2>\n<p>El cilindro del cuchar\u00f3n para la miniexcavadora Komatsu PC55 55UU tuvo en cuenta las siguientes consideraciones de dise\u00f1o:<\/p>\n<ul>\n<li>Capacidad de carga: capaz de soportar la carga y la presi\u00f3n en el entorno operativo.<\/li>\n<li>Eficacia del sellado: Se utilizan diversos sellos, como sellos de pist\u00f3n y sellos de v\u00e1stago, con materiales resistentes al desgaste, se emplea un proceso avanzado de recubrimiento del cuerpo del cilindro y de la superficie del extremo roscado para mejorar la resistencia al desgaste, y se realiza una lubricaci\u00f3n regular con aceite hidr\u00e1ulico para un sellado y una lubricaci\u00f3n eficaces.<\/li>\n<li>Durabilidad: Capaz de soportar condiciones de trabajo duras, gracias al uso de materiales de alta resistencia y dise\u00f1ado teniendo en cuenta la resistencia al desgaste y a la corrosi\u00f3n, lo que prolonga la vida \u00fatil del producto.<\/li>\n<li>Seguridad: Cumplir estrictamente con las normas y reglamentos de seguridad, proporcionar medidas y procedimientos de seguridad a los usuarios y garantizar su seguridad durante el funcionamiento.<\/li>\n<li>Mantenimiento: F\u00e1cil mantenimiento, utilizando componentes de alta calidad, y mantenimiento e inspecci\u00f3n regulares para prolongar la vida \u00fatil del producto.<\/li>\n<\/ul>\n<p><img decoding=\"async\" src=\"https:\/\/www.hydraulic-cylinders.net\/wp-content\/uploads\/2025\/01\/songte-oil-pipes-and-spare-parts.webp\" alt=\"Imagen del cilindro del cubo\"><\/p>\n<h2>Sellado y lubricaci\u00f3n<\/h2>\n<p>El cilindro del cuchar\u00f3n para la miniexcavadora Komatsu PC55 55UU utiliza diversos sellos, como sellos de pist\u00f3n y de v\u00e1stago, con materiales resistentes al desgaste. El cuerpo del cilindro y la superficie roscada se someten a un tratamiento de precisi\u00f3n para mejorar su resistencia al desgaste. La lubricaci\u00f3n peri\u00f3dica con aceite hidr\u00e1ulico garantiza una lubricaci\u00f3n eficaz del cilindro y la estanqueidad del producto.<\/p>\n<h2>Mantenimiento y reparaci\u00f3n<\/h2>\n<p>La inspecci\u00f3n peri\u00f3dica y el mantenimiento preventivo pueden ayudar a prolongar la vida \u00fatil del cilindro del cuchar\u00f3n. Las tareas de mantenimiento comunes incluyen:<\/p>\n<ul>\n<li>Inspecci\u00f3n regular<\/li>\n<li>Lubricaci\u00f3n adecuada<\/li>\n<li>Reemplazo del sello<\/li>\n<li>Comprobaci\u00f3n de calibraci\u00f3n<\/li>\n<\/ul>\n<p>La correcta instalaci\u00f3n del cilindro del cuchar\u00f3n es fundamental, por lo que recomendamos utilizar soportes de instalaci\u00f3n adecuados para fijarlo. Es necesario alinear correctamente el cilindro durante la instalaci\u00f3n. Ofrecemos servicios de inspecci\u00f3n, reparaci\u00f3n, sustituci\u00f3n de piezas y reacondicionamiento para prolongar la vida \u00fatil del producto.<\/p>\n<p><img decoding=\"async\" src=\"https:\/\/www.hydraulic-cylinders.net\/wp-content\/uploads\/2025\/01\/songte-chushion-collar.webp\" alt=\"Imagen del cilindro del cubo\"><\/p>\n<h2>Consideraciones de seguridad y medio ambiente<\/h2>\n<p>Al utilizar el cilindro de la cuchara, deben seguirse estrictamente las medidas de seguridad para prevenir accidentes y garantizar la seguridad del usuario. Se debe usar el equipo de protecci\u00f3n adecuado durante su funcionamiento. Las consideraciones ambientales incluyen la correcta eliminaci\u00f3n de residuos y el cumplimiento de las normativas ambientales durante la producci\u00f3n y el uso.<\/p>\n<h2>Soluci\u00f3n de problemas y problemas comunes<\/h2>\n<p>El cilindro del cuchar\u00f3n de la miniexcavadora Komatsu PC55 55UU puede presentar problemas comunes durante su uso, como fugas, desgaste y disminuci\u00f3n del rendimiento. Un diagn\u00f3stico adecuado y la aplicaci\u00f3n de medidas preventivas ayudan a minimizar y prevenir estos problemas, garantizando as\u00ed el correcto funcionamiento del producto. Ofrecemos consejos y soluciones para la resoluci\u00f3n de problemas, con el fin de ayudar a los usuarios a diagnosticar y solucionar problemas, adem\u00e1s de sugerir medidas preventivas.<\/p>\n<p><img decoding=\"async\" src=\"https:\/\/www.hydraulic-cylinders.net\/wp-content\/uploads\/2025\/01\/songte-bushings-with-all-kinds-of-excavator-models.webp\" alt=\"Imagen del cilindro del cubo\"><\/p>\n<h2>Acerca de nuestra empresa<\/h2>\n<p>Somos fabricantes de cilindros hidr\u00e1ulicos de repuesto, con una gama completa de productos, lo que nos ha posicionado como uno de los principales fabricantes y distribuidores mayoristas de cilindros hidr\u00e1ulicos en los mercados nacionales e internacionales. Nos regimos por el principio de la excelencia en la calidad, contamos con talleres de fabricaci\u00f3n de vanguardia para implementar estrategias de gesti\u00f3n de producci\u00f3n industrializada y mejoramos continuamente nuestra plataforma de fabricaci\u00f3n mediante el uso de personal t\u00e9cnico especializado, equipos de fabricaci\u00f3n digitales de \u00faltima generaci\u00f3n y sistemas de prueba profesionales. Poseemos una gran capacidad creativa y, con base en los principios de alta eficiencia, alta precisi\u00f3n y alta calidad, podemos satisfacer las diversas necesidades de nuestros clientes. <\/p>\n<p><img decoding=\"async\" src=\"https:\/\/hzpt.com\/wp-content\/uploads\/2024\/11\/songte-company-1.webp\" alt=\"Imagen del cilindro del cubo\"><\/p>\n<h3>Profesionalismo<\/h3>\n<p>Contamos con un equipo profesional con amplia experiencia en productos hidr\u00e1ulicos para brindar a nuestros clientes soluciones y servicios de alta calidad.<\/p>\n<h3>Certificaci\u00f3n Internacional<\/h3>\n<p>Nuestros productos han obtenido certificaciones internacionales, como CE, ISO9001 y SGS, lo que garantiza la calidad y seguridad del producto.<\/p>\n<h3>Servicios de personalizaci\u00f3n<\/h3>\n<p>Ofrecemos servicios personalizados para satisfacer las necesidades \u00fanicas de los clientes, productos a medida y soluciones para brindarles la mejor experiencia.<\/p>\n<h3>Equipos de producci\u00f3n<\/h3>\n<p>Utilizamos equipos de fabricaci\u00f3n avanzados y de alta gama para garantizar la calidad y el rendimiento de nuestros productos.<\/p>\n<h3>Servicio postventa<\/h3>\n<p>Ofrecemos servicios postventa integrales, tales como soporte t\u00e9cnico, mantenimiento, reparaci\u00f3n, reemplazo de piezas y servicios de reconstrucci\u00f3n.<\/p>\n<p>Autor: lyl<\/p>","protected":false},"excerpt":{"rendered":"<p>Bucket Cylinder For Komatsu Small Excavator PC55 55UU Introduction The bucket cylinder for Komatsu small excavator PC55 55UU is a specialized hydraulic cylinder mainly used to control the movement of the bucket in heavy machinery, such as excavators, backhoe excavators, and front loaders. Its primary function is to allow the bucket to lift, lower, and [&hellip;]<\/p>","protected":false},"featured_media":14769,"comment_status":"open","ping_status":"closed","template":"","meta":{"_et_pb_use_builder":"","_et_pb_old_content":"","_et_gb_content_width":""},"product_brand":[],"product_cat":[1494],"product_tag":[1495,1496],"class_list":{"0":"post-15128","1":"product","2":"type-product","3":"status-publish","4":"has-post-thumbnail","6":"product_cat-bucket-cylinders","7":"product_tag-bucket-cylinders","8":"product_tag-hydraulic-cylinders","10":"first","11":"instock","12":"shipping-taxable","13":"product-type-simple"},"amp_enabled":true,"_links":{"self":[{"href":"https:\/\/www.hydraulic-cylinders.net\/es\/wp-json\/wp\/v2\/product\/15128","targetHints":{"allow":["GET"]}}],"collection":[{"href":"https:\/\/www.hydraulic-cylinders.net\/es\/wp-json\/wp\/v2\/product"}],"about":[{"href":"https:\/\/www.hydraulic-cylinders.net\/es\/wp-json\/wp\/v2\/types\/product"}],"replies":[{"embeddable":true,"href":"https:\/\/www.hydraulic-cylinders.net\/es\/wp-json\/wp\/v2\/comments?post=15128"}],"wp:featuredmedia":[{"embeddable":true,"href":"https:\/\/www.hydraulic-cylinders.net\/es\/wp-json\/wp\/v2\/media\/14769"}],"wp:attachment":[{"href":"https:\/\/www.hydraulic-cylinders.net\/es\/wp-json\/wp\/v2\/media?parent=15128"}],"wp:term":[{"taxonomy":"product_brand","embeddable":true,"href":"https:\/\/www.hydraulic-cylinders.net\/es\/wp-json\/wp\/v2\/product_brand?post=15128"},{"taxonomy":"product_cat","embeddable":true,"href":"https:\/\/www.hydraulic-cylinders.net\/es\/wp-json\/wp\/v2\/product_cat?post=15128"},{"taxonomy":"product_tag","embeddable":true,"href":"https:\/\/www.hydraulic-cylinders.net\/es\/wp-json\/wp\/v2\/product_tag?post=15128"}],"curies":[{"name":"wp","href":"https:\/\/api.w.org\/{rel}","templated":true}]}}