{"id":15134,"date":"2025-01-19T14:08:54","date_gmt":"2025-01-19T14:08:54","guid":{"rendered":"https:\/\/www.hydraulic-cylinders.net\/product\/bucket-cylinder-for-komatsu-middle-excavator-pc228\/"},"modified":"2025-01-19T14:08:56","modified_gmt":"2025-01-19T14:08:56","slug":"bucket-cylinder-for-komatsu-middle-excavator-pc228","status":"publish","type":"product","link":"https:\/\/www.hydraulic-cylinders.net\/es\/producto\/bucket-cylinder-for-komatsu-middle-excavator-pc228\/","title":{"rendered":"Cilindro de cuchar\u00f3n para excavadora intermedia Komatsu PC228"},"content":{"rendered":"<h1>Cilindro de cuchar\u00f3n para excavadora intermedia Komatsu PC228<\/h1>\n<h2>Introducci\u00f3n<\/h2>\n<p>El cilindro del cuchar\u00f3n para la excavadora intermedia Komatsu PC228 es un cilindro hidr\u00e1ulico especializado, dise\u00f1ado para controlar el movimiento del cuchar\u00f3n en maquinaria pesada como excavadoras, retroexcavadoras y cargadoras frontales. Su funci\u00f3n principal es permitir que el cuchar\u00f3n se eleve, baje e incline, facilitando diversas tareas de manipulaci\u00f3n de materiales. En el sistema hidr\u00e1ulico, el cilindro del cuchar\u00f3n controla el movimiento preciso del cuchar\u00f3n modificando la presi\u00f3n del aceite hidr\u00e1ulico, lo que permite al operador manipular cargas pesadas con eficiencia y adaptarse a entornos de trabajo complejos y diversos requisitos operativos.<\/p>\n<p><img decoding=\"async\" src=\"https:\/\/www.hydraulic-cylinders.net\/wp-content\/uploads\/2025\/01\/songte-company-2.webp\" alt=\"Cilindro de cuchar\u00f3n para excavadora intermedia Komatsu PC228\" \/><\/p>\n<h2>Caracter\u00edsticas<\/h2>\n<ul>\n<li><strong>Alta resistencia y durabilidad:<\/strong> Generalmente fabricado en acero o aluminio de alta resistencia, soporta alta presi\u00f3n y cargas pesadas, adapt\u00e1ndose a entornos de trabajo hostiles. Su dise\u00f1o considera la resistencia al desgaste y a la corrosi\u00f3n, lo que prolonga su vida \u00fatil.<\/li>\n<li><strong>Operaci\u00f3n hidr\u00e1ulica eficiente:<\/strong> Al utilizar la presi\u00f3n del aceite hidr\u00e1ulico para lograr un movimiento telesc\u00f3pico suave, puede responder r\u00e1pidamente a los comandos operativos y proporcionar una poderosa fuerza de empuje y tracci\u00f3n, adecuada para manipular cargas pesadas y tareas de trabajo complejas.<\/li>\n<li><strong>Varios tipos:<\/strong> Puede elegir entre cilindros de simple efecto (hidr\u00e1ulico utilizado en una sola direcci\u00f3n) o de doble efecto (hidr\u00e1ulico utilizado en ambas direcciones) seg\u00fan sus necesidades, algunos modelos son telesc\u00f3picos, lo que permite una mayor extensi\u00f3n sin aumentar las dimensiones externas, adecuado para aplicaciones de espacio limitado.<\/li>\n<li><strong>Personalizable:<\/strong> Nuestra empresa puede producir este producto y reemplazos perfectos para otros cilindros hidr\u00e1ulicos.<\/li>\n<\/ul>\n<p><img decoding=\"async\" src=\"https:\/\/www.hydraulic-cylinders.net\/wp-content\/uploads\/2025\/01\/songte-cylinder-head-with-all-kinds-excavator-models.webp\" alt=\"Cilindro de cuchar\u00f3n para excavadora intermedia Komatsu PC228\" \/><\/p>\n<h2>Aplicaciones<\/h2>\n<p>El cilindro del cuchar\u00f3n para la excavadora intermedia Komatsu PC228 es adecuado para diversas maquinarias pesadas, que incluyen:<\/p>\n<ul>\n<li><strong>Equipos de construcci\u00f3n:<\/strong> Se encuentran en las excavadoras y son esenciales para excavar, cargar y mover tierra o escombros. En las retroexcavadoras, el cilindro del cuchar\u00f3n facilita tanto la excavaci\u00f3n como la elevaci\u00f3n.<\/li>\n<li><strong>Maquinaria agr\u00edcola:<\/strong> Se utilizan en cargadoras frontales y pueden recoger, levantar y transportar tierra, heno y otros materiales. En las excavadoras, los cilindros del cuchar\u00f3n facilitan la excavaci\u00f3n al permitir que el cuchar\u00f3n penetre en el suelo.<\/li>\n<li><strong>Equipo de carga:<\/strong> En los cargadores frontales, ayudan a levantar e inclinar la carga de manera eficaz.<\/li>\n<\/ul>\n<h2>Consideraciones de dise\u00f1o y criterios de selecci\u00f3n<\/h2>\n<ul>\n<li><strong>Capacidad de carga:<\/strong> Debe ser capaz de soportar las cargas m\u00e1ximas que pueda encontrar durante el funcionamiento.<\/li>\n<li><strong>Caza de focas:<\/strong> El uso de varios elementos de sellado, como sellos de pist\u00f3n, sellos de varilla, etc. Los elementos de sellado deben estar hechos de materiales resistentes al desgaste, como poliuretano o caucho de nitrilo, y el cuerpo del cilindro y las superficies de los extremos roscados deben procesarse finamente para mejorar la resistencia al desgaste.<\/li>\n<li><strong>Durabilidad:<\/strong> El cilindro debe estar dise\u00f1ado para soportar los factores ambientales a los que estar\u00e1 expuesto, como la corrosi\u00f3n y la abrasi\u00f3n.<\/li>\n<li><strong>Seguridad:<\/strong> Se deben incorporar caracter\u00edsticas de seguridad en el dise\u00f1o para evitar accidentes y lesiones.<\/li>\n<li><strong>Mantenibilidad:<\/strong> El producto debe ser f\u00e1cil de mantener y reparar para reducir el tiempo de inactividad y garantizar una larga vida \u00fatil.<\/li>\n<\/ul>\n<p><img decoding=\"async\" src=\"https:\/\/www.hydraulic-cylinders.net\/wp-content\/uploads\/2025\/01\/songte-oil-pipes-and-spare-parts.webp\" alt=\"Cilindro de cuchar\u00f3n para excavadora intermedia Komatsu PC228\" \/><\/p>\n<h2>Sellado y lubricaci\u00f3n<\/h2>\n<p>El cilindro del cuchar\u00f3n de la excavadora intermedia Komatsu PC228 utiliza diversos elementos de sellado para garantizar el funcionamiento eficiente del sistema hidr\u00e1ulico. El cuerpo del cilindro y las superficies roscadas de los extremos est\u00e1n mecanizados con precisi\u00f3n para mejorar la resistencia al desgaste. Es necesaria una lubricaci\u00f3n regular con el aceite hidr\u00e1ulico adecuado.<\/p>\n<p><img decoding=\"async\" src=\"https:\/\/www.hydraulic-cylinders.net\/wp-content\/uploads\/2025\/01\/songte-chushion-collar.webp\" alt=\"Cilindro de cuchar\u00f3n para excavadora intermedia Komatsu PC228\" \/><\/p>\n<h2>Mantenimiento y reparaci\u00f3n<\/h2>\n<p>Las siguientes son tareas de mantenimiento comunes:<\/p>\n<ul>\n<li>Inspecci\u00f3n regular<\/li>\n<li>Lubricaci\u00f3n adecuada<\/li>\n<li>Reemplazo del sello<\/li>\n<li>Comprobaci\u00f3n de calibraci\u00f3n<\/li>\n<\/ul>\n<p>Una instalaci\u00f3n, lubricaci\u00f3n y ajuste adecuados son fundamentales para garantizar una larga vida \u00fatil. Durante la instalaci\u00f3n, se recomienda alinear el cilindro correctamente y utilizar soportes de montaje adecuados para asegurarlo. Se recomienda realizar inspecciones, reparaciones y reemplazos regulares para mantener un rendimiento \u00f3ptimo y prolongar la vida \u00fatil del cilindro del cuchar\u00f3n de la excavadora intermedia Komatsu PC228.<\/p>\n<p><img decoding=\"async\" src=\"https:\/\/www.hydraulic-cylinders.net\/wp-content\/uploads\/2025\/01\/songte-bushings-with-all-kinds-of-excavator-models.webp\" alt=\"Cilindro de cuchar\u00f3n para excavadora intermedia Komatsu PC228\" \/><\/p>\n<h2>Consideraciones de seguridad y factores ambientales<\/h2>\n<p>Al utilizar el cilindro de cuchar\u00f3n para la excavadora intermedia Komatsu PC228, las medidas de seguridad son vitales para prevenir accidentes y lesiones. Se deben tener en cuenta factores ambientales como la temperatura y la humedad al dise\u00f1ar y seleccionar los cilindros hidr\u00e1ulicos.<\/p>\n<h2>Diagn\u00f3stico de fallas y problemas comunes<\/h2>\n<p>Las fallas comunes incluyen fugas de aceite, ruidos anormales y movimiento lento o inestable. Estas pueden deberse a diversos factores, como desgaste, fallas en los sellos o una instalaci\u00f3n incorrecta.<\/p>\n<h2>Introducci\u00f3n de la empresa<\/h2>\n<p>Somos fabricantes de cilindros hidr\u00e1ulicos de repuesto de calidad y un fabricante y distribuidor mayorista l\u00edder de cilindros hidr\u00e1ulicos en el mercado nacional e internacional. Nos basamos en la estrategia de excelencia en la calidad, nos apoyamos en la gesti\u00f3n de la producci\u00f3n industrial de talleres de alta calidad y mejoramos continuamente la plataforma de fabricaci\u00f3n de nuestros productos, incorporando talento t\u00e9cnico, equipos de fabricaci\u00f3n digitales de alta gama y sistemas de prueba profesionales. Con principios eficientes, precisos y de alta calidad, satisfacemos las diversas necesidades de nuestros clientes.<\/p>\n<p><img decoding=\"async\" src=\"https:\/\/hzpt.com\/wp-content\/uploads\/2024\/11\/songte-company-1.webp\" alt=\"Cilindro de cuchar\u00f3n para excavadora intermedia Komatsu PC228\" \/><\/p>\n<h3>Profesionalismo:<\/h3>\n<p>Contamos con un equipo de profesionales que siguen los m\u00e1s altos est\u00e1ndares en su trabajo, asegurando que brindamos a nuestros clientes productos y servicios de alta calidad.<\/p>\n<h3>Certificaci\u00f3n Internacional:<\/h3>\n<p>Nuestra empresa cuenta con diversas certificaciones internacionales como ISO9001 y CE, garantizando que nuestros productos cumplen con los est\u00e1ndares de calidad globales.<\/p>\n<h3>Servicios de personalizaci\u00f3n:<\/h3>\n<p>Ofrecemos servicios de personalizaci\u00f3n para satisfacer cualquier necesidad y requisito espec\u00edfico de nuestros clientes.<\/p>\n<h3>Equipo de producci\u00f3n:<\/h3>\n<p>Nuestro equipo de producci\u00f3n incluye centros de mecanizado CNC avanzados, equipos de prueba y otros equipos de alta tecnolog\u00eda, lo que nos permite fabricar productos de alta calidad.<\/p>\n<h3>Servicios posventa:<\/h3>\n<p>Brindamos excelentes servicios posventa para garantizar que nuestros clientes est\u00e9n satisfechos con nuestros productos y servicios, incluido el mantenimiento regular, la inspecci\u00f3n, la reparaci\u00f3n y el reemplazo de piezas.<\/p>\n<p>Autor: lyl<\/p>","protected":false},"excerpt":{"rendered":"<p>Bucket Cylinder For Komatsu Middle Excavator PC228 Introduction The Bucket Cylinder for Komatsu Middle Excavator PC228 is a specialized hydraulic cylinder designed to control the movement of the bucket in heavy machinery such as excavators, backhoes, and front-end loaders. Its primary function is to allow the bucket to lift, lower, and tilt, making it easier [&hellip;]<\/p>","protected":false},"featured_media":14787,"comment_status":"open","ping_status":"closed","template":"","meta":{"_et_pb_use_builder":"","_et_pb_old_content":"","_et_gb_content_width":""},"product_brand":[],"product_cat":[1494],"product_tag":[1495,1496],"class_list":{"0":"post-15134","1":"product","2":"type-product","3":"status-publish","4":"has-post-thumbnail","6":"product_cat-bucket-cylinders","7":"product_tag-bucket-cylinders","8":"product_tag-hydraulic-cylinders","10":"first","11":"instock","12":"shipping-taxable","13":"product-type-simple"},"amp_enabled":true,"_links":{"self":[{"href":"https:\/\/www.hydraulic-cylinders.net\/es\/wp-json\/wp\/v2\/product\/15134","targetHints":{"allow":["GET"]}}],"collection":[{"href":"https:\/\/www.hydraulic-cylinders.net\/es\/wp-json\/wp\/v2\/product"}],"about":[{"href":"https:\/\/www.hydraulic-cylinders.net\/es\/wp-json\/wp\/v2\/types\/product"}],"replies":[{"embeddable":true,"href":"https:\/\/www.hydraulic-cylinders.net\/es\/wp-json\/wp\/v2\/comments?post=15134"}],"wp:featuredmedia":[{"embeddable":true,"href":"https:\/\/www.hydraulic-cylinders.net\/es\/wp-json\/wp\/v2\/media\/14787"}],"wp:attachment":[{"href":"https:\/\/www.hydraulic-cylinders.net\/es\/wp-json\/wp\/v2\/media?parent=15134"}],"wp:term":[{"taxonomy":"product_brand","embeddable":true,"href":"https:\/\/www.hydraulic-cylinders.net\/es\/wp-json\/wp\/v2\/product_brand?post=15134"},{"taxonomy":"product_cat","embeddable":true,"href":"https:\/\/www.hydraulic-cylinders.net\/es\/wp-json\/wp\/v2\/product_cat?post=15134"},{"taxonomy":"product_tag","embeddable":true,"href":"https:\/\/www.hydraulic-cylinders.net\/es\/wp-json\/wp\/v2\/product_tag?post=15134"}],"curies":[{"name":"wp","href":"https:\/\/api.w.org\/{rel}","templated":true}]}}