{"id":15139,"date":"2025-01-19T14:09:15","date_gmt":"2025-01-19T14:09:15","guid":{"rendered":"https:\/\/www.hydraulic-cylinders.net\/product\/bucket-cylinder-for-komatsu-middle-excavator-pc200-3-5-6-7-8-8mo\/"},"modified":"2025-01-19T14:09:17","modified_gmt":"2025-01-19T14:09:17","slug":"bucket-cylinder-for-komatsu-middle-excavator-pc200-3-5-6-7-8-8mo","status":"publish","type":"product","link":"https:\/\/www.hydraulic-cylinders.net\/es\/producto\/bucket-cylinder-for-komatsu-middle-excavator-pc200-3-5-6-7-8-8mo\/","title":{"rendered":"Cilindro de cuchar\u00f3n para excavadora mediana Komatsu PC200-3-5-6-7-8-8MO"},"content":{"rendered":"<h1>Cilindro de cuchar\u00f3n para excavadora mediana Komatsu PC200-3-5-6-7-8-8MO<\/h1>\n<h2>Introducci\u00f3n<\/h2>\n<h3>Definici\u00f3n del cilindro del cuchar\u00f3n<\/h3>\n<p>El cilindro hidr\u00e1ulico para la cuchara de la excavadora mediana Komatsu PC200-3-5-6-7-8-8MO es un cilindro especializado dise\u00f1ado para controlar el movimiento de la cuchara en maquinaria pesada, como excavadoras, retroexcavadoras y cargadoras frontales. Su funci\u00f3n principal es permitir la elevaci\u00f3n, el descenso y la inclinaci\u00f3n de la cuchara, facilitando as\u00ed diversas tareas de manipulaci\u00f3n de materiales. En el sistema hidr\u00e1ulico, el cilindro utiliza las variaciones de la presi\u00f3n del aceite hidr\u00e1ulico para lograr un control preciso de la cuchara, lo que permite a los operadores manejar cargas pesadas de manera eficiente y adaptarse a entornos de trabajo complejos y a diversos requisitos operativos.<\/p>\n<p><img decoding=\"async\" src=\"https:\/\/www.hydraulic-cylinders.net\/wp-content\/uploads\/2025\/01\/songte-company-2.webp\"><\/p>\n<h3>Caracter\u00edsticas del cilindro del cuchar\u00f3n<\/h3>\n<ul>\n<li><strong>Alta resistencia y durabilidad:<\/strong> Fabricado generalmente en acero de alta resistencia o aluminio, soporta altas presiones y cargas pesadas, adapt\u00e1ndose a entornos de trabajo exigentes. Su dise\u00f1o contempla la resistencia al desgaste y a la corrosi\u00f3n, prolongando su vida \u00fatil.<\/li>\n<li><strong>Funcionamiento hidr\u00e1ulico eficiente:<\/strong> Utiliza la presi\u00f3n del aceite hidr\u00e1ulico para lograr una extensi\u00f3n y retracci\u00f3n suaves, respondiendo r\u00e1pidamente a los comandos de control y proporcionando potentes fuerzas de empuje y tracci\u00f3n, adecuadas para el manejo de cargas pesadas y tareas complicadas.<\/li>\n<li><strong>Varios tipos:<\/strong> Se pueden seleccionar cilindros de simple efecto (hidr\u00e1ulica unidireccional) o de doble efecto (hidr\u00e1ulica bidireccional) seg\u00fan las necesidades operativas. Algunos modelos son telesc\u00f3picos, lo que permite una mayor extensi\u00f3n sin aumentar las dimensiones externas, resultando id\u00f3neos para aplicaciones con espacio limitado.<\/li>\n<li><strong>Reemplazo perfecto:<\/strong> Nuestros productos pueden reemplazar perfectamente estos cilindros hidr\u00e1ulicos.<\/li>\n<\/ul>\n<p><img decoding=\"async\" src=\"https:\/\/www.hydraulic-cylinders.net\/wp-content\/uploads\/2025\/01\/songte-cylinder-head-with-all-kinds-excavator-models.webp\"><\/p>\n<h3>Aplicaciones del cilindro de cangilones<\/h3>\n<ul>\n<li><strong>Equipos de construcci\u00f3n:<\/strong> En las excavadoras, son esenciales para excavar, cargar y mover tierra o escombros. En las retroexcavadoras, el cilindro del cuchar\u00f3n facilita la excavaci\u00f3n y la elevaci\u00f3n. <\/li>\n<li><strong>Maquinaria agr\u00edcola:<\/strong> Se utiliza en cargadores frontales para recoger, levantar y transportar tierra, heno y otros materiales. <\/li>\n<li><strong>Excavadoras:<\/strong> El cilindro de la cuchara permite la excavaci\u00f3n al facilitar la penetraci\u00f3n de la cuchara en el suelo.<\/li>\n<li><strong>Cargador:<\/strong> En las cargadoras frontales, facilita la elevaci\u00f3n y descarga eficiente de mercanc\u00edas. <\/li>\n<\/ul>\n<h3>Consideraciones de dise\u00f1o y criterios de selecci\u00f3n<\/h3>\n<h4>Consideraciones de dise\u00f1o<\/h4>\n<ul>\n<li><strong>Capacidad de carga:<\/strong> La capacidad de carga del cilindro del cuchar\u00f3n es un factor crucial, ya que determina la cantidad de peso que puede soportar.<\/li>\n<li><strong>Caza de focas:<\/strong> El sistema de sellado del cilindro del cuchar\u00f3n debe evitar fugas de aceite hidr\u00e1ulico y garantizar el funcionamiento eficiente del sistema. <\/li>\n<li><strong>Durabilidad:<\/strong> La durabilidad del cilindro del cuchar\u00f3n depende del material utilizado en su construcci\u00f3n y del dise\u00f1o de componentes resistentes al desgaste y a la corrosi\u00f3n.<\/li>\n<li><strong>Seguridad:<\/strong> El dise\u00f1o del cilindro del cuchar\u00f3n debe contemplar medidas de seguridad, como la prevenci\u00f3n de movimientos bruscos y la garant\u00eda de que el cilindro permanezca estable durante su funcionamiento.<\/li>\n<li><strong>Mantenimiento:<\/strong> El cilindro del cuchar\u00f3n debe ser f\u00e1cil de mantener y reparar, con componentes de f\u00e1cil acceso y reemplazo.<\/li>\n<\/ul>\n<h4>Criterios de selecci\u00f3n<\/h4>\n<ul>\n<li><strong>Capacidad de carga:<\/strong> La capacidad de carga del cilindro del cuchar\u00f3n debe coincidir con los requisitos operativos de la maquinaria. <\/li>\n<li><strong>Longitud de la carrera:<\/strong> La longitud de carrera del cilindro del cuchar\u00f3n debe coincidir con el rango de movimiento requerido de la maquinaria. <\/li>\n<li><strong>Di\u00e1metro:<\/strong> El di\u00e1metro del cilindro del cuchar\u00f3n debe coincidir con la presi\u00f3n de trabajo del sistema hidr\u00e1ulico.<\/li>\n<\/ul>\n<p><img decoding=\"async\" src=\"https:\/\/www.hydraulic-cylinders.net\/wp-content\/uploads\/2025\/01\/songte-oil-pipes-and-spare-parts.webp\"><\/p>\n<h3>Sellado y lubricaci\u00f3n del cilindro del cuchar\u00f3n<\/h3>\n<p>El cilindro del cuchar\u00f3n utiliza diversos sellos, como sellos de pist\u00f3n y sellos de v\u00e1stago, fabricados con materiales resistentes al desgaste, como poliuretano y caucho de nitrilo. El cuerpo del cilindro y las superficies roscadas de los extremos se someten a un mecanizado de precisi\u00f3n para mejorar su resistencia al desgaste. El cilindro del cuchar\u00f3n requiere lubricaci\u00f3n peri\u00f3dica con la cantidad adecuada de aceite hidr\u00e1ulico para garantizar un funcionamiento \u00f3ptimo.<\/p>\n<h3>Mantenimiento y reparaci\u00f3n<\/h3>\n<p>El cilindro del cuchar\u00f3n requiere inspecciones peri\u00f3dicas y mantenimiento preventivo, como lubricaci\u00f3n adecuada, reemplazo de sellos y comprobaciones de calibraci\u00f3n. Es fundamental una correcta instalaci\u00f3n, con la alineaci\u00f3n adecuada del cilindro y el uso recomendado de soportes de instalaci\u00f3n para fijarlo. Recomendamos seguir los procedimientos de inspecci\u00f3n, reparaci\u00f3n y reemplazo proporcionados para prolongar la vida \u00fatil del cilindro del cuchar\u00f3n.<\/p>\n<p><img decoding=\"async\" src=\"https:\/\/www.hydraulic-cylinders.net\/wp-content\/uploads\/2025\/01\/songte-chushion-collar.webp\"><\/p>\n<h3>Preocupaciones de seguridad y medio ambiente<\/h3>\n<p>Al utilizar el cilindro del cuchar\u00f3n, siempre deben seguirse las medidas de seguridad adecuadas. Es fundamental seguir los procedimientos de instalaci\u00f3n recomendados y utilizar el equipo de protecci\u00f3n personal apropiado. Los fluidos hidr\u00e1ulicos del cilindro del cuchar\u00f3n deben desecharse correctamente de acuerdo con la normativa medioambiental.<\/p>\n<h3>Diagn\u00f3stico de fallas y problemas comunes<\/h3>\n<p>Entre los problemas comunes que pueden surgir con el cilindro del cuchar\u00f3n se incluyen fallas en el sello, fugas y desgaste excesivo. Un mantenimiento adecuado, que incluya inspecci\u00f3n peri\u00f3dica, lubricaci\u00f3n y reemplazo de componentes desgastados, puede prevenir estos problemas. En caso de falla, se debe realizar un diagn\u00f3stico y una resoluci\u00f3n de problemas para identificar la causa ra\u00edz y tomar las medidas correctivas necesarias.<\/p>\n<p><img decoding=\"async\" src=\"https:\/\/www.hydraulic-cylinders.net\/wp-content\/uploads\/2025\/01\/songte-bushings-with-all-kinds-of-excavator-models.webp\"><\/p>\n<h3>Acerca de nuestra empresa<\/h3>\n<p>Somos fabricantes de cilindros hidr\u00e1ulicos de repuesto y ofrecemos una gama completa de productos y servicios. Somos uno de los principales fabricantes y mayoristas de cilindros hidr\u00e1ulicos en los mercados nacionales e internacionales. Nos regimos por el principio de la excelencia en la calidad y nos basamos en una estrategia de gesti\u00f3n de producci\u00f3n industrial con talleres de fabricaci\u00f3n de alta precisi\u00f3n. Nuestra empresa mejora continuamente la plataforma de fabricaci\u00f3n del taller, perfecciona el proceso de producci\u00f3n para garantizar la calidad del producto y cuenta con una gran capacidad creativa, lo que nos permite satisfacer las diversas necesidades de nuestros clientes con alta eficiencia, precisi\u00f3n y un compromiso con la calidad.<\/p>\n<p><img decoding=\"async\" src=\"https:\/\/hzpt.com\/wp-content\/uploads\/2024\/11\/songte-company-1.webp\"><\/p>\n<h4>Profesionalismo de nuestra empresa<\/h4>\n<p>Nuestra empresa cuenta con un equipo de expertos t\u00e9cnicos y utiliza equipos de fabricaci\u00f3n digital avanzados y sistemas de prueba profesionales para brindar servicios personalizados a nuestros clientes.<\/p>\n<h4>Certificaciones internacionales de nuestra empresa<\/h4>\n<p>Nuestra empresa ha obtenido certificaciones internacionales, como CE e ISO9001, lo que demuestra nuestro compromiso con ofrecer productos y servicios de alta calidad.<\/p>\n<h4>Servicios de personalizaci\u00f3n de nuestra empresa<\/h4>\n<p>Nuestra empresa ofrece servicios de personalizaci\u00f3n, lo que nos permite adaptar nuestros productos a las necesidades espec\u00edficas de nuestros clientes.<\/p>\n<h4>Equipos de producci\u00f3n de nuestra empresa<\/h4>\n<p>Nuestra empresa utiliza equipos de producci\u00f3n avanzados, como tornos CNC, fresadoras y robots de soldadura, para garantizar la calidad de nuestros productos.<\/p>\n<h4>Servicios posventa de nuestra empresa<\/h4>\n<p>Nuestra empresa ofrece servicios postventa integrales, que incluyen reemplazo de componentes, servicios de reconstrucci\u00f3n y soporte t\u00e9cnico.<\/p>\n<p>Autor: lyl.<\/p>","protected":false},"excerpt":{"rendered":"<p>Bucket Cylinder For Komatsu Middle Excavator PC200-3-5-6-7-8-8MO Introduction Defining the Bucket Cylinder The Bucket Cylinder for Komatsu Middle Excavator PC200-3-5-6-7-8-8MO is a specialized hydraulic cylinder designed for controlling the movement of the bucket in heavy machinery, such as excavators, backhoes, and front loaders. Its primary function is to enable lifting, lowering, and tilting of the [&hellip;]<\/p>","protected":false},"featured_media":14778,"comment_status":"open","ping_status":"closed","template":"","meta":{"_et_pb_use_builder":"","_et_pb_old_content":"","_et_gb_content_width":""},"product_brand":[],"product_cat":[1494],"product_tag":[1495,1496],"class_list":{"0":"post-15139","1":"product","2":"type-product","3":"status-publish","4":"has-post-thumbnail","6":"product_cat-bucket-cylinders","7":"product_tag-bucket-cylinders","8":"product_tag-hydraulic-cylinders","10":"first","11":"instock","12":"shipping-taxable","13":"product-type-simple"},"amp_enabled":true,"_links":{"self":[{"href":"https:\/\/www.hydraulic-cylinders.net\/es\/wp-json\/wp\/v2\/product\/15139","targetHints":{"allow":["GET"]}}],"collection":[{"href":"https:\/\/www.hydraulic-cylinders.net\/es\/wp-json\/wp\/v2\/product"}],"about":[{"href":"https:\/\/www.hydraulic-cylinders.net\/es\/wp-json\/wp\/v2\/types\/product"}],"replies":[{"embeddable":true,"href":"https:\/\/www.hydraulic-cylinders.net\/es\/wp-json\/wp\/v2\/comments?post=15139"}],"wp:featuredmedia":[{"embeddable":true,"href":"https:\/\/www.hydraulic-cylinders.net\/es\/wp-json\/wp\/v2\/media\/14778"}],"wp:attachment":[{"href":"https:\/\/www.hydraulic-cylinders.net\/es\/wp-json\/wp\/v2\/media?parent=15139"}],"wp:term":[{"taxonomy":"product_brand","embeddable":true,"href":"https:\/\/www.hydraulic-cylinders.net\/es\/wp-json\/wp\/v2\/product_brand?post=15139"},{"taxonomy":"product_cat","embeddable":true,"href":"https:\/\/www.hydraulic-cylinders.net\/es\/wp-json\/wp\/v2\/product_cat?post=15139"},{"taxonomy":"product_tag","embeddable":true,"href":"https:\/\/www.hydraulic-cylinders.net\/es\/wp-json\/wp\/v2\/product_tag?post=15139"}],"curies":[{"name":"wp","href":"https:\/\/api.w.org\/{rel}","templated":true}]}}