{"id":15143,"date":"2025-01-19T14:09:32","date_gmt":"2025-01-19T14:09:32","guid":{"rendered":"https:\/\/www.hydraulic-cylinders.net\/product\/bucket-cylinder-for-komatsu-large-excavator-pc360-7\/"},"modified":"2025-01-19T14:09:34","modified_gmt":"2025-01-19T14:09:34","slug":"bucket-cylinder-for-komatsu-large-excavator-pc360-7","status":"publish","type":"product","link":"https:\/\/www.hydraulic-cylinders.net\/es\/producto\/bucket-cylinder-for-komatsu-large-excavator-pc360-7\/","title":{"rendered":"Cilindro de cuchar\u00f3n para excavadora Komatsu PC360-7"},"content":{"rendered":"<h1>Cilindro de cuchar\u00f3n para excavadora Komatsu PC360-7<\/h1>\n<h2>Introducci\u00f3n<\/h2>\n<p>El cilindro del cuchar\u00f3n para la excavadora Komatsu PC360-7 es un cilindro hidr\u00e1ulico especialmente dise\u00f1ado que controla el movimiento del cuchar\u00f3n en maquinaria pesada como excavadoras, retroexcavadoras y cargadoras frontales. Permite que el cuchar\u00f3n se eleve, baje e incline, lo que facilita diversas tareas de manipulaci\u00f3n de materiales. En el sistema hidr\u00e1ulico, el cilindro del cuchar\u00f3n logra un control preciso del cuchar\u00f3n aprovechando los cambios de presi\u00f3n del aceite hidr\u00e1ulico, lo que permite a los operadores manipular cargas pesadas con eficiencia y adaptarse a entornos de trabajo complejos y diversas necesidades operativas.<\/p>\n<p><img decoding=\"async\" src=\"https:\/\/www.hydraulic-cylinders.net\/wp-content\/uploads\/2025\/01\/songte-company-2.webp\" alt=\"Imagen del producto\"><\/p>\n<h2>Caracter\u00edsticas<\/h2>\n<ul>\n<li><strong>Alta resistencia y durabilidad:<\/strong> Fabricado generalmente en acero o aluminio de alta resistencia, el cilindro del cuchar\u00f3n puede soportar alta presi\u00f3n y cargas pesadas, adapt\u00e1ndose a entornos de trabajo hostiles. Su dise\u00f1o considera la resistencia al desgaste y a la corrosi\u00f3n, lo que prolonga su vida \u00fatil.<\/li>\n<li><strong>Operaci\u00f3n hidr\u00e1ulica eficiente:<\/strong> Al utilizar la presi\u00f3n del aceite hidr\u00e1ulico, el cilindro del cuchar\u00f3n logra acciones de extensi\u00f3n y retracci\u00f3n suaves, respondiendo r\u00e1pidamente a los comandos de control y proporcionando poderosas fuerzas de empuje y tracci\u00f3n, adecuadas para manipular cargas pesadas y tareas operativas complejas.<\/li>\n<li><strong>Varios tipos:<\/strong> El cilindro del cuchar\u00f3n puede seleccionarse como de simple efecto (presi\u00f3n hidr\u00e1ulica en una sola direcci\u00f3n) o de doble efecto (presi\u00f3n hidr\u00e1ulica en ambas direcciones) seg\u00fan las necesidades operativas espec\u00edficas. Algunos modelos son telesc\u00f3picos, lo que permite una mayor extensi\u00f3n sin aumentar las dimensiones externas, ideal para aplicaciones con espacio limitado.<\/li>\n<li><strong>Reemplazo perfecto:<\/strong> Nuestro producto puede sustituir perfectamente estos cilindros hidr\u00e1ulicos. Ofrecemos una amplia gama de opciones para satisfacer necesidades individuales.<\/li>\n<\/ul>\n<p><img decoding=\"async\" src=\"https:\/\/www.hydraulic-cylinders.net\/wp-content\/uploads\/2025\/01\/songte-cylinder-head-with-all-kinds-excavator-models.webp\" alt=\"Imagen del producto\"><\/p>\n<h2>Aplicaciones<\/h2>\n<ul>\n<li><strong>Equipos de construcci\u00f3n:<\/strong> Los cilindros del cuchar\u00f3n son cruciales en las excavadoras para excavar, cargar y mover tierra o escombros. En las retroexcavadoras, facilitan tanto las tareas de excavaci\u00f3n como las de elevaci\u00f3n.<\/li>\n<li><strong>Maquinaria agr\u00edcola:<\/strong> Se utiliza en cargadores frontales para recoger, levantar y transportar tierra, heno y otros materiales.<\/li>\n<li><strong>Excavadoras:<\/strong> El cilindro del cuchar\u00f3n permite realizar acciones de excavaci\u00f3n al permitir que el cuchar\u00f3n penetre en el suelo.<\/li>\n<li><strong>Cargadores:<\/strong> En los cargadores frontales, ayudan a levantar e inclinar las mercanc\u00edas de manera eficaz.<\/li>\n<\/ul>\n<h2>Consideraciones de dise\u00f1o y criterios de selecci\u00f3n<\/h2>\n<ul>\n<li><strong>Capacidad de carga:<\/strong> El cilindro del cuchar\u00f3n est\u00e1 dise\u00f1ado para soportar los requisitos de carga espec\u00edficos de las operaciones de maquinaria pesada.<\/li>\n<li><strong>Caza de focas:<\/strong> Se utilizan diversos sellos, como sellos de pist\u00f3n y de v\u00e1stago, fabricados con materiales resistentes al desgaste como poliuretano y caucho de nitrilo. El cuerpo del cilindro y los extremos roscados se someten a un procesamiento fino para mejorar la resistencia al desgaste.<\/li>\n<li><strong>Durabilidad:<\/strong> El cilindro del cuchar\u00f3n est\u00e1 construido para soportar las exigencias de las duras condiciones de trabajo y tiene un dise\u00f1o centrado en la longevidad.<\/li>\n<li><strong>Seguridad:<\/strong> Durante el proceso de dise\u00f1o y fabricaci\u00f3n se tienen en cuenta consideraciones de seguridad para garantizar que el cilindro del cangil\u00f3n funcione de forma segura.<\/li>\n<li><strong>Mantenibilidad:<\/strong> El cilindro del cuchar\u00f3n est\u00e1 dise\u00f1ado para que su mantenimiento y reparaci\u00f3n sean sencillos, lo que permite un servicio eficiente cuando sea necesario.<\/li>\n<\/ul>\n<p><img decoding=\"async\" src=\"https:\/\/www.hydraulic-cylinders.net\/wp-content\/uploads\/2025\/01\/songte-oil-pipes-and-spare-parts.webp\" alt=\"Imagen del producto\"><\/p>\n<h2>Sellado y lubricaci\u00f3n<\/h2>\n<p>El cilindro del cuchar\u00f3n utiliza diversos sellos, como sellos de pist\u00f3n y sellos de v\u00e1stago, fabricados con materiales resistentes al desgaste como poliuretano y caucho de nitrilo. El cuerpo del cilindro y los extremos roscados est\u00e1n finamente procesados \u200b\u200bpara mejorar la resistencia al desgaste. La lubricaci\u00f3n regular con el aceite hidr\u00e1ulico adecuado es necesaria para garantizar un funcionamiento suave y una larga vida \u00fatil.<\/p>\n<h2>Inspecci\u00f3n peri\u00f3dica y medidas de mantenimiento preventivo<\/h2>\n<ul>\n<li>Inspeccione peri\u00f3dicamente el cilindro del cuchar\u00f3n para detectar cualquier signo de fugas, da\u00f1os o desgaste.<\/li>\n<li>Aseg\u00farese de que todas las partes m\u00f3viles est\u00e9n lubricadas adecuadamente.<\/li>\n<li>Reemplace los sellos y juntas seg\u00fan lo recomendado por el fabricante.<\/li>\n<li>Realice comprobaciones de calibraci\u00f3n para mantener un rendimiento \u00f3ptimo.<\/li>\n<\/ul>\n<h2>Gu\u00eda de instalaci\u00f3n del producto<\/h2>\n<p>La correcta instalaci\u00f3n del cilindro del cuchar\u00f3n es crucial para su \u00f3ptimo rendimiento. Siga estos pasos:<\/p>\n<ol>\n<li>Alinee correctamente el cilindro durante la instalaci\u00f3n.<\/li>\n<li>Utilice soportes de instalaci\u00f3n adecuados para asegurar el cilindro.<\/li>\n<li>Siga los procedimientos recomendados para inspecci\u00f3n, reparaci\u00f3n y reemplazo.<\/li>\n<li>Proporcionar consejos y t\u00e9cnicas para mejorar la longevidad del producto.<\/li>\n<\/ol>\n<p><img decoding=\"async\" src=\"https:\/\/www.hydraulic-cylinders.net\/wp-content\/uploads\/2025\/01\/songte-chushion-collar.webp\" alt=\"Imagen del producto\"><\/p>\n<h2>Consideraciones de seguridad y factores ambientales<\/h2>\n<p>Al utilizar el cilindro de la cuchara, es fundamental seguir las precauciones de seguridad para prevenir accidentes y garantizar un entorno de trabajo seguro. Se deben implementar medidas de seguridad para proteger al personal y al equipo.<\/p>\n<h2>Diagn\u00f3stico de fallas y problemas comunes<\/h2>\n<p>Las fallas y problemas comunes que pueden surgir con el cilindro del cuchar\u00f3n incluyen:<\/p>\n<ul>\n<li>Fuga de aceite hidr\u00e1ulico<\/li>\n<li>P\u00e9rdida de presi\u00f3n<\/li>\n<li>Falla del sello<\/li>\n<li>Desgaste o da\u00f1o excesivo<\/li>\n<\/ul>\n<p>Proporcionar consejos y soluciones para la resoluci\u00f3n de problemas que ayuden a los lectores a diagnosticar y resolver problemas eficazmente. Enfatizar las medidas preventivas para minimizar posibles problemas.<\/p>\n<p><img decoding=\"async\" src=\"https:\/\/www.hydraulic-cylinders.net\/wp-content\/uploads\/2025\/01\/songte-bushings-with-all-kinds-of-excavator-models.webp\" alt=\"Imagen del producto\"><\/p>\n<p>Recuerde organizar el art\u00edculo de forma l\u00f3gica, utilizar subt\u00edtulos para facilitar la navegaci\u00f3n, incorporar im\u00e1genes o gr\u00e1ficos relevantes para una mejor comprensi\u00f3n y asegurarse de que el contenido sea claro, conciso y adecuado para lectores con distintos niveles de conocimientos t\u00e9cnicos.<\/p>\n<h2>Introducci\u00f3n de la empresa<\/h2>\n<p>Somos fabricantes de cilindros hidr\u00e1ulicos de repuesto y contamos con una amplia gama de productos. Nos hemos convertido en uno de los principales fabricantes y distribuidores mayoristas de cilindros hidr\u00e1ulicos en el mercado nacional e internacional. Nos adherimos a los principios de excelente calidad, bas\u00e1ndonos en estrategias de gesti\u00f3n de producci\u00f3n industrializada en talleres de fabricaci\u00f3n altamente equipados. Gracias a nuestro talento t\u00e9cnico, equipos de fabricaci\u00f3n avanzados y sistemas de prueba profesionales, mejoramos continuamente nuestra plataforma de fabricaci\u00f3n, perfeccionamos la calidad de nuestros productos y poseemos una s\u00f3lida capacidad de innovaci\u00f3n. Nos esforzamos por satisfacer las diversas necesidades de nuestros clientes con alta eficiencia, precisi\u00f3n y calidad.<\/p>\n<p><img decoding=\"async\" src=\"https:\/\/hzpt.com\/wp-content\/uploads\/2024\/11\/songte-company-1.webp\" alt=\"Imagen de la empresa\"><\/p>\n<h2>Informaci\u00f3n adicional de la empresa<\/h2>\n<ul>\n<li><strong>Pericia:<\/strong> Nos especializamos en la producci\u00f3n de cilindros hidr\u00e1ulicos de repuesto.<\/li>\n<li><strong>Certificaci\u00f3n Internacional:<\/strong> Nuestros productos cumplen con los est\u00e1ndares internacionales de calidad y cuentan con las certificaciones pertinentes.<\/li>\n<li><strong>Servicios de personalizaci\u00f3n:<\/strong> Ofrecemos soluciones personalizadas para satisfacer requisitos espec\u00edficos.<\/li>\n<li><strong>Equipo de producci\u00f3n:<\/strong> Nuestra empresa est\u00e1 equipada con equipos de fabricaci\u00f3n avanzados.<\/li>\n<li><strong>Servicio postventa:<\/strong> Brindamos un excelente servicio postventa para garantizar la satisfacci\u00f3n del cliente.<\/li>\n<\/ul>\n<p><img decoding=\"async\" src=\"https:\/\/www.hydraulic-cylinders.net\/wp-content\/uploads\/2025\/01\/songte-company-3.webp\" alt=\"Imagen de la empresa\"><\/p>\n<p>Autor: lyl<\/p>","protected":false},"excerpt":{"rendered":"<p>Bucket Cylinder For Komatsu Large Excavator PC360-7 Introduction The bucket cylinder for Komatsu large excavator PC360-7 is a specially designed hydraulic cylinder used to control the movement of the bucket in heavy machinery such as excavators, backhoe loaders, and front loaders. It allows the bucket to lift, lower, and tilt, making it convenient for various [&hellip;]<\/p>","protected":false},"featured_media":14769,"comment_status":"open","ping_status":"closed","template":"","meta":{"_et_pb_use_builder":"","_et_pb_old_content":"","_et_gb_content_width":""},"product_brand":[],"product_cat":[1494],"product_tag":[1495,1496],"class_list":{"0":"post-15143","1":"product","2":"type-product","3":"status-publish","4":"has-post-thumbnail","6":"product_cat-bucket-cylinders","7":"product_tag-bucket-cylinders","8":"product_tag-hydraulic-cylinders","10":"first","11":"instock","12":"shipping-taxable","13":"product-type-simple"},"amp_enabled":true,"_links":{"self":[{"href":"https:\/\/www.hydraulic-cylinders.net\/es\/wp-json\/wp\/v2\/product\/15143","targetHints":{"allow":["GET"]}}],"collection":[{"href":"https:\/\/www.hydraulic-cylinders.net\/es\/wp-json\/wp\/v2\/product"}],"about":[{"href":"https:\/\/www.hydraulic-cylinders.net\/es\/wp-json\/wp\/v2\/types\/product"}],"replies":[{"embeddable":true,"href":"https:\/\/www.hydraulic-cylinders.net\/es\/wp-json\/wp\/v2\/comments?post=15143"}],"wp:featuredmedia":[{"embeddable":true,"href":"https:\/\/www.hydraulic-cylinders.net\/es\/wp-json\/wp\/v2\/media\/14769"}],"wp:attachment":[{"href":"https:\/\/www.hydraulic-cylinders.net\/es\/wp-json\/wp\/v2\/media?parent=15143"}],"wp:term":[{"taxonomy":"product_brand","embeddable":true,"href":"https:\/\/www.hydraulic-cylinders.net\/es\/wp-json\/wp\/v2\/product_brand?post=15143"},{"taxonomy":"product_cat","embeddable":true,"href":"https:\/\/www.hydraulic-cylinders.net\/es\/wp-json\/wp\/v2\/product_cat?post=15143"},{"taxonomy":"product_tag","embeddable":true,"href":"https:\/\/www.hydraulic-cylinders.net\/es\/wp-json\/wp\/v2\/product_tag?post=15143"}],"curies":[{"name":"wp","href":"https:\/\/api.w.org\/{rel}","templated":true}]}}