{"id":15145,"date":"2025-01-19T14:09:45","date_gmt":"2025-01-19T14:09:45","guid":{"rendered":"https:\/\/www.hydraulic-cylinders.net\/product\/bucket-cylinder-for-komatsu-large-excavator-pc850-8\/"},"modified":"2025-01-19T14:09:47","modified_gmt":"2025-01-19T14:09:47","slug":"bucket-cylinder-for-komatsu-large-excavator-pc850-8","status":"publish","type":"product","link":"https:\/\/www.hydraulic-cylinders.net\/es\/producto\/bucket-cylinder-for-komatsu-large-excavator-pc850-8\/","title":{"rendered":"Cilindro de cuchar\u00f3n para excavadora grande Komatsu PC850-8"},"content":{"rendered":"<h2>Introducci\u00f3n<\/h2>\n<h3>Cilindro de cuchar\u00f3n para excavadora grande Komatsu PC850-8<\/h3>\n<p>El cilindro hidr\u00e1ulico de la cuchara es un cilindro especialmente dise\u00f1ado para controlar el movimiento de las cucharas en maquinaria pesada como excavadoras, retroexcavadoras y cargadoras frontales. Su funci\u00f3n principal es permitir que la cuchara se eleve, descienda e incline para diversas tareas de manipulaci\u00f3n de materiales. En el sistema hidr\u00e1ulico, el cilindro hidr\u00e1ulico controla el movimiento de la cuchara con precisi\u00f3n, lo que permite a los operadores manejar cargas pesadas de manera eficiente y adaptarse a entornos de trabajo complejos y a diversos requisitos laborales.<\/p>\n<p><img decoding=\"async\" src=\"https:\/\/www.hydraulic-cylinders.net\/wp-content\/uploads\/2025\/01\/songte-company-2.webp\" alt=\"Imagen del cilindro del cubo\"\/><\/p>\n<h2>Caracter\u00edsticas<\/h2>\n<ul>\n<li>\n<h3>Alta resistencia y durabilidad<\/h3>\n<p>El cilindro del cuchar\u00f3n suele estar fabricado en acero o aluminio de alta resistencia, capaz de soportar altas presiones y cargas pesadas, y dise\u00f1ado teniendo en cuenta la resistencia al desgaste y a la corrosi\u00f3n para prolongar su vida \u00fatil.<\/p>\n<\/li>\n<li>\n<h3>Operaci\u00f3n hidr\u00e1ulica eficiente<\/h3>\n<p>El cilindro del cuchar\u00f3n emplea la presi\u00f3n del aceite hidr\u00e1ulico para lograr una extensi\u00f3n y retracci\u00f3n suaves, una respuesta r\u00e1pida a las \u00f3rdenes de control y una potente fuerza de empuje y tracci\u00f3n, adecuada para el manejo de cargas pesadas y operaciones complejas.<\/p>\n<\/li>\n<li>\n<h3>Varios tipos<\/h3>\n<p>El cilindro del cuchar\u00f3n puede elegirse como de simple efecto (que utiliza el sistema hidr\u00e1ulico solo en una direcci\u00f3n) o de doble efecto (que utiliza el sistema hidr\u00e1ulico en dos direcciones) seg\u00fan sea necesario, y algunos modelos son telesc\u00f3picos, lo que permite una mayor extensi\u00f3n sin aumentar las dimensiones externas, adecuados para aplicaciones con espacio limitado.<\/p>\n<\/li>\n<li>\n<h3>Intercambiable con productos similares<\/h3>\n<p>Nuestro cilindro para cuchar\u00f3n puede sustituir perfectamente a cilindros hidr\u00e1ulicos similares, ofreciendo una soluci\u00f3n rentable para los clientes.<\/p>\n<\/li>\n<li>\n<h3>Personalizable<\/h3>\n<p>Podemos personalizar el cilindro del cuchar\u00f3n seg\u00fan los requisitos espec\u00edficos.<\/p>\n<\/li>\n<\/ul>\n<p><img decoding=\"async\" src=\"https:\/\/www.hydraulic-cylinders.net\/wp-content\/uploads\/2025\/01\/songte-cylinder-head-with-all-kinds-excavator-models.webp\" alt=\"Imagen del cilindro del cubo\"\/><\/p>\n<h2>Aplicaciones<\/h2>\n<p>El cilindro del cuchar\u00f3n se utiliza ampliamente en diversas m\u00e1quinas pesadas, tales como:<\/p>\n<ul>\n<li>\n<h3>excavadoras<\/h3>\n<p>El cilindro del cuchar\u00f3n permite que este penetre en el suelo para la excavaci\u00f3n.<\/p>\n<\/li>\n<li>\n<h3>retroexcavadoras<\/h3>\n<p>El cilindro del cuchar\u00f3n ayuda tanto en la excavaci\u00f3n como en la elevaci\u00f3n.<\/p>\n<\/li>\n<li>\n<h3>Cargadores frontales<\/h3>\n<p>El cilindro del cuchar\u00f3n contribuye a elevar y descargar materiales de manera eficaz.<\/p>\n<\/li>\n<\/ul>\n<h2>Consideraciones de dise\u00f1o y criterios de selecci\u00f3n<\/h2>\n<ul>\n<li>\n<h3>Capacidad de carga<\/h3>\n<p>El cilindro del cuchar\u00f3n debe tener una capacidad de carga adecuada para soportar cargas pesadas y alta presi\u00f3n.<\/p>\n<\/li>\n<li>\n<h3>Caza de focas<\/h3>\n<p>El cilindro del cuchar\u00f3n requiere varios sellos para evitar fugas y garantizar un funcionamiento fiable. Es preferible seleccionar sellos fabricados con materiales resistentes al desgaste, como poliuretano y caucho de nitrilo.<\/p>\n<\/li>\n<li>\n<h3>Durabilidad<\/h3>\n<p>El cilindro del cuchar\u00f3n debe dise\u00f1arse teniendo en cuenta su resistencia al desgaste y a la corrosi\u00f3n para garantizar una larga vida \u00fatil. El cuerpo del cilindro y los extremos roscados deben someterse a un mecanizado de precisi\u00f3n para mejorar su resistencia al desgaste.<\/p>\n<\/li>\n<li>\n<h3>Seguridad<\/h3>\n<p>El cilindro del cuchar\u00f3n debe cumplir con las normas de seguridad y ser instalado y utilizado correctamente para evitar accidentes.<\/p>\n<\/li>\n<li>\n<h3>Mantenimiento<\/h3>\n<p>El cilindro del cuchar\u00f3n debe ser f\u00e1cil de mantener y reparar, y la inspecci\u00f3n y lubricaci\u00f3n regulares son necesarias para un funcionamiento eficiente a largo plazo.<\/p>\n<\/li>\n<\/ul>\n<p><img decoding=\"async\" src=\"https:\/\/www.hydraulic-cylinders.net\/wp-content\/uploads\/2025\/01\/songte-oil-pipes-and-spare-parts.webp\" alt=\"Imagen del cilindro del cubo\"\/><\/p>\n<h2>Mantenimiento y reparaci\u00f3n<\/h2>\n<p>El mantenimiento y las reparaciones peri\u00f3dicas son esenciales para garantizar el funcionamiento eficiente y seguro del cilindro del cuchar\u00f3n. Las tareas de mantenimiento t\u00edpicas incluyen:<\/p>\n<ul>\n<li>\n<h3>Inspecci\u00f3n regular<\/h3>\n<p>Inspeccione regularmente el cilindro del cuchar\u00f3n para detectar desgaste y da\u00f1os y prevenir posibles problemas.<\/p>\n<\/li>\n<li>\n<h3>Lubricaci\u00f3n<\/h3>\n<p>Aplique regularmente el aceite hidr\u00e1ulico adecuado para lubricar el cilindro del cuchar\u00f3n y evitar el desgaste y las fugas.<\/p>\n<\/li>\n<li>\n<h3>Reemplazo del sello<\/h3>\n<p>Reemplace las juntas regularmente para garantizar un funcionamiento fiable y evitar fugas.<\/p>\n<\/li>\n<li>\n<h3>Comprobaci\u00f3n de alineaci\u00f3n<\/h3>\n<p>Alinee correctamente el cilindro del cuchar\u00f3n durante la instalaci\u00f3n para evitar accidentes y garantizar un funcionamiento eficiente.<\/p>\n<\/li>\n<li>\n<h3>Servicio de reconstrucci\u00f3n<\/h3>\n<p>Ofrecemos servicio de reconstrucci\u00f3n para cilindros de cuchar\u00f3n desgastados o da\u00f1ados para prolongar su vida \u00fatil y ahorrar el coste de sustituci\u00f3n.<\/p>\n<\/li>\n<\/ul>\n<p><img decoding=\"async\" src=\"https:\/\/www.hydraulic-cylinders.net\/wp-content\/uploads\/2025\/01\/songte-chushion-collar.webp\" alt=\"Imagen del cilindro del cubo\"\/><\/p>\n<h2>Consideraciones de seguridad y factores ambientales<\/h2>\n<p>Al utilizar el cilindro del cangil\u00f3n, se deben tomar medidas de seguridad como el uso de equipo de protecci\u00f3n, dispositivos de elevaci\u00f3n adecuados y evitar la sobrecarga para prevenir accidentes. Tambi\u00e9n se deben considerar factores ambientales como la temperatura, la humedad y las sustancias corrosivas para garantizar el funcionamiento fiable y la larga vida \u00fatil del cilindro.<\/p>\n<p><img decoding=\"async\" src=\"https:\/\/hzpt.com\/wp-content\/uploads\/2024\/11\/songte-company-1.webp\" alt=\"Imagen del cilindro del cubo\"\/><\/p>\n<h2>Problemas comunes y soluci\u00f3n de problemas<\/h2>\n<p>Entre los problemas m\u00e1s comunes del cilindro del cuchar\u00f3n se incluyen fugas, desgaste y da\u00f1os. Algunos consejos y soluciones, como la revisi\u00f3n de juntas, la sustituci\u00f3n de piezas da\u00f1adas y el servicio de reacondicionamiento, pueden ayudar a diagnosticar y solucionar problemas de forma eficaz. Asimismo, las medidas preventivas, como la inspecci\u00f3n y la lubricaci\u00f3n peri\u00f3dicas, pueden reducir posibles problemas.<\/p>\n<p><img decoding=\"async\" src=\"https:\/\/www.hydraulic-cylinders.net\/wp-content\/uploads\/2025\/01\/songte-bushings-with-all-kinds-of-excavator-models.webp\" alt=\"Imagen del cilindro del cubo\"\/><\/p>\n<h2>Sobre nosotros<\/h2>\n<p>Somos fabricantes de cilindros hidr\u00e1ulicos y ofrecemos una amplia gama de productos, lo que nos ha posicionado como uno de los principales fabricantes y distribuidores mayoristas de cilindros hidr\u00e1ulicos en los mercados nacionales e internacionales. Nos regimos por el principio de la excelencia en la calidad y nos basamos en estrategias de gesti\u00f3n de producci\u00f3n industrializadas en talleres de fabricaci\u00f3n de \u00faltima generaci\u00f3n. Mejoramos continuamente nuestras instalaciones de producci\u00f3n mediante la incorporaci\u00f3n de personal t\u00e9cnico altamente cualificado, equipos de fabricaci\u00f3n digitales de vanguardia y sistemas de pruebas profesionales, perfeccionando as\u00ed la calidad de nuestros productos. Contamos con una gran capacidad creativa para satisfacer las diversas necesidades de nuestros clientes con alta eficiencia, precisi\u00f3n y calidad.<\/p>\n<p>Nos dedicamos a proporcionar productos y servicios profesionales, con certificaci\u00f3n internacional, personalizados y de alta calidad, que incluyen:<\/p>\n<ul>\n<li>\n<h3>Profesionalismo<\/h3>\n<p>Contamos con un equipo de profesionales experimentados y capacitados que pueden brindar asesoramiento profesional y soporte t\u00e9cnico.<\/p>\n<\/li>\n<li>\n<h3>Certificaci\u00f3n Internacional<\/h3>\n<p>Nuestros productos han obtenido certificaciones internacionales como ISO9001:2015, CE y RoHS, lo que garantiza su calidad y seguridad.<\/p>\n<\/li>\n<li>\n<h3>Personalizaci\u00f3n<\/h3>\n<p>Podemos personalizar los cilindros hidr\u00e1ulicos seg\u00fan los requisitos espec\u00edficos.<\/p>\n<\/li>\n<li>\n<h3>Equipos de producci\u00f3n avanzados<\/h3>\n<p>Contamos con equipos de producci\u00f3n avanzados, como m\u00e1quinas CNC, tornos y rectificadoras, lo que garantiza la precisi\u00f3n y la eficiencia de la fabricaci\u00f3n.<\/p>\n<\/li>\n<li>\n<h3>Servicio posventa<\/h3>\n<p>Ofrecemos servicios postventa integrales, como mantenimiento, reparaci\u00f3n y sustituci\u00f3n, garantizando el funcionamiento correcto y eficiente de los cilindros hidr\u00e1ulicos.<\/p>\n<\/li>\n<\/ul>\n<p><img decoding=\"async\" src=\"https:\/\/www.hydraulic-cylinders.net\/wp-content\/uploads\/2025\/01\/songte-company-3.webp\" alt=\"Imagen del cilindro del cubo\"\/><\/p>\n<p>Autor: lyl<\/p>","protected":false},"excerpt":{"rendered":"<p>Introduction Bucket Cylinder For Komatsu Large Excavator PC850-8 A bucket cylinder is a specially designed hydraulic cylinder used to control the movement of buckets in heavy machinery such as excavators, backhoe loaders, and front-end loaders. Its main function is to enable the bucket to lift, lower, and tilt for various material handling tasks. In the [&hellip;]<\/p>","protected":false},"featured_media":14762,"comment_status":"open","ping_status":"closed","template":"","meta":{"_et_pb_use_builder":"","_et_pb_old_content":"","_et_gb_content_width":""},"product_brand":[],"product_cat":[1494],"product_tag":[1495,1496],"class_list":{"0":"post-15145","1":"product","2":"type-product","3":"status-publish","4":"has-post-thumbnail","6":"product_cat-bucket-cylinders","7":"product_tag-bucket-cylinders","8":"product_tag-hydraulic-cylinders","10":"first","11":"instock","12":"shipping-taxable","13":"product-type-simple"},"amp_enabled":true,"_links":{"self":[{"href":"https:\/\/www.hydraulic-cylinders.net\/es\/wp-json\/wp\/v2\/product\/15145","targetHints":{"allow":["GET"]}}],"collection":[{"href":"https:\/\/www.hydraulic-cylinders.net\/es\/wp-json\/wp\/v2\/product"}],"about":[{"href":"https:\/\/www.hydraulic-cylinders.net\/es\/wp-json\/wp\/v2\/types\/product"}],"replies":[{"embeddable":true,"href":"https:\/\/www.hydraulic-cylinders.net\/es\/wp-json\/wp\/v2\/comments?post=15145"}],"wp:featuredmedia":[{"embeddable":true,"href":"https:\/\/www.hydraulic-cylinders.net\/es\/wp-json\/wp\/v2\/media\/14762"}],"wp:attachment":[{"href":"https:\/\/www.hydraulic-cylinders.net\/es\/wp-json\/wp\/v2\/media?parent=15145"}],"wp:term":[{"taxonomy":"product_brand","embeddable":true,"href":"https:\/\/www.hydraulic-cylinders.net\/es\/wp-json\/wp\/v2\/product_brand?post=15145"},{"taxonomy":"product_cat","embeddable":true,"href":"https:\/\/www.hydraulic-cylinders.net\/es\/wp-json\/wp\/v2\/product_cat?post=15145"},{"taxonomy":"product_tag","embeddable":true,"href":"https:\/\/www.hydraulic-cylinders.net\/es\/wp-json\/wp\/v2\/product_tag?post=15145"}],"curies":[{"name":"wp","href":"https:\/\/api.w.org\/{rel}","templated":true}]}}