{"id":15147,"date":"2025-01-19T14:09:54","date_gmt":"2025-01-19T14:09:54","guid":{"rendered":"https:\/\/www.hydraulic-cylinders.net\/product\/bucket-cylinder-for-komatsu-large-excavator-pc360-8mo\/"},"modified":"2025-01-19T14:09:56","modified_gmt":"2025-01-19T14:09:56","slug":"bucket-cylinder-for-komatsu-large-excavator-pc360-8mo","status":"publish","type":"product","link":"https:\/\/www.hydraulic-cylinders.net\/es\/producto\/bucket-cylinder-for-komatsu-large-excavator-pc360-8mo\/","title":{"rendered":"Cilindro de cuchar\u00f3n para excavadora Komatsu PC360-8MO"},"content":{"rendered":"<h1>Cilindro de cuchar\u00f3n para excavadora Komatsu PC360-8MO<\/h1>\n<h2>Introducci\u00f3n<\/h2>\n<h3>Definici\u00f3n del cilindro del cubo<\/h3>\n<p>Un cilindro de cuchar\u00f3n es un cilindro hidr\u00e1ulico especialmente dise\u00f1ado que se utiliza para controlar el movimiento del cuchar\u00f3n en maquinaria pesada, como excavadoras, retroexcavadoras y cargadoras frontales. Su funci\u00f3n principal es permitir que el cuchar\u00f3n se eleve, baje e incline, facilitando diversas tareas de manipulaci\u00f3n de materiales. En el sistema hidr\u00e1ulico, el cilindro del cuchar\u00f3n logra un control preciso del cuchar\u00f3n mediante cambios en la presi\u00f3n del aceite hidr\u00e1ulico, lo que permite a los operadores manipular cargas pesadas con eficiencia y adaptarse a entornos de trabajo complejos y diversos requisitos operativos.<\/p>\n<p><img decoding=\"async\" src=\"https:\/\/www.hydraulic-cylinders.net\/wp-content\/uploads\/2025\/01\/songte-company-2.webp\" alt=\"Imagen del cilindro del cubo\"><\/p>\n<h3>Caracter\u00edsticas del cilindro de cangilones<\/h3>\n<ul>\n<li>Alta resistencia y durabilidad: generalmente hecho de acero o aluminio de alta resistencia, puede soportar alta presi\u00f3n y cargas pesadas, adaptarse a entornos de trabajo hostiles y considerar la resistencia al desgaste y la resistencia a la corrosi\u00f3n en el dise\u00f1o para extender la vida \u00fatil.<\/li>\n<li>Operaci\u00f3n hidr\u00e1ulica eficiente: Se logra una extensi\u00f3n y contracci\u00f3n suaves mediante el uso de la presi\u00f3n del aceite hidr\u00e1ulico, lo que proporciona una poderosa fuerza de empuje y tracci\u00f3n, y es adecuado para manipular cargas pesadas y tareas operativas complejas.<\/li>\n<li>Diversos tipos: Se pueden seleccionar cilindros de simple efecto (hidr\u00e1ulico en una sola direcci\u00f3n) o de doble efecto (hidr\u00e1ulico en ambas direcciones) seg\u00fan las necesidades para satisfacer diferentes requisitos operativos. Algunos modelos son telesc\u00f3picos, lo que permite una mayor extensi\u00f3n sin aumentar las dimensiones externas, ideal para aplicaciones con espacio limitado.<\/li>\n<li>Reemplazable por diferentes modelos: Nuestros productos pueden reemplazar perfectamente estos cilindros hidr\u00e1ulicos.<\/li>\n<\/ul>\n<p><img decoding=\"async\" src=\"https:\/\/www.hydraulic-cylinders.net\/wp-content\/uploads\/2025\/01\/songte-cylinder-head-with-all-kinds-excavator-models.webp\" alt=\"Imagen de reemplazo del cilindro del cuchar\u00f3n\"><\/p>\n<h3>Aplicaci\u00f3n del cilindro de cubo<\/h3>\n<p>Los cilindros de cangilones se utilizan ampliamente en diversos tipos de maquinaria, como:<\/p>\n<ul>\n<li>Equipos de construcci\u00f3n: En las excavadoras, son fundamentales para excavar, cargar y mover tierra o escombros. En las retroexcavadoras, ayudan tanto en la excavaci\u00f3n como en la elevaci\u00f3n.<\/li>\n<li>Maquinaria agr\u00edcola: Se utiliza para cargadores frontales, para recoger, levantar y transportar tierra, heno y otros materiales.<\/li>\n<li>Excavadoras: El cilindro del cuchar\u00f3n permite la excavaci\u00f3n al permitir que el cuchar\u00f3n penetre en el suelo.<\/li>\n<li>Cargadores: En los cargadores frontales, ayudan a levantar e inclinar la carga de manera eficaz.<\/li>\n<\/ul>\n<h3>Consideraciones de dise\u00f1o para el cilindro del cuchar\u00f3n<\/h3>\n<p>Al dise\u00f1ar un cilindro de cubo, los siguientes factores son esenciales:<\/p>\n<h4>capacidad de carga<\/h4>\n<p>El dise\u00f1o del cilindro debe considerar la cantidad de carga que el cilindro puede soportar sin deformarse ni fallar.<\/p>\n<h4>Caza de focas<\/h4>\n<p>Un sellado adecuado es esencial para evitar fugas de aceite hidr\u00e1ulico y garantizar que el cilindro funcione eficazmente.<\/p>\n<h4>Durabilidad<\/h4>\n<p>El material del cilindro debe poder soportar el duro entorno operativo y resistir el desgaste y la corrosi\u00f3n.<\/p>\n<h4>Seguridad<\/h4>\n<p>Los cilindros de los cangilones deben dise\u00f1arse teniendo en cuenta la seguridad, teniendo en cuenta todos los peligros potenciales y garantizando que el cilindro no falle durante el funcionamiento.<\/p>\n<h4>Mantenibilidad<\/h4>\n<p>El cilindro debe estar dise\u00f1ado para permitir una f\u00e1cil reparaci\u00f3n y mantenimiento para garantizar un rendimiento y una longevidad \u00f3ptimos.<\/p>\n<p><img decoding=\"async\" src=\"https:\/\/www.hydraulic-cylinders.net\/wp-content\/uploads\/2025\/01\/songte-oil-pipes-and-spare-parts.webp\" alt=\"Imagen de dise\u00f1o de cilindro de cubo\"><\/p>\n<h3>Sellado y lubricaci\u00f3n del cilindro del cuchar\u00f3n<\/h3>\n<p>El cilindro de la cuchara requiere diversos componentes de sellado, como sellos de pist\u00f3n y de v\u00e1stago, fabricados con materiales resistentes al desgaste como poliuretano y caucho de nitrilo para garantizar un sellado eficaz. El cuerpo del cilindro y la superficie del extremo roscado se someten a un procesamiento fino para mejorar la resistencia al desgaste. La lubricaci\u00f3n regular con aceite hidr\u00e1ulico es necesaria para garantizar un rendimiento \u00f3ptimo y una larga vida \u00fatil.<\/p>\n<h3>Mantenimiento preventivo y soluci\u00f3n de problemas del cilindro del cuchar\u00f3n<\/h3>\n<ul>\n<li>Inspecciones regulares: inspeccione el cilindro peri\u00f3dicamente para detectar y solucionar posibles problemas antes de que se agraven.<\/li>\n<li>Lubricaci\u00f3n adecuada: Una lubricaci\u00f3n adecuada es esencial para que el cilindro funcione de manera eficiente y reduzca el desgaste.<\/li>\n<li>Reemplazo de sellos: Los sellos desgastados pueden causar fugas y reducir la efectividad del cilindro; reemplazarlos puede ayudar a mantener un rendimiento \u00f3ptimo.<\/li>\n<\/ul>\n<p>Es fundamental instalar el cilindro del cuchar\u00f3n correctamente y alinearlo con precisi\u00f3n. Se recomienda utilizar soportes de instalaci\u00f3n adecuados para asegurar el cilindro. Las inspecciones, reparaciones y reemplazos regulares son esenciales para prolongar la vida \u00fatil del cilindro del cuchar\u00f3n.<\/p>\n<p><img decoding=\"async\" src=\"https:\/\/www.hydraulic-cylinders.net\/wp-content\/uploads\/2025\/01\/songte-chushion-collar.webp\" alt=\"Imagen de mantenimiento del cilindro del cuchar\u00f3n\"><\/p>\n<h3>Consideraciones de seguridad y factores ambientales<\/h3>\n<p>Al utilizar cilindros de cangilones, es fundamental considerar las medidas de seguridad para garantizar su correcto funcionamiento y evitar p\u00e9rdidas o da\u00f1os. Se debe considerar la correcta eliminaci\u00f3n de los cilindros hidr\u00e1ulicos usados \u200b\u200bpara prevenir la contaminaci\u00f3n ambiental y garantizar la seguridad.<\/p>\n<h3>Diagn\u00f3stico y soluci\u00f3n de problemas del cilindro del cuchar\u00f3n<\/h3>\n<p>El problema m\u00e1s com\u00fan con los cilindros de cangilones es el da\u00f1o a los sellos, lo cual puede causar fugas y reducir la efectividad del cilindro. Una inspecci\u00f3n regular, un programa de mantenimiento adecuado y el reemplazo oportuno de las piezas da\u00f1adas pueden prevenir este problema.<\/p>\n<p><img decoding=\"async\" src=\"https:\/\/www.hydraulic-cylinders.net\/wp-content\/uploads\/2025\/01\/songte-bushings-with-all-kinds-of-excavator-models.webp\" alt=\"Imagen de soluci\u00f3n de problemas del cilindro del cuchar\u00f3n\"><\/p>\n<h2>Sobre nosotros<\/h2>\n<p>Somos fabricantes de cilindros hidr\u00e1ulicos de repuesto con una gama completa de productos y nos hemos convertido en uno de los principales fabricantes y mayoristas de cilindros hidr\u00e1ulicos en el mercado nacional e internacional. Nos basamos en una estrategia de gesti\u00f3n de la producci\u00f3n industrial de alta calidad y nos apoyamos en la aplicaci\u00f3n de talentos t\u00e9cnicos, equipos de fabricaci\u00f3n digitales de alta gama y sistemas de prueba profesionales para mejorar continuamente la l\u00ednea de producci\u00f3n en el taller, optimizar la calidad de los productos y contar con una s\u00f3lida capacidad creativa para satisfacer las diversas necesidades de los clientes con los principios de alta eficiencia, precisi\u00f3n y calidad.<\/p>\n<p><img decoding=\"async\" src=\"https:\/\/hzpt.com\/wp-content\/uploads\/2024\/11\/songte-company-1.webp\" alt=\"Acerca de nosotros Imagen\"><\/p>\n<h3>Nuestras especialidades<\/h3>\n<ul>\n<li>Profesionalismo: Contamos con un equipo de expertos con conocimientos en cilindros hidr\u00e1ulicos y podemos brindar soluciones personalizadas para diferentes clientes.<\/li>\n<li>Certificaciones internacionales: Nuestros productos est\u00e1n certificados internacionalmente, lo que garantiza que nuestros productos cumplen con los est\u00e1ndares y regulaciones de la industria.<\/li>\n<li>Servicios de personalizaci\u00f3n: Ofrecemos cilindros hidr\u00e1ulicos personalizados seg\u00fan las necesidades de los clientes, garantizando que el cilindro cumpla con sus requisitos espec\u00edficos.<\/li>\n<li>Equipo de producci\u00f3n: Contamos con equipos de producci\u00f3n y tecnolog\u00eda avanzados para garantizar la calidad y eficiencia de los productos.<\/li>\n<li>Servicio postventa: Brindamos un servicio postventa completo, que incluye piezas de repuesto y servicios de reconstrucci\u00f3n, para garantizar la longevidad de nuestros productos.<\/li>\n<\/ul>\n<p><img decoding=\"async\" src=\"https:\/\/www.hydraulic-cylinders.net\/wp-content\/uploads\/2025\/01\/songte-company-3.webp\" alt=\"Nuestra imagen de empresa\"><\/p>\n<p><em>Autor: lyl<\/em><\/p>","protected":false},"excerpt":{"rendered":"<p>Bucket Cylinder for Komatsu Large Excavator PC360-8MO Introduction Defining Bucket Cylinder A bucket cylinder is a specially designed hydraulic cylinder used to control the movement of the bucket in heavy machinery such as excavators, backhoe excavators, and front-end loaders. Its main function is to enable the bucket to lift, lower, and tilt, making it easier [&hellip;]<\/p>","protected":false},"featured_media":14789,"comment_status":"open","ping_status":"closed","template":"","meta":{"_et_pb_use_builder":"","_et_pb_old_content":"","_et_gb_content_width":""},"product_brand":[],"product_cat":[1494],"product_tag":[1495,1496],"class_list":{"0":"post-15147","1":"product","2":"type-product","3":"status-publish","4":"has-post-thumbnail","6":"product_cat-bucket-cylinders","7":"product_tag-bucket-cylinders","8":"product_tag-hydraulic-cylinders","10":"first","11":"instock","12":"shipping-taxable","13":"product-type-simple"},"amp_enabled":true,"_links":{"self":[{"href":"https:\/\/www.hydraulic-cylinders.net\/es\/wp-json\/wp\/v2\/product\/15147","targetHints":{"allow":["GET"]}}],"collection":[{"href":"https:\/\/www.hydraulic-cylinders.net\/es\/wp-json\/wp\/v2\/product"}],"about":[{"href":"https:\/\/www.hydraulic-cylinders.net\/es\/wp-json\/wp\/v2\/types\/product"}],"replies":[{"embeddable":true,"href":"https:\/\/www.hydraulic-cylinders.net\/es\/wp-json\/wp\/v2\/comments?post=15147"}],"wp:featuredmedia":[{"embeddable":true,"href":"https:\/\/www.hydraulic-cylinders.net\/es\/wp-json\/wp\/v2\/media\/14789"}],"wp:attachment":[{"href":"https:\/\/www.hydraulic-cylinders.net\/es\/wp-json\/wp\/v2\/media?parent=15147"}],"wp:term":[{"taxonomy":"product_brand","embeddable":true,"href":"https:\/\/www.hydraulic-cylinders.net\/es\/wp-json\/wp\/v2\/product_brand?post=15147"},{"taxonomy":"product_cat","embeddable":true,"href":"https:\/\/www.hydraulic-cylinders.net\/es\/wp-json\/wp\/v2\/product_cat?post=15147"},{"taxonomy":"product_tag","embeddable":true,"href":"https:\/\/www.hydraulic-cylinders.net\/es\/wp-json\/wp\/v2\/product_tag?post=15147"}],"curies":[{"name":"wp","href":"https:\/\/api.w.org\/{rel}","templated":true}]}}