{"id":15148,"date":"2025-01-19T14:09:58","date_gmt":"2025-01-19T14:09:58","guid":{"rendered":"https:\/\/www.hydraulic-cylinders.net\/product\/bucket-cylinder-for-komatsu-large-excavator-pc650lc-8r-650lccse-8r\/"},"modified":"2025-01-19T14:10:00","modified_gmt":"2025-01-19T14:10:00","slug":"bucket-cylinder-for-komatsu-large-excavator-pc650lc-8r-650lccse-8r","status":"publish","type":"product","link":"https:\/\/www.hydraulic-cylinders.net\/es\/producto\/bucket-cylinder-for-komatsu-large-excavator-pc650lc-8r-650lccse-8r\/","title":{"rendered":"Cilindro de cuchar\u00f3n para excavadora grande Komatsu PC650LC-8R\/650LCCSE-8R"},"content":{"rendered":"<h1>Cilindro de cuchar\u00f3n para excavadora grande Komatsu PC650LC-8R\/650LCCSE-8R<\/h1>\n<h2>Introducci\u00f3n<\/h2>\n<p>El cilindro hidr\u00e1ulico del cuchar\u00f3n es un cilindro especialmente dise\u00f1ado para controlar el movimiento del cuchar\u00f3n en maquinaria pesada como excavadoras, retroexcavadoras y cargadoras frontales. Su funci\u00f3n principal es permitir la elevaci\u00f3n, el descenso y la inclinaci\u00f3n del cuchar\u00f3n, lo que lo hace id\u00f3neo para diversas tareas de manipulaci\u00f3n de materiales. En el sistema hidr\u00e1ulico, el cilindro del cuchar\u00f3n logra un control preciso del mismo mediante variaciones en la presi\u00f3n del aceite hidr\u00e1ulico, lo que permite a los operadores manejar cargas pesadas con eficiencia y adaptarse a entornos de trabajo complejos y a diversos requisitos operativos.<\/p>\n<p><img decoding=\"async\" src=\"https:\/\/www.hydraulic-cylinders.net\/wp-content\/uploads\/2025\/01\/songte-company-2.webp\"><\/p>\n<h2>Caracter\u00edsticas<\/h2>\n<ul>\n<li>Alta resistencia y durabilidad: generalmente fabricadas en acero o aluminio de alta resistencia, capaces de soportar altas presiones y cargas pesadas, adecuadas para entornos de trabajo exigentes, dise\u00f1adas teniendo en cuenta la resistencia al desgaste y a la corrosi\u00f3n, lo que prolonga su vida \u00fatil.<\/li>\n<li>Funcionamiento hidr\u00e1ulico eficiente: la suave acci\u00f3n de extensi\u00f3n y contracci\u00f3n se logra mediante la presi\u00f3n del aceite hidr\u00e1ulico, capaz de responder r\u00e1pidamente a las \u00f3rdenes de control, proporcionando una potente fuerza de empuje y tracci\u00f3n, adecuada para el manejo de cargas pesadas y tareas operativas complejas.<\/li>\n<li>Se pueden seleccionar cilindros de distintos tipos: de simple efecto (hidr\u00e1ulica de un solo sentido) o de doble efecto (hidr\u00e1ulica de ambos sentidos), seg\u00fan las necesidades operativas. Algunos modelos son telesc\u00f3picos, lo que permite una mayor extensi\u00f3n sin aumentar las dimensiones externas, resultando id\u00f3neos para aplicaciones con espacio limitado.<\/li>\n<li>F\u00e1cilmente reemplazables: nuestros productos pueden sustituir perfectamente estos cilindros hidr\u00e1ulicos.<\/li>\n<\/ul>\n<p><img decoding=\"async\" src=\"https:\/\/www.hydraulic-cylinders.net\/wp-content\/uploads\/2025\/01\/songte-cylinder-head-with-all-kinds-excavator-models.webp\"><\/p>\n<h2>Aplicaciones<\/h2>\n<p>El cilindro del cuchar\u00f3n es esencial para excavar, cargar y mover tierra o escombros en maquinaria de construcci\u00f3n como excavadoras y retroexcavadoras. En las cargadoras frontales, facilita la elevaci\u00f3n e inclinaci\u00f3n de materiales. Tambi\u00e9n se utiliza en maquinaria agr\u00edcola para cargar, elevar y transportar tierra, heno y otros materiales. Los cilindros del cuchar\u00f3n permiten que las excavadoras penetren en el suelo para realizar excavaciones. A continuaci\u00f3n, se describen algunas de sus aplicaciones:<\/p>\n<h3>Equipos de construcci\u00f3n<\/h3>\n<p>En las excavadoras, los cilindros del cuchar\u00f3n son esenciales para excavar, cargar y mover tierra o escombros. En las retroexcavadoras, facilitan tanto la excavaci\u00f3n como la elevaci\u00f3n. Tambi\u00e9n son esenciales en las cargadoras frontales, donde ayudan a elevar e inclinar la carga de forma eficaz.<\/p>\n<h3>Maquinaria agr\u00edcola<\/h3>\n<p>Los cilindros de las cucharas se utilizan en las cargadoras frontales para cargar, elevar y transportar tierra, heno y otros materiales. Tambi\u00e9n se utilizan en diversos tipos de maquinaria agr\u00edcola.<\/p>\n<h3>excavadoras<\/h3>\n<p>Los cilindros de los cucharones permiten a las excavadoras penetrar en el suelo para realizar trabajos de excavaci\u00f3n, lo cual es esencial en diversos proyectos de construcci\u00f3n y excavaci\u00f3n.<\/p>\n<h3>Cargadores frontales<\/h3>\n<p>En las cargadoras frontales, los cilindros del cuchar\u00f3n ayudan a levantar e inclinar las mercanc\u00edas de forma eficaz, lo cual es esencial en diversas tareas de carga y descarga.<\/p>\n<h3>retroexcavadoras<\/h3>\n<p>En las retroexcavadoras, los cilindros del cuchar\u00f3n ayudan tanto en las tareas de excavaci\u00f3n como de elevaci\u00f3n, lo que las hace ideales para diversos proyectos de construcci\u00f3n y excavaci\u00f3n.<\/p>\n<p><img decoding=\"async\" src=\"https:\/\/www.hydraulic-cylinders.net\/wp-content\/uploads\/2025\/01\/songte-bushings-with-all-kinds-of-excavator-models.webp\"><\/p>\n<h2>Consideraciones de dise\u00f1o y est\u00e1ndares de selecci\u00f3n<\/h2>\n<p>Los cilindros de los cucharones presentan numerosas consideraciones de dise\u00f1o y est\u00e1ndares de selecci\u00f3n que garantizan su funcionalidad y durabilidad.<\/p>\n<h3>capacidad de carga<\/h3>\n<p>La capacidad de carga de los cilindros de los cucharones es un aspecto importante de su dise\u00f1o. El cilindro debe ser capaz de soportar cargas pesadas y alta presi\u00f3n, por lo que resulta esencial utilizar materiales de alta resistencia en su construcci\u00f3n.<\/p>\n<h3>Propiedades de sellado<\/h3>\n<p>El cilindro del cuchar\u00f3n debe mantener un cierre herm\u00e9tico para evitar fugas de aceite hidr\u00e1ulico. Para ello, debe emplear materiales de sellado de alta calidad, como juntas de pist\u00f3n y de v\u00e1stago fabricadas con poliuretano o caucho de nitrilo. Un acabado superficial adecuado del cilindro y un mecanizado de precisi\u00f3n de la culata y del v\u00e1stago del pist\u00f3n mejoran significativamente las propiedades de sellado y previenen fugas de aceite.<\/p>\n<h3>Durabilidad<\/h3>\n<p>El cilindro del cuchar\u00f3n debe ser lo suficientemente resistente para soportar condiciones de trabajo exigentes y resistir el desgaste. Debe estar dise\u00f1ado con materiales resistentes al desgaste y recubrimientos anticorrosivos que prolonguen su vida \u00fatil.<\/p>\n<h3>Seguridad<\/h3>\n<p>Los cilindros de los cucharones deben dise\u00f1arse teniendo en cuenta la seguridad. Deben ser capaces de soportar altas presiones y cargas pesadas, y estar equipados con elementos de seguridad como v\u00e1lvulas de alivio de presi\u00f3n para prevenir accidentes.<\/p>\n<h3>Mantenibilidad<\/h3>\n<p>Los cilindros de los cucharones deben dise\u00f1arse para facilitar su mantenimiento. Deben ser f\u00e1ciles de desmontar y volver a montar, y utilizar piezas de repuesto f\u00e1cilmente disponibles. Los acabados superficiales de los cilindros y el mecanizado de precisi\u00f3n tambi\u00e9n pueden facilitar las tareas de mantenimiento, como la sustituci\u00f3n y calibraci\u00f3n de juntas y cojinetes.<\/p>\n<p><img decoding=\"async\" src=\"https:\/\/www.hydraulic-cylinders.net\/wp-content\/uploads\/2025\/01\/songte-oil-pipes-and-spare-parts.webp\"><\/p>\n<h2>Sellado y lubricaci\u00f3n<\/h2>\n<p>Los cilindros de los cucharones requieren un sellado y lubricaci\u00f3n adecuados para funcionar eficazmente. Las juntas del pist\u00f3n y del v\u00e1stago deben estar fabricadas con materiales de alta calidad, como poliuretano o caucho de nitrilo, para garantizar un sellado herm\u00e9tico y evitar fugas de aceite. El acabado superficial del cilindro y el mecanizado de precisi\u00f3n de la cabeza del cilindro y del v\u00e1stago del pist\u00f3n mejoran la funci\u00f3n del sellado y previenen fugas de aceite. El cilindro debe lubricarse con el aceite hidr\u00e1ulico apropiado para garantizar su correcto funcionamiento. El aceite hidr\u00e1ulico debe rellenarse peri\u00f3dicamente para mantener el rendimiento del cilindro.<\/p>\n<h2>Mantenimiento y reparaci\u00f3n<\/h2>\n<p>La inspecci\u00f3n, lubricaci\u00f3n, sustituci\u00f3n de juntas y comprobaciones de calibraci\u00f3n peri\u00f3dicas son esenciales para el correcto funcionamiento del cilindro del cuchar\u00f3n. Una correcta instalaci\u00f3n, lubricaci\u00f3n y ajuste son fundamentales para prolongar su vida \u00fatil. A continuaci\u00f3n se describen algunas tareas de mantenimiento comunes:<\/p>\n<h3>Inspecci\u00f3n<\/h3>\n<p>Las inspecciones peri\u00f3dicas pueden prevenir problemas potenciales al detectar el desgaste, las fugas y otros inconvenientes. Inspeccione el exterior del cilindro para detectar signos de da\u00f1os, fugas o desgaste. Compruebe que los pernos de montaje del cilindro est\u00e9n bien apretados y seguros.<\/p>\n<h3>Lubricaci\u00f3n<\/h3>\n<p>La lubricaci\u00f3n es esencial para el correcto funcionamiento del cilindro. Utilice el tipo y la cantidad adecuados de aceite hidr\u00e1ulico para lubricar el cilindro y evitar da\u00f1os por fricci\u00f3n y calor.<\/p>\n<h3>Reemplazo del sello<\/h3>\n<p>Reemplace las juntas peri\u00f3dicamente para evitar fugas de aceite y mantener un sellado adecuado. Utilice juntas de poliuretano o caucho de nitrilo de alta calidad para un rendimiento y unas propiedades de sellado \u00f3ptimas.<\/p>\n<h3>Comprobaci\u00f3n de calibraci\u00f3n<\/h3>\n<p>Las comprobaciones de calibraci\u00f3n son esenciales para garantizar que el rendimiento del cilindro se encuentre dentro de los l\u00edmites aceptables. Compruebe la distancia de extensi\u00f3n y contracci\u00f3n del cilindro, los l\u00edmites de presi\u00f3n y otros par\u00e1metros cr\u00edticos para asegurar un rendimiento \u00f3ptimo.<\/p>\n<p><img decoding=\"async\" src=\"https:\/\/www.hydraulic-cylinders.net\/wp-content\/uploads\/2025\/01\/songte-chushion-collar.webp\"><\/p>\n<h2>Consideraciones de seguridad y factores ambientales<\/h2>\n<p>Los cilindros de los cucharones funcionan a alta presi\u00f3n y pueden representar graves riesgos de seguridad si no se manipulan correctamente. Los operadores deben seguir las normas y procedimientos de seguridad adecuados al manipularlos. El estricto cumplimiento de las normas de seguridad y el mantenimiento regular pueden reducir el riesgo de accidentes y lesiones. Factores ambientales como la temperatura, la humedad y los materiales corrosivos tambi\u00e9n pueden afectar el rendimiento y la vida \u00fatil de los cilindros de los cucharones. La selecci\u00f3n adecuada de materiales y acabados puede mitigar los efectos de estos factores ambientales.<\/p>\n<h2>Soluci\u00f3n de problemas y problemas comunes<\/h2>\n<p>Los cilindros de los cucharones pueden presentar diversos problemas debido al desgaste, fugas u otras aver\u00edas. Entre los problemas comunes se incluyen fugas de aceite, juntas da\u00f1adas y componentes hidr\u00e1ulicos defectuosos. La resoluci\u00f3n de problemas puede ayudar a identificar la causa ra\u00edz y prevenir problemas futuros. El mantenimiento adecuado, la reparaci\u00f3n y la sustituci\u00f3n de las piezas da\u00f1adas pueden ayudar a restaurar la funcionalidad del cilindro. A continuaci\u00f3n, se describen algunos pasos comunes para la resoluci\u00f3n de problemas:<\/p>\n<h3>Diagn\u00f3stico de problemas<\/h3>\n<p>Identifique la causa ra\u00edz del problema inspeccionando el cilindro en busca de da\u00f1os, desgaste, fugas u otros problemas. Verifique que el sistema hidr\u00e1ulico tenga la presi\u00f3n y los niveles de fluido adecuados. Inspeccione los pernos de montaje del cilindro para detectar signos de holgura o da\u00f1os.<\/p>\n<h3>Reparaci\u00f3n y reemplazo<\/h3>\n<p>Repare o sustituya las piezas da\u00f1adas seg\u00fan sea necesario. Reemplace las juntas desgastadas o da\u00f1adas por juntas de poliuretano o caucho de nitrilo de alta calidad. Revise el sistema hidr\u00e1ulico para detectar fugas o fallos de funcionamiento y repare o sustituya cualquier componente da\u00f1ado.<\/p>\n<h3>Medidas preventivas<\/h3>\n<p>Tome medidas preventivas para reducir el riesgo de problemas futuros. El mantenimiento, la inspecci\u00f3n y las reparaciones peri\u00f3dicas ayudan a prevenir fugas, desgaste y otros problemas. Una correcta instalaci\u00f3n, calibraci\u00f3n y lubricaci\u00f3n tambi\u00e9n contribuyen a mantener un rendimiento \u00f3ptimo y prolongar la vida \u00fatil del cilindro.<\/p>\n<h1>Sobre nosotros<\/h1>\n<p>Somos fabricantes y mayoristas l\u00edderes de cilindros hidr\u00e1ulicos, especializados en cilindros de repuesto. Nuestra amplia gama de productos nos ha posicionado como l\u00edderes en el mercado nacional e internacional. Nos esforzamos por alcanzar la excelencia en la calidad y aplicamos estrategias de gesti\u00f3n de producci\u00f3n industrializadas en nuestros modernos talleres. Mejoramos continuamente nuestra plataforma de fabricaci\u00f3n, perfeccionamos nuestras l\u00edneas de producci\u00f3n y contamos con una gran capacidad creativa. Nos comprometemos a brindar a nuestros clientes productos de alta eficiencia, precisi\u00f3n y calidad que satisfagan una amplia gama de necesidades.<\/p>\n<p><img decoding=\"async\" src=\"https:\/\/hzpt.com\/wp-content\/uploads\/2024\/11\/songte-company-1.webp\"><\/p>\n<h2>Profesionalismo<\/h2>\n<p>Nuestro equipo est\u00e1 formado por ingenieros y t\u00e9cnicos experimentados, especializados en la fabricaci\u00f3n de cilindros hidr\u00e1ulicos. Utilizamos tecnolog\u00eda y equipos de vanguardia para garantizar una fabricaci\u00f3n de alta calidad y un mecanizado de precisi\u00f3n.<\/p>\n<h2>Certificaci\u00f3n Internacional<\/h2>\n<p>Nuestros productos cumplen con los est\u00e1ndares internacionales de calidad y cuentan con la certificaci\u00f3n ISO 9001:2015. Nos comprometemos a brindar a nuestros clientes productos de alta calidad que cumplan con los est\u00e1ndares internacionales.<\/p>\n<h2>Servicio de personalizaci\u00f3n<\/h2>\n<p>Ofrecemos soluciones personalizadas de cilindros hidr\u00e1ulicos para satisfacer las necesidades espec\u00edficas de cada cliente. Nuestros ingenieros expertos colaboran estrechamente con los clientes para desarrollar soluciones a medida que cumplan con sus requisitos \u00fanicos.<\/p>\n<h2>Instalaciones de producci\u00f3n<\/h2>\n<p>Nuestras instalaciones de fabricaci\u00f3n est\u00e1n equipadas con tecnolog\u00eda y maquinaria de \u00faltima generaci\u00f3n, lo que garantiza procesos de producci\u00f3n eficientes y de alta calidad. Nos comprometemos a utilizar la tecnolog\u00eda y los equipos m\u00e1s avanzados para producir productos de alta calidad.<\/p>\n<h2>Servicio posventa<\/h2>\n<p>Ofrecemos servicio posventa y soporte t\u00e9cnico para garantizar la satisfacci\u00f3n del cliente. Proporcionamos una amplia gama de servicios, incluyendo reparaci\u00f3n, sustituci\u00f3n y mantenimiento de cilindros hidr\u00e1ulicos.<\/p>\n<p><img decoding=\"async\" src=\"https:\/\/www.hydraulic-cylinders.net\/wp-content\/uploads\/2025\/01\/songte-company-3.webp\"><\/p>\n<p>Autor: lyl<\/p>","protected":false},"excerpt":{"rendered":"<p>Bucket Cylinder For Komatsu Large Excavator PC650LC-8R\/650LCCSE-8R Introduction The bucket cylinder is a specially designed hydraulic cylinder used to control the movement of the bucket in heavy machinery such as excavators, backhoe loaders, and front loaders. Its main function is to enable the bucket to be lifted, lowered, and tilted, making it suitable for various [&hellip;]<\/p>","protected":false},"featured_media":14788,"comment_status":"open","ping_status":"closed","template":"","meta":{"_et_pb_use_builder":"","_et_pb_old_content":"","_et_gb_content_width":""},"product_brand":[],"product_cat":[1494],"product_tag":[1495,1496],"class_list":{"0":"post-15148","1":"product","2":"type-product","3":"status-publish","4":"has-post-thumbnail","6":"product_cat-bucket-cylinders","7":"product_tag-bucket-cylinders","8":"product_tag-hydraulic-cylinders","10":"first","11":"instock","12":"shipping-taxable","13":"product-type-simple"},"amp_enabled":true,"_links":{"self":[{"href":"https:\/\/www.hydraulic-cylinders.net\/es\/wp-json\/wp\/v2\/product\/15148","targetHints":{"allow":["GET"]}}],"collection":[{"href":"https:\/\/www.hydraulic-cylinders.net\/es\/wp-json\/wp\/v2\/product"}],"about":[{"href":"https:\/\/www.hydraulic-cylinders.net\/es\/wp-json\/wp\/v2\/types\/product"}],"replies":[{"embeddable":true,"href":"https:\/\/www.hydraulic-cylinders.net\/es\/wp-json\/wp\/v2\/comments?post=15148"}],"wp:featuredmedia":[{"embeddable":true,"href":"https:\/\/www.hydraulic-cylinders.net\/es\/wp-json\/wp\/v2\/media\/14788"}],"wp:attachment":[{"href":"https:\/\/www.hydraulic-cylinders.net\/es\/wp-json\/wp\/v2\/media?parent=15148"}],"wp:term":[{"taxonomy":"product_brand","embeddable":true,"href":"https:\/\/www.hydraulic-cylinders.net\/es\/wp-json\/wp\/v2\/product_brand?post=15148"},{"taxonomy":"product_cat","embeddable":true,"href":"https:\/\/www.hydraulic-cylinders.net\/es\/wp-json\/wp\/v2\/product_cat?post=15148"},{"taxonomy":"product_tag","embeddable":true,"href":"https:\/\/www.hydraulic-cylinders.net\/es\/wp-json\/wp\/v2\/product_tag?post=15148"}],"curies":[{"name":"wp","href":"https:\/\/api.w.org\/{rel}","templated":true}]}}