{"id":15151,"date":"2025-01-19T14:10:12","date_gmt":"2025-01-19T14:10:12","guid":{"rendered":"https:\/\/www.hydraulic-cylinders.net\/product\/bucket-cylinder-for-komatsu-large-excavator-pc400-3-5-6-7-8\/"},"modified":"2025-01-19T14:10:14","modified_gmt":"2025-01-19T14:10:14","slug":"bucket-cylinder-for-komatsu-large-excavator-pc400-3-5-6-7-8","status":"publish","type":"product","link":"https:\/\/www.hydraulic-cylinders.net\/es\/producto\/bucket-cylinder-for-komatsu-large-excavator-pc400-3-5-6-7-8\/","title":{"rendered":"Cilindro de cuchar\u00f3n para excavadora grande Komatsu PC400-3-5-6-7-8"},"content":{"rendered":"<h1>Cilindro de cuchar\u00f3n para excavadora grande Komatsu PC400-3-5-6-7-8<\/h1>\n<h2>Introducci\u00f3n<\/h2>\n<p>El cilindro de la cuchara es un cilindro hidr\u00e1ulico dise\u00f1ado espec\u00edficamente para controlar el movimiento de las cucharas en maquinaria pesada como excavadoras, retroexcavadoras y cargadoras frontales. Su funci\u00f3n principal es permitir que la cuchara se eleve, descienda e incline, facilitando as\u00ed diversas tareas de manipulaci\u00f3n de materiales. En el sistema hidr\u00e1ulico, el cilindro de la cuchara logra un control preciso de la misma mediante las variaciones de presi\u00f3n del aceite hidr\u00e1ulico, lo que permite a los operadores manipular objetos pesados \u200b\u200bcon eficiencia y adaptarse a entornos de trabajo complejos y diversas necesidades operativas.<\/p>\n<p><img decoding=\"async\" src=\"https:\/\/www.hydraulic-cylinders.net\/wp-content\/uploads\/2025\/01\/songte-company-2.webp\" alt=\"Imagen del cilindro del cubo\"><\/p>\n<h2>Caracter\u00edsticas<\/h2>\n<ul>\n<li>Alta resistencia y durabilidad: Generalmente fabricado con acero o aluminio de alta resistencia, puede soportar altas presiones y cargas pesadas, se adapta a entornos de trabajo dif\u00edciles y est\u00e1 dise\u00f1ado teniendo en cuenta la resistencia al desgaste y a la corrosi\u00f3n para prolongar su vida \u00fatil.<\/li>\n<li>Funcionamiento hidr\u00e1ulico eficiente: Las acciones suaves de extensi\u00f3n y contracci\u00f3n se logran utilizando la presi\u00f3n del aceite hidr\u00e1ulico, lo que permite una respuesta r\u00e1pida a los comandos de control, proporciona potentes fuerzas de empuje y tracci\u00f3n, y es adecuado para el manejo de objetos pesados \u200b\u200by tareas operativas complejas.<\/li>\n<li>M\u00faltiples tipos: Se pueden seleccionar cilindros de simple efecto (hidr\u00e1ulicos de un solo sentido) o de doble efecto (hidr\u00e1ulicos de ambos sentidos) seg\u00fan las necesidades operativas. Algunos modelos son telesc\u00f3picos, lo que permite una mayor extensi\u00f3n sin aumentar las dimensiones externas, ideales para aplicaciones con espacio limitado.<\/li>\n<li>F\u00e1cil sustituci\u00f3n: Nuestro producto puede sustituir perfectamente estos cilindros hidr\u00e1ulicos.<\/li>\n<\/ul>\n<p><img decoding=\"async\" src=\"https:\/\/www.hydraulic-cylinders.net\/wp-content\/uploads\/2025\/01\/songte-cylinder-head-with-all-kinds-excavator-models.webp\" alt=\"Imagen del cilindro del cubo\"><\/p>\n<h2>Aplicaci\u00f3n<\/h2>\n<p>Los cilindros de cuchar\u00f3n se utilizan ampliamente en diversas industrias, como la de equipos de construcci\u00f3n, maquinaria agr\u00edcola, excavadoras y cargadoras. Algunas de sus aplicaciones son:<\/p>\n<ul>\n<li>Equipos de construcci\u00f3n: En las excavadoras, son fundamentales para excavar, cargar y mover tierra o escombros. En las retroexcavadoras, los cilindros del cuchar\u00f3n facilitan tanto la excavaci\u00f3n como la elevaci\u00f3n. En las cargadoras frontales, ayudan a elevar e inclinar el material para una manipulaci\u00f3n eficaz.<\/li>\n<li>Maquinaria agr\u00edcola: Se utiliza en cargadoras frontales para recoger, levantar y transportar tierra, heno y otros materiales.<\/li>\n<li>Excavadoras: Los cilindros del cuchar\u00f3n permiten la acci\u00f3n de excavaci\u00f3n al dejar que el cuchar\u00f3n penetre en el suelo.<\/li>\n<li>Cargadores: En los cargadores frontales, ayudan a levantar y descargar la carga de manera eficaz.<\/li>\n<\/ul>\n<h2>Consideraciones de dise\u00f1o y est\u00e1ndares de selecci\u00f3n<\/h2>\n<p>Al dise\u00f1ar cilindros para cangilones, es fundamental tener en cuenta varios aspectos y criterios de selecci\u00f3n:<\/p>\n<ul>\n<li>Capacidad de carga: Debe ser capaz de soportar la carga m\u00e1xima para la que est\u00e1 dise\u00f1ado.<\/li>\n<li>Sellado: Deben utilizarse diversos componentes de sellado, como juntas de pist\u00f3n, juntas de v\u00e1stago, etc. El poliuretano y el caucho de nitrilo son materiales duraderos.<\/li>\n<li>Durabilidad: El cuerpo del cilindro y las superficies roscadas de los extremos deben procesarse con precisi\u00f3n para mejorar la resistencia al desgaste.<\/li>\n<li>Seguridad: Deben tenerse en cuenta aspectos de seguridad, como un dise\u00f1o a prueba de roturas.<\/li>\n<li>Mantenimiento: Mantenimiento y reparaci\u00f3n sencillos, como f\u00e1cil acceso a los componentes, reemplazo sencillo, etc.<\/li>\n<\/ul>\n<p><img decoding=\"async\" src=\"https:\/\/www.hydraulic-cylinders.net\/wp-content\/uploads\/2025\/01\/songte-oil-pipes-and-spare-parts.webp\" alt=\"Imagen del cilindro del cubo\"><\/p>\n<h2>Sellado y lubricaci\u00f3n<\/h2>\n<p>En los cilindros de los cucharones se deben utilizar diversos tipos de componentes de sellado para garantizar la hermeticidad y mejorar la durabilidad. El politetrafluoroetileno (PTFE) y el poliuretano son dos materiales comunes para los anillos de sellado. Tambi\u00e9n se requiere una lubricaci\u00f3n peri\u00f3dica con el aceite hidr\u00e1ulico adecuado para asegurar un funcionamiento correcto.<\/p>\n<h2>Mantenimiento y reparaci\u00f3n<\/h2>\n<p>El mantenimiento regular y las medidas preventivas pueden prolongar la vida \u00fatil de los cilindros de los cucharones. Algunas medidas incluyen:<\/p>\n<ul>\n<li>Inspecci\u00f3n regular<\/li>\n<li>Lubricaci\u00f3n adecuada<\/li>\n<li>Reemplazo del sello<\/li>\n<li>Comprobaci\u00f3n de calibraci\u00f3n<\/li>\n<\/ul>\n<p>Durante la instalaci\u00f3n, es importante alinear correctamente el cilindro y utilizar los soportes de instalaci\u00f3n adecuados para fijarlo. Tambi\u00e9n es importante seguir los procedimientos recomendados de inspecci\u00f3n, reparaci\u00f3n y sustituci\u00f3n para garantizar un rendimiento \u00f3ptimo.<\/p>\n<p><img decoding=\"async\" src=\"https:\/\/www.hydraulic-cylinders.net\/wp-content\/uploads\/2025\/01\/songte-chushion-collar.webp\" alt=\"Imagen del cilindro del cubo\"><\/p>\n<h2>Consideraciones de seguridad y factores ambientales<\/h2>\n<p>Los cilindros de los cubos deben manipularse con cuidado. Deben seguirse las normas de seguridad para evitar accidentes. Tambi\u00e9n deben tenerse en cuenta los factores ambientales, como la exposici\u00f3n a temperaturas extremas, humedad o materiales corrosivos.<\/p>\n<h2>Soluci\u00f3n de problemas y problemas comunes<\/h2>\n<p>Algunos de los problemas comunes que presentan los cilindros de cangilones incluyen:<\/p>\n<ul>\n<li>Fuga del cilindro<\/li>\n<li>Funcionamiento lento o movimiento a tirones<\/li>\n<li>deriva del cilindro<\/li>\n<li>El cilindro no se extiende ni se retrae correctamente.<\/li>\n<\/ul>\n<p>El diagn\u00f3stico y la resoluci\u00f3n adecuados de estos problemas se pueden lograr mediante inspecciones regulares, abordando con prontitud los problemas identificados y siguiendo los procedimientos de mantenimiento y reparaci\u00f3n recomendados.<\/p>\n<p><img decoding=\"async\" src=\"https:\/\/www.hydraulic-cylinders.net\/wp-content\/uploads\/2025\/01\/songte-bushings-with-all-kinds-of-excavator-models.webp\" alt=\"Imagen del cilindro del cubo\"><\/p>\n<h2>Acerca de nuestra empresa<\/h2>\n<p>Somos fabricantes de cilindros hidr\u00e1ulicos de repuesto con una gama completa de productos. Nos hemos consolidado como uno de los principales fabricantes y distribuidores mayoristas de cilindros hidr\u00e1ulicos en los mercados nacionales e internacionales. Nos regimos por el principio de la excelencia en la calidad, respaldados por una estrategia de gesti\u00f3n de producci\u00f3n industrial en nuestros talleres de fabricaci\u00f3n de alta precisi\u00f3n. Mejoramos continuamente nuestras instalaciones de producci\u00f3n, perfeccionamos el proceso de producci\u00f3n para garantizar la calidad de nuestros productos y contamos con una gran capacidad creativa para satisfacer las diversas necesidades de nuestros clientes con alta eficiencia, precisi\u00f3n y calidad. <\/p>\n<p>Ofrecemos servicios personalizados, certificaci\u00f3n internacional y equipos de producci\u00f3n de alta calidad. Nuestro servicio posventa es impecable, brindando reemplazo de piezas y servicios de reconstrucci\u00f3n para prolongar la vida \u00fatil de los cilindros hidr\u00e1ulicos. <\/p>\n<p><img decoding=\"async\" src=\"https:\/\/hzpt.com\/wp-content\/uploads\/2024\/11\/songte-company-1.webp\" alt=\"Imagen del cilindro del cubo\"><\/p>\n<p>Autor: lyl<\/p>","protected":false},"excerpt":{"rendered":"<p>Bucket Cylinder For Komatsu Large Excavator PC400-3-5-6-7-8 Introduction A bucket cylinder is a specially designed hydraulic cylinder used to control the movement of buckets in heavy machinery such as excavators, backhoe excavators, and front-end loaders. Its main function is to enable the bucket to lift, lower, and tilt, making it easier to handle various material [&hellip;]<\/p>","protected":false},"featured_media":14784,"comment_status":"open","ping_status":"closed","template":"","meta":{"_et_pb_use_builder":"","_et_pb_old_content":"","_et_gb_content_width":""},"product_brand":[],"product_cat":[1494],"product_tag":[1495,1496],"class_list":{"0":"post-15151","1":"product","2":"type-product","3":"status-publish","4":"has-post-thumbnail","6":"product_cat-bucket-cylinders","7":"product_tag-bucket-cylinders","8":"product_tag-hydraulic-cylinders","10":"first","11":"instock","12":"shipping-taxable","13":"product-type-simple"},"amp_enabled":true,"_links":{"self":[{"href":"https:\/\/www.hydraulic-cylinders.net\/es\/wp-json\/wp\/v2\/product\/15151","targetHints":{"allow":["GET"]}}],"collection":[{"href":"https:\/\/www.hydraulic-cylinders.net\/es\/wp-json\/wp\/v2\/product"}],"about":[{"href":"https:\/\/www.hydraulic-cylinders.net\/es\/wp-json\/wp\/v2\/types\/product"}],"replies":[{"embeddable":true,"href":"https:\/\/www.hydraulic-cylinders.net\/es\/wp-json\/wp\/v2\/comments?post=15151"}],"wp:featuredmedia":[{"embeddable":true,"href":"https:\/\/www.hydraulic-cylinders.net\/es\/wp-json\/wp\/v2\/media\/14784"}],"wp:attachment":[{"href":"https:\/\/www.hydraulic-cylinders.net\/es\/wp-json\/wp\/v2\/media?parent=15151"}],"wp:term":[{"taxonomy":"product_brand","embeddable":true,"href":"https:\/\/www.hydraulic-cylinders.net\/es\/wp-json\/wp\/v2\/product_brand?post=15151"},{"taxonomy":"product_cat","embeddable":true,"href":"https:\/\/www.hydraulic-cylinders.net\/es\/wp-json\/wp\/v2\/product_cat?post=15151"},{"taxonomy":"product_tag","embeddable":true,"href":"https:\/\/www.hydraulic-cylinders.net\/es\/wp-json\/wp\/v2\/product_tag?post=15151"}],"curies":[{"name":"wp","href":"https:\/\/api.w.org\/{rel}","templated":true}]}}