{"id":15152,"date":"2025-01-19T14:10:16","date_gmt":"2025-01-19T14:10:16","guid":{"rendered":"https:\/\/www.hydraulic-cylinders.net\/product\/bucket-cylinder-for-komatsu-large-excavator-pc70lc-8\/"},"modified":"2025-01-19T14:10:18","modified_gmt":"2025-01-19T14:10:18","slug":"bucket-cylinder-for-komatsu-large-excavator-pc70lc-8","status":"publish","type":"product","link":"https:\/\/www.hydraulic-cylinders.net\/es\/producto\/bucket-cylinder-for-komatsu-large-excavator-pc70lc-8\/","title":{"rendered":"Cilindro de cuchar\u00f3n para excavadora Komatsu PC70LC-8"},"content":{"rendered":"<h1>Cilindro de cuchar\u00f3n para excavadora Komatsu PC70LC-8<\/h1>\n<h2>Introducci\u00f3n<\/h2>\n<p>El cilindro del cuchar\u00f3n para la excavadora Komatsu PC70LC-8 es un cilindro hidr\u00e1ulico de dise\u00f1o espec\u00edfico que se utiliza para controlar el movimiento del cuchar\u00f3n en maquinaria pesada como excavadoras, retroexcavadoras y cargadoras frontales. Su funci\u00f3n principal es permitir que el cuchar\u00f3n se eleve, baje e incline, facilitando diversas tareas de manipulaci\u00f3n de materiales. En el sistema hidr\u00e1ulico, el cilindro del cuchar\u00f3n logra un control preciso del cuchar\u00f3n mediante cambios en la presi\u00f3n del aceite hidr\u00e1ulico, lo que permite a los operadores manipular cargas pesadas con eficiencia y adaptarse a entornos de trabajo complejos y diversos requisitos operativos.<\/p>\n<p><img decoding=\"async\" src=\"https:\/\/www.hydraulic-cylinders.net\/wp-content\/uploads\/2025\/01\/songte-company-2.webp\"><\/p>\n<h2>Caracter\u00edsticas<\/h2>\n<ul>\n<li>Alta resistencia y durabilidad: generalmente fabricado en acero o aluminio de alta resistencia, puede soportar alta presi\u00f3n y cargas pesadas, adaptarse a entornos de trabajo hostiles y est\u00e1 dise\u00f1ado teniendo en cuenta la resistencia al desgaste y la corrosi\u00f3n, lo que extiende su vida \u00fatil.<\/li>\n<li>Operaci\u00f3n hidr\u00e1ulica eficiente: Acci\u00f3n telesc\u00f3pica suave lograda utilizando la presi\u00f3n del aceite hidr\u00e1ulico, capaz de responder r\u00e1pidamente a los comandos operativos, proporcionando una poderosa fuerza de empuje y tracci\u00f3n, adecuada para manipular cargas pesadas y tareas operativas complejas.<\/li>\n<li>Diversos tipos: Se pueden seleccionar cilindros de simple efecto (hidr\u00e1ulicos en un solo sentido) o de doble efecto (hidr\u00e1ulicos en ambos sentidos) seg\u00fan sea necesario para satisfacer diferentes necesidades operativas. Algunos modelos son telesc\u00f3picos, lo que permite una mayor extensi\u00f3n sin aumentar el tama\u00f1o externo, ideal para aplicaciones con espacio limitado.<\/li>\n<li>F\u00e1cil de producir: Nuestro producto puede sustituir perfectamente a estos cilindros hidr\u00e1ulicos.<\/li>\n<\/ul>\n<p><img decoding=\"async\" src=\"https:\/\/www.hydraulic-cylinders.net\/wp-content\/uploads\/2025\/01\/songte-cylinder-head-with-all-kinds-excavator-models.webp\"><\/p>\n<h2>Aplicaciones<\/h2>\n<p>El cilindro del cuchar\u00f3n para la excavadora grande Komatsu PC70LC-8 se puede utilizar en diversas industrias, entre ellas:<\/p>\n<ul>\n<li>Equipos de construcci\u00f3n: En las excavadoras, son cruciales para excavar, cargar y mover tierra o escombros. En las retroexcavadoras, el cilindro del cuchar\u00f3n facilita tanto la excavaci\u00f3n como la elevaci\u00f3n. <\/li>\n<li>Maquinaria agr\u00edcola: Se utiliza en cargadores frontales, para recoger, levantar y transportar tierra, heno y otros materiales. Excavadoras: Los cilindros del cuchar\u00f3n permiten la acci\u00f3n de excavaci\u00f3n al permitir que el cuchar\u00f3n penetre en el suelo.<\/li>\n<li>Cargadores: En los cargadores frontales, ayudan a levantar e inclinar las mercanc\u00edas de manera eficaz.<\/li>\n<\/ul>\n<h2>Consideraciones de dise\u00f1o y criterios de selecci\u00f3n<\/h2>\n<p>Al dise\u00f1ar y seleccionar cilindros para cangilones, se deben considerar factores clave como la capacidad de carga, el sellado, la durabilidad, la seguridad y la facilidad de mantenimiento:<\/p>\n<ul>\n<li>Capacidad de carga: El cilindro debe ser capaz de soportar el peso de la carga y la presi\u00f3n del sistema hidr\u00e1ulico.<\/li>\n<li>Sellado: Diversos componentes de sellado, como sellos de pist\u00f3n y sellos de v\u00e1stago, deben seleccionarse en funci\u00f3n de materiales resistentes al desgaste, como poliuretano y caucho de nitrilo, para garantizar una larga vida \u00fatil.<\/li>\n<li>Durabilidad: La superficie del cuerpo del cilindro y la superficie del extremo roscado deben procesarse finamente para mejorar la resistencia al desgaste.<\/li>\n<li>Seguridad: Al dise\u00f1ar y seleccionar cilindros para cangilones siempre se debe tener en cuenta la instalaci\u00f3n, el funcionamiento y el mantenimiento seguros.<\/li>\n<li>Maintainability: Regular maintenance must be performed to ensure the cylinder&#8217;s long service life.<\/li>\n<\/ul>\n<p><img decoding=\"async\" src=\"https:\/\/www.hydraulic-cylinders.net\/wp-content\/uploads\/2025\/01\/songte-oil-pipes-and-spare-parts.webp\"><\/p>\n<h2>Sellado y lubricaci\u00f3n<\/h2>\n<p>Various sealing components, such as piston seals and rod seals, are used to ensure the cylinder&#8217;s sealing and lubrication. They are made of wear-resistant materials such as polyurethane and nitrile rubber. The cylinder body and threaded end surface are finely processed to improve wear resistance. It requires regular addition of an appropriate amount of hydraulic oil for lubrication.<\/p>\n<p><img decoding=\"async\" src=\"https:\/\/www.hydraulic-cylinders.net\/wp-content\/uploads\/2025\/01\/songte-chushion-collar.webp\"><\/p>\n<h2>Mantenimiento y reparaci\u00f3n<\/h2>\n<p>Se deben realizar controles peri\u00f3dicos y medidas de mantenimiento preventivo, que incluyan:<\/p>\n<ul>\n<li>Inspecciones peri\u00f3dicas y lubricaci\u00f3n<\/li>\n<li>Sustituci\u00f3n de juntas y comprobaciones de calibraci\u00f3n<\/li>\n<li>Correcta instalaci\u00f3n y alineaci\u00f3n del cilindro<\/li>\n<li>Uso de soportes de instalaci\u00f3n adecuados para asegurar el cilindro<\/li>\n<li>Procedimientos recomendados de inspecci\u00f3n, reparaci\u00f3n y sustituci\u00f3n<\/li>\n<li>Reemplazo de piezas y servicios de reconstrucci\u00f3n<\/li>\n<\/ul>\n<h2>Consideraciones de seguridad y medio ambiente<\/h2>\n<p>Al utilizar cilindros de cangilones, las medidas de seguridad son de suma importancia. Tambi\u00e9n debe considerarse el impacto ambiental y deben tomarse las medidas adecuadas para minimizarlo.<\/p>\n<h2>Diagn\u00f3stico de fallas y problemas comunes<\/h2>\n<p>Los problemas comunes con los cilindros del cuchar\u00f3n incluyen:<\/p>\n<ul>\n<li>Presi\u00f3n hidr\u00e1ulica insuficiente<\/li>\n<li>Sellos con fugas<\/li>\n<li>Varilla de pist\u00f3n doblada o da\u00f1ada<\/li>\n<li>Cilindro desgastado<\/li>\n<\/ul>\n<p>Para resolver estos problemas, se deben tomar medidas adecuadas de diagn\u00f3stico y soluci\u00f3n de problemas.<\/p>\n<p><img decoding=\"async\" src=\"https:\/\/www.hydraulic-cylinders.net\/wp-content\/uploads\/2025\/01\/songte-bushings-with-all-kinds-of-excavator-models.webp\"><\/p>\n<h2>Sobre nosotros<\/h2>\n<p>Somos fabricantes de cilindros hidr\u00e1ulicos de repuesto con una gama completa de productos. Somos uno de los principales fabricantes y distribuidores mayoristas de cilindros hidr\u00e1ulicos en el mercado nacional e internacional. Nos guiamos por la excelencia y nos basamos en estrategias de gesti\u00f3n de producci\u00f3n industrializada en talleres de alta calidad, utilizando talento tecnol\u00f3gico, equipos de fabricaci\u00f3n digitalizados de alta gama y sistemas de prueba profesionales para mejorar continuamente la plataforma de fabricaci\u00f3n del taller, optimizar la calidad de la l\u00ednea de producci\u00f3n y crear productos de alta eficiencia, precisi\u00f3n y calidad para satisfacer las diversas necesidades de nuestros clientes.<\/p>\n<p><img decoding=\"async\" src=\"https:\/\/hzpt.com\/wp-content\/uploads\/2024\/11\/songte-company-1.webp\"><\/p>\n<p>Nos especializamos en brindar certificaci\u00f3n internacional, servicios personalizados, equipos de producci\u00f3n y servicio posventa. Nuestro objetivo es brindar los mejores productos y servicios a nuestros clientes.<\/p>\n<p>Autor: lyl<\/p>","protected":false},"excerpt":{"rendered":"<p>Bucket Cylinder For Komatsu Large Excavator PC70LC-8 Introduction The bucket cylinder for Komatsu large excavator PC70LC-8 is a specifically designed hydraulic cylinder used to control the movement of the bucket in heavy machinery such as excavators, backhoes, and front loaders. Its main function is to enable the bucket to lift, lower and tilt, making it [&hellip;]<\/p>","protected":false},"featured_media":14782,"comment_status":"open","ping_status":"closed","template":"","meta":{"_et_pb_use_builder":"","_et_pb_old_content":"","_et_gb_content_width":""},"product_brand":[],"product_cat":[1494],"product_tag":[1495,1496],"class_list":{"0":"post-15152","1":"product","2":"type-product","3":"status-publish","4":"has-post-thumbnail","6":"product_cat-bucket-cylinders","7":"product_tag-bucket-cylinders","8":"product_tag-hydraulic-cylinders","10":"first","11":"instock","12":"shipping-taxable","13":"product-type-simple"},"amp_enabled":true,"_links":{"self":[{"href":"https:\/\/www.hydraulic-cylinders.net\/es\/wp-json\/wp\/v2\/product\/15152","targetHints":{"allow":["GET"]}}],"collection":[{"href":"https:\/\/www.hydraulic-cylinders.net\/es\/wp-json\/wp\/v2\/product"}],"about":[{"href":"https:\/\/www.hydraulic-cylinders.net\/es\/wp-json\/wp\/v2\/types\/product"}],"replies":[{"embeddable":true,"href":"https:\/\/www.hydraulic-cylinders.net\/es\/wp-json\/wp\/v2\/comments?post=15152"}],"wp:featuredmedia":[{"embeddable":true,"href":"https:\/\/www.hydraulic-cylinders.net\/es\/wp-json\/wp\/v2\/media\/14782"}],"wp:attachment":[{"href":"https:\/\/www.hydraulic-cylinders.net\/es\/wp-json\/wp\/v2\/media?parent=15152"}],"wp:term":[{"taxonomy":"product_brand","embeddable":true,"href":"https:\/\/www.hydraulic-cylinders.net\/es\/wp-json\/wp\/v2\/product_brand?post=15152"},{"taxonomy":"product_cat","embeddable":true,"href":"https:\/\/www.hydraulic-cylinders.net\/es\/wp-json\/wp\/v2\/product_cat?post=15152"},{"taxonomy":"product_tag","embeddable":true,"href":"https:\/\/www.hydraulic-cylinders.net\/es\/wp-json\/wp\/v2\/product_tag?post=15152"}],"curies":[{"name":"wp","href":"https:\/\/api.w.org\/{rel}","templated":true}]}}