{"id":15154,"date":"2025-01-19T14:10:24","date_gmt":"2025-01-19T14:10:24","guid":{"rendered":"https:\/\/www.hydraulic-cylinders.net\/product\/bucket-cylinder-for-komatsu-wheel-excavator-pw100s\/"},"modified":"2025-01-19T14:10:26","modified_gmt":"2025-01-19T14:10:26","slug":"bucket-cylinder-for-komatsu-wheel-excavator-pw100s","status":"publish","type":"product","link":"https:\/\/www.hydraulic-cylinders.net\/es\/producto\/bucket-cylinder-for-komatsu-wheel-excavator-pw100s\/","title":{"rendered":"Cilindro de cuchar\u00f3n para excavadora de ruedas Komatsu PW100S"},"content":{"rendered":"<p><!DOCTYPE html><br \/>\n<html><br \/>\n<head><br \/>\n<title>Cilindro de cuchar\u00f3n para excavadora de ruedas Komatsu PW100S<\/title><br \/>\n<\/head><br \/>\n<body><\/p>\n<h1>Cilindro de cuchar\u00f3n para excavadora de ruedas Komatsu PW100S<\/h1>\n<h2>Introducci\u00f3n<\/h2>\n<p>El cilindro de control del cuchar\u00f3n para excavadoras de ruedas Komatsu, espec\u00edficamente el modelo PW100S, es un cilindro hidr\u00e1ulico de dise\u00f1o especial que controla el movimiento del cuchar\u00f3n en maquinaria pesada como excavadoras, retroexcavadoras y cargadoras frontales. Su funci\u00f3n principal es permitir que el cuchar\u00f3n se eleve, descienda e incline, facilitando as\u00ed diversas tareas de manipulaci\u00f3n de materiales. En el sistema hidr\u00e1ulico, el cilindro de control del cuchar\u00f3n logra un control preciso del mismo mediante las variaciones de presi\u00f3n del aceite hidr\u00e1ulico, lo que permite a los operadores manejar cargas pesadas con eficiencia y adaptarse a entornos de trabajo complejos y a diversos requisitos laborales.<\/p>\n<p><img decoding=\"async\" src=\"https:\/\/www.hydraulic-cylinders.net\/wp-content\/uploads\/2025\/01\/songte-company-2.webp\" alt=\"Imagen del cilindro del cubo\"><\/p>\n<h2>Caracter\u00edsticas<\/h2>\n<ul>\n<li><strong>Alta resistencia y durabilidad:<\/strong> Fabricado generalmente en acero de alta resistencia o aluminio, soporta altas presiones y cargas pesadas, adapt\u00e1ndose a entornos de trabajo exigentes. Su dise\u00f1o considera la resistencia al desgaste y a la corrosi\u00f3n, prolongando as\u00ed su vida \u00fatil.<\/li>\n<li><strong>Operaci\u00f3n hidr\u00e1ulica eficiente:<\/strong> Utilizando la presi\u00f3n del aceite hidr\u00e1ulico, logra movimientos suaves de extensi\u00f3n y retracci\u00f3n, respondiendo r\u00e1pidamente a las \u00f3rdenes de control y proporcionando potentes fuerzas de empuje y tracci\u00f3n, adecuadas para el manejo de cargas pesadas y tareas de trabajo complejas.<\/li>\n<li><strong>Varios tipos:<\/strong> El cilindro del cuchar\u00f3n puede ser de simple efecto (accionamiento hidr\u00e1ulico en un solo sentido) o de doble efecto (accionamiento hidr\u00e1ulico en ambos sentidos) seg\u00fan las necesidades, satisfaciendo as\u00ed diferentes requerimientos operativos. Algunos modelos son telesc\u00f3picos, lo que permite una mayor extensi\u00f3n sin aumentar las dimensiones externas, haci\u00e9ndolos id\u00f3neos para aplicaciones con espacio limitado.<\/li>\n<li><strong>Repuestos para cilindros hidr\u00e1ulicos:<\/strong> Nuestros productos pueden reemplazar perfectamente estos cilindros hidr\u00e1ulicos.<\/li>\n<\/ul>\n<p><img decoding=\"async\" src=\"https:\/\/www.hydraulic-cylinders.net\/wp-content\/uploads\/2025\/01\/songte-cylinder-head-with-all-kinds-excavator-models.webp\" alt=\"Imagen de reemplazo de producto\"><\/p>\n<h2>Aplicaciones<\/h2>\n<p>El cilindro del cuchar\u00f3n para la excavadora de ruedas Komatsu PW100S se utiliza en diversas aplicaciones:<\/p>\n<ul>\n<li><strong>Equipos de construcci\u00f3n:<\/strong> Desempe\u00f1a un papel crucial en las excavadoras para excavar, cargar y mover tierra o escombros. En las retroexcavadoras, el cilindro del cuchar\u00f3n ayuda tanto en la excavaci\u00f3n como en la elevaci\u00f3n.<\/li>\n<li><strong>Maquinaria agr\u00edcola:<\/strong> Se utiliza en cargadoras frontales para recoger, levantar y transportar tierra, heno y otros materiales.<\/li>\n<li><strong>Excavadoras:<\/strong> El cilindro del cuchar\u00f3n permite realizar acciones de excavaci\u00f3n al permitir que el cuchar\u00f3n penetre en el suelo.<\/li>\n<li><strong>Cargadores:<\/strong> En los cargadores frontales, ayudan a levantar y descargar mercanc\u00edas de manera eficiente.<\/li>\n<\/ul>\n<h2>Consideraciones de dise\u00f1o y criterios de selecci\u00f3n<\/h2>\n<p>Al dise\u00f1ar el cilindro del cuchar\u00f3n, se toman en consideraci\u00f3n factores clave como la capacidad de carga, el sellado, la durabilidad, la seguridad y la facilidad de mantenimiento:<\/p>\n<p><img decoding=\"async\" src=\"https:\/\/www.hydraulic-cylinders.net\/wp-content\/uploads\/2025\/01\/songte-oil-pipes-and-spare-parts.webp\" alt=\"Consideraciones de dise\u00f1o Imagen\"><\/p>\n<h2>Sellado y lubricaci\u00f3n<\/h2>\n<p>El cilindro del cuchar\u00f3n utiliza diversos componentes de sellado, como juntas de pist\u00f3n y de v\u00e1stago, fabricados con materiales resistentes al desgaste como poliuretano y caucho de nitrilo. El cuerpo del cilindro y los extremos roscados se someten a un mecanizado de precisi\u00f3n para mejorar su resistencia al desgaste. Es necesaria una lubricaci\u00f3n peri\u00f3dica con la cantidad adecuada de aceite hidr\u00e1ulico.<\/p>\n<h2>Inspecci\u00f3n y mantenimiento preventivo<\/h2>\n<p>Para garantizar un rendimiento \u00f3ptimo y una mayor vida \u00fatil, deben realizarse inspecciones peri\u00f3dicas y medidas de mantenimiento preventivo:<\/p>\n<h2>Gu\u00eda de instalaci\u00f3n del producto<\/h2>\n<p>Una correcta instalaci\u00f3n es crucial para el rendimiento del cilindro del cuchar\u00f3n. Aqu\u00ed est\u00e1n las directrices:<\/p>\n<h2>Tareas de mantenimiento<\/h2>\n<p>Las tareas de mantenimiento comunes incluyen inspecciones regulares, lubricaci\u00f3n adecuada, reemplazo de sellos y comprobaciones de calibraci\u00f3n:<\/p>\n<p><img decoding=\"async\" src=\"https:\/\/www.hydraulic-cylinders.net\/wp-content\/uploads\/2025\/01\/songte-chushion-collar.webp\" alt=\"Imagen de tareas de mantenimiento\"><\/p>\n<h2>Consideraciones de seguridad y factores ambientales<\/h2>\n<p>Al utilizar el cilindro del cuchar\u00f3n, las precauciones de seguridad son de suma importancia:<\/p>\n<h2>Diagn\u00f3stico de fallas y problemas comunes<\/h2>\n<p>Aqu\u00ed tienes algunos fallos comunes y sus posibles soluciones:<\/p>\n<p><img decoding=\"async\" src=\"https:\/\/www.hydraulic-cylinders.net\/wp-content\/uploads\/2025\/01\/songte-bushings-with-all-kinds-of-excavator-models.webp\" alt=\"Imagen de diagn\u00f3stico de fallas\"><\/p>\n<h2>Conclusi\u00f3n<\/h2>\n<p>Nuestra empresa es un fabricante y distribuidor mayorista l\u00edder de cilindros hidr\u00e1ulicos en los mercados nacionales e internacionales. Ofrecemos una amplia gama de productos y nos esforzamos por alcanzar la excelencia en la calidad, utilizando instalaciones de fabricaci\u00f3n avanzadas, sistemas de inspecci\u00f3n profesionales y un equipo de trabajo altamente cualificado. Brindamos servicios personalizados, garantizamos certificaciones internacionales y ofrecemos un completo servicio posventa.<\/p>\n<p><img decoding=\"async\" src=\"https:\/\/www.hydraulic-cylinders.net\/wp-content\/uploads\/2025\/01\/songte-company-3.webp\" alt=\"Imagen de descripci\u00f3n general de la empresa\"><\/p>\n<p>Autor: lyl<\/p>\n<p><\/body><br \/>\n<\/html><\/p>","protected":false},"excerpt":{"rendered":"<p>Bucket Cylinder For Komatsu Wheel Excavator PW100S Bucket Cylinder For Komatsu Wheel Excavator PW100S Introduction A bucket cylinder for Komatsu wheel excavators, specifically the PW100S model, is a specially designed hydraulic cylinder used to control the movement of the bucket in heavy machinery such as excavators, backhoe excavators, and front loaders. Its main function is [&hellip;]<\/p>","protected":false},"featured_media":14778,"comment_status":"open","ping_status":"closed","template":"","meta":{"_et_pb_use_builder":"","_et_pb_old_content":"","_et_gb_content_width":""},"product_brand":[],"product_cat":[1494],"product_tag":[1495,1496],"class_list":{"0":"post-15154","1":"product","2":"type-product","3":"status-publish","4":"has-post-thumbnail","6":"product_cat-bucket-cylinders","7":"product_tag-bucket-cylinders","8":"product_tag-hydraulic-cylinders","10":"first","11":"instock","12":"shipping-taxable","13":"product-type-simple"},"amp_enabled":true,"_links":{"self":[{"href":"https:\/\/www.hydraulic-cylinders.net\/es\/wp-json\/wp\/v2\/product\/15154","targetHints":{"allow":["GET"]}}],"collection":[{"href":"https:\/\/www.hydraulic-cylinders.net\/es\/wp-json\/wp\/v2\/product"}],"about":[{"href":"https:\/\/www.hydraulic-cylinders.net\/es\/wp-json\/wp\/v2\/types\/product"}],"replies":[{"embeddable":true,"href":"https:\/\/www.hydraulic-cylinders.net\/es\/wp-json\/wp\/v2\/comments?post=15154"}],"wp:featuredmedia":[{"embeddable":true,"href":"https:\/\/www.hydraulic-cylinders.net\/es\/wp-json\/wp\/v2\/media\/14778"}],"wp:attachment":[{"href":"https:\/\/www.hydraulic-cylinders.net\/es\/wp-json\/wp\/v2\/media?parent=15154"}],"wp:term":[{"taxonomy":"product_brand","embeddable":true,"href":"https:\/\/www.hydraulic-cylinders.net\/es\/wp-json\/wp\/v2\/product_brand?post=15154"},{"taxonomy":"product_cat","embeddable":true,"href":"https:\/\/www.hydraulic-cylinders.net\/es\/wp-json\/wp\/v2\/product_cat?post=15154"},{"taxonomy":"product_tag","embeddable":true,"href":"https:\/\/www.hydraulic-cylinders.net\/es\/wp-json\/wp\/v2\/product_tag?post=15154"}],"curies":[{"name":"wp","href":"https:\/\/api.w.org\/{rel}","templated":true}]}}