{"id":15157,"date":"2025-01-19T14:10:35","date_gmt":"2025-01-19T14:10:35","guid":{"rendered":"https:\/\/www.hydraulic-cylinders.net\/product\/bucket-cylinder-for-komatsu-wheel-excavator-pw100s-3-5\/"},"modified":"2025-01-19T14:10:37","modified_gmt":"2025-01-19T14:10:37","slug":"bucket-cylinder-for-komatsu-wheel-excavator-pw100s-3-5","status":"publish","type":"product","link":"https:\/\/www.hydraulic-cylinders.net\/es\/producto\/bucket-cylinder-for-komatsu-wheel-excavator-pw100s-3-5\/","title":{"rendered":"Cilindro de cuchar\u00f3n para excavadora de ruedas Komatsu PW100S-3-5"},"content":{"rendered":"<h2>Cilindro de cuchar\u00f3n para excavadora de ruedas Komatsu PW100S-3-5<\/h2>\n<p>El cilindro del cuchar\u00f3n es un cilindro hidr\u00e1ulico especialmente dise\u00f1ado que se utiliza para controlar el movimiento del cuchar\u00f3n en maquinaria pesada como excavadoras, retroexcavadoras y cargadoras de ruedas. Su funci\u00f3n principal es permitir que el cuchar\u00f3n se eleve, baje e incline, facilitando diversas tareas de manipulaci\u00f3n de materiales. En el sistema hidr\u00e1ulico, el cilindro del cuchar\u00f3n logra un control preciso del cuchar\u00f3n mediante cambios en la presi\u00f3n del aceite hidr\u00e1ulico, lo que permite a los operadores manipular cargas pesadas con eficiencia y adaptarse a entornos de trabajo complejos y diversas necesidades operativas.<\/p>\n<p><img decoding=\"async\" src=\"https:\/\/www.hydraulic-cylinders.net\/wp-content\/uploads\/2025\/01\/songte-company-2.webp\" alt=\"Imagen del cilindro del cubo\"><\/p>\n<h3>Caracter\u00edsticas del cilindro del cuchar\u00f3n:<\/h3>\n<ol>\n<li>Alta resistencia y durabilidad: Fabricado generalmente en acero o aluminio de alta resistencia, soporta alta presi\u00f3n y cargas pesadas, adapt\u00e1ndose a entornos de trabajo hostiles. Su dise\u00f1o considera la resistencia al desgaste y a la corrosi\u00f3n para prolongar su vida \u00fatil.<\/li>\n<li>Operaci\u00f3n hidr\u00e1ulica eficiente: Utilizando la presi\u00f3n del aceite hidr\u00e1ulico, logra movimientos suaves de extensi\u00f3n y retracci\u00f3n, respondiendo r\u00e1pidamente a los comandos de control y proporcionando poderosas fuerzas de empuje y tracci\u00f3n, adecuadas para manipular cargas pesadas y tareas operativas complejas.<\/li>\n<li>Diversos tipos: Se pueden seleccionar cilindros de simple efecto (hidr\u00e1ulicos en un solo sentido) o de doble efecto (hidr\u00e1ulicos en ambos sentidos) seg\u00fan las necesidades operativas. Algunos modelos son telesc\u00f3picos, lo que permite una mayor extensi\u00f3n sin aumentar las dimensiones externas, lo que los hace ideales para aplicaciones con espacio limitado.<\/li>\n<li>Reemplazo perfecto: Nuestro producto puede reemplazar perfectamente estos cilindros hidr\u00e1ulicos.<\/li>\n<\/ol>\n<p><img decoding=\"async\" src=\"https:\/\/www.hydraulic-cylinders.net\/wp-content\/uploads\/2025\/01\/songte-cylinder-head-with-all-kinds-excavator-models.webp\" alt=\"Imagen de reemplazo del cilindro del cuchar\u00f3n\"><\/p>\n<h3>Aplicaciones del cilindro de cubo:<\/h3>\n<p><strong>Equipos de construcci\u00f3n:<\/strong> Presentes en las excavadoras, son esenciales para la excavaci\u00f3n, la carga y el movimiento de tierra o escombros. En las retroexcavadoras, el cilindro del cuchar\u00f3n facilita tanto la excavaci\u00f3n como la elevaci\u00f3n.<\/p>\n<p><strong>Maquinaria agr\u00edcola:<\/strong> Se utiliza en cargadores frontales para recoger, levantar y transportar tierra, heno y otros materiales.<\/p>\n<p><strong>Excavadoras:<\/strong> El cilindro del cuchar\u00f3n permite la acci\u00f3n de excavaci\u00f3n al permitir que el cuchar\u00f3n penetre en el suelo.<\/p>\n<p><strong>Cargadoras de ruedas:<\/strong> En los cargadores frontales, ayudan a levantar y descargar mercanc\u00edas de manera eficiente.<\/p>\n<h3>Consideraciones de dise\u00f1o y criterios de selecci\u00f3n:<\/h3>\n<p>Al dise\u00f1ar cilindros de cangilones, se toman en consideraci\u00f3n varios factores:<\/p>\n<ol>\n<li>Capacidad de carga: El cilindro debe poder soportar las cargas m\u00e1ximas esperadas para garantizar un funcionamiento seguro y confiable.<\/li>\n<li>Capacidad de sellado: se utilizan diferentes componentes de sellado, como sellos de pist\u00f3n y sellos de varilla, para evitar fugas y garantizar un funcionamiento eficiente.<\/li>\n<li>Durabilidad: El cilindro y sus extremos roscados est\u00e1n finamente tratados para mejorar la resistencia al desgaste y extender la vida \u00fatil.<\/li>\n<li>Seguridad: El dise\u00f1o incorpora elementos de seguridad para prevenir accidentes y garantizar la protecci\u00f3n del operador.<\/li>\n<li>Mantenibilidad: Se considera que el f\u00e1cil acceso para mantenimiento, reparaci\u00f3n y reemplazo de componentes minimiza el tiempo de inactividad.<\/li>\n<\/ol>\n<p><img decoding=\"async\" src=\"https:\/\/www.hydraulic-cylinders.net\/wp-content\/uploads\/2025\/01\/songte-oil-pipes-and-spare-parts.webp\" alt=\"Imagen de sellado y lubricaci\u00f3n\"><\/p>\n<p>Para el sellado, se utilizan diversos elementos de sellado, como poliuretano y caucho de nitrilo, por su resistencia al desgaste. El cuerpo del cilindro y los extremos roscados se someten a meticulosos tratamientos superficiales para mejorar la resistencia al desgaste. Es necesaria una lubricaci\u00f3n regular con la cantidad adecuada de aceite hidr\u00e1ulico para garantizar un funcionamiento fluido.<\/p>\n<p>Las inspecciones peri\u00f3dicas y las medidas de mantenimiento preventivo son esenciales para la longevidad y el rendimiento \u00f3ptimo del cilindro del cuchar\u00f3n:<\/p>\n<ul>\n<li>Revise peri\u00f3dicamente si hay fugas, desgaste y da\u00f1os.<\/li>\n<li>Aseg\u00farese de que todas las partes m\u00f3viles est\u00e9n lubricadas adecuadamente.<\/li>\n<li>Reemplace los sellos seg\u00fan sea necesario.<\/li>\n<li>Realice comprobaciones de calibraci\u00f3n para mantener la precisi\u00f3n.<\/li>\n<\/ul>\n<p><img decoding=\"async\" src=\"https:\/\/www.hydraulic-cylinders.net\/wp-content\/uploads\/2025\/01\/songte-chushion-collar.webp\" alt=\"Imagen de tareas de mantenimiento\"><\/p>\n<p>Las consideraciones de seguridad y los factores ambientales son cruciales al trabajar con cilindros de cangilones. Seguir las medidas de seguridad al usar el cilindro garantiza la prevenci\u00f3n de accidentes y el bienestar del operador.<\/p>\n<p>Respecto a la resoluci\u00f3n de problemas y problemas comunes, aqu\u00ed se ofrecen algunos consejos y soluciones para ayudar a los lectores a diagnosticar y resolver problemas de manera eficaz, junto con medidas preventivas para minimizar posibles problemas:<\/p>\n<p><img decoding=\"async\" src=\"https:\/\/www.hydraulic-cylinders.net\/wp-content\/uploads\/2025\/01\/songte-bushings-with-all-kinds-of-excavator-models.webp\" alt=\"Soluci\u00f3n de problemas de imagen\"><\/p>\n<h3>Acerca de nuestra empresa:<\/h3>\n<p>Somos un fabricante y distribuidor mayorista l\u00edder de cilindros hidr\u00e1ulicos en el mercado nacional e internacional. Nuestra empresa ofrece una amplia gama de productos, adhiri\u00e9ndose a los principios de excelencia en calidad, aplicando estrategias de gesti\u00f3n de la producci\u00f3n industrial en nuestros talleres de fabricaci\u00f3n de alta calidad. Con un fuerte \u00e9nfasis en el talento tecnol\u00f3gico, equipos de fabricaci\u00f3n digital avanzados y sistemas de prueba profesionales, mejoramos continuamente nuestra plataforma de fabricaci\u00f3n y las rutas de producci\u00f3n de calidad de nuestros productos. Tenemos la capacidad de satisfacer las diversas necesidades de nuestros clientes con alta eficiencia, precisi\u00f3n y calidad.<\/p>\n<p><img decoding=\"async\" src=\"https:\/\/www.hydraulic-cylinders.net\/wp-content\/uploads\/2025\/01\/songte-company-3.webp\" alt=\"Imagen de la empresa\"><\/p>\n<p>Nuestra empresa es conocida por su profesionalismo, certificaciones internacionales, servicios personalizados, equipos de producci\u00f3n y soporte postventa.<\/p>\n<h5>Autor: lyl<\/h5>","protected":false},"excerpt":{"rendered":"<p>Bucket Cylinder For Komatsu Wheel Excavator PW100S-3-5 Bucket cylinder is a specially designed hydraulic cylinder used to control the movement of the bucket in heavy machinery such as excavators, backhoe loaders, and wheel loaders. Its main function is to enable the bucket to lift, lower, and tilt, making it easier for various material handling tasks. [&hellip;]<\/p>","protected":false},"featured_media":14771,"comment_status":"open","ping_status":"closed","template":"","meta":{"_et_pb_use_builder":"","_et_pb_old_content":"","_et_gb_content_width":""},"product_brand":[],"product_cat":[1494],"product_tag":[1495,1496],"class_list":{"0":"post-15157","1":"product","2":"type-product","3":"status-publish","4":"has-post-thumbnail","6":"product_cat-bucket-cylinders","7":"product_tag-bucket-cylinders","8":"product_tag-hydraulic-cylinders","10":"first","11":"instock","12":"shipping-taxable","13":"product-type-simple"},"amp_enabled":true,"_links":{"self":[{"href":"https:\/\/www.hydraulic-cylinders.net\/es\/wp-json\/wp\/v2\/product\/15157","targetHints":{"allow":["GET"]}}],"collection":[{"href":"https:\/\/www.hydraulic-cylinders.net\/es\/wp-json\/wp\/v2\/product"}],"about":[{"href":"https:\/\/www.hydraulic-cylinders.net\/es\/wp-json\/wp\/v2\/types\/product"}],"replies":[{"embeddable":true,"href":"https:\/\/www.hydraulic-cylinders.net\/es\/wp-json\/wp\/v2\/comments?post=15157"}],"wp:featuredmedia":[{"embeddable":true,"href":"https:\/\/www.hydraulic-cylinders.net\/es\/wp-json\/wp\/v2\/media\/14771"}],"wp:attachment":[{"href":"https:\/\/www.hydraulic-cylinders.net\/es\/wp-json\/wp\/v2\/media?parent=15157"}],"wp:term":[{"taxonomy":"product_brand","embeddable":true,"href":"https:\/\/www.hydraulic-cylinders.net\/es\/wp-json\/wp\/v2\/product_brand?post=15157"},{"taxonomy":"product_cat","embeddable":true,"href":"https:\/\/www.hydraulic-cylinders.net\/es\/wp-json\/wp\/v2\/product_cat?post=15157"},{"taxonomy":"product_tag","embeddable":true,"href":"https:\/\/www.hydraulic-cylinders.net\/es\/wp-json\/wp\/v2\/product_tag?post=15157"}],"curies":[{"name":"wp","href":"https:\/\/api.w.org\/{rel}","templated":true}]}}