{"id":15160,"date":"2025-01-19T14:10:53","date_gmt":"2025-01-19T14:10:53","guid":{"rendered":"https:\/\/www.hydraulic-cylinders.net\/product\/bucket-cylinder-for-komatsu-wheel-excavator-pw148-10\/"},"modified":"2025-01-19T14:10:55","modified_gmt":"2025-01-19T14:10:55","slug":"bucket-cylinder-for-komatsu-wheel-excavator-pw148-10","status":"publish","type":"product","link":"https:\/\/www.hydraulic-cylinders.net\/es\/producto\/bucket-cylinder-for-komatsu-wheel-excavator-pw148-10\/","title":{"rendered":"Cilindro de cuchar\u00f3n para excavadora de ruedas Komatsu PW148-10"},"content":{"rendered":"<h1>Cilindro de cuchar\u00f3n para excavadora de ruedas Komatsu PW148-10<\/h1>\n<h2>Introducci\u00f3n<\/h2>\n<p>El cilindro del cuchar\u00f3n para la excavadora de ruedas Komatsu PW148-10 es un cilindro hidr\u00e1ulico especialmente dise\u00f1ado que se utiliza para controlar el movimiento del cuchar\u00f3n en maquinaria pesada como excavadoras, retroexcavadoras y cargadoras frontales. Su funci\u00f3n principal es permitir que el cuchar\u00f3n realice acciones de elevaci\u00f3n, descenso e inclinaci\u00f3n, lo que lo hace ideal para diversas tareas de manipulaci\u00f3n de materiales. En el sistema hidr\u00e1ulico, el cilindro del cuchar\u00f3n logra un control preciso del cuchar\u00f3n mediante cambios en la presi\u00f3n del aceite hidr\u00e1ulico, lo que permite a los operadores manipular cargas pesadas con eficiencia y adaptarse a entornos de trabajo complejos y diversos requisitos.<\/p>\n<p><img decoding=\"async\" src=\"https:\/\/www.hydraulic-cylinders.net\/wp-content\/uploads\/2025\/01\/songte-company-2.webp\" alt=\"Imagen del cilindro del cubo\"><\/p>\n<h2>Caracter\u00edsticas<\/h2>\n<ul>\n<li>Alta resistencia y durabilidad: Fabricado generalmente en acero o aluminio de alta resistencia, soporta alta presi\u00f3n y cargas pesadas, adapt\u00e1ndose a entornos de trabajo hostiles. Su dise\u00f1o considera la resistencia al desgaste y a la corrosi\u00f3n, lo que prolonga su vida \u00fatil.<\/li>\n<li>Operaci\u00f3n hidr\u00e1ulica eficiente: Al utilizar la presi\u00f3n del aceite hidr\u00e1ulico, logra acciones telesc\u00f3picas suaves, responde r\u00e1pidamente a los comandos de control, proporciona poderosas fuerzas de empuje y tracci\u00f3n y es adecuado para manipular cargas pesadas y tareas laborales complejas.<\/li>\n<li>Diversos tipos: Disponibles en cilindros de simple efecto (hidr\u00e1ulico en una sola direcci\u00f3n) o de doble efecto (hidr\u00e1ulico en ambas direcciones) para satisfacer diferentes necesidades operativas. Algunos modelos son telesc\u00f3picos, lo que permite una mayor extensi\u00f3n sin aumentar las dimensiones externas, lo que los hace ideales para aplicaciones con espacio limitado.<\/li>\n<\/ul>\n<p><img decoding=\"async\" src=\"https:\/\/www.hydraulic-cylinders.net\/wp-content\/uploads\/2025\/01\/songte-cylinder-head-with-all-kinds-excavator-models.webp\" alt=\"Imagen del producto\"><\/p>\n<h2>Aplicaciones<\/h2>\n<ul>\n<li>Equipos de construcci\u00f3n: Presentes en las excavadoras, son esenciales para excavar, cargar y mover tierra o escombros. En las retroexcavadoras, el cilindro del cuchar\u00f3n facilita tanto la excavaci\u00f3n como la elevaci\u00f3n.<\/li>\n<li>Maquinaria agr\u00edcola: Se utiliza en cargadoras frontales para recoger, levantar y transportar tierra, heno y otros materiales.<\/li>\n<li>Excavadoras: El cilindro del cuchar\u00f3n permite la excavaci\u00f3n al permitir que el cuchar\u00f3n penetre en el suelo.<\/li>\n<li>Cargadores: En los cargadores frontales, ayudan a levantar e inclinar las mercanc\u00edas de manera eficaz.<\/li>\n<\/ul>\n<h2>Consideraciones de dise\u00f1o y criterios de selecci\u00f3n<\/h2>\n<p>Al dise\u00f1ar el cilindro del cuchar\u00f3n se tienen en cuenta varios factores clave:<\/p>\n<ul>\n<li>Capacidad de carga: El cilindro est\u00e1 dise\u00f1ado para soportar las cargas especificadas y funcionar de forma segura.<\/li>\n<li>Sellado: Se utilizan diversos componentes de sellado, como sellos de pist\u00f3n y de v\u00e1stago, para garantizar un rendimiento sin fugas. Los sellos est\u00e1n fabricados con materiales resistentes al desgaste como poliuretano y caucho de nitrilo.<\/li>\n<li>Durabilidad: El cuerpo del cilindro y los extremos roscados se someten a un procesamiento fino para mejorar la resistencia al desgaste y prolongar la vida \u00fatil.<\/li>\n<li>Seguridad: Se incorporan caracter\u00edsticas de seguridad para prevenir accidentes y garantizar la protecci\u00f3n del operador.<\/li>\n<li>Mantenibilidad: El dise\u00f1o permite un f\u00e1cil mantenimiento y reparaci\u00f3n, lo que garantiza un tiempo de inactividad m\u00ednimo.<\/li>\n<\/ul>\n<p><img decoding=\"async\" src=\"https:\/\/www.hydraulic-cylinders.net\/wp-content\/uploads\/2025\/01\/songte-oil-pipes-and-spare-parts.webp\" alt=\"Imagen del producto\"><\/p>\n<h2>Sellado y lubricaci\u00f3n<\/h2>\n<p>El cilindro del cuchar\u00f3n utiliza diversos sellos, como sellos de pist\u00f3n y sellos de v\u00e1stago, fabricados con materiales resistentes al desgaste como poliuretano y caucho de nitrilo. El cuerpo del cilindro y los extremos roscados est\u00e1n finamente procesados \u200b\u200bpara mejorar la resistencia al desgaste. Es necesaria una lubricaci\u00f3n regular con la cantidad adecuada de aceite hidr\u00e1ulico para garantizar un funcionamiento sin problemas.<\/p>\n<h2>Inspecci\u00f3n regular y mantenimiento preventivo<\/h2>\n<ul>\n<li>Inspeccione peri\u00f3dicamente el cilindro para detectar cualquier signo de da\u00f1o o desgaste.<\/li>\n<li>Aseg\u00farese de una lubricaci\u00f3n adecuada para evitar la fricci\u00f3n y prolongar la vida \u00fatil del cilindro.<\/li>\n<li>Reemplace peri\u00f3dicamente los sellos desgastados para mantener un rendimiento \u00f3ptimo.<\/li>\n<li>Realice comprobaciones de calibraci\u00f3n para garantizar un funcionamiento preciso.<\/li>\n<\/ul>\n<p><img decoding=\"async\" src=\"https:\/\/www.hydraulic-cylinders.net\/wp-content\/uploads\/2025\/01\/songte-chushion-collar.webp\" alt=\"Imagen del producto\"><\/p>\n<h2>Consideraciones de seguridad y factores ambientales<\/h2>\n<p>Al utilizar el cilindro del cuchar\u00f3n, es fundamental seguir las medidas de seguridad para prevenir accidentes y garantizar el bienestar del operador. Se deben tomar precauciones de seguridad para protegerse contra posibles peligros y factores ambientales.<\/p>\n<h2>Soluci\u00f3n de problemas y problemas comunes<\/h2>\n<p>Algunos problemas comunes que pueden ocurrir con el cilindro del cuchar\u00f3n incluyen fugas, potencia insuficiente y movimientos anormales. Para diagnosticar y solucionar estos problemas eficazmente, tenga en cuenta los siguientes consejos:<\/p>\n<ul>\n<li>Compruebe si hay signos de fugas de aceite y repare o reemplace los sellos defectuosos.<\/li>\n<li>Aseg\u00farese de que el sistema hidr\u00e1ulico tenga la presi\u00f3n y el caudal adecuados.<\/li>\n<li>Inspeccione todas las conexiones y accesorios para detectar componentes sueltos o da\u00f1ados.<\/li>\n<li>Consulte el manual del usuario para obtener orientaci\u00f3n sobre la resoluci\u00f3n de problemas y siga las soluciones recomendadas.<\/li>\n<\/ul>\n<p><img decoding=\"async\" src=\"https:\/\/www.hydraulic-cylinders.net\/wp-content\/uploads\/2025\/01\/songte-bushings-with-all-kinds-of-excavator-models.webp\" alt=\"Imagen del producto\"><\/p>\n<h2>Descripci\u00f3n general de la empresa<\/h2>\n<p>Somos un fabricante y distribuidor mayorista l\u00edder de cilindros hidr\u00e1ulicos de repuesto. Con una amplia gama de productos, nos hemos consolidado como una empresa destacada tanto en el mercado nacional como en el internacional. Nuestra empresa se compromete con la excelencia en la calidad, aplicando estrategias de gesti\u00f3n de la producci\u00f3n industrializada en nuestros sofisticados talleres de fabricaci\u00f3n. Mejoramos continuamente nuestra plataforma de fabricaci\u00f3n invirtiendo en talento tecnol\u00f3gico, equipos de fabricaci\u00f3n digital avanzados y sistemas de prueba profesionales. Esto nos ha permitido desarrollar s\u00f3lidas capacidades para ofrecer productos de alta eficiencia, precisi\u00f3n y calidad que satisfacen las diversas necesidades de nuestros clientes.<\/p>\n<p><img decoding=\"async\" src=\"https:\/\/hzpt.com\/wp-content\/uploads\/2024\/11\/songte-company-1.webp\" alt=\"Imagen de la empresa\"><\/p>\n<p>Nuestro compromiso de ofrecer productos excepcionales se ve reforzado por:<\/p>\n<ul>\n<li>Experiencia en el campo de los cilindros hidr\u00e1ulicos.<\/li>\n<li>Certificaciones internacionales que garantizan los est\u00e1ndares de calidad y seguridad del producto.<\/li>\n<li>Servicios de personalizaci\u00f3n para satisfacer requisitos espec\u00edficos.<\/li>\n<li>Equipo de producci\u00f3n de \u00faltima generaci\u00f3n.<\/li>\n<li>Servicio postventa integral.<\/li>\n<\/ul>\n<p><img decoding=\"async\" src=\"https:\/\/www.hydraulic-cylinders.net\/wp-content\/uploads\/2025\/01\/songte-company-3.webp\" alt=\"Imagen de la empresa\"><\/p>\n<p>Autor: lyl<\/p>","protected":false},"excerpt":{"rendered":"<p>Bucket Cylinder For Komatsu Wheel Excavator PW148-10 Introduction The bucket cylinder for Komatsu wheel excavator PW148-10 is a specially designed hydraulic cylinder used to control the movement of the bucket in heavy machinery such as excavators, backhoes, and front loaders. Its main function is to enable the bucket to perform lifting, lowering, and tilting actions, [&hellip;]<\/p>","protected":false},"featured_media":14762,"comment_status":"open","ping_status":"closed","template":"","meta":{"_et_pb_use_builder":"","_et_pb_old_content":"","_et_gb_content_width":""},"product_brand":[],"product_cat":[1494],"product_tag":[1495,1496],"class_list":{"0":"post-15160","1":"product","2":"type-product","3":"status-publish","4":"has-post-thumbnail","6":"product_cat-bucket-cylinders","7":"product_tag-bucket-cylinders","8":"product_tag-hydraulic-cylinders","10":"first","11":"instock","12":"shipping-taxable","13":"product-type-simple"},"amp_enabled":true,"_links":{"self":[{"href":"https:\/\/www.hydraulic-cylinders.net\/es\/wp-json\/wp\/v2\/product\/15160","targetHints":{"allow":["GET"]}}],"collection":[{"href":"https:\/\/www.hydraulic-cylinders.net\/es\/wp-json\/wp\/v2\/product"}],"about":[{"href":"https:\/\/www.hydraulic-cylinders.net\/es\/wp-json\/wp\/v2\/types\/product"}],"replies":[{"embeddable":true,"href":"https:\/\/www.hydraulic-cylinders.net\/es\/wp-json\/wp\/v2\/comments?post=15160"}],"wp:featuredmedia":[{"embeddable":true,"href":"https:\/\/www.hydraulic-cylinders.net\/es\/wp-json\/wp\/v2\/media\/14762"}],"wp:attachment":[{"href":"https:\/\/www.hydraulic-cylinders.net\/es\/wp-json\/wp\/v2\/media?parent=15160"}],"wp:term":[{"taxonomy":"product_brand","embeddable":true,"href":"https:\/\/www.hydraulic-cylinders.net\/es\/wp-json\/wp\/v2\/product_brand?post=15160"},{"taxonomy":"product_cat","embeddable":true,"href":"https:\/\/www.hydraulic-cylinders.net\/es\/wp-json\/wp\/v2\/product_cat?post=15160"},{"taxonomy":"product_tag","embeddable":true,"href":"https:\/\/www.hydraulic-cylinders.net\/es\/wp-json\/wp\/v2\/product_tag?post=15160"}],"curies":[{"name":"wp","href":"https:\/\/api.w.org\/{rel}","templated":true}]}}