{"id":15165,"date":"2025-01-19T14:11:14","date_gmt":"2025-01-19T14:11:14","guid":{"rendered":"https:\/\/www.hydraulic-cylinders.net\/product\/bucket-cylinder-for-hitachi-wheel-excavator-zx210w-3\/"},"modified":"2025-01-19T14:11:16","modified_gmt":"2025-01-19T14:11:16","slug":"bucket-cylinder-for-hitachi-wheel-excavator-zx210w-3","status":"publish","type":"product","link":"https:\/\/www.hydraulic-cylinders.net\/es\/producto\/bucket-cylinder-for-hitachi-wheel-excavator-zx210w-3\/","title":{"rendered":"Cilindro de cuchar\u00f3n para excavadora de ruedas Hitachi ZX210W-3"},"content":{"rendered":"<p><!DOCTYPE html><br \/>\n<html><br \/>\n<head><br \/>\n<title>Cilindro de cuchar\u00f3n para excavadora de ruedas Hitachi ZX210W-3<\/title><br \/>\n<\/head><br \/>\n<body><\/p>\n<h1>Cilindro de cuchar\u00f3n para excavadora de ruedas Hitachi ZX210W-3<\/h1>\n<h2>Introducci\u00f3n<\/h2>\n<p>El cilindro del cuchar\u00f3n para la excavadora de ruedas Hitachi ZX210W-3 es un cilindro hidr\u00e1ulico especialmente dise\u00f1ado que se utiliza para controlar el movimiento del cuchar\u00f3n en maquinaria pesada como excavadoras, retroexcavadoras y cargadoras de ruedas. Su funci\u00f3n principal es permitir la elevaci\u00f3n, el descenso y la inclinaci\u00f3n del cuchar\u00f3n, lo que facilita diversas tareas de manipulaci\u00f3n de materiales. En el sistema hidr\u00e1ulico, el cilindro del cuchar\u00f3n logra un control preciso del cuchar\u00f3n mediante el cambio de presi\u00f3n del aceite hidr\u00e1ulico, lo que permite a los operadores manipular cargas pesadas con eficiencia y adaptarse a entornos de trabajo complejos y diversos requisitos operativos.<\/p>\n<p><img decoding=\"async\" src=\"https:\/\/www.hydraulic-cylinders.net\/wp-content\/uploads\/2025\/01\/songte-company-2.webp\" alt=\"Imagen del cilindro del cubo\"><\/p>\n<h2>Caracter\u00edsticas<\/h2>\n<ul>\n<li>Alta resistencia y durabilidad: Fabricado generalmente en acero o aluminio de alta resistencia, soporta alta presi\u00f3n y cargas pesadas, adapt\u00e1ndose a entornos de trabajo hostiles. Su dise\u00f1o considera la resistencia al desgaste y a la corrosi\u00f3n, lo que prolonga su vida \u00fatil.<\/li>\n<li>Operaci\u00f3n hidr\u00e1ulica eficiente: Al utilizar la presi\u00f3n del aceite hidr\u00e1ulico, logra movimientos telesc\u00f3picos suaves, responde r\u00e1pidamente a los comandos de control, proporciona poderosas fuerzas de empuje y tracci\u00f3n y es adecuado para manipular cargas pesadas y tareas operativas complejas.<\/li>\n<li>Diversos tipos: Elija entre cilindros de simple efecto (hidr\u00e1ulicos en un solo sentido) o de doble efecto (hidr\u00e1ulicos en ambos sentidos) seg\u00fan sus necesidades. Algunos modelos son telesc\u00f3picos, lo que permite una mayor extensi\u00f3n sin aumentar las dimensiones externas, lo que los hace ideales para aplicaciones con espacio limitado.<\/li>\n<li>Reemplazo perfecto: Nuestros productos pueden reemplazar perfectamente estos cilindros hidr\u00e1ulicos.<\/li>\n<\/ul>\n<p><img decoding=\"async\" src=\"https:\/\/www.hydraulic-cylinders.net\/wp-content\/uploads\/2025\/01\/songte-cylinder-head-with-all-kinds-excavator-models.webp\" alt=\"Imagen del producto\"><\/p>\n<h2>Aplicaciones<\/h2>\n<ul>\n<li>Equipos de construcci\u00f3n: Presentes en excavadoras, son cruciales para excavar, cargar y mover tierra o escombros. En las retroexcavadoras, el cilindro del cuchar\u00f3n ayuda tanto en la excavaci\u00f3n como en la elevaci\u00f3n.<\/li>\n<li>Maquinaria agr\u00edcola: Se utiliza en cargadoras frontales para recoger, levantar y transportar tierra, heno y otros materiales.<\/li>\n<li>Excavadoras: El cilindro del cuchar\u00f3n permite realizar acciones de excavaci\u00f3n al permitir que el cuchar\u00f3n penetre en el suelo.<\/li>\n<li>Cargadoras de ruedas: En las cargadoras frontales, ayudan a levantar y descargar la carga de manera eficaz.<\/li>\n<\/ul>\n<h2>Consideraciones de dise\u00f1o y criterios de selecci\u00f3n<\/h2>\n<ul>\n<li>Capacidad de carga: Analice la capacidad del cilindro para soportar cargas.<\/li>\n<li>Sellado: Describa la importancia de utilizar varios sellos, como sellos de pist\u00f3n y sellos de varilla, hechos de materiales resistentes al desgaste como poliuretano y caucho de nitrilo, y el tratamiento fino de la superficie del cuerpo del cilindro y los extremos roscados para mejorar la resistencia al desgaste.<\/li>\n<li>Durability: Discuss the cylinder&#8217;s ability to withstand harsh working conditions and its maintenance requirements.<\/li>\n<li>Seguridad: Analice las consideraciones de seguridad durante el proceso de dise\u00f1o.<\/li>\n<li>Mantenibilidad: Describa la facilidad de mantenimiento, incluidas las inspecciones regulares y las medidas preventivas.<\/li>\n<\/ul>\n<p><img decoding=\"async\" src=\"https:\/\/www.hydraulic-cylinders.net\/wp-content\/uploads\/2025\/01\/songte-oil-pipes-and-spare-parts.webp\" alt=\"Imagen del producto\"><\/p>\n<h2>Sellado y lubricaci\u00f3n<\/h2>\n<p>El cilindro del cuchar\u00f3n utiliza diversos componentes de sellado, como sellos de pist\u00f3n y de v\u00e1stago. Estos sellos est\u00e1n fabricados con materiales resistentes al desgaste como poliuretano y caucho de nitrilo. El cuerpo del cilindro y los extremos roscados se someten a un procesamiento fino para mejorar la resistencia al desgaste. Es necesaria una lubricaci\u00f3n regular con la cantidad adecuada de aceite hidr\u00e1ulico para garantizar un funcionamiento suave y una larga vida \u00fatil.<\/p>\n<h2>Inspecci\u00f3n regular y mantenimiento preventivo<\/h2>\n<p>La inspecci\u00f3n regular y el mantenimiento preventivo son esenciales para prolongar la vida \u00fatil del cilindro del cuchar\u00f3n. Se deben tomar las siguientes medidas:<\/p>\n<ul>\n<li>Inspeccione el cilindro para detectar cualquier signo de da\u00f1o o desgaste.<\/li>\n<li>Aseg\u00farese de que haya una lubricaci\u00f3n adecuada.<\/li>\n<li>Sustituya las juntas cuando sea necesario.<\/li>\n<li>Realizar comprobaciones de calibraci\u00f3n.<\/li>\n<\/ul>\n<p><img decoding=\"async\" src=\"https:\/\/www.hydraulic-cylinders.net\/wp-content\/uploads\/2025\/01\/songte-chushion-collar.webp\" alt=\"Imagen del producto\"><\/p>\n<h2>Consideraciones de seguridad y factores ambientales<\/h2>\n<p>Al utilizar el cilindro del cuchar\u00f3n, es importante seguir las medidas de seguridad para prevenir accidentes y garantizar el bienestar de los operadores. Tambi\u00e9n deben considerarse factores ambientales, como la temperatura y la humedad, para mantener un rendimiento \u00f3ptimo.<\/p>\n<h2>Diagn\u00f3stico de fallas y soluci\u00f3n de problemas<\/h2>\n<p>Los problemas comunes con el cilindro del cuchar\u00f3n pueden incluir fugas, potencia insuficiente o movimientos anormales. Para solucionar estos problemas:<\/p>\n<ul>\n<li>Proporcionar sugerencias y soluciones para diagnosticar y resolver problemas.<\/li>\n<li>Sugiera medidas preventivas para minimizar los posibles problemas.<\/li>\n<\/ul>\n<p><img decoding=\"async\" src=\"https:\/\/www.hydraulic-cylinders.net\/wp-content\/uploads\/2025\/01\/songte-bushings-with-all-kinds-of-excavator-models.webp\" alt=\"Imagen del producto\"><\/p>\n<h2>Tareas de mantenimiento<\/h2>\n<p>Tres tareas comunes de mantenimiento para el cilindro del cuchar\u00f3n son:<\/p>\n<ul>\n<li>Inspecci\u00f3n regular<\/li>\n<li>Lubricaci\u00f3n adecuada<\/li>\n<li>Sustituci\u00f3n de juntas y comprobaciones de calibraci\u00f3n<\/li>\n<\/ul>\n<p>Enfatizar la importancia de una correcta instalaci\u00f3n, lubricaci\u00f3n y ajuste. Proporcionar orientaci\u00f3n sobre la correcta alineaci\u00f3n del cilindro durante la instalaci\u00f3n y recomendar el uso de soportes de instalaci\u00f3n adecuados para mayor estabilidad. Describir los procedimientos recomendados de inspecci\u00f3n, reparaci\u00f3n y reemplazo, as\u00ed como consejos para prolongar la vida \u00fatil del cilindro del cuchar\u00f3n.<\/p>\n<p><img decoding=\"async\" src=\"https:\/\/hzpt.com\/wp-content\/uploads\/2024\/11\/songte-company-1.webp\" alt=\"Imagen del producto\"><\/p>\n<h2>Descripci\u00f3n general de la empresa<\/h2>\n<p>Somos un fabricante y distribuidor mayorista l\u00edder de cilindros hidr\u00e1ulicos de repuesto en el mercado nacional e internacional. Nuestra empresa ofrece una amplia gama de productos y sigue una estrategia de gesti\u00f3n de la producci\u00f3n industrial en talleres de fabricaci\u00f3n de alta calidad. Mejoramos continuamente nuestra plataforma de fabricaci\u00f3n y la calidad de nuestros productos, y contamos con una s\u00f3lida capacidad de innovaci\u00f3n. Con los principios de alta eficiencia, alta precisi\u00f3n y alta calidad, satisfacemos las diversas demandas de nuestros clientes.<\/p>\n<p><img decoding=\"async\" src=\"https:\/\/www.hydraulic-cylinders.net\/wp-content\/uploads\/2025\/01\/songte-company-3.webp\" alt=\"Imagen del producto\"><\/p>\n<h2>Acerca de nuestra empresa<\/h2>\n<ul>\n<li>Professionalism: Highlight the company&#8217;s expertise and experience in the industry.<\/li>\n<li>Certificaci\u00f3n Internacional: Mencione cualquier certificaci\u00f3n internacional relevante que la empresa haya obtenido.<\/li>\n<li>Customization Service: Discuss the company&#8217;s ability to provide customized solutions.<\/li>\n<li>Equipo de producci\u00f3n: describa el equipo de producci\u00f3n avanzado utilizado por la empresa.<\/li>\n<li>After-Sales Service: Emphasize the company&#8217;s commitment to providing excellent after-sales service.<\/li>\n<\/ul>\n<p>Autor: lyl<\/p>\n<p><\/body><br \/>\n<\/html><\/p>","protected":false},"excerpt":{"rendered":"<p>Bucket Cylinder For Hitachi Wheel Excavator ZX210W-3 Bucket Cylinder For Hitachi Wheel Excavator ZX210W-3 Introduction The bucket cylinder for Hitachi wheel excavator ZX210W-3 is a specially designed hydraulic cylinder used to control the movement of the bucket in heavy machinery such as excavators, backhoe loaders, and wheel loaders. Its main function is to enable the [&hellip;]<\/p>","protected":false},"featured_media":14785,"comment_status":"open","ping_status":"closed","template":"","meta":{"_et_pb_use_builder":"","_et_pb_old_content":"","_et_gb_content_width":""},"product_brand":[],"product_cat":[1494],"product_tag":[1495,1496],"class_list":{"0":"post-15165","1":"product","2":"type-product","3":"status-publish","4":"has-post-thumbnail","6":"product_cat-bucket-cylinders","7":"product_tag-bucket-cylinders","8":"product_tag-hydraulic-cylinders","10":"first","11":"instock","12":"shipping-taxable","13":"product-type-simple"},"amp_enabled":true,"_links":{"self":[{"href":"https:\/\/www.hydraulic-cylinders.net\/es\/wp-json\/wp\/v2\/product\/15165","targetHints":{"allow":["GET"]}}],"collection":[{"href":"https:\/\/www.hydraulic-cylinders.net\/es\/wp-json\/wp\/v2\/product"}],"about":[{"href":"https:\/\/www.hydraulic-cylinders.net\/es\/wp-json\/wp\/v2\/types\/product"}],"replies":[{"embeddable":true,"href":"https:\/\/www.hydraulic-cylinders.net\/es\/wp-json\/wp\/v2\/comments?post=15165"}],"wp:featuredmedia":[{"embeddable":true,"href":"https:\/\/www.hydraulic-cylinders.net\/es\/wp-json\/wp\/v2\/media\/14785"}],"wp:attachment":[{"href":"https:\/\/www.hydraulic-cylinders.net\/es\/wp-json\/wp\/v2\/media?parent=15165"}],"wp:term":[{"taxonomy":"product_brand","embeddable":true,"href":"https:\/\/www.hydraulic-cylinders.net\/es\/wp-json\/wp\/v2\/product_brand?post=15165"},{"taxonomy":"product_cat","embeddable":true,"href":"https:\/\/www.hydraulic-cylinders.net\/es\/wp-json\/wp\/v2\/product_cat?post=15165"},{"taxonomy":"product_tag","embeddable":true,"href":"https:\/\/www.hydraulic-cylinders.net\/es\/wp-json\/wp\/v2\/product_tag?post=15165"}],"curies":[{"name":"wp","href":"https:\/\/api.w.org\/{rel}","templated":true}]}}