{"id":15169,"date":"2025-01-19T14:11:30","date_gmt":"2025-01-19T14:11:30","guid":{"rendered":"https:\/\/www.hydraulic-cylinders.net\/product\/bucket-cylinder-for-sumitomo-small-excavator-sh130-5\/"},"modified":"2025-01-19T14:11:32","modified_gmt":"2025-01-19T14:11:32","slug":"bucket-cylinder-for-sumitomo-small-excavator-sh130-5","status":"publish","type":"product","link":"https:\/\/www.hydraulic-cylinders.net\/es\/producto\/bucket-cylinder-for-sumitomo-small-excavator-sh130-5\/","title":{"rendered":"Cilindro de cuchar\u00f3n para miniexcavadora Sumitomo SH130-5"},"content":{"rendered":"<h1>Cilindro de cuchar\u00f3n para miniexcavadora Sumitomo SH130-5<\/h1>\n<h2>Introducci\u00f3n<\/h2>\n<p>A bucket cylinder is a specially designed hydraulic cylinder primarily used to control the movement of buckets in heavy machinery such as excavators, backhoes, and front loaders. Its main function is to allow the bucket to lift, lower, and tilt, making it easier to handle various material handling tasks. In the hydraulic system, the bucket cylinder controls the bucket&#8217;s precise movements with pressure changes in the hydraulic oil, allowing operators to efficiently handle heavy loads and adapt to complex working environments and diverse operation requirements.<\/p>\n<p><img decoding=\"async\" src=\"https:\/\/www.hydraulic-cylinders.net\/wp-content\/uploads\/2025\/01\/songte-company-2.webp\" alt=\"Imagen del cilindro del cubo\"><\/p>\n<h2>Caracter\u00edsticas<\/h2>\n<ul>\n<li>Alta resistencia y durabilidad: Generalmente fabricados en acero o aluminio de alta resistencia, soportan alta presi\u00f3n y cargas pesadas, adapt\u00e1ndose a entornos de trabajo hostiles. Su dise\u00f1o considera la resistencia al desgaste y a la corrosi\u00f3n, lo que prolonga su vida \u00fatil.<\/li>\n<li>Operaci\u00f3n hidr\u00e1ulica eficiente: utiliza presi\u00f3n de aceite hidr\u00e1ulico para lograr un movimiento telesc\u00f3pico suave, responde r\u00e1pidamente a los comandos de control, proporciona una poderosa fuerza de empuje y tracci\u00f3n y es adecuado para manipular cargas pesadas y tareas de operaci\u00f3n complejas.<\/li>\n<li>M\u00faltiples tipos: Puede elegir entre cilindros de simple efecto (hidr\u00e1ulicos en una sola direcci\u00f3n) o de doble efecto (hidr\u00e1ulicos en ambas direcciones) seg\u00fan sus necesidades para satisfacer diferentes requisitos de operaci\u00f3n. Algunos modelos son telesc\u00f3picos, lo que permite una mayor extensi\u00f3n sin aumentar las dimensiones externas, ideal para aplicaciones con espacio limitado.<\/li>\n<li>Disponible para producci\u00f3n: Nuestro producto puede reemplazar perfectamente el cilindro hidr\u00e1ulico. <\/li>\n<\/ul>\n<p><img decoding=\"async\" src=\"https:\/\/www.hydraulic-cylinders.net\/wp-content\/uploads\/2025\/01\/songte-cylinder-head-with-all-kinds-excavator-models.webp\" alt=\"Imagen del producto\"><\/p>\n<h2>Aplicaciones<\/h2>\n<h3>Equipos de construcci\u00f3n<\/h3>\n<p>En las excavadoras, son fundamentales para excavar, cargar y mover tierra o escombros. En las retroexcavadoras, los cilindros del cuchar\u00f3n ayudan tanto en la excavaci\u00f3n como en la elevaci\u00f3n. <\/p>\n<h3>Maquinaria agr\u00edcola<\/h3>\n<p>Se utiliza para cargadores frontales, para recoger, levantar y transportar tierra, heno y otros materiales. <\/p>\n<h3>excavadoras<\/h3>\n<p>El cilindro del cuchar\u00f3n permite que \u00e9ste penetre en el suelo para lograr la acci\u00f3n de excavaci\u00f3n. <\/p>\n<h3>Cargadores<\/h3>\n<p>Los cilindros del cuchar\u00f3n ayudan a levantar e inclinar las mercanc\u00edas de manera efectiva en los cargadores frontales. <\/p>\n<h2>Consideraciones de dise\u00f1o y criterios de selecci\u00f3n<\/h2>\n<ul>\n<li>Capacidad de carga: El cilindro debe ser capaz de soportar la carga m\u00e1xima sin romperse ni deformarse.<\/li>\n<li>Sellado: Se utilizan diversos sellos, como sellos de pist\u00f3n y de v\u00e1stago, fabricados con materiales resistentes al desgaste como poliuretano y caucho de nitrilo. El cuerpo del cilindro y la superficie del extremo de la rosca est\u00e1n finamente procesados \u200b\u200bpara mejorar la resistencia al desgaste. <\/li>\n<li>Durabilidad: El cilindro debe ser capaz de soportar un uso continuo y pesado, adapt\u00e1ndose a entornos hostiles. <\/li>\n<li>Seguridad: El cilindro no debe presentar p\u00e9rdidas repentinas de presi\u00f3n ni movimientos inesperados que puedan poner en peligro al equipo o al operador. <\/li>\n<li>Mantenibilidad: El cilindro debe tener un mantenimiento f\u00e1cil y regular. <\/li>\n<\/ul>\n<p><img decoding=\"async\" src=\"https:\/\/www.hydraulic-cylinders.net\/wp-content\/uploads\/2025\/01\/songte-oil-pipes-and-spare-parts.webp\" alt=\"Imagen de piezas del producto\"><\/p>\n<h2>Sellado y lubricaci\u00f3n<\/h2>\n<p>Se utilizan diversos sellos, como sellos de pist\u00f3n y de v\u00e1stago, fabricados con materiales resistentes al desgaste como poliuretano y caucho de nitrilo. El cuerpo del cilindro y la superficie del extremo de la rosca se procesan con precisi\u00f3n para mejorar la resistencia al desgaste. El cilindro debe lubricarse regularmente con una cantidad adecuada de aceite hidr\u00e1ulico.<\/p>\n<h2>Medidas de mantenimiento y prevenci\u00f3n<\/h2>\n<ul>\n<li>Inspecci\u00f3n regular<\/li>\n<li>Lubricaci\u00f3n adecuada<\/li>\n<li>Sustituci\u00f3n de juntas y comprobaci\u00f3n de calibraci\u00f3n<\/li>\n<\/ul>\n<p>La correcta instalaci\u00f3n, lubricaci\u00f3n y ajuste son cruciales para la longevidad del cilindro. Durante la instalaci\u00f3n, proporcione una gu\u00eda para la correcta alineaci\u00f3n del cilindro y sugiera el uso de soportes de instalaci\u00f3n adecuados para fijarlo. Recomiende procedimientos de inspecci\u00f3n, reparaci\u00f3n y reemplazo, as\u00ed como servicios de reemplazo y reconstrucci\u00f3n de piezas para prolongar la vida \u00fatil del cilindro.<\/p>\n<p><img decoding=\"async\" src=\"https:\/\/www.hydraulic-cylinders.net\/wp-content\/uploads\/2025\/01\/songte-chushion-collar.webp\" alt=\"Imagen del collar del producto\"><\/p>\n<h2>Consideraciones de seguridad y factores ambientales<\/h2>\n<p>Al utilizar el cilindro, es fundamental seguir las medidas de seguridad para evitar accidentes. La correcta eliminaci\u00f3n del aceite hidr\u00e1ulico y sus piezas es fundamental para proteger el medio ambiente.<\/p>\n<h2>Soluci\u00f3n de problemas y problemas comunes<\/h2>\n<p>Los problemas comunes con los cilindros de cuchar\u00f3n incluyen fugas, da\u00f1os en el v\u00e1stago del pist\u00f3n o la pared del cilindro, o una varilla doblada o rota. La inspecci\u00f3n y el mantenimiento pueden ayudar a prevenir estos problemas.<\/p>\n<p>Si surgen problemas, los m\u00e9todos de diagn\u00f3stico y reparaci\u00f3n incluyen la limpieza del cilindro, el reemplazo de sellos y la correcci\u00f3n de la desalineaci\u00f3n. Medidas preventivas como la inspecci\u00f3n y el mantenimiento regulares pueden reducir el riesgo de posibles problemas.<\/p>\n<p><img decoding=\"async\" src=\"https:\/\/www.hydraulic-cylinders.net\/wp-content\/uploads\/2025\/01\/songte-bushings-with-all-kinds-of-excavator-models.webp\" alt=\"Imagen de bujes de producto\"><\/p>\n<h2>Acerca de nuestra empresa<\/h2>\n<p>Somos fabricantes de repuestos para cilindros hidr\u00e1ulicos, con una gama completa de productos, y nos hemos convertido en uno de los principales fabricantes y distribuidores mayoristas de cilindros hidr\u00e1ulicos en el mercado nacional e internacional. Nuestra empresa se basa en el principio de la excelencia en la calidad, apoy\u00e1ndose en la estrategia de gesti\u00f3n de la producci\u00f3n industrializada de talleres de alta calidad, y mejora continuamente la plataforma de fabricaci\u00f3n de nuestros talleres mediante el uso de talentos t\u00e9cnicos, equipos de fabricaci\u00f3n digitales de alta gama y sistemas de prueba profesionales. Contamos con una gran creatividad y satisfacemos las diversas necesidades de nuestros clientes con alta eficiencia, precisi\u00f3n y calidad.<\/p>\n<p><img decoding=\"async\" src=\"https:\/\/hzpt.com\/wp-content\/uploads\/2024\/11\/songte-company-1.webp\" alt=\"Imagen de la empresa\"><\/p>\n<h3>Profesionalismo<\/h3>\n<p>Nuestra empresa cuenta con un equipo dedicado de profesionales que son expertos en el campo de la producci\u00f3n de cilindros hidr\u00e1ulicos. <\/p>\n<h3>Certificaci\u00f3n Internacional<\/h3>\n<p>We have acquired various international certifications, including ISO9001, CE, RoHS, and SGS, ensuring our products&#8217; quality and safety. <\/p>\n<h3>Servicios de personalizaci\u00f3n<\/h3>\n<p>Ofrecemos servicios personalizados para satisfacer los requisitos espec\u00edficos del cliente.<\/p>\n<h3>Equipos de producci\u00f3n<\/h3>\n<p>Nuestra empresa cuenta con una gama completa de equipos de producci\u00f3n avanzados, incluidos tornos, rectificadoras, fresadoras y equipos de prueba, lo que garantiza la calidad de nuestros productos.<\/p>\n<h3>Servicio postventa<\/h3>\n<p>Ofrecemos un excelente servicio postventa, que incluye soporte t\u00e9cnico y resoluci\u00f3n de problemas de productos. <\/p>\n<p>Autor: lyl.<\/p>","protected":false},"excerpt":{"rendered":"<p>Bucket Cylinder For Sumitomo Small Excavator SH130-5 Introduction A bucket cylinder is a specially designed hydraulic cylinder primarily used to control the movement of buckets in heavy machinery such as excavators, backhoes, and front loaders. Its main function is to allow the bucket to lift, lower, and tilt, making it easier to handle various material [&hellip;]<\/p>","protected":false},"featured_media":14778,"comment_status":"open","ping_status":"closed","template":"","meta":{"_et_pb_use_builder":"","_et_pb_old_content":"","_et_gb_content_width":""},"product_brand":[],"product_cat":[1494],"product_tag":[1495,1496],"class_list":{"0":"post-15169","1":"product","2":"type-product","3":"status-publish","4":"has-post-thumbnail","6":"product_cat-bucket-cylinders","7":"product_tag-bucket-cylinders","8":"product_tag-hydraulic-cylinders","10":"first","11":"instock","12":"shipping-taxable","13":"product-type-simple"},"amp_enabled":true,"_links":{"self":[{"href":"https:\/\/www.hydraulic-cylinders.net\/es\/wp-json\/wp\/v2\/product\/15169","targetHints":{"allow":["GET"]}}],"collection":[{"href":"https:\/\/www.hydraulic-cylinders.net\/es\/wp-json\/wp\/v2\/product"}],"about":[{"href":"https:\/\/www.hydraulic-cylinders.net\/es\/wp-json\/wp\/v2\/types\/product"}],"replies":[{"embeddable":true,"href":"https:\/\/www.hydraulic-cylinders.net\/es\/wp-json\/wp\/v2\/comments?post=15169"}],"wp:featuredmedia":[{"embeddable":true,"href":"https:\/\/www.hydraulic-cylinders.net\/es\/wp-json\/wp\/v2\/media\/14778"}],"wp:attachment":[{"href":"https:\/\/www.hydraulic-cylinders.net\/es\/wp-json\/wp\/v2\/media?parent=15169"}],"wp:term":[{"taxonomy":"product_brand","embeddable":true,"href":"https:\/\/www.hydraulic-cylinders.net\/es\/wp-json\/wp\/v2\/product_brand?post=15169"},{"taxonomy":"product_cat","embeddable":true,"href":"https:\/\/www.hydraulic-cylinders.net\/es\/wp-json\/wp\/v2\/product_cat?post=15169"},{"taxonomy":"product_tag","embeddable":true,"href":"https:\/\/www.hydraulic-cylinders.net\/es\/wp-json\/wp\/v2\/product_tag?post=15169"}],"curies":[{"name":"wp","href":"https:\/\/api.w.org\/{rel}","templated":true}]}}