{"id":15176,"date":"2025-01-19T14:12:05","date_gmt":"2025-01-19T14:12:05","guid":{"rendered":"https:\/\/www.hydraulic-cylinders.net\/product\/bucket-cylinder-for-sumitomo-middle-excavator-sh220lc-5\/"},"modified":"2025-01-19T14:12:07","modified_gmt":"2025-01-19T14:12:07","slug":"bucket-cylinder-for-sumitomo-middle-excavator-sh220lc-5","status":"publish","type":"product","link":"https:\/\/www.hydraulic-cylinders.net\/es\/producto\/bucket-cylinder-for-sumitomo-middle-excavator-sh220lc-5\/","title":{"rendered":"Cilindro de cuchar\u00f3n para excavadora mediana Sumitomo SH220LC-5"},"content":{"rendered":"<h1>Cilindro de cuchar\u00f3n para excavadora mediana Sumitomo SH220LC-5<\/h1>\n<h2>Definici\u00f3n<\/h2>\n<p>Un cilindro de cuchar\u00f3n es un cilindro hidr\u00e1ulico especialmente dise\u00f1ado que se utiliza para controlar el movimiento del cuchar\u00f3n en maquinaria pesada, como excavadoras, retroexcavadoras y cargadoras frontales. Permite que el cuchar\u00f3n se eleve, baje e incline, lo que lo hace adecuado para diversas tareas de manipulaci\u00f3n de materiales. En un sistema hidr\u00e1ulico, el cilindro del cuchar\u00f3n logra un control preciso del cuchar\u00f3n aprovechando los cambios en la presi\u00f3n del aceite hidr\u00e1ulico, lo que permite a los operadores manipular cargas pesadas con eficiencia y adaptarse a entornos de trabajo complejos y a diversos requisitos.<\/p>\n<p><img decoding=\"async\" src=\"https:\/\/www.hydraulic-cylinders.net\/wp-content\/uploads\/2025\/01\/songte-company-2.webp\" alt=\"Imagen del cilindro del cubo\"><\/p>\n<h2>Caracter\u00edsticas<\/h2>\n<ul>\n<li>Alta resistencia y durabilidad: generalmente fabricados en acero o aluminio de alta resistencia, capaces de soportar alta presi\u00f3n y cargas pesadas, adaptables a duras condiciones de trabajo, dise\u00f1ados teniendo en cuenta la resistencia al desgaste y la resistencia a la corrosi\u00f3n para extender la vida \u00fatil.<\/li>\n<li>Operaci\u00f3n hidr\u00e1ulica eficiente: utiliza presi\u00f3n de aceite hidr\u00e1ulico para lograr acciones suaves de extensi\u00f3n y retracci\u00f3n, capaz de responder r\u00e1pidamente a los comandos de control, proporcionando poderosas fuerzas de empuje y tracci\u00f3n, adecuadas para manipular cargas pesadas y tareas laborales complejas.<\/li>\n<li>Tipos vers\u00e1tiles: Disponibles en cilindros de simple efecto (hidr\u00e1ulico utilizado en una sola direcci\u00f3n) o de doble efecto (hidr\u00e1ulico utilizado en ambas direcciones) para satisfacer diferentes necesidades operativas, ciertos modelos son telesc\u00f3picos, lo que permite una mayor extensi\u00f3n sin aumentar las dimensiones externas, adecuados para aplicaciones con espacio limitado.<\/li>\n<li>Reemplazo perfecto: Nuestros productos pueden reemplazar perfectamente estos cilindros hidr\u00e1ulicos. <\/li>\n<\/ul>\n<p><img decoding=\"async\" src=\"https:\/\/www.hydraulic-cylinders.net\/wp-content\/uploads\/2025\/01\/songte-cylinder-head-with-all-kinds-excavator-models.webp\" alt=\"Imagen de reemplazo del cilindro del cuchar\u00f3n\"><\/p>\n<h2>Aplicaciones<\/h2>\n<p>Los cilindros de cangilones encuentran aplicaciones en diversas m\u00e1quinas:<\/p>\n<ul>\n<li>Equipos de construcci\u00f3n: Se encuentran en las excavadoras, donde son cruciales para excavar, cargar y mover tierra o escombros. En las retroexcavadoras, el cilindro del cuchar\u00f3n facilita tanto la excavaci\u00f3n como la elevaci\u00f3n.<\/li>\n<li>Maquinaria agr\u00edcola: Se utiliza en cargadoras frontales para recoger, levantar y transportar tierra, heno y otros materiales.<\/li>\n<li>Excavadoras: El cilindro del cuchar\u00f3n permite realizar acciones de excavaci\u00f3n al permitir que el cuchar\u00f3n penetre en el suelo.<\/li>\n<li>Cargadores: En los cargadores frontales, ayudan a levantar y descargar mercanc\u00edas de manera eficaz.<\/li>\n<\/ul>\n<h2>Consideraciones de dise\u00f1o y criterios de selecci\u00f3n<\/h2>\n<p>A la hora de considerar el dise\u00f1o y los criterios de selecci\u00f3n de los cilindros de cangilones, se deben tener en cuenta varios factores clave:<\/p>\n<ul>\n<li>Capacidad de carga: el cilindro debe poder soportar las cargas y fuerzas previstas.<\/li>\n<li>Sellado: Varios elementos de sellado, como sellos de pist\u00f3n y sellos de v\u00e1stago hechos de materiales resistentes al desgaste como poliuretano y caucho de nitrilo, garantizan un rendimiento de sellado adecuado.<\/li>\n<li>Durabilidad: El cuerpo del cilindro y los extremos roscados se someten a un meticuloso tratamiento superficial para mejorar la resistencia al desgaste.<\/li>\n<li>Seguridad: Se deben incorporar caracter\u00edsticas de seguridad para evitar accidentes durante la operaci\u00f3n.<\/li>\n<li>Mantenibilidad: Se deben considerar procedimientos de mantenimiento y reparaci\u00f3n sencillos para minimizar el tiempo de inactividad.<\/li>\n<\/ul>\n<p><img decoding=\"async\" src=\"https:\/\/www.hydraulic-cylinders.net\/wp-content\/uploads\/2025\/01\/songte-oil-pipes-and-spare-parts.webp\" alt=\"Consideraciones de dise\u00f1o de cilindros hidr\u00e1ulicos Imagen\"><\/p>\n<h2>Sellado y lubricaci\u00f3n<\/h2>\n<p>Los cilindros de cangilones utilizan diversos sellos, como sellos de pist\u00f3n y sellos de v\u00e1stago, fabricados con materiales duraderos para garantizar un sellado eficaz. El cuerpo del cilindro y los extremos roscados se someten a un fino tratamiento superficial para mejorar la resistencia al desgaste. La lubricaci\u00f3n regular con la cantidad adecuada de aceite hidr\u00e1ulico es necesaria para un funcionamiento fluido.<\/p>\n<h2>Inspecci\u00f3n regular y mantenimiento preventivo<\/h2>\n<p>La inspecci\u00f3n regular y el mantenimiento preventivo son vitales para la longevidad y el rendimiento \u00f3ptimo de los cilindros de cangilones. Las medidas clave incluyen:<\/p>\n<ul>\n<li>Inspecci\u00f3n peri\u00f3dica del cilindro para detectar fugas, da\u00f1os o desgaste anormal.<\/li>\n<li>Lubricaci\u00f3n adecuada para garantizar un funcionamiento suave.<\/li>\n<li>Reemplazo del sello cuando sea necesario para mantener el rendimiento del sellado.<\/li>\n<li>Comprobaciones de calibraci\u00f3n para garantizar que el cilindro funcione dentro de los par\u00e1metros especificados.<\/li>\n<\/ul>\n<p><img decoding=\"async\" src=\"https:\/\/www.hydraulic-cylinders.net\/wp-content\/uploads\/2025\/01\/songte-chushion-collar.webp\" alt=\"Imagen de mantenimiento del cilindro del cuchar\u00f3n\"><\/p>\n<h2>Consideraciones de seguridad y factores ambientales<\/h2>\n<p>Al utilizar cilindros de cangilones, es fundamental priorizar las medidas de seguridad. Se deben tomar las precauciones de seguridad adecuadas para evitar accidentes y garantizar un entorno de trabajo seguro. Tambi\u00e9n se deben considerar factores ambientales, como la correcta eliminaci\u00f3n de los fluidos hidr\u00e1ulicos usados, para minimizar el impacto ambiental.<\/p>\n<h2>Soluci\u00f3n de problemas y problemas comunes<\/h2>\n<p>Los problemas comunes con los cilindros de los cangilones pueden incluir fugas, potencia insuficiente o movimientos err\u00e1ticos. Los consejos y soluciones para la resoluci\u00f3n de problemas pueden ayudar a los lectores a diagnosticar y resolver problemas eficazmente, junto con medidas preventivas para minimizar posibles problemas.<\/p>\n<p><img decoding=\"async\" src=\"https:\/\/www.hydraulic-cylinders.net\/wp-content\/uploads\/2025\/01\/songte-bushings-with-all-kinds-of-excavator-models.webp\" alt=\"Imagen de soluci\u00f3n de problemas del cilindro del cuchar\u00f3n\"><\/p>\n<p>Recuerde organizar el art\u00edculo de forma l\u00f3gica, utilizar subt\u00edtulos para facilitar la navegaci\u00f3n, incorporar im\u00e1genes o gr\u00e1ficos relevantes para una mejor comprensi\u00f3n y garantizar un contenido claro y conciso adecuado para lectores con diferentes niveles de conocimientos t\u00e9cnicos.<\/p>\n<h2>Acerca de nuestra empresa<\/h2>\n<p>Somos fabricantes de cilindros hidr\u00e1ulicos de repuesto y ofrecemos una amplia gama de productos. Nos hemos convertido en uno de los principales fabricantes y distribuidores mayoristas de cilindros hidr\u00e1ulicos tanto en el mercado nacional como en el internacional. Nuestra empresa se rige por los principios de excelente calidad y gesti\u00f3n de la producci\u00f3n industrializada, apoy\u00e1ndonos en la aplicaci\u00f3n de talento t\u00e9cnico, equipos de fabricaci\u00f3n digitales de alta gama y sistemas de prueba profesionales. Mejoramos continuamente nuestra plataforma de fabricaci\u00f3n y la calidad de nuestros productos, lo que nos permite contar con una s\u00f3lida capacidad de innovaci\u00f3n. Con los principios de alta eficiencia, alta precisi\u00f3n y alta calidad, satisfacemos las diversas necesidades de nuestros clientes.<\/p>\n<p><img decoding=\"async\" src=\"https:\/\/www.hydraulic-cylinders.net\/wp-content\/uploads\/2025\/01\/songte-company-3.webp\" alt=\"Imagen de la empresa\"><\/p>\n<p>Adem\u00e1s, ofrecemos experiencia, certificaciones internacionales, servicios personalizados, equipos de producci\u00f3n avanzados y excelentes servicios posventa. <\/p>\n<p>Autor: lyl<\/p>","protected":false},"excerpt":{"rendered":"<p>Bucket Cylinder For Sumitomo Middle Excavator SH220LC-5 Definition A bucket cylinder is a specially designed hydraulic cylinder used to control the movement of the bucket in heavy machinery such as excavators, backhoe loaders, and front-end loaders. It enables the bucket to lift, lower, and tilt, making it suitable for various material handling tasks. In a [&hellip;]<\/p>","protected":false},"featured_media":14761,"comment_status":"open","ping_status":"closed","template":"","meta":{"_et_pb_use_builder":"","_et_pb_old_content":"","_et_gb_content_width":""},"product_brand":[],"product_cat":[1494],"product_tag":[1495,1496],"class_list":{"0":"post-15176","1":"product","2":"type-product","3":"status-publish","4":"has-post-thumbnail","6":"product_cat-bucket-cylinders","7":"product_tag-bucket-cylinders","8":"product_tag-hydraulic-cylinders","10":"first","11":"instock","12":"shipping-taxable","13":"product-type-simple"},"amp_enabled":true,"_links":{"self":[{"href":"https:\/\/www.hydraulic-cylinders.net\/es\/wp-json\/wp\/v2\/product\/15176","targetHints":{"allow":["GET"]}}],"collection":[{"href":"https:\/\/www.hydraulic-cylinders.net\/es\/wp-json\/wp\/v2\/product"}],"about":[{"href":"https:\/\/www.hydraulic-cylinders.net\/es\/wp-json\/wp\/v2\/types\/product"}],"replies":[{"embeddable":true,"href":"https:\/\/www.hydraulic-cylinders.net\/es\/wp-json\/wp\/v2\/comments?post=15176"}],"wp:featuredmedia":[{"embeddable":true,"href":"https:\/\/www.hydraulic-cylinders.net\/es\/wp-json\/wp\/v2\/media\/14761"}],"wp:attachment":[{"href":"https:\/\/www.hydraulic-cylinders.net\/es\/wp-json\/wp\/v2\/media?parent=15176"}],"wp:term":[{"taxonomy":"product_brand","embeddable":true,"href":"https:\/\/www.hydraulic-cylinders.net\/es\/wp-json\/wp\/v2\/product_brand?post=15176"},{"taxonomy":"product_cat","embeddable":true,"href":"https:\/\/www.hydraulic-cylinders.net\/es\/wp-json\/wp\/v2\/product_cat?post=15176"},{"taxonomy":"product_tag","embeddable":true,"href":"https:\/\/www.hydraulic-cylinders.net\/es\/wp-json\/wp\/v2\/product_tag?post=15176"}],"curies":[{"name":"wp","href":"https:\/\/api.w.org\/{rel}","templated":true}]}}