{"id":15181,"date":"2025-01-19T14:12:25","date_gmt":"2025-01-19T14:12:25","guid":{"rendered":"https:\/\/www.hydraulic-cylinders.net\/product\/bucket-cylinder-for-sumitomo-middle-excavator-sh240-5\/"},"modified":"2025-01-19T14:12:27","modified_gmt":"2025-01-19T14:12:27","slug":"bucket-cylinder-for-sumitomo-middle-excavator-sh240-5","status":"publish","type":"product","link":"https:\/\/www.hydraulic-cylinders.net\/es\/producto\/bucket-cylinder-for-sumitomo-middle-excavator-sh240-5\/","title":{"rendered":"Cilindro de cuchar\u00f3n para excavadora mediana Sumitomo SH240-5"},"content":{"rendered":"<h1>Cilindro de cuchar\u00f3n para excavadora mediana Sumitomo SH240-5<\/h1>\n<h2>Introducci\u00f3n<\/h2>\n<p>El cilindro de la cuchara para la excavadora mediana Sumitomo SH240-5 es un cilindro hidr\u00e1ulico especializado dise\u00f1ado para controlar el movimiento de la cuchara en maquinaria pesada como excavadoras, retroexcavadoras y cargadoras frontales. Su funci\u00f3n principal es permitir que la cuchara se eleve, descienda e incline, facilitando as\u00ed diversas tareas de manipulaci\u00f3n de materiales. En el sistema hidr\u00e1ulico, los cilindros de la cuchara controlan con precisi\u00f3n su movimiento mediante variaciones en la presi\u00f3n del aceite hidr\u00e1ulico, lo que permite a los operadores manejar cargas pesadas de forma eficiente y adaptarse a entornos de trabajo complejos y a diversos requisitos laborales.<\/p>\n<p><img decoding=\"async\" src=\"https:\/\/www.hydraulic-cylinders.net\/wp-content\/uploads\/2025\/01\/songte-company-2.webp\" alt=\"Imagen del cilindro del cubo\"><\/p>\n<h2>Caracter\u00edsticas<\/h2>\n<ul>\n<li>\n<h3>Alta resistencia y durabilidad<\/h3>\n<p>El cilindro del cuchar\u00f3n suele estar fabricado en acero o aluminio de alta resistencia, capaz de soportar altas presiones y cargas pesadas, y apto para entornos de trabajo exigentes. Su dise\u00f1o contempla la resistencia al desgaste y a la corrosi\u00f3n, lo que prolonga su vida \u00fatil.<\/p>\n<\/li>\n<li>\n<h3>Operaci\u00f3n hidr\u00e1ulica eficiente<\/h3>\n<p>El cilindro del cuchar\u00f3n utiliza la presi\u00f3n del aceite hidr\u00e1ulico para lograr acciones suaves de extensi\u00f3n y retracci\u00f3n, lo que le permite responder r\u00e1pidamente a las \u00f3rdenes de control, proporcionando potentes fuerzas de empuje y tracci\u00f3n y siendo adecuado para el manejo de cargas pesadas y tareas complejas.<\/p>\n<\/li>\n<li>\n<h3>Varios tipos<\/h3>\n<p>El cilindro del cuchar\u00f3n puede ser de simple efecto (hidr\u00e1ulica unidireccional) o de doble efecto (hidr\u00e1ulica bidireccional) seg\u00fan las necesidades operativas. Algunos modelos son telesc\u00f3picos, lo que permite una mayor extensi\u00f3n sin aumentar las dimensiones externas, resultando id\u00f3neos para aplicaciones con espacio limitado.<\/p>\n<\/li>\n<li>\n<h3>Reemplazo f\u00e1cil<\/h3>\n<p>Nuestro producto puede sustituir perfectamente a estos cilindros hidr\u00e1ulicos.<\/p>\n<\/li>\n<\/ul>\n<p><img decoding=\"async\" src=\"https:\/\/www.hydraulic-cylinders.net\/wp-content\/uploads\/2025\/01\/songte-cylinder-head-with-all-kinds-excavator-models.webp\" alt=\"Imagen de reemplazo del cilindro del cuchar\u00f3n\"><\/p>\n<h2>Aplicaciones<\/h2>\n<p>El cilindro del cuchar\u00f3n se utiliza ampliamente en diversas m\u00e1quinas de construcci\u00f3n y agr\u00edcolas. Algunas aplicaciones comunes incluyen:<\/p>\n<ul>\n<li>\n<h3>Equipos de construcci\u00f3n<\/h3>\n<p>En las excavadoras, son esenciales para excavar, cargar y mover tierra o escombros. En las retroexcavadoras, los cilindros del cuchar\u00f3n ayudan tanto a excavar como a levantar. <\/p>\n<\/li>\n<li>\n<h3>Maquinaria agr\u00edcola <\/h3>\n<p>Se utiliza en cargadores frontales para recoger, levantar y transportar tierra, heno y otros materiales.<\/p>\n<\/li>\n<li>\n<h3>excavadoras<\/h3>\n<p>Los cilindros de la cuchara permiten realizar excavaciones al facilitar la penetraci\u00f3n de la cuchara en el suelo. <\/p>\n<\/li>\n<li>\n<h3>Cargadores frontales<\/h3>\n<p>En las cargadoras frontales, ayudan a levantar y descargar mercanc\u00edas de forma eficaz. <\/p>\n<\/li>\n<\/ul>\n<h2>Consideraciones de dise\u00f1o y criterios de selecci\u00f3n<\/h2>\n<ul>\n<li>\n<h3>Capacidad de carga<\/h3>\n<p>Los cilindros de los cucharones deben tener una alta capacidad de carga para soportar cargas pesadas y sistemas hidr\u00e1ulicos de alta presi\u00f3n.<\/p>\n<\/li>\n<li>\n<h3>Caza de focas<\/h3>\n<p>Los cilindros de los cucharones requieren un sellado de alta calidad para evitar fugas de fluido hidr\u00e1ulico y garantizar un funcionamiento seguro y eficiente.<\/p>\n<\/li>\n<li>\n<h3>Durabilidad<\/h3>\n<p>El cilindro del cuchar\u00f3n debe ser duradero y resistente al desgaste para soportar entornos de trabajo exigentes y prolongar su vida \u00fatil.<\/p>\n<\/li>\n<li>\n<h3>Seguridad<\/h3>\n<p>Los cilindros de los cucharones deben cumplir estrictas normas de seguridad para garantizar un funcionamiento seguro y prevenir accidentes. <\/p>\n<\/li>\n<li>\n<h3>Mantenimiento<\/h3>\n<p>Los cilindros de los cucharones requieren un mantenimiento regular para garantizar un rendimiento \u00f3ptimo y prolongar su vida \u00fatil. <\/p>\n<\/li>\n<\/ul>\n<p><img decoding=\"async\" src=\"https:\/\/www.hydraulic-cylinders.net\/wp-content\/uploads\/2025\/01\/songte-oil-pipes-and-spare-parts.webp\" alt=\"Imagen de repuestos para cilindro de cuchar\u00f3n\"><\/p>\n<h2>Sellado y lubricaci\u00f3n<\/h2>\n<p>El cilindro del cuchar\u00f3n utiliza diversos componentes de sellado, como juntas de pist\u00f3n, juntas de v\u00e1stago y anillos de desgaste fabricados con materiales resistentes al desgaste, como poliuretano y caucho de nitrilo. El cuerpo del cilindro y las superficies roscadas se someten a un proceso de mecanizado preciso para mejorar su resistencia al desgaste. Es necesario lubricar peri\u00f3dicamente con el aceite hidr\u00e1ulico adecuado para garantizar un funcionamiento eficiente.<\/p>\n<h2>Mantenimiento y reparaci\u00f3n<\/h2>\n<p>Para mantener el rendimiento \u00f3ptimo del cilindro del cuchar\u00f3n, es esencial realizar inspecciones peri\u00f3dicas y un mantenimiento preventivo. Las tareas de mantenimiento recomendadas incluyen inspecci\u00f3n peri\u00f3dica, lubricaci\u00f3n adecuada, reemplazo de sellos y calibraci\u00f3n. Una instalaci\u00f3n correcta es crucial y se recomienda el uso de soportes de instalaci\u00f3n apropiados. Los procedimientos adecuados de inspecci\u00f3n, reparaci\u00f3n y reemplazo pueden prolongar la vida \u00fatil del cilindro del cuchar\u00f3n.<\/p>\n<p><img decoding=\"async\" src=\"https:\/\/www.hydraulic-cylinders.net\/wp-content\/uploads\/2025\/01\/songte-chushion-collar.webp\" alt=\"Imagen de mantenimiento del cilindro del cuchar\u00f3n\"><\/p>\n<h2>Consideraciones de seguridad y factores ambientales <\/h2>\n<p>Al utilizar el cilindro del cuchar\u00f3n, es fundamental seguir los protocolos de seguridad adecuados para prevenir accidentes y lesiones. El cumplimiento de las normas de seguridad y el uso correcto contribuyen a reducir el impacto ambiental y a promover la sostenibilidad.<\/p>\n<h2>Soluci\u00f3n de problemas y problemas comunes<\/h2>\n<p>Entre los problemas comunes que pueden ocurrir durante el funcionamiento del cilindro del cuchar\u00f3n se incluyen fugas, bajo rendimiento y da\u00f1os en el cilindro. Las t\u00e9cnicas adecuadas de diagn\u00f3stico y soluci\u00f3n de problemas pueden ayudar a resolver estos problemas de forma r\u00e1pida y eficiente. Las medidas preventivas, como el mantenimiento y la inspecci\u00f3n regulares, pueden ayudar a reducir la probabilidad de que surjan problemas.<\/p>\n<p><img decoding=\"async\" src=\"https:\/\/www.hydraulic-cylinders.net\/wp-content\/uploads\/2025\/01\/songte-bushings-with-all-kinds-of-excavator-models.webp\" alt=\"Imagen de soluci\u00f3n de problemas del cilindro del cuchar\u00f3n\"><\/p>\n<h2>Acerca de nuestra empresa<\/h2>\n<p>Somos fabricantes de cilindros hidr\u00e1ulicos de repuesto con una gama completa de productos, lo que nos ha posicionado como uno de los principales fabricantes y mayoristas de cilindros hidr\u00e1ulicos en los mercados nacionales e internacionales. Nos regimos por una pol\u00edtica de excelencia en la calidad y nos apoyamos en estrategias de gesti\u00f3n de la producci\u00f3n industrial, respaldadas por talleres de fabricaci\u00f3n de vanguardia, tecnolog\u00eda de punta, equipos de fabricaci\u00f3n digitales de \u00faltima generaci\u00f3n y sistemas de prueba profesionales. Nuestra empresa tiene la capacidad de crear, brindar servicios eficaces y eficientes, y satisfacer las diversas necesidades de nuestros clientes. <\/p>\n<ul>\n<li>\n<h3>Pericia<\/h3>\n<p>Contamos con amplios conocimientos y experiencia en la industria de cilindros hidr\u00e1ulicos, lo que nos permite ofrecer productos de alta calidad.<\/p>\n<\/li>\n<li>\n<h3>Certificaci\u00f3n Internacional<\/h3>\n<p>Todos nuestros productos cumplen con los est\u00e1ndares internacionales y est\u00e1n certificados por ISO9001, CE, etc.<\/p>\n<\/li>\n<li>\n<h3>Servicios de personalizaci\u00f3n<\/h3>\n<p>Ofrecemos servicios de personalizaci\u00f3n para satisfacer las necesidades espec\u00edficas de cada cliente.<\/p>\n<\/li>\n<li>\n<h3>Equipos de producci\u00f3n<\/h3>\n<p>Nuestros talleres est\u00e1n equipados con maquinaria de fabricaci\u00f3n de \u00faltima generaci\u00f3n para respaldar la producci\u00f3n y el control de calidad.<\/p>\n<\/li>\n<li>\n<h3>Servicio posventa<\/h3>\n<p>Ofrecemos servicios postventa oportunos y eficaces para garantizar la satisfacci\u00f3n del cliente.<\/p>\n<\/li>\n<\/ul>\n<p><img decoding=\"async\" src=\"https:\/\/hzpt.com\/wp-content\/uploads\/2024\/11\/songte-company-1.webp\" alt=\"Imagen de la empresa\"><\/p>\n<p>Autor: lyl.<\/p>","protected":false},"excerpt":{"rendered":"<p>Bucket Cylinder For Sumitomo Middle Excavator SH240-5 Introduction The bucket cylinder for Sumitomo middle excavator SH240-5 is a specialized hydraulic cylinder designed to control the movement of the bucket in heavy machinery such as excavators, backhoes, and front-end loaders. Its primary function is to enable the bucket to lift, lower, and tilt, making it easier [&hellip;]<\/p>","protected":false},"featured_media":14784,"comment_status":"open","ping_status":"closed","template":"","meta":{"_et_pb_use_builder":"","_et_pb_old_content":"","_et_gb_content_width":""},"product_brand":[],"product_cat":[1494],"product_tag":[1495,1496],"class_list":{"0":"post-15181","1":"product","2":"type-product","3":"status-publish","4":"has-post-thumbnail","6":"product_cat-bucket-cylinders","7":"product_tag-bucket-cylinders","8":"product_tag-hydraulic-cylinders","10":"first","11":"instock","12":"shipping-taxable","13":"product-type-simple"},"amp_enabled":true,"_links":{"self":[{"href":"https:\/\/www.hydraulic-cylinders.net\/es\/wp-json\/wp\/v2\/product\/15181","targetHints":{"allow":["GET"]}}],"collection":[{"href":"https:\/\/www.hydraulic-cylinders.net\/es\/wp-json\/wp\/v2\/product"}],"about":[{"href":"https:\/\/www.hydraulic-cylinders.net\/es\/wp-json\/wp\/v2\/types\/product"}],"replies":[{"embeddable":true,"href":"https:\/\/www.hydraulic-cylinders.net\/es\/wp-json\/wp\/v2\/comments?post=15181"}],"wp:featuredmedia":[{"embeddable":true,"href":"https:\/\/www.hydraulic-cylinders.net\/es\/wp-json\/wp\/v2\/media\/14784"}],"wp:attachment":[{"href":"https:\/\/www.hydraulic-cylinders.net\/es\/wp-json\/wp\/v2\/media?parent=15181"}],"wp:term":[{"taxonomy":"product_brand","embeddable":true,"href":"https:\/\/www.hydraulic-cylinders.net\/es\/wp-json\/wp\/v2\/product_brand?post=15181"},{"taxonomy":"product_cat","embeddable":true,"href":"https:\/\/www.hydraulic-cylinders.net\/es\/wp-json\/wp\/v2\/product_cat?post=15181"},{"taxonomy":"product_tag","embeddable":true,"href":"https:\/\/www.hydraulic-cylinders.net\/es\/wp-json\/wp\/v2\/product_tag?post=15181"}],"curies":[{"name":"wp","href":"https:\/\/api.w.org\/{rel}","templated":true}]}}