{"id":15188,"date":"2025-01-19T14:12:58","date_gmt":"2025-01-19T14:12:58","guid":{"rendered":"https:\/\/www.hydraulic-cylinders.net\/product\/bucket-cylinder-for-sumitomo-large-excavator-sh300-5\/"},"modified":"2025-01-19T14:13:01","modified_gmt":"2025-01-19T14:13:01","slug":"bucket-cylinder-for-sumitomo-large-excavator-sh300-5","status":"publish","type":"product","link":"https:\/\/www.hydraulic-cylinders.net\/es\/producto\/bucket-cylinder-for-sumitomo-large-excavator-sh300-5\/","title":{"rendered":"Cilindro de cuchar\u00f3n para excavadora grande Sumitomo SH300-5"},"content":{"rendered":"<h1>Cilindro de cuchar\u00f3n para excavadora grande Sumitomo SH300-5<\/h1>\n<h2>Introducci\u00f3n<\/h2>\n<p>El cilindro del cuchar\u00f3n para la excavadora grande Sumitomo SH300-5 es un cilindro hidr\u00e1ulico especialmente dise\u00f1ado para controlar el movimiento del cuchar\u00f3n en maquinaria pesada como excavadoras, retroexcavadoras y cargadoras frontales. Su funci\u00f3n principal es permitir la elevaci\u00f3n, el descenso y la inclinaci\u00f3n del cuchar\u00f3n, facilitando la realizaci\u00f3n de diversas tareas de manipulaci\u00f3n de materiales. En el sistema hidr\u00e1ulico, el cilindro del cuchar\u00f3n logra un control preciso del cuchar\u00f3n aprovechando los cambios en la presi\u00f3n del aceite hidr\u00e1ulico, lo que permite a los operadores manipular cargas pesadas con eficiencia y adaptarse a entornos de trabajo complejos y diversos requisitos operativos.<\/p>\n<p><img decoding=\"async\" src=\"https:\/\/www.hydraulic-cylinders.net\/wp-content\/uploads\/2025\/01\/songte-company-2.webp\" alt=\"Imagen del cilindro del cubo\"><\/p>\n<h2>Caracter\u00edsticas<\/h2>\n<ul>\n<li><strong>Alta resistencia y durabilidad:<\/strong> Fabricado generalmente en acero o aluminio de alta resistencia, el cilindro del cuchar\u00f3n puede soportar alta presi\u00f3n y cargas pesadas, adapt\u00e1ndose a entornos de trabajo hostiles. Su dise\u00f1o considera la resistencia al desgaste y a la corrosi\u00f3n, lo que prolonga su vida \u00fatil.<\/li>\n<li><strong>Operaci\u00f3n hidr\u00e1ulica eficiente:<\/strong> Al utilizar la presi\u00f3n del aceite hidr\u00e1ulico, el cilindro del cuchar\u00f3n logra acciones de extensi\u00f3n y retracci\u00f3n suaves, brindando una respuesta r\u00e1pida a los comandos de control y entregando poderosas fuerzas de empuje y tracci\u00f3n, adecuadas para manipular cargas pesadas y tareas operativas complejas.<\/li>\n<li><strong>Tipos vers\u00e1tiles:<\/strong> El cilindro del cuchar\u00f3n puede seleccionarse como de simple efecto (presi\u00f3n hidr\u00e1ulica en una sola direcci\u00f3n) o de doble efecto (presi\u00f3n hidr\u00e1ulica en ambas direcciones) seg\u00fan las necesidades, adapt\u00e1ndose a diferentes necesidades operativas. Algunos modelos son telesc\u00f3picos, lo que permite una mayor extensi\u00f3n sin aumentar las dimensiones externas, ideal para aplicaciones con espacio limitado.<\/li>\n<li><strong>Reemplazo perfecto:<\/strong> Nuestros productos pueden reemplazar perfectamente estos cilindros hidr\u00e1ulicos, proporcionando la misma funcionalidad y compatibilidad.<\/li>\n<\/ul>\n<p><img decoding=\"async\" src=\"https:\/\/www.hydraulic-cylinders.net\/wp-content\/uploads\/2025\/01\/songte-cylinder-head-with-all-kinds-excavator-models.webp\" alt=\"Imagen del producto\"><\/p>\n<h2>Aplicaciones<\/h2>\n<p>El cilindro de cuchara para la excavadora grande Sumitomo SH300-5 se utiliza en diversas industrias:<\/p>\n<h3>Equipos de construcci\u00f3n:<\/h3>\n<p>En las excavadoras, son esenciales para excavar, cargar y mover tierra o escombros. En las retroexcavadoras, el cilindro del cuchar\u00f3n facilita tanto la excavaci\u00f3n como la elevaci\u00f3n.<\/p>\n<h3>Maquinaria agr\u00edcola:<\/h3>\n<p>Se utiliza en cargadores frontales para recoger, levantar y transportar tierra, heno y otros materiales.<\/p>\n<h3>Excavadoras:<\/h3>\n<p>El cilindro del cuchar\u00f3n permite realizar acciones de excavaci\u00f3n al permitir que el cuchar\u00f3n penetre en el suelo.<\/p>\n<h3>Cargadores:<\/h3>\n<p>En los cargadores frontales, ayudan a levantar y descargar mercanc\u00edas de manera eficaz.<\/p>\n<h2>Consideraciones de dise\u00f1o y criterios de selecci\u00f3n<\/h2>\n<p>Al dise\u00f1ar el cilindro del cuchar\u00f3n para la excavadora grande Sumitomo SH300-5, se tienen en cuenta varios factores:<\/p>\n<ul>\n<li><strong>Capacidad de carga:<\/strong> El cilindro est\u00e1 dise\u00f1ado para soportar las cargas requeridas y funcionar de manera confiable en diferentes condiciones de operaci\u00f3n.<\/li>\n<li><strong>Caza de focas:<\/strong> Se utilizan diversos elementos de sellado, como sellos de pist\u00f3n y de v\u00e1stago, fabricados con materiales resistentes al desgaste como poliuretano y caucho de nitrilo, para garantizar un sellado eficaz. El cuerpo del cilindro y los extremos roscados se someten a un tratamiento preciso para mejorar la resistencia al desgaste.<\/li>\n<li><strong>Durabilidad:<\/strong> El cilindro est\u00e1 construido con materiales de alta calidad y se somete a pruebas exhaustivas para garantizar su durabilidad y longevidad.<\/li>\n<li><strong>Seguridad:<\/strong> Se incorporan caracter\u00edsticas de seguridad en el dise\u00f1o para evitar accidentes y garantizar la protecci\u00f3n del operador durante la operaci\u00f3n.<\/li>\n<li><strong>Mantenibilidad:<\/strong> El cilindro est\u00e1 dise\u00f1ado para un f\u00e1cil mantenimiento, con componentes accesibles e instrucciones claras para inspecci\u00f3n, lubricaci\u00f3n y reemplazo.<\/li>\n<\/ul>\n<p><img decoding=\"async\" src=\"https:\/\/www.hydraulic-cylinders.net\/wp-content\/uploads\/2025\/01\/songte-oil-pipes-and-spare-parts.webp\" alt=\"Imagen del producto\"><\/p>\n<h2>Sellado y lubricaci\u00f3n<\/h2>\n<p>El cilindro del cuchar\u00f3n de la excavadora grande Sumitomo SH300-5 utiliza diversos elementos de sellado, como sellos de pist\u00f3n y de v\u00e1stago, fabricados con materiales resistentes al desgaste como poliuretano y caucho de nitrilo. El cuerpo del cilindro y los extremos roscados cuentan con un tratamiento fino para mejorar la resistencia al desgaste. Se recomienda lubricar regularmente con la cantidad adecuada de aceite hidr\u00e1ulico para garantizar un funcionamiento sin problemas.<\/p>\n<h2>Inspecci\u00f3n regular y mantenimiento preventivo<\/h2>\n<ul>\n<li>Realice inspecciones peri\u00f3dicas para comprobar si hay signos de desgaste, da\u00f1os o fugas.<\/li>\n<li>Aseg\u00farese de que todas las piezas m\u00f3viles y los sellos est\u00e9n lubricados adecuadamente.<\/li>\n<li>Reemplace peri\u00f3dicamente los sellos y componentes desgastados para mantener un rendimiento \u00f3ptimo.<\/li>\n<\/ul>\n<h2>Instalaci\u00f3n correcta del producto<\/h2>\n<p>La instalaci\u00f3n correcta del cilindro del cuchar\u00f3n para la excavadora grande Sumitomo SH300-5 es crucial para su rendimiento y longevidad:<\/p>\n<ul>\n<li>Aseg\u00farese de alinear correctamente el cilindro durante la instalaci\u00f3n.<\/li>\n<li>Utilice soportes de instalaci\u00f3n adecuados para asegurar el cilindro.<\/li>\n<li>Siga los procedimientos recomendados de inspecci\u00f3n, reparaci\u00f3n y sustituci\u00f3n.<\/li>\n<li>Proporcionar orientaci\u00f3n sobre c\u00f3mo alinear correctamente el cilindro durante el proceso de instalaci\u00f3n.<\/li>\n<li>Se recomienda el uso de soportes de instalaci\u00f3n adecuados para fijar el cilindro de forma segura.<\/li>\n<li>Proporciona consejos para verificar, reparar y reemplazar piezas para mejorar la vida \u00fatil del cilindro del cuchar\u00f3n.<\/li>\n<\/ul>\n<p><img decoding=\"async\" src=\"https:\/\/www.hydraulic-cylinders.net\/wp-content\/uploads\/2025\/01\/songte-chushion-collar.webp\" alt=\"Imagen del producto\"><\/p>\n<h2>Consideraciones de seguridad y factores ambientales<\/h2>\n<p>Al utilizar el cilindro del cuchar\u00f3n para la excavadora grande Sumitomo SH300-5, es importante seguir las medidas de seguridad para evitar accidentes y considerar los factores ambientales para minimizar los impactos negativos.<\/p>\n<h2>Soluci\u00f3n de problemas y problemas comunes<\/h2>\n<p>Problemas comunes y sus soluciones relacionados con el cilindro del cuchar\u00f3n para excavadora grande Sumitomo SH300-5:<\/p>\n<ul>\n<li>Problema: Fuga del cilindro.<\/li>\n<li>Soluci\u00f3n: Revise y reemplace los sellos desgastados o los componentes da\u00f1ados.<\/li>\n<li>Problema: Movimiento insuficiente o err\u00e1tico del cuchar\u00f3n.<\/li>\n<li>Soluci\u00f3n: Inspeccione y ajuste la presi\u00f3n hidr\u00e1ulica, verifique si hay bloqueos o fugas en el sistema hidr\u00e1ulico.<\/li>\n<li>Problema: Ruido anormal durante el funcionamiento.<\/li>\n<li>Soluci\u00f3n: Verifique si hay componentes sueltos o desgastados e inspeccione el sistema hidr\u00e1ulico para detectar cualquier problema.<\/li>\n<\/ul>\n<p>Al seguir estos consejos y soluciones para la resoluci\u00f3n de problemas, los lectores pueden diagnosticar y resolver problemas de manera eficaz, as\u00ed como implementar medidas preventivas para minimizar posibles problemas.<\/p>\n<p><img decoding=\"async\" src=\"https:\/\/www.hydraulic-cylinders.net\/wp-content\/uploads\/2025\/01\/songte-bushings-with-all-kinds-of-excavator-models.webp\" alt=\"Imagen del producto\"><\/p>\n<p>Recuerde organizar el art\u00edculo de forma l\u00f3gica, utilizar subt\u00edtulos para facilitar la navegaci\u00f3n, incorporar im\u00e1genes o gr\u00e1ficos relevantes para mejorar la comprensi\u00f3n y asegurarse de que el contenido sea claro, conciso y adecuado para lectores con diferentes niveles de conocimientos t\u00e9cnicos.<\/p>\n<h2>Acerca de nuestra empresa<\/h2>\n<p>Somos un fabricante especializado en la producci\u00f3n de cilindros hidr\u00e1ulicos de repuesto. Con una gama completa de productos, nos hemos convertido en uno de los principales fabricantes y distribuidores mayoristas de cilindros hidr\u00e1ulicos en el mercado nacional e internacional. Nos adherimos a los principios de excelente calidad y nos basamos en estrategias de gesti\u00f3n de producci\u00f3n industrializadas en nuestro sofisticado taller de fabricaci\u00f3n. Mediante el uso de talento tecnol\u00f3gico, equipos de fabricaci\u00f3n digital avanzados y sistemas de prueba profesionales, mejoramos continuamente nuestra plataforma de fabricaci\u00f3n, optimizamos la calidad de nuestros productos y contamos con una s\u00f3lida capacidad de innovaci\u00f3n. Satisfacemos las diversas necesidades de nuestros clientes con alta eficiencia, precisi\u00f3n y principios de alta calidad.<\/p>\n<p><img","protected":false},"excerpt":{"rendered":"<p>Bucket Cylinder For Sumitomo Large Excavator SH300-5 Introduction The Bucket Cylinder for Sumitomo Large Excavator SH300-5 is a specially designed hydraulic cylinder used to control the movement of the bucket in heavy machinery such as excavators, backhoe loaders, and front loaders. Its main function is to enable the lifting, lowering, and tilting of the bucket, [&hellip;]<\/p>","protected":false},"featured_media":14769,"comment_status":"open","ping_status":"closed","template":"","meta":{"_et_pb_use_builder":"","_et_pb_old_content":"","_et_gb_content_width":""},"product_brand":[],"product_cat":[1494],"product_tag":[1495,1496],"class_list":{"0":"post-15188","1":"product","2":"type-product","3":"status-publish","4":"has-post-thumbnail","6":"product_cat-bucket-cylinders","7":"product_tag-bucket-cylinders","8":"product_tag-hydraulic-cylinders","10":"first","11":"instock","12":"shipping-taxable","13":"product-type-simple"},"amp_enabled":true,"_links":{"self":[{"href":"https:\/\/www.hydraulic-cylinders.net\/es\/wp-json\/wp\/v2\/product\/15188","targetHints":{"allow":["GET"]}}],"collection":[{"href":"https:\/\/www.hydraulic-cylinders.net\/es\/wp-json\/wp\/v2\/product"}],"about":[{"href":"https:\/\/www.hydraulic-cylinders.net\/es\/wp-json\/wp\/v2\/types\/product"}],"replies":[{"embeddable":true,"href":"https:\/\/www.hydraulic-cylinders.net\/es\/wp-json\/wp\/v2\/comments?post=15188"}],"wp:featuredmedia":[{"embeddable":true,"href":"https:\/\/www.hydraulic-cylinders.net\/es\/wp-json\/wp\/v2\/media\/14769"}],"wp:attachment":[{"href":"https:\/\/www.hydraulic-cylinders.net\/es\/wp-json\/wp\/v2\/media?parent=15188"}],"wp:term":[{"taxonomy":"product_brand","embeddable":true,"href":"https:\/\/www.hydraulic-cylinders.net\/es\/wp-json\/wp\/v2\/product_brand?post=15188"},{"taxonomy":"product_cat","embeddable":true,"href":"https:\/\/www.hydraulic-cylinders.net\/es\/wp-json\/wp\/v2\/product_cat?post=15188"},{"taxonomy":"product_tag","embeddable":true,"href":"https:\/\/www.hydraulic-cylinders.net\/es\/wp-json\/wp\/v2\/product_tag?post=15188"}],"curies":[{"name":"wp","href":"https:\/\/api.w.org\/{rel}","templated":true}]}}