{"id":15190,"date":"2025-01-19T14:13:07","date_gmt":"2025-01-19T14:13:07","guid":{"rendered":"https:\/\/www.hydraulic-cylinders.net\/product\/bucket-cylinder-for-sumitomo-large-excavator-sh350a3\/"},"modified":"2025-01-19T14:13:09","modified_gmt":"2025-01-19T14:13:09","slug":"bucket-cylinder-for-sumitomo-large-excavator-sh350a3","status":"publish","type":"product","link":"https:\/\/www.hydraulic-cylinders.net\/es\/producto\/bucket-cylinder-for-sumitomo-large-excavator-sh350a3\/","title":{"rendered":"Cilindro de cuchar\u00f3n para excavadora grande Sumitomo SH350A3"},"content":{"rendered":"<h1>Cilindro de cuchar\u00f3n para excavadora grande Sumitomo SH350A3<\/h1>\n<h2>Introducci\u00f3n<\/h2>\n<p>El cilindro del cuchar\u00f3n para la excavadora grande Sumitomo SH350A3 es un cilindro hidr\u00e1ulico especialmente dise\u00f1ado que se utiliza para controlar el movimiento del cuchar\u00f3n en maquinaria pesada como excavadoras, retroexcavadoras y cargadoras frontales. Su funci\u00f3n principal es permitir la elevaci\u00f3n, el descenso y la inclinaci\u00f3n del cuchar\u00f3n, facilitando la manipulaci\u00f3n de materiales. En el sistema hidr\u00e1ulico, el cilindro del cuchar\u00f3n controla con precisi\u00f3n el cuchar\u00f3n modificando la presi\u00f3n del aceite hidr\u00e1ulico, lo que permite a los operadores manipular cargas pesadas con eficiencia y adaptarse a entornos de trabajo complejos y a diversos requisitos.<\/p>\n<p><img decoding=\"async\" src=\"https:\/\/www.hydraulic-cylinders.net\/wp-content\/uploads\/2025\/01\/songte-company-2.webp\"><\/p>\n<h2>Caracter\u00edsticas<\/h2>\n<ul>\n<li>Alta resistencia y durabilidad: Generalmente fabricados en acero o aluminio de alta resistencia, soportan alta presi\u00f3n y cargas pesadas, y son aptos para entornos de trabajo exigentes. Su dise\u00f1o considera la resistencia al desgaste y a la corrosi\u00f3n para prolongar su vida \u00fatil.<\/li>\n<li>Operaci\u00f3n hidr\u00e1ulica eficiente: utiliza la presi\u00f3n del aceite hidr\u00e1ulico para lograr movimientos suaves de extensi\u00f3n y retracci\u00f3n, lo que permite una respuesta r\u00e1pida a los comandos de control y proporciona poderosas fuerzas de empuje y tracci\u00f3n, adecuadas para manipular cargas pesadas y tareas laborales complejas.<\/li>\n<li>Varios tipos: Elija entre cilindros de simple efecto (hidr\u00e1ulicos en una sola direcci\u00f3n) o de doble efecto (hidr\u00e1ulicos en ambas direcciones) seg\u00fan sus necesidades. Algunos modelos cuentan con caracter\u00edsticas telesc\u00f3picas, lo que permite una mayor extensi\u00f3n sin aumentar las dimensiones externas, ideal para aplicaciones con espacio limitado.<\/li>\n<li>Reemplazo perfecto: Nuestro producto puede reemplazar perfectamente estos cilindros hidr\u00e1ulicos.<\/li>\n<\/ul>\n<p><img decoding=\"async\" src=\"https:\/\/www.hydraulic-cylinders.net\/wp-content\/uploads\/2025\/01\/songte-cylinder-head-with-all-kinds-excavator-models.webp\"><\/p>\n<h2>Aplicaciones<\/h2>\n<h3>Equipos de construcci\u00f3n<\/h3>\n<p>En las excavadoras, son esenciales para excavar, cargar y mover tierra o escombros. En las retroexcavadoras, el cilindro del cuchar\u00f3n ayuda tanto a excavar como a levantar.<\/p>\n<h3>Maquinaria agr\u00edcola<\/h3>\n<p>Se utiliza en cargadores frontales para recoger, levantar y transportar tierra, heno y otros materiales.<\/p>\n<h3>excavadoras<\/h3>\n<p>El cilindro del cuchar\u00f3n permite realizar acciones de excavaci\u00f3n al permitir que el cuchar\u00f3n penetre en el suelo.<\/p>\n<h3>Cargadores<\/h3>\n<p>En los cargadores frontales, ayudan a levantar y descargar la carga de manera eficaz.<\/p>\n<h2>Consideraciones de dise\u00f1o y criterios de selecci\u00f3n<\/h2>\n<ul>\n<li>Capacidad de carga: Analice la capacidad de soportar cargas pesadas.<\/li>\n<li>Sellado: Explique la importancia de utilizar diversos componentes de sellado, como sellos de pist\u00f3n y de v\u00e1stago, fabricados con materiales resistentes al desgaste como poliuretano y caucho de nitrilo. Tambi\u00e9n mencione las superficies finamente tratadas del cuerpo del cilindro y los extremos roscados para mejorar la resistencia al desgaste. Es necesaria la lubricaci\u00f3n regular con aceite hidr\u00e1ulico.<\/li>\n<\/ul>\n<p><img decoding=\"async\" src=\"https:\/\/www.hydraulic-cylinders.net\/wp-content\/uploads\/2025\/01\/songte-oil-pipes-and-spare-parts.webp\"><\/p>\n<h2>Medidas de mantenimiento y prevenci\u00f3n<\/h2>\n<ul>\n<li>Inspecci\u00f3n regular: enfatice la importancia de inspeccionar el cilindro para detectar cualquier signo de da\u00f1o o desgaste.<\/li>\n<li>Lubricaci\u00f3n: Enfatizar la necesidad de una lubricaci\u00f3n adecuada para garantizar un funcionamiento suave.<\/li>\n<li>Reemplazo de sellos: se recomienda reemplazar los sellos cuando sea necesario para mantener un rendimiento \u00f3ptimo.<\/li>\n<li>Comprobaci\u00f3n de calibraci\u00f3n: Se recomienda comprobar y ajustar la calibraci\u00f3n del cilindro peri\u00f3dicamente.<\/li>\n<\/ul>\n<p><img decoding=\"async\" src=\"https:\/\/www.hydraulic-cylinders.net\/wp-content\/uploads\/2025\/01\/songte-chushion-collar.webp\"><\/p>\n<h2>Consideraciones de seguridad y factores ambientales<\/h2>\n<p>Destacar la importancia de las medidas de seguridad al utilizar cilindros hidr\u00e1ulicos y su impacto en el medio ambiente.<\/p>\n<h2>Soluci\u00f3n de problemas y problemas comunes<\/h2>\n<p>Presentar problemas comunes que pueden ocurrir y brindar consejos y soluciones para un diagn\u00f3stico y resoluci\u00f3n eficaces. Adem\u00e1s, sugerir medidas preventivas para minimizar posibles problemas.<\/p>\n<p><img decoding=\"async\" src=\"https:\/\/www.hydraulic-cylinders.net\/wp-content\/uploads\/2025\/01\/songte-bushings-with-all-kinds-of-excavator-models.webp\"><\/p>\n<h2>Acerca de nuestra empresa<\/h2>\n<p>Somos fabricantes de cilindros hidr\u00e1ulicos de repuesto y ofrecemos una amplia gama de productos. Nos hemos convertido en uno de los principales fabricantes y distribuidores mayoristas de cilindros hidr\u00e1ulicos tanto en el mercado nacional como en el internacional. Nuestra empresa aplica una estrategia de gesti\u00f3n de la producci\u00f3n centrada en la excelencia y se basa en la gesti\u00f3n de la producci\u00f3n industrializada de nuestro sofisticado taller de fabricaci\u00f3n. Gracias a nuestro talento t\u00e9cnico, equipos de fabricaci\u00f3n digital de alta gama y sistemas de prueba profesionales, mejoramos continuamente nuestra plataforma de fabricaci\u00f3n, perfeccionamos la calidad de nuestros productos y contamos con una s\u00f3lida capacidad de creaci\u00f3n. Nos esforzamos por satisfacer las necesidades de nuestros clientes con alta eficiencia, precisi\u00f3n y principios de alta calidad.<\/p>\n<p><img decoding=\"async\" src=\"https:\/\/www.hydraulic-cylinders.net\/wp-content\/uploads\/2025\/01\/songte-company-3.webp\"><\/p>\n<p>Adem\u00e1s, ofrecemos:<\/p>\n<ul>\n<li>Profesionalismo<\/li>\n<li>Certificaciones internacionales<\/li>\n<li>Servicios de personalizaci\u00f3n<\/li>\n<li>Equipos de producci\u00f3n<\/li>\n<li>Servicios posventa<\/li>\n<\/ul>\n<p><img decoding=\"async\" src=\"https:\/\/hzpt.com\/wp-content\/uploads\/2024\/11\/songte-company-1.webp\"><\/p>\n<p>Autor: lyl<\/p>","protected":false},"excerpt":{"rendered":"<p>Bucket Cylinder For Sumitomo Large Excavator SH350A3 Introduction The Bucket Cylinder for Sumitomo Large Excavator SH350A3 is a specially designed hydraulic cylinder used to control the movement of the bucket in heavy machinery such as excavators, backhoe loaders, and front loaders. Its main function is to enable the lifting, lowering, and tilting of the bucket, [&hellip;]<\/p>","protected":false},"featured_media":14762,"comment_status":"open","ping_status":"closed","template":"","meta":{"_et_pb_use_builder":"","_et_pb_old_content":"","_et_gb_content_width":""},"product_brand":[],"product_cat":[1494],"product_tag":[1495,1496],"class_list":{"0":"post-15190","1":"product","2":"type-product","3":"status-publish","4":"has-post-thumbnail","6":"product_cat-bucket-cylinders","7":"product_tag-bucket-cylinders","8":"product_tag-hydraulic-cylinders","10":"first","11":"instock","12":"shipping-taxable","13":"product-type-simple"},"amp_enabled":true,"_links":{"self":[{"href":"https:\/\/www.hydraulic-cylinders.net\/es\/wp-json\/wp\/v2\/product\/15190","targetHints":{"allow":["GET"]}}],"collection":[{"href":"https:\/\/www.hydraulic-cylinders.net\/es\/wp-json\/wp\/v2\/product"}],"about":[{"href":"https:\/\/www.hydraulic-cylinders.net\/es\/wp-json\/wp\/v2\/types\/product"}],"replies":[{"embeddable":true,"href":"https:\/\/www.hydraulic-cylinders.net\/es\/wp-json\/wp\/v2\/comments?post=15190"}],"wp:featuredmedia":[{"embeddable":true,"href":"https:\/\/www.hydraulic-cylinders.net\/es\/wp-json\/wp\/v2\/media\/14762"}],"wp:attachment":[{"href":"https:\/\/www.hydraulic-cylinders.net\/es\/wp-json\/wp\/v2\/media?parent=15190"}],"wp:term":[{"taxonomy":"product_brand","embeddable":true,"href":"https:\/\/www.hydraulic-cylinders.net\/es\/wp-json\/wp\/v2\/product_brand?post=15190"},{"taxonomy":"product_cat","embeddable":true,"href":"https:\/\/www.hydraulic-cylinders.net\/es\/wp-json\/wp\/v2\/product_cat?post=15190"},{"taxonomy":"product_tag","embeddable":true,"href":"https:\/\/www.hydraulic-cylinders.net\/es\/wp-json\/wp\/v2\/product_tag?post=15190"}],"curies":[{"name":"wp","href":"https:\/\/api.w.org\/{rel}","templated":true}]}}