{"id":15191,"date":"2025-01-19T14:13:11","date_gmt":"2025-01-19T14:13:11","guid":{"rendered":"https:\/\/www.hydraulic-cylinders.net\/product\/bucket-cylinder-for-sumitomo-large-excavator-sh360hd-5\/"},"modified":"2025-01-19T14:13:13","modified_gmt":"2025-01-19T14:13:13","slug":"bucket-cylinder-for-sumitomo-large-excavator-sh360hd-5","status":"publish","type":"product","link":"https:\/\/www.hydraulic-cylinders.net\/es\/producto\/bucket-cylinder-for-sumitomo-large-excavator-sh360hd-5\/","title":{"rendered":"Cilindro de cuchar\u00f3n para excavadora grande Sumitomo SH360HD-5"},"content":{"rendered":"<h2>Cilindro de cuchar\u00f3n para excavadora grande Sumitomo SH360HD-5<\/h2>\n<p>Introducci\u00f3n:<\/p>\n<p>El cilindro de la cuchara para la excavadora Sumitomo SH360HD-5 es un cilindro hidr\u00e1ulico de dise\u00f1o especial que controla el movimiento de la cuchara en maquinaria pesada como excavadoras, retroexcavadoras y cargadoras frontales. Su funci\u00f3n principal es permitir la elevaci\u00f3n, el descenso y la inclinaci\u00f3n de la cuchara, facilitando as\u00ed diversas tareas de manipulaci\u00f3n de materiales. En el sistema hidr\u00e1ulico, el cilindro de la cuchara logra un control preciso de la misma mediante las variaciones de presi\u00f3n del aceite hidr\u00e1ulico, lo que permite a los operadores manejar cargas pesadas con eficiencia y adaptarse a entornos de trabajo complejos y a diversas exigencias.<\/p>\n<p><img decoding=\"async\" src=\"https:\/\/www.hydraulic-cylinders.net\/wp-content\/uploads\/2025\/01\/songte-company-2.webp\" alt=\"Imagen del cilindro del cubo\"><\/p>\n<h2>Caracter\u00edsticas:<\/h2>\n<ol>\n<li>Alta resistencia y durabilidad: Fabricados generalmente en acero o aluminio de alta resistencia, soportan altas presiones y cargas pesadas, adapt\u00e1ndose a condiciones de trabajo exigentes. Dise\u00f1ados para resistir el desgaste y la corrosi\u00f3n, prolongando su vida \u00fatil.<\/li>\n<li>Funcionamiento hidr\u00e1ulico eficiente: Utiliza la presi\u00f3n del aceite hidr\u00e1ulico para lograr movimientos suaves de extensi\u00f3n y retracci\u00f3n, capaz de responder r\u00e1pidamente a los comandos de control, proporcionando potentes fuerzas de empuje y tracci\u00f3n, adecuadas para el manejo de cargas pesadas y tareas de trabajo complejas.<\/li>\n<li>Variedad de tipos: Se pueden seleccionar cilindros de simple efecto (accionamiento hidr\u00e1ulico en un solo sentido) o de doble efecto (accionamiento hidr\u00e1ulico en ambos sentidos) seg\u00fan las necesidades operativas espec\u00edficas. Algunos modelos son telesc\u00f3picos, lo que permite una mayor extensi\u00f3n sin aumentar las dimensiones externas, ideales para aplicaciones con espacio limitado.<\/li>\n<li>Reemplazo perfecto: Nuestro producto puede reemplazar perfectamente estos cilindros hidr\u00e1ulicos. <\/li>\n<\/ol>\n<p><img decoding=\"async\" src=\"https:\/\/www.hydraulic-cylinders.net\/wp-content\/uploads\/2025\/01\/songte-cylinder-head-with-all-kinds-excavator-models.webp\" alt=\"Imagen de cilindro hidr\u00e1ulico\"><\/p>\n<h2>Aplicaciones:<\/h2>\n<p>El cilindro del cuchar\u00f3n encuentra aplicaciones en diversos equipos:<\/p>\n<ul>\n<li>Equipos de construcci\u00f3n: En las excavadoras, son esenciales para excavar, cargar y mover tierra o escombros. En las retroexcavadoras, el cilindro del cuchar\u00f3n facilita tanto la excavaci\u00f3n como la elevaci\u00f3n.<\/li>\n<li>Maquinaria agr\u00edcola: Se utiliza en cargadoras frontales para recoger, levantar y transportar tierra, heno y otros materiales.<\/li>\n<li>Excavadoras: Los cilindros del cuchar\u00f3n permiten realizar excavaciones al facilitar la penetraci\u00f3n del cuchar\u00f3n en el suelo.<\/li>\n<li>Cargadores: En los cargadores frontales, ayudan a levantar y descargar mercanc\u00edas de manera eficiente.<\/li>\n<\/ul>\n<h2>Consideraciones de dise\u00f1o y criterios de selecci\u00f3n:<\/h2>\n<p>Al dise\u00f1ar cilindros de cangilones, se tienen en cuenta diversos factores:<\/p>\n<ul>\n<li>Capacidad de carga: El cilindro debe estar dise\u00f1ado para soportar la carga m\u00e1xima que experimentar\u00e1 durante su funcionamiento.<\/li>\n<li>Sellado: Un sellado adecuado es crucial para evitar fugas de fluido hidr\u00e1ulico y garantizar un funcionamiento correcto.<\/li>\n<li>Durabilidad: El cilindro debe estar fabricado con materiales duraderos para soportar las exigentes condiciones de trabajo.<\/li>\n<li>Seguridad: Durante el proceso de dise\u00f1o deben tenerse en cuenta elementos de seguridad como v\u00e1lvulas de alivio de presi\u00f3n y un montaje adecuado.<\/li>\n<li>Mantenibilidad: Se debe tener en cuenta la facilidad de mantenimiento y reparaci\u00f3n para minimizar el tiempo de inactividad.<\/li>\n<\/ul>\n<p><img decoding=\"async\" src=\"https:\/\/www.hydraulic-cylinders.net\/wp-content\/uploads\/2025\/01\/songte-oil-pipes-and-spare-parts.webp\" alt=\"Componentes del cilindro hidr\u00e1ulico\"><\/p>\n<h2>Sellado y lubricaci\u00f3n:<\/h2>\n<p>El cilindro del cuchar\u00f3n incorpora diversas juntas, como juntas de pist\u00f3n y de v\u00e1stago, fabricadas con materiales resistentes al desgaste como poliuretano y caucho de nitrilo. El cuerpo del cilindro y los extremos roscados reciben un tratamiento superficial meticuloso para mejorar su resistencia al desgaste. Es necesaria una lubricaci\u00f3n peri\u00f3dica con aceite hidr\u00e1ulico adecuado para garantizar un funcionamiento \u00f3ptimo.<\/p>\n<h2>Inspecci\u00f3n regular y mantenimiento preventivo:<\/h2>\n<p>Para mantener un rendimiento \u00f3ptimo y prolongar la vida \u00fatil del cilindro del cuchar\u00f3n, se recomiendan inspecciones regulares y medidas de mantenimiento preventivo:<\/p>\n<ul>\n<li>Inspeccione si hay signos de fugas, da\u00f1os o desgaste anormal.<\/li>\n<li>Aseg\u00farese de realizar una lubricaci\u00f3n adecuada siguiendo las instrucciones del fabricante.<\/li>\n<li>Reemplace peri\u00f3dicamente las juntas desgastadas y realice comprobaciones de calibraci\u00f3n.<\/li>\n<\/ul>\n<p><img decoding=\"async\" src=\"https:\/\/www.hydraulic-cylinders.net\/wp-content\/uploads\/2025\/01\/songte-chushion-collar.webp\" alt=\"Mantenimiento de cilindros hidr\u00e1ulicos\"><\/p>\n<h2>Consideraciones de seguridad y factores ambientales:<\/h2>\n<p>Al utilizar el cilindro del cuchar\u00f3n, es fundamental seguir las precauciones de seguridad adecuadas para minimizar el riesgo de accidentes. Adem\u00e1s, tener en cuenta los factores ambientales y cumplir con la normativa vigente es crucial para garantizar un uso responsable.<\/p>\n<h2>Soluci\u00f3n de problemas y problemas comunes:<\/h2>\n<p>Al presentar problemas con el cilindro del cuchar\u00f3n, es fundamental comprender las aver\u00edas m\u00e1s comunes y contar con la capacidad de solucionarlas. Algunos problemas frecuentes incluyen fugas, fuerza insuficiente y movimientos anormales. Abordar estos problemas con prontitud e implementar medidas preventivas puede minimizar el tiempo de inactividad y mejorar la productividad general.<\/p>\n<p><img decoding=\"async\" src=\"https:\/\/www.hydraulic-cylinders.net\/wp-content\/uploads\/2025\/01\/songte-bushings-with-all-kinds-of-excavator-models.webp\" alt=\"Bujes de cilindros hidr\u00e1ulicos\"><\/p>\n<p>Recuerda organizar el art\u00edculo de forma l\u00f3gica, usar subt\u00edtulos para facilitar la navegaci\u00f3n, incorporar im\u00e1genes o gr\u00e1ficos relevantes para mejorar la comprensi\u00f3n y asegurarte de que el contenido sea claro, conciso y adecuado para lectores con diferentes niveles de conocimiento t\u00e9cnico.<\/p>\n<h2>Descripci\u00f3n general de la empresa:<\/h2>\n<p>Somos fabricantes de cilindros hidr\u00e1ulicos de repuesto y ofrecemos una amplia gama de productos. Nos hemos consolidado como uno de los principales fabricantes y distribuidores mayoristas de cilindros hidr\u00e1ulicos en los mercados nacionales e internacionales. Comprometidos con la excelencia en la calidad, aplicamos estrategias de gesti\u00f3n de producci\u00f3n industrializadas en nuestros modernos talleres de fabricaci\u00f3n. Mejoramos continuamente nuestra plataforma de producci\u00f3n aprovechando el talento t\u00e9cnico, la tecnolog\u00eda digital de vanguardia y los sistemas de prueba profesionales. Esto nos permite ofrecer productos de alta eficiencia, precisi\u00f3n y calidad, que satisfacen las diversas necesidades de nuestros clientes.<\/p>\n<p><img decoding=\"async\" src=\"https:\/\/www.hydraulic-cylinders.net\/wp-content\/uploads\/2025\/01\/songte-company-3.webp\" alt=\"Imagen de la empresa\"><\/p>\n<h3>Aspectos destacados de la empresa:<\/h3>\n<ul>\n<li>Profesionalismo: Contamos con experiencia en la producci\u00f3n de cilindros hidr\u00e1ulicos y en la prestaci\u00f3n de servicios personalizados.<\/li>\n<li>Certificaciones internacionales: Nuestros productos cumplen con los est\u00e1ndares y certificaciones de calidad internacionales.<\/li>\n<li>Servicios de personalizaci\u00f3n: Ofrecemos soluciones a medida para satisfacer las necesidades espec\u00edficas de cada cliente.<\/li>\n<li>Equipos de producci\u00f3n avanzados: Utilizamos equipos de fabricaci\u00f3n de \u00faltima generaci\u00f3n para lograr una calidad de producto superior.<\/li>\n<li>Servicio postventa: Ofrecemos servicios postventa integrales, que incluyen el reemplazo de piezas y la reconstrucci\u00f3n, para prolongar la vida \u00fatil de nuestros cilindros hidr\u00e1ulicos.<\/li>\n<\/ul>\n<p>Autor: lyl<\/p>\n<p><img decoding=\"async\" src=\"https:\/\/hzpt.com\/wp-content\/uploads\/2024\/11\/songte-company-1.webp\" alt=\"Imagen de la empresa\"><\/p>\n<p>Nota: El art\u00edculo anterior se ajusta a las directrices proporcionadas por el usuario.<\/p>","protected":false},"excerpt":{"rendered":"<p>Bucket Cylinder For Sumitomo Large Excavator SH360HD-5 Introduction: The bucket cylinder for Sumitomo large excavator SH360HD-5 is a specially designed hydraulic cylinder used to control the movement of the bucket in heavy machinery such as excavators, backhoe loaders, and front-end loaders. Its main function is to enable the lifting, lowering, and tilting of the bucket, [&hellip;]<\/p>","protected":false},"featured_media":14761,"comment_status":"open","ping_status":"closed","template":"","meta":{"_et_pb_use_builder":"","_et_pb_old_content":"","_et_gb_content_width":""},"product_brand":[],"product_cat":[1494],"product_tag":[1495,1496],"class_list":{"0":"post-15191","1":"product","2":"type-product","3":"status-publish","4":"has-post-thumbnail","6":"product_cat-bucket-cylinders","7":"product_tag-bucket-cylinders","8":"product_tag-hydraulic-cylinders","10":"first","11":"instock","12":"shipping-taxable","13":"product-type-simple"},"amp_enabled":true,"_links":{"self":[{"href":"https:\/\/www.hydraulic-cylinders.net\/es\/wp-json\/wp\/v2\/product\/15191","targetHints":{"allow":["GET"]}}],"collection":[{"href":"https:\/\/www.hydraulic-cylinders.net\/es\/wp-json\/wp\/v2\/product"}],"about":[{"href":"https:\/\/www.hydraulic-cylinders.net\/es\/wp-json\/wp\/v2\/types\/product"}],"replies":[{"embeddable":true,"href":"https:\/\/www.hydraulic-cylinders.net\/es\/wp-json\/wp\/v2\/comments?post=15191"}],"wp:featuredmedia":[{"embeddable":true,"href":"https:\/\/www.hydraulic-cylinders.net\/es\/wp-json\/wp\/v2\/media\/14761"}],"wp:attachment":[{"href":"https:\/\/www.hydraulic-cylinders.net\/es\/wp-json\/wp\/v2\/media?parent=15191"}],"wp:term":[{"taxonomy":"product_brand","embeddable":true,"href":"https:\/\/www.hydraulic-cylinders.net\/es\/wp-json\/wp\/v2\/product_brand?post=15191"},{"taxonomy":"product_cat","embeddable":true,"href":"https:\/\/www.hydraulic-cylinders.net\/es\/wp-json\/wp\/v2\/product_cat?post=15191"},{"taxonomy":"product_tag","embeddable":true,"href":"https:\/\/www.hydraulic-cylinders.net\/es\/wp-json\/wp\/v2\/product_tag?post=15191"}],"curies":[{"name":"wp","href":"https:\/\/api.w.org\/{rel}","templated":true}]}}