{"id":15192,"date":"2025-01-19T14:13:15","date_gmt":"2025-01-19T14:13:15","guid":{"rendered":"https:\/\/www.hydraulic-cylinders.net\/product\/bucket-cylinder-for-sumitomo-large-excavator-sh460hd-5\/"},"modified":"2025-01-19T14:13:17","modified_gmt":"2025-01-19T14:13:17","slug":"bucket-cylinder-for-sumitomo-large-excavator-sh460hd-5","status":"publish","type":"product","link":"https:\/\/www.hydraulic-cylinders.net\/es\/producto\/bucket-cylinder-for-sumitomo-large-excavator-sh460hd-5\/","title":{"rendered":"Cilindro de cuchar\u00f3n para excavadora grande Sumitomo SH460HD-5"},"content":{"rendered":"<p><!DOCTYPE html><br \/>\n<html><\/p>\n<p><head><br \/>\n    <title>Cilindro de cuchar\u00f3n para excavadora grande Sumitomo SH460HD-5<\/title><br \/>\n<\/head><\/p>\n<p><body><\/p>\n<h1>Cilindro de cuchar\u00f3n para excavadora grande Sumitomo SH460HD-5<\/h1>\n<h2>Definici\u00f3n<\/h2>\n<p>El cilindro de la cuchara es un cilindro hidr\u00e1ulico dise\u00f1ado espec\u00edficamente para controlar el movimiento de la cuchara en maquinaria pesada como excavadoras, retroexcavadoras y cargadoras frontales. Su funci\u00f3n principal es permitir la elevaci\u00f3n, el descenso y la inclinaci\u00f3n de la cuchara para diversas tareas de manipulaci\u00f3n de materiales. En un sistema hidr\u00e1ulico, el cilindro de la cuchara controla con precisi\u00f3n los movimientos de la cuchara mediante cambios en la presi\u00f3n del aceite hidr\u00e1ulico, lo que permite a los operadores manipular cargas pesadas de forma eficiente y adaptarse a entornos de trabajo complejos y a diversos requisitos operativos.<\/p>\n<p>    <img decoding=\"async\" src=\"https:\/\/www.hydraulic-cylinders.net\/wp-content\/uploads\/2025\/01\/songte-company-2.webp\"><\/p>\n<h2>Caracter\u00edsticas<\/h2>\n<ul>\n<li>Alta resistencia y durabilidad: Generalmente fabricadas en acero o aluminio de alta resistencia, capaces de soportar altas presiones y cargas pesadas, adaptables a condiciones de trabajo adversas, dise\u00f1adas teniendo en cuenta la resistencia al desgaste y a la corrosi\u00f3n para prolongar su vida \u00fatil.<\/li>\n<li>Funcionamiento hidr\u00e1ulico eficiente: Utiliza la presi\u00f3n del aceite hidr\u00e1ulico para lograr movimientos suaves de extensi\u00f3n y retracci\u00f3n, capaz de responder r\u00e1pidamente a los comandos de control, proporcionando potentes fuerzas de empuje y tracci\u00f3n, adecuadas para el manejo de cargas pesadas y tareas operativas complejas.<\/li>\n<li>M\u00faltiples tipos: Disponibles en cilindros de simple efecto (presi\u00f3n hidr\u00e1ulica utilizada en una sola direcci\u00f3n) o de doble efecto (presi\u00f3n hidr\u00e1ulica utilizada en ambas direcciones) para satisfacer diferentes requisitos operativos, algunos modelos son telesc\u00f3picos, lo que permite una mayor extensi\u00f3n sin aumentar las dimensiones externas, adecuados para aplicaciones con espacio limitado.<\/li>\n<\/ul>\n<p>    <img decoding=\"async\" src=\"https:\/\/www.hydraulic-cylinders.net\/wp-content\/uploads\/2025\/01\/songte-cylinder-head-with-all-kinds-excavator-models.webp\"><\/p>\n<h2>Aplicaciones<\/h2>\n<ul>\n<li>Equipos de construcci\u00f3n: Presentes en excavadoras, son cruciales para excavar, cargar y mover tierra o escombros. En las retroexcavadoras, el cilindro del cuchar\u00f3n facilita tanto la excavaci\u00f3n como la elevaci\u00f3n.<\/li>\n<li>Maquinaria agr\u00edcola: Se utiliza en cargadores frontales para recoger, levantar y transportar tierra, heno y otros materiales.<\/li>\n<li>Excavadoras: El cilindro del cuchar\u00f3n permite realizar acciones de excavaci\u00f3n al permitir que el cuchar\u00f3n penetre en el suelo.<\/li>\n<li>Cargadoras frontales: En las cargadoras frontales, ayudan a levantar e inclinar las cargas de manera eficaz.<\/li>\n<\/ul>\n<h2>Consideraciones de dise\u00f1o y criterios de selecci\u00f3n<\/h2>\n<ul>\n<li>Capacidad de carga: Analice la capacidad de carga del cilindro y c\u00f3mo influye en las consideraciones de dise\u00f1o.<\/li>\n<li>Sellado: Explique la importancia de un sellado adecuado para evitar fugas y garantizar un funcionamiento eficiente.<\/li>\n<li>Durabilidad: Analice la necesidad de que el cilindro soporte condiciones adversas y resista el desgaste.<\/li>\n<li>Seguridad: Resaltar la importancia de las caracter\u00edsticas y consideraciones de seguridad en el dise\u00f1o.<\/li>\n<li>Mantenibilidad: Analice la facilidad de mantenimiento y reparaci\u00f3n del cilindro.<\/li>\n<\/ul>\n<p>    <img decoding=\"async\" src=\"https:\/\/www.hydraulic-cylinders.net\/wp-content\/uploads\/2025\/01\/songte-oil-pipes-and-spare-parts.webp\"><\/p>\n<h2>Sellado y lubricaci\u00f3n<\/h2>\n<p>El cilindro del cuchar\u00f3n utiliza diversos sellos, como sellos de pist\u00f3n y de v\u00e1stago, fabricados con materiales resistentes al desgaste como poliuretano y caucho de nitrilo. El cuerpo del cilindro y los extremos roscados se someten a un mecanizado de precisi\u00f3n para mejorar su resistencia al desgaste. Es necesario lubricar peri\u00f3dicamente con el aceite hidr\u00e1ulico adecuado para garantizar un funcionamiento \u00f3ptimo y prolongar la vida \u00fatil del cilindro.<\/p>\n<h2>Inspecci\u00f3n regular y mantenimiento preventivo<\/h2>\n<ul>\n<li>Inspeccione el cilindro regularmente para detectar cualquier signo de da\u00f1o o desgaste.<\/li>\n<li>La lubricaci\u00f3n adecuada debe realizarse a intervalos recomendados.<\/li>\n<li>Las juntas deben reemplazarse si muestran signos de deterioro.<\/li>\n<li>Deben realizarse comprobaciones de calibraci\u00f3n para garantizar un funcionamiento preciso.<\/li>\n<\/ul>\n<h2>Gu\u00eda de instalaci\u00f3n<\/h2>\n<p>Una correcta instalaci\u00f3n es crucial para el rendimiento del cilindro del cuchar\u00f3n. Es esencial alinear correctamente el cilindro durante la instalaci\u00f3n. Se recomienda utilizar soportes de montaje adecuados para fijar el cilindro en su lugar. La gu\u00eda debe proporcionar instrucciones paso a paso para la instalaci\u00f3n, incluyendo los procedimientos de alineaci\u00f3n y montaje.<\/p>\n<h2>Tareas de mantenimiento<\/h2>\n<ul>\n<li>Inspecciones regulares<\/li>\n<li>Lubricaci\u00f3n adecuada<\/li>\n<li>Reemplazo del sello<\/li>\n<li>Comprobaciones de calibraci\u00f3n<\/li>\n<\/ul>\n<p>    <img decoding=\"async\" src=\"https:\/\/www.hydraulic-cylinders.net\/wp-content\/uploads\/2025\/01\/songte-chushion-collar.webp\"><\/p>\n<h2>Consideraciones de seguridad y factores ambientales<\/h2>\n<p>Al utilizar el cilindro del cuchar\u00f3n, es fundamental seguir las medidas de seguridad para prevenir accidentes y lesiones. Tambi\u00e9n deben tenerse en cuenta los factores ambientales, como evitar fugas de aceite que podr\u00edan da\u00f1ar el medio ambiente.<\/p>\n<h2>Diagn\u00f3stico de fallas y problemas comunes<\/h2>\n<p>Analice las fallas comunes que pueden ocurrir en el cilindro del cuchar\u00f3n y brinde consejos y soluciones para diagnosticar y resolver problemas de manera efectiva. Proponga medidas preventivas para minimizar posibles problemas.<\/p>\n<p>    <img decoding=\"async\" src=\"https:\/\/www.hydraulic-cylinders.net\/wp-content\/uploads\/2025\/01\/songte-bushings-with-all-kinds-of-excavator-models.webp\"><\/p>\n<p>Recuerda organizar el art\u00edculo de forma l\u00f3gica, usar subt\u00edtulos para facilitar la navegaci\u00f3n, incorporar im\u00e1genes o gr\u00e1ficos relevantes para una mejor comprensi\u00f3n y asegurarte de que el contenido sea claro, conciso y adecuado para lectores con diferentes niveles de conocimiento t\u00e9cnico.<\/p>\n<h2>Nuestra empresa<\/h2>\n<p>Somos fabricantes de cilindros hidr\u00e1ulicos de repuesto y ofrecemos una amplia gama de productos. Nos hemos consolidado como uno de los principales fabricantes y distribuidores mayoristas de cilindros hidr\u00e1ulicos tanto en el mercado nacional como internacional. Nos regimos por los principios de excelencia y contamos con una gesti\u00f3n de producci\u00f3n industrializada en nuestro taller de fabricaci\u00f3n de \u00faltima generaci\u00f3n. Gracias a nuestro enfoque en el talento tecnol\u00f3gico, equipos de fabricaci\u00f3n digital de vanguardia y sistemas de prueba profesionales, mejoramos continuamente nuestra plataforma de fabricaci\u00f3n, perfeccionamos el proceso de producci\u00f3n para garantizar la calidad del producto y contamos con una gran capacidad creativa. Nuestro objetivo es satisfacer las diversas necesidades de nuestros clientes con alta eficiencia, precisi\u00f3n y calidad.<\/p>\n<p>    <img decoding=\"async\" src=\"https:\/\/www.hydraulic-cylinders.net\/wp-content\/uploads\/2025\/01\/songte-company-3.webp\"><\/p>\n<p>Adem\u00e1s, ofrecemos una introducci\u00f3n ampliada a nuestra empresa en t\u00e9rminos de profesionalismo, certificaciones internacionales, servicios personalizados, equipos de producci\u00f3n y servicio postventa.<\/p>\n<p>Autor: lyl<\/p>\n<p><\/body><\/p>\n<p><\/html><\/p>","protected":false},"excerpt":{"rendered":"<p>Bucket Cylinder For Sumitomo Large Excavator SH460HD-5 Bucket Cylinder For Sumitomo Large Excavator SH460HD-5 Definition A bucket cylinder is a specially designed hydraulic cylinder used to control the movement of the bucket in heavy machinery such as excavators, backhoe loaders, and front loaders. Its main function is to allow the bucket to be raised, lowered, [&hellip;]<\/p>","protected":false},"featured_media":14789,"comment_status":"open","ping_status":"closed","template":"","meta":{"_et_pb_use_builder":"","_et_pb_old_content":"","_et_gb_content_width":""},"product_brand":[],"product_cat":[1494],"product_tag":[1495,1496],"class_list":{"0":"post-15192","1":"product","2":"type-product","3":"status-publish","4":"has-post-thumbnail","6":"product_cat-bucket-cylinders","7":"product_tag-bucket-cylinders","8":"product_tag-hydraulic-cylinders","10":"first","11":"instock","12":"shipping-taxable","13":"product-type-simple"},"amp_enabled":true,"_links":{"self":[{"href":"https:\/\/www.hydraulic-cylinders.net\/es\/wp-json\/wp\/v2\/product\/15192","targetHints":{"allow":["GET"]}}],"collection":[{"href":"https:\/\/www.hydraulic-cylinders.net\/es\/wp-json\/wp\/v2\/product"}],"about":[{"href":"https:\/\/www.hydraulic-cylinders.net\/es\/wp-json\/wp\/v2\/types\/product"}],"replies":[{"embeddable":true,"href":"https:\/\/www.hydraulic-cylinders.net\/es\/wp-json\/wp\/v2\/comments?post=15192"}],"wp:featuredmedia":[{"embeddable":true,"href":"https:\/\/www.hydraulic-cylinders.net\/es\/wp-json\/wp\/v2\/media\/14789"}],"wp:attachment":[{"href":"https:\/\/www.hydraulic-cylinders.net\/es\/wp-json\/wp\/v2\/media?parent=15192"}],"wp:term":[{"taxonomy":"product_brand","embeddable":true,"href":"https:\/\/www.hydraulic-cylinders.net\/es\/wp-json\/wp\/v2\/product_brand?post=15192"},{"taxonomy":"product_cat","embeddable":true,"href":"https:\/\/www.hydraulic-cylinders.net\/es\/wp-json\/wp\/v2\/product_cat?post=15192"},{"taxonomy":"product_tag","embeddable":true,"href":"https:\/\/www.hydraulic-cylinders.net\/es\/wp-json\/wp\/v2\/product_tag?post=15192"}],"curies":[{"name":"wp","href":"https:\/\/api.w.org\/{rel}","templated":true}]}}