{"id":15193,"date":"2025-01-19T14:13:19","date_gmt":"2025-01-19T14:13:19","guid":{"rendered":"https:\/\/www.hydraulic-cylinders.net\/product\/bucket-cylinder-for-sumitomo-large-excavator-sh480hd-5\/"},"modified":"2025-01-19T14:13:21","modified_gmt":"2025-01-19T14:13:21","slug":"bucket-cylinder-for-sumitomo-large-excavator-sh480hd-5","status":"publish","type":"product","link":"https:\/\/www.hydraulic-cylinders.net\/es\/producto\/bucket-cylinder-for-sumitomo-large-excavator-sh480hd-5\/","title":{"rendered":"Cilindro de cuchar\u00f3n para excavadora grande Sumitomo SH480HD-5"},"content":{"rendered":"<h1>Cilindro de cuchar\u00f3n para excavadora grande Sumitomo SH480HD-5<\/h1>\n<h2>Introducci\u00f3n<\/h2>\n<p>Un cilindro de cuchar\u00f3n es un cilindro hidr\u00e1ulico especialmente dise\u00f1ado que se utiliza principalmente para controlar el movimiento de los cucharones en maquinaria pesada, como excavadoras, retroexcavadoras y cargadoras frontales. Su funci\u00f3n principal es permitir que el cuchar\u00f3n se eleve, baje e incline, lo que lo hace ideal para diversas tareas de manipulaci\u00f3n de materiales. En el sistema hidr\u00e1ulico, los cilindros del cuchar\u00f3n controlan el movimiento preciso del cuchar\u00f3n mediante cambios en la presi\u00f3n del aceite hidr\u00e1ulico, lo que permite a los operadores manipular cargas pesadas con eficiencia y adaptarse a entornos de trabajo complejos y a diversos requisitos.<\/p>\n<p><img decoding=\"async\" src=\"https:\/\/www.hydraulic-cylinders.net\/wp-content\/uploads\/2025\/01\/songte-company-2.webp\" alt=\"Cilindro de cuchar\u00f3n para excavadora grande Sumitomo SH480HD-5\"><\/p>\n<h2>Caracter\u00edsticas<\/h2>\n<ul>\n<li>\n<h3>Alta resistencia y durabilidad<\/h3>\n<p>Los cilindros de cangilones suelen estar hechos de acero o aluminio de alta resistencia, capaces de soportar alta presi\u00f3n y cargas pesadas, adaptarse a entornos de trabajo hostiles y dise\u00f1ados teniendo en cuenta la durabilidad y la resistencia a la corrosi\u00f3n, lo que extiende su vida \u00fatil.<\/p>\n<\/li>\n<li>\n<h3>Operaciones hidr\u00e1ulicas eficientes<\/h3>\n<p>Los cilindros del cuchar\u00f3n utilizan presi\u00f3n de aceite hidr\u00e1ulico para lograr movimientos suaves de extensi\u00f3n y contracci\u00f3n, respondiendo r\u00e1pidamente a los comandos de control, proporcionando poderosas fuerzas de empuje y tracci\u00f3n, y son adecuados para manipular cargas pesadas y tareas de trabajo complejas.<\/p>\n<\/li>\n<li>\n<h3>Diversos tipos<\/h3>\n<p>Los cilindros de cuchar\u00f3n pueden ser de simple o doble efecto (utilizando presi\u00f3n hidr\u00e1ulica en una o ambas direcciones) seg\u00fan los requisitos operativos. Algunos modelos son telesc\u00f3picos, lo que permite una mayor extensi\u00f3n sin aumentar las dimensiones externas, ideal para aplicaciones con espacio limitado.<\/p>\n<\/li>\n<li>\n<h3>Reemplazable<\/h3>\n<p>Nuestro producto puede sustituir perfectamente a estos cilindros hidr\u00e1ulicos.<\/p>\n<\/li>\n<\/ul>\n<p><img decoding=\"async\" src=\"https:\/\/www.hydraulic-cylinders.net\/wp-content\/uploads\/2025\/01\/songte-cylinder-head-with-all-kinds-excavator-models.webp\" alt=\"Cilindro de cuchar\u00f3n para excavadora grande Sumitomo SH480HD-5\"><\/p>\n<h2>Aplicaciones<\/h2>\n<p>Los cilindros de cuchar\u00f3n se utilizan ampliamente en diversas industrias, como equipos de construcci\u00f3n, maquinaria agr\u00edcola, excavadoras y cargadoras. A continuaci\u00f3n, se presentan algunas de las aplicaciones m\u00e1s comunes:<\/p>\n<ul>\n<li>\n<h3>Equipos de construcci\u00f3n<\/h3>\n<p>En las excavadoras, son esenciales para excavar, cargar y mover tierra o escombros. En las retroexcavadoras, los cilindros del cuchar\u00f3n facilitan tanto la excavaci\u00f3n como la elevaci\u00f3n. En las cargadoras frontales, ayudan a elevar y volcar la carga eficientemente.<\/p>\n<\/li>\n<li>\n<h3>Maquinaria agr\u00edcola<\/h3>\n<p>Se utilizan en cargadores frontales y sirven para recoger, levantar y transportar tierra, heno y otros materiales.<\/p>\n<\/li>\n<li>\n<h3>excavadoras<\/h3>\n<p>Los cilindros del cuchar\u00f3n permiten la acci\u00f3n de excavaci\u00f3n al permitir que el cuchar\u00f3n de la excavadora penetre en el suelo.<\/p>\n<\/li>\n<li>\n<h3>Cargadores<\/h3>\n<p>En los cargadores frontales, ayudan a levantar y descargar la carga de manera eficaz.<\/p>\n<\/li>\n<\/ul>\n<h2>Consideraciones de dise\u00f1o y criterios de selecci\u00f3n<\/h2>\n<p>Al seleccionar cilindros de cangilones, se deben tener en cuenta varias consideraciones de dise\u00f1o, entre ellas:<\/p>\n<ul>\n<li>\n<h3>Capacidad de carga<\/h3>\n<p>La capacidad de carga del cilindro debe ser suficiente para soportar la carga, garantizando un funcionamiento suave.<\/p>\n<\/li>\n<li>\n<h3>Caza de focas<\/h3>\n<p>Se deben utilizar varios componentes de sellado, como sellos de pist\u00f3n y sellos de v\u00e1stago, para evitar fugas y garantizar el funcionamiento adecuado del cilindro.<\/p>\n<\/li>\n<li>\n<h3>Durabilidad<\/h3>\n<p>El cilindro debe estar dise\u00f1ado para ser duradero en condiciones ambientales adversas y ser resistente a la corrosi\u00f3n y al desgaste.<\/p>\n<\/li>\n<li>\n<h3>Seguridad<\/h3>\n<p>Los cilindros de cangilones deben estar dise\u00f1ados con caracter\u00edsticas de seguridad, como v\u00e1lvulas de alivio de presi\u00f3n, para evitar la sobrecarga y garantizar un funcionamiento seguro.<\/p>\n<\/li>\n<li>\n<h3>Mantenibilidad<\/h3>\n<p>El cilindro debe estar dise\u00f1ado para un f\u00e1cil mantenimiento, incluido el desmontaje y montaje sencillos, el f\u00e1cil acceso a los componentes y la capacidad de reemplazar piezas r\u00e1pidamente.<\/p>\n<\/li>\n<\/ul>\n<p><img decoding=\"async\" src=\"https:\/\/www.hydraulic-cylinders.net\/wp-content\/uploads\/2025\/01\/songte-oil-pipes-and-spare-parts.webp\" alt=\"Cilindro de cuchar\u00f3n para excavadora grande Sumitomo SH480HD-5\"><\/p>\n<h2>Sellado y lubricaci\u00f3n<\/h2>\n<p>Se deben utilizar diversos componentes de sellado, como sellos de pist\u00f3n y de v\u00e1stago, para evitar fugas y garantizar el correcto funcionamiento del cilindro. El cuerpo del cilindro y las superficies roscadas de los extremos est\u00e1n finamente procesadas para mejorar la resistencia al desgaste. A\u00f1ada regularmente aceite hidr\u00e1ulico adecuado para lubricar el cilindro.<\/p>\n<h2>Mantenimiento y soluci\u00f3n de problemas<\/h2>\n<p>La inspecci\u00f3n regular, la lubricaci\u00f3n adecuada, el reemplazo de sellos y la verificaci\u00f3n de la calibraci\u00f3n son tareas de mantenimiento comunes. Una instalaci\u00f3n, lubricaci\u00f3n y ajuste adecuados son esenciales para garantizar una larga vida \u00fatil del cilindro del cuchar\u00f3n. Durante la instalaci\u00f3n, se deben proporcionar las instrucciones de alineaci\u00f3n adecuadas y utilizar los soportes de instalaci\u00f3n adecuados para asegurar el cilindro.<\/p>\n<p><img decoding=\"async\" src=\"https:\/\/www.hydraulic-cylinders.net\/wp-content\/uploads\/2025\/01\/songte-chushion-collar.webp\" alt=\"Cilindro de cuchar\u00f3n para excavadora grande Sumitomo SH480HD-5\"><\/p>\n<h2>Consideraciones de seguridad y factores ambientales<\/h2>\n<p>Las medidas de seguridad son cruciales al utilizar cilindros de cangilones. Se deben instalar dispositivos de seguridad, como v\u00e1lvulas de alivio de presi\u00f3n, para evitar sobrecargas y garantizar un funcionamiento seguro. Se deben tomar las medidas de protecci\u00f3n ambiental adecuadas para evitar fugas de aceite y da\u00f1os al medio ambiente.<\/p>\n<h2>Introducci\u00f3n de la empresa<\/h2>\n<p>Somos un fabricante y distribuidor l\u00edder de cilindros hidr\u00e1ulicos en el mercado nacional e internacional, especializado en cilindros hidr\u00e1ulicos de repuesto. Nos adherimos a los principios de excelente calidad, bas\u00e1ndonos en la estrategia de gesti\u00f3n de producci\u00f3n industrializada de nuestros sofisticados talleres de fabricaci\u00f3n. Mejoramos continuamente la plataforma de fabricaci\u00f3n de nuestro taller mediante el uso de talento t\u00e9cnico, equipos de fabricaci\u00f3n digitales de alta gama y sistemas de prueba profesionales, perfeccionando la l\u00ednea de producci\u00f3n de calidad del producto y contamos con una s\u00f3lida capacidad de fabricaci\u00f3n para satisfacer las diversas necesidades de nuestros clientes con alta eficiencia, precisi\u00f3n y calidad.<\/p>\n<p><img decoding=\"async\" src=\"https:\/\/hzpt.com\/wp-content\/uploads\/2024\/11\/songte-company-1.webp\" alt=\"Cilindro de cuchar\u00f3n para excavadora grande Sumitomo SH480HD-5\"><\/p>\n<h3>Profesionalismo<\/h3>\n<p>Contamos con un equipo de expertos en cilindros hidr\u00e1ulicos para ayudar a los clientes a elegir el cilindro adecuado para sus necesidades espec\u00edficas.<\/p>\n<h3>Certificaci\u00f3n Internacional<\/h3>\n<p>Nuestros productos han pasado la certificaci\u00f3n ISO9001:2008 y CE.<\/p>\n<h3>Servicios de personalizaci\u00f3n<\/h3>\n<p>Ofrecemos servicios personalizados para satisfacer las diversas necesidades de los clientes y ofrecer soluciones a medida.<\/p>\n<h3>Equipos de producci\u00f3n<\/h3>\n<p>Estamos equipados con equipos avanzados como m\u00e1quinas CNC, m\u00e1quinas de soldadura autom\u00e1ticas y m\u00e1quinas de enchapado que pueden satisfacer los requisitos diversificados de nuestros clientes.<\/p>\n<h3>Servicio postventa<\/h3>\n<p>Brindamos servicio postventa, incluyendo reparaci\u00f3n y mantenimiento, para garantizar el buen funcionamiento de los equipos de nuestros clientes.<\/p>\n<p>Autor: lyl<\/p>","protected":false},"excerpt":{"rendered":"<p>Bucket Cylinder For Sumitomo Large Excavator SH480HD-5 Introduction A bucket cylinder is a specially designed hydraulic cylinder used primarily to control the movement of buckets in heavy machinery such as excavators, backhoes, and front-end loaders. Its main function is to enable the bucket to lift, lower, and tilt, making it ideal for various material handling [&hellip;]<\/p>","protected":false},"featured_media":14788,"comment_status":"open","ping_status":"closed","template":"","meta":{"_et_pb_use_builder":"","_et_pb_old_content":"","_et_gb_content_width":""},"product_brand":[],"product_cat":[1494],"product_tag":[1495,1496],"class_list":{"0":"post-15193","1":"product","2":"type-product","3":"status-publish","4":"has-post-thumbnail","6":"product_cat-bucket-cylinders","7":"product_tag-bucket-cylinders","8":"product_tag-hydraulic-cylinders","10":"first","11":"instock","12":"shipping-taxable","13":"product-type-simple"},"amp_enabled":true,"_links":{"self":[{"href":"https:\/\/www.hydraulic-cylinders.net\/es\/wp-json\/wp\/v2\/product\/15193","targetHints":{"allow":["GET"]}}],"collection":[{"href":"https:\/\/www.hydraulic-cylinders.net\/es\/wp-json\/wp\/v2\/product"}],"about":[{"href":"https:\/\/www.hydraulic-cylinders.net\/es\/wp-json\/wp\/v2\/types\/product"}],"replies":[{"embeddable":true,"href":"https:\/\/www.hydraulic-cylinders.net\/es\/wp-json\/wp\/v2\/comments?post=15193"}],"wp:featuredmedia":[{"embeddable":true,"href":"https:\/\/www.hydraulic-cylinders.net\/es\/wp-json\/wp\/v2\/media\/14788"}],"wp:attachment":[{"href":"https:\/\/www.hydraulic-cylinders.net\/es\/wp-json\/wp\/v2\/media?parent=15193"}],"wp:term":[{"taxonomy":"product_brand","embeddable":true,"href":"https:\/\/www.hydraulic-cylinders.net\/es\/wp-json\/wp\/v2\/product_brand?post=15193"},{"taxonomy":"product_cat","embeddable":true,"href":"https:\/\/www.hydraulic-cylinders.net\/es\/wp-json\/wp\/v2\/product_cat?post=15193"},{"taxonomy":"product_tag","embeddable":true,"href":"https:\/\/www.hydraulic-cylinders.net\/es\/wp-json\/wp\/v2\/product_tag?post=15193"}],"curies":[{"name":"wp","href":"https:\/\/api.w.org\/{rel}","templated":true}]}}