{"id":15194,"date":"2025-01-19T14:13:23","date_gmt":"2025-01-19T14:13:23","guid":{"rendered":"https:\/\/www.hydraulic-cylinders.net\/product\/bucket-cylinder-for-jcb-small-excavator-js13lc\/"},"modified":"2025-01-19T14:13:25","modified_gmt":"2025-01-19T14:13:25","slug":"bucket-cylinder-for-jcb-small-excavator-js13lc","status":"publish","type":"product","link":"https:\/\/www.hydraulic-cylinders.net\/es\/producto\/bucket-cylinder-for-jcb-small-excavator-js13lc\/","title":{"rendered":"Cilindro de cuchar\u00f3n para excavadora peque\u00f1a JCB JS13LC"},"content":{"rendered":"<p><!DOCTYPE html><br \/>\n<html><br \/>\n<head><br \/>\n<meta charset=\"UTF-8\"><br \/>\n<title>Cilindro de cuchar\u00f3n para excavadora peque\u00f1a JCB JS13LC<\/title><br \/>\n<\/head><br \/>\n<body><\/p>\n<h1>Cilindro de cuchar\u00f3n para excavadora peque\u00f1a JCB JS13LC<\/h1>\n<h2>Introducci\u00f3n<\/h2>\n<p>Un cilindro de cuchar\u00f3n es un cilindro hidr\u00e1ulico especialmente dise\u00f1ado que se utiliza para controlar el movimiento del cuchar\u00f3n en maquinaria pesada como excavadoras, retroexcavadoras y cargadoras frontales. Su funci\u00f3n principal es permitir la elevaci\u00f3n, el descenso y la inclinaci\u00f3n del cuchar\u00f3n, facilitando diversas tareas de manipulaci\u00f3n de materiales. En el sistema hidr\u00e1ulico, el cilindro del cuchar\u00f3n logra un control preciso del cuchar\u00f3n aprovechando los cambios de presi\u00f3n en el aceite hidr\u00e1ulico, lo que permite a los operadores manipular cargas pesadas con eficiencia y adaptarse a entornos de trabajo complejos y a diversos requisitos.<\/p>\n<p><img decoding=\"async\" src=\"https:\/\/www.hydraulic-cylinders.net\/wp-content\/uploads\/2025\/01\/songte-company-2.webp\" alt=\"Imagen del cilindro del cubo\"><\/p>\n<h2>Caracter\u00edsticas<\/h2>\n<ul>\n<li>Alta resistencia y durabilidad: Fabricado generalmente en acero o aluminio de alta resistencia, el cilindro del cuchar\u00f3n soporta alta presi\u00f3n y cargas pesadas, adapt\u00e1ndose a entornos de trabajo hostiles. Su dise\u00f1o considera la resistencia al desgaste y a la corrosi\u00f3n, prolongando as\u00ed su vida \u00fatil.<\/li>\n<li>Operaci\u00f3n hidr\u00e1ulica eficiente: al utilizar la presi\u00f3n del aceite hidr\u00e1ulico, el cilindro del cuchar\u00f3n logra acciones telesc\u00f3picas suaves, lo que permite una respuesta r\u00e1pida a los comandos de control y proporciona poderosas fuerzas de empuje y tracci\u00f3n, adecuadas para manipular cargas pesadas y tareas operativas complejas.<\/li>\n<li>Varios tipos: El cilindro del cuchar\u00f3n puede seleccionarse como de simple efecto (hidr\u00e1ulico en una sola direcci\u00f3n) o de doble efecto (hidr\u00e1ulico en ambas direcciones) seg\u00fan las necesidades, satisfaciendo as\u00ed diferentes requisitos operativos. Algunos modelos son telesc\u00f3picos, lo que permite una mayor extensi\u00f3n sin aumentar las dimensiones externas, ideal para aplicaciones con espacio limitado.<\/li>\n<li>Reemplazo de producto: Nuestro cilindro de cubo puede reemplazar perfectamente estos cilindros hidr\u00e1ulicos.<\/li>\n<\/ul>\n<p><img decoding=\"async\" src=\"https:\/\/www.hydraulic-cylinders.net\/wp-content\/uploads\/2025\/01\/songte-cylinder-head-with-all-kinds-excavator-models.webp\" alt=\"Imagen del producto\"><\/p>\n<h2>Aplicaciones<\/h2>\n<p>El cilindro del cuchar\u00f3n encuentra aplicaci\u00f3n en diversos equipos:<\/p>\n<ul>\n<li>Equipos de construcci\u00f3n: Presentes en excavadoras, son cruciales para excavar, cargar y mover tierra o escombros. En las retroexcavadoras, el cilindro del cuchar\u00f3n ayuda tanto en la excavaci\u00f3n como en la elevaci\u00f3n.<\/li>\n<li>Maquinaria agr\u00edcola: Se utilizan en cargadores frontales y ayudan a recoger, levantar y transportar tierra, heno y otros materiales.<\/li>\n<li>Excavadoras: El cilindro del cuchar\u00f3n permite realizar acciones de excavaci\u00f3n al permitir que el cuchar\u00f3n penetre en el suelo.<\/li>\n<li>Cargadores: En los cargadores frontales, ayudan a levantar e inclinar las mercanc\u00edas de manera eficaz.<\/li>\n<\/ul>\n<h2>Consideraciones de dise\u00f1o y criterios de selecci\u00f3n<\/h2>\n<p>Al dise\u00f1ar cilindros de cangilones, se toman en consideraci\u00f3n varios factores:<\/p>\n<ul>\n<li>Capacidad de carga: El cilindro debe tener la capacidad de soportar la carga requerida sin fallar.<\/li>\n<li>Sellado: Se utilizan diversos componentes de sellado, como juntas de pist\u00f3n y juntas de v\u00e1stago, para garantizar un sellado adecuado. Estas juntas est\u00e1n fabricadas con materiales resistentes al desgaste, como poliuretano y caucho de nitrilo.<\/li>\n<li>Durabilidad: El cuerpo del cilindro y los extremos roscados se someten a un procesamiento de precisi\u00f3n para mejorar la resistencia al desgaste.<\/li>\n<li>Seguridad: Se consideran medidas de seguridad para garantizar el funcionamiento seguro del cilindro del cuchar\u00f3n.<\/li>\n<li>Mantenibilidad: Los cilindros de cangilones est\u00e1n dise\u00f1ados para facilitar el mantenimiento y la reparaci\u00f3n.<\/li>\n<\/ul>\n<p><img decoding=\"async\" src=\"https:\/\/www.hydraulic-cylinders.net\/wp-content\/uploads\/2025\/01\/songte-oil-pipes-and-spare-parts.webp\" alt=\"Imagen del producto\"><\/p>\n<h2>Sellado y lubricaci\u00f3n<\/h2>\n<p>Los cilindros de cangilones utilizan diversos componentes de sellado, como sellos de pist\u00f3n y de v\u00e1stago, fabricados con materiales resistentes al desgaste como poliuretano y caucho de nitrilo. El cuerpo del cilindro y los extremos roscados se someten a un procesamiento preciso para mejorar la resistencia al desgaste. La lubricaci\u00f3n regular con la cantidad adecuada de aceite hidr\u00e1ulico es necesaria para un funcionamiento fluido.<\/p>\n<h2>Inspecci\u00f3n regular y mantenimiento preventivo<\/h2>\n<p>La inspecci\u00f3n regular y el mantenimiento preventivo son esenciales para la longevidad del cilindro del cuchar\u00f3n. Algunas medidas recomendadas incluyen:<\/p>\n<ul>\n<li>Inspeccionar si hay fugas o da\u00f1os<\/li>\n<li>Lubricaci\u00f3n adecuada de todas las partes m\u00f3viles<\/li>\n<li>Reemplazo peri\u00f3dico de sellos y juntas<\/li>\n<li>Comprobaciones de calibraci\u00f3n para garantizar un funcionamiento preciso<\/li>\n<\/ul>\n<p><img decoding=\"async\" src=\"https:\/\/www.hydraulic-cylinders.net\/wp-content\/uploads\/2025\/01\/songte-chushion-collar.webp\" alt=\"Imagen del producto\"><\/p>\n<h2>Consideraciones de seguridad y factores ambientales<\/h2>\n<p>Es fundamental considerar las medidas de seguridad al utilizar los cilindros de cuchar\u00f3n. Se deben seguir las precauciones de seguridad para prevenir accidentes y garantizar el bienestar de los operadores y del entorno.<\/p>\n<h2>Diagn\u00f3stico de fallas y problemas comunes<\/h2>\n<p>Algunos problemas comunes que pueden surgir con los cilindros del cuchar\u00f3n incluyen:<\/p>\n<ul>\n<li>Fuga de aceite hidr\u00e1ulico<\/li>\n<li>Rendimiento reducido o p\u00e9rdida de potencia<\/li>\n<li>Ruidos anormales durante el funcionamiento<\/li>\n<\/ul>\n<p>Para abordar estos problemas, los siguientes consejos y soluciones pueden ayudar a diagnosticarlos y resolverlos eficazmente. Adem\u00e1s, se pueden implementar medidas preventivas para minimizar posibles problemas.<\/p>\n<p><img decoding=\"async\" src=\"https:\/\/www.hydraulic-cylinders.net\/wp-content\/uploads\/2025\/01\/songte-bushings-with-all-kinds-of-excavator-models.webp\" alt=\"Imagen del producto\"><\/p>\n<h2>Tareas de mantenimiento<\/h2>\n<p>Tres tareas de mantenimiento comunes para los cilindros de cangilones incluyen:<\/p>\n<ul>\n<li>Inspecciones regulares<\/li>\n<li>Lubricaci\u00f3n adecuada<\/li>\n<li>Sustituci\u00f3n de juntas y comprobaciones de calibraci\u00f3n<\/li>\n<\/ul>\n<p>La instalaci\u00f3n, la lubricaci\u00f3n y el ajuste correctos son cruciales, y se proporciona una gu\u00eda para una alineaci\u00f3n adecuada durante el proceso de instalaci\u00f3n. Se recomienda utilizar soportes de montaje adecuados para asegurar el cilindro. Se proporcionan procedimientos recomendados de inspecci\u00f3n, reparaci\u00f3n y reemplazo para prolongar la vida \u00fatil del cilindro del cuchar\u00f3n.<\/p>\n<h2>Acerca de nuestra empresa<\/h2>\n<p>Somos fabricantes de cilindros hidr\u00e1ulicos de repuesto y ofrecemos una amplia gama de productos. Somos uno de los principales fabricantes y distribuidores mayoristas de cilindros hidr\u00e1ulicos en el mercado nacional e internacional. Con un enfoque en la excelente calidad y estrategias de gesti\u00f3n de la producci\u00f3n industrializada en nuestros sofisticados talleres de fabricaci\u00f3n, mejoramos continuamente nuestra plataforma de fabricaci\u00f3n y optimizamos la calidad de nuestros productos. Contamos con una gran capacidad creativa y nos esforzamos por satisfacer las diversas necesidades de nuestros clientes con alta eficiencia, precisi\u00f3n y calidad.<\/p>\n<p><img decoding=\"async\" src=\"https:\/\/www.hydraulic-cylinders.net\/wp-content\/uploads\/2025\/01\/songte-company-3.webp\" alt=\"Imagen de la empresa\"><\/p>\n<h2>Descripci\u00f3n general de la empresa<\/h2>\n<ul>\n<li>Profesionalismo: Contamos con experiencia t\u00e9cnica y adherimos a certificaciones internacionales.<\/li>\n<li>Personalizaci\u00f3n: Ofrecemos servicios personalizados para satisfacer requisitos espec\u00edficos.<\/li>\n<li>Equipo de producci\u00f3n: Utilizamos equipos de fabricaci\u00f3n avanzados.<\/li>\n<li>Servicio postventa: Brindamos servicios postventa integrales.<\/li>\n<\/ul>\n<p>Autor: lyl<\/p>\n<p><img decoding=\"async\" src=\"https:\/\/hzpt.com\/wp-content\/uploads\/2024\/11\/songte-company-1.webp\" alt=\"Imagen de la empresa\"><\/p>\n<p><\/body><br \/>\n<\/html><\/p>","protected":false},"excerpt":{"rendered":"<p>Bucket Cylinder For JCB Small Excavator JS13LC Bucket Cylinder For JCB Small Excavator JS13LC Introduction A bucket cylinder is a specially designed hydraulic cylinder used to control the movement of the bucket in heavy machinery such as excavators, backhoe loaders, and front loaders. Its main function is to enable the lifting, lowering, and tilting of [&hellip;]<\/p>","protected":false},"featured_media":14787,"comment_status":"open","ping_status":"closed","template":"","meta":{"_et_pb_use_builder":"","_et_pb_old_content":"","_et_gb_content_width":""},"product_brand":[],"product_cat":[1494],"product_tag":[1495,1496],"class_list":{"0":"post-15194","1":"product","2":"type-product","3":"status-publish","4":"has-post-thumbnail","6":"product_cat-bucket-cylinders","7":"product_tag-bucket-cylinders","8":"product_tag-hydraulic-cylinders","10":"first","11":"instock","12":"shipping-taxable","13":"product-type-simple"},"amp_enabled":true,"_links":{"self":[{"href":"https:\/\/www.hydraulic-cylinders.net\/es\/wp-json\/wp\/v2\/product\/15194","targetHints":{"allow":["GET"]}}],"collection":[{"href":"https:\/\/www.hydraulic-cylinders.net\/es\/wp-json\/wp\/v2\/product"}],"about":[{"href":"https:\/\/www.hydraulic-cylinders.net\/es\/wp-json\/wp\/v2\/types\/product"}],"replies":[{"embeddable":true,"href":"https:\/\/www.hydraulic-cylinders.net\/es\/wp-json\/wp\/v2\/comments?post=15194"}],"wp:featuredmedia":[{"embeddable":true,"href":"https:\/\/www.hydraulic-cylinders.net\/es\/wp-json\/wp\/v2\/media\/14787"}],"wp:attachment":[{"href":"https:\/\/www.hydraulic-cylinders.net\/es\/wp-json\/wp\/v2\/media?parent=15194"}],"wp:term":[{"taxonomy":"product_brand","embeddable":true,"href":"https:\/\/www.hydraulic-cylinders.net\/es\/wp-json\/wp\/v2\/product_brand?post=15194"},{"taxonomy":"product_cat","embeddable":true,"href":"https:\/\/www.hydraulic-cylinders.net\/es\/wp-json\/wp\/v2\/product_cat?post=15194"},{"taxonomy":"product_tag","embeddable":true,"href":"https:\/\/www.hydraulic-cylinders.net\/es\/wp-json\/wp\/v2\/product_tag?post=15194"}],"curies":[{"name":"wp","href":"https:\/\/api.w.org\/{rel}","templated":true}]}}