{"id":15200,"date":"2025-01-19T14:13:46","date_gmt":"2025-01-19T14:13:46","guid":{"rendered":"https:\/\/www.hydraulic-cylinders.net\/product\/bucket-cylinder-for-caterpillar-small-excavator-e70-70b\/"},"modified":"2025-01-19T14:13:54","modified_gmt":"2025-01-19T14:13:54","slug":"bucket-cylinder-for-caterpillar-small-excavator-e70-70b","status":"publish","type":"product","link":"https:\/\/www.hydraulic-cylinders.net\/es\/producto\/bucket-cylinder-for-caterpillar-small-excavator-e70-70b\/","title":{"rendered":"Cilindro de cuchar\u00f3n para excavadora peque\u00f1a Caterpillar E70\/70B"},"content":{"rendered":"<h1>Cilindro de cuchar\u00f3n para excavadora peque\u00f1a Caterpillar E70\/70B<\/h1>\n<h2>Introducci\u00f3n<\/h2>\n<p>Un cilindro de cuchar\u00f3n es un cilindro hidr\u00e1ulico especialmente dise\u00f1ado que se utiliza principalmente para controlar el movimiento del cuchar\u00f3n en maquinaria pesada como excavadoras, retroexcavadoras y cargadoras frontales. Su funci\u00f3n principal es permitir que el cuchar\u00f3n realice operaciones de elevaci\u00f3n, descenso e inclinaci\u00f3n, lo que facilita diversas tareas de manipulaci\u00f3n de materiales. En el sistema hidr\u00e1ulico, el cilindro del cuchar\u00f3n logra un control preciso del cuchar\u00f3n mediante cambios en la presi\u00f3n del aceite hidr\u00e1ulico, lo que permite a los operadores manipular cargas pesadas con eficiencia y adaptarse a entornos de trabajo complejos y diversos requisitos operativos.<\/p>\n<p><img decoding=\"async\" src=\"https:\/\/www.hydraulic-cylinders.net\/wp-content\/uploads\/2025\/01\/songte-company-2.webp\" alt=\"Cilindro de cubo\"><\/p>\n<h2>Caracter\u00edsticas<\/h2>\n<ul>\n<li>Alta resistencia y durabilidad: generalmente hecho de acero o aluminio de alta resistencia, puede soportar alta presi\u00f3n y cargas pesadas, adecuado para entornos de trabajo hostiles, dise\u00f1ado con resistencia al desgaste y resistencia a la corrosi\u00f3n en mente, extendiendo la vida \u00fatil.<\/li>\n<li>Operaci\u00f3n hidr\u00e1ulica eficiente: Se logran acciones suaves de extensi\u00f3n y retracci\u00f3n utilizando la presi\u00f3n del aceite hidr\u00e1ulico, lo que permite una respuesta r\u00e1pida a los comandos de control, brindando poderosas fuerzas de empuje y tracci\u00f3n, y es adecuado para manipular cargas pesadas y tareas operativas complejas.<\/li>\n<li>Diversos tipos: Se pueden elegir cilindros de simple efecto (hidr\u00e1ulicos en un solo sentido) o de doble efecto (hidr\u00e1ulicos en ambos sentidos) seg\u00fan las necesidades para satisfacer diferentes requisitos operativos. Algunos modelos son telesc\u00f3picos, lo que permite una mayor extensi\u00f3n sin aumentar las dimensiones externas, ideal para aplicaciones con espacio limitado.<\/li>\n<li>F\u00e1cil de instalar: Se instala f\u00e1cilmente en lugar del cilindro original, ahorrando tiempo y mano de obra. Personalizable seg\u00fan las necesidades del cliente.<\/li>\n<li>Compatibilidad universal: puede reemplazar varios cilindros hidr\u00e1ulicos, lo que proporciona una soluci\u00f3n rentable para el mantenimiento y reparaci\u00f3n de equipos.<\/li>\n<\/ul>\n<p><img decoding=\"async\" src=\"https:\/\/www.hydraulic-cylinders.net\/wp-content\/uploads\/2025\/01\/songte-cylinder-head-with-all-kinds-excavator-models.webp\" alt=\"Culata\"><\/p>\n<h2>Aplicaciones<\/h2>\n<p>El cilindro del cuchar\u00f3n se utiliza ampliamente en diversas m\u00e1quinas pesadas, entre ellas:<\/p>\n<ul>\n<li>Equipos de construcci\u00f3n: En las excavadoras, son esenciales para excavar, cargar y mover tierra o escombros. En las retroexcavadoras, los cilindros del cuchar\u00f3n ayudan en la excavaci\u00f3n y la elevaci\u00f3n. <\/li>\n<li>Maquinaria agr\u00edcola: Se utiliza en cargadoras frontales para recoger, levantar y transportar tierra, heno y otros materiales. <\/li>\n<li>Equipos de manipulaci\u00f3n de materiales: se utilizan en carretillas elevadoras y otros veh\u00edculos industriales para levantar, transportar y apilar mercanc\u00edas.<\/li>\n<\/ul>\n<h2>Consideraciones de dise\u00f1o y criterios de selecci\u00f3n<\/h2>\n<p>El dise\u00f1o del cilindro del cuchar\u00f3n es crucial para su rendimiento y durabilidad. Las consideraciones clave incluyen:<\/p>\n<ul>\n<li>Capacidad de carga: El cilindro debe poder soportar la carga prevista sin fallas ni da\u00f1os.<\/li>\n<li>Sellado: El cilindro debe estar sellado para evitar fugas y contaminaci\u00f3n.<\/li>\n<li>Durabilidad: El cilindro debe poder soportar el desgaste esperado por el uso en entornos hostiles.<\/li>\n<li>Seguridad: El cilindro debe estar dise\u00f1ado con elementos de seguridad para prevenir accidentes y lesiones.<\/li>\n<li>Mantenibilidad: El cilindro debe estar dise\u00f1ado para que su mantenimiento y reparaci\u00f3n sean f\u00e1ciles.<\/li>\n<\/ul>\n<p><img decoding=\"async\" src=\"https:\/\/www.hydraulic-cylinders.net\/wp-content\/uploads\/2025\/01\/songte-oil-pipes-and-spare-parts.webp\" alt=\"Tuber\u00edas de aceite y repuestos\"><\/p>\n<h2>Sellado y lubricaci\u00f3n<\/h2>\n<p>El cilindro del cuchar\u00f3n utiliza diversos componentes de sellado, como anillos de sellado de pist\u00f3n y de v\u00e1stago, fabricados con materiales resistentes al desgaste como poliuretano y caucho de nitrilo. El cuerpo del cilindro y las superficies roscadas de los extremos est\u00e1n finamente procesadas para mejorar la resistencia al desgaste. La lubricaci\u00f3n regular con el aceite hidr\u00e1ulico adecuado es necesaria para garantizar un funcionamiento suave y prolongar la vida \u00fatil del cilindro.<\/p>\n<h2>Mantenimiento y reparaci\u00f3n<\/h2>\n<p>La inspecci\u00f3n, lubricaci\u00f3n y reemplazo regulares de los sellos son esenciales para mantener el rendimiento del cilindro del cuchar\u00f3n y prolongar su vida \u00fatil. Una instalaci\u00f3n, lubricaci\u00f3n y ajuste adecuados son cruciales para garantizar el funcionamiento eficiente del cilindro y evitar da\u00f1os o fallas. Se recomienda utilizar soportes de instalaci\u00f3n adecuados para fijar el cilindro y seguir los procedimientos recomendados de inspecci\u00f3n, reparaci\u00f3n y reemplazo para garantizar un funcionamiento correcto y seguro.<\/p>\n<p><img decoding=\"async\" src=\"https:\/\/www.hydraulic-cylinders.net\/wp-content\/uploads\/2025\/01\/songte-chushion-collar.webp\" alt=\"Cuello acolchado\"><\/p>\n<h2>Consideraciones de seguridad y medio ambiente<\/h2>\n<p>Al utilizar el cilindro del cuchar\u00f3n, es fundamental seguir los procedimientos de seguridad adecuados para evitar accidentes y lesiones. El mantenimiento y la inspecci\u00f3n regulares tambi\u00e9n ayudan a prevenir la contaminaci\u00f3n ambiental causada por fugas de fluidos u otros da\u00f1os al cilindro.<\/p>\n<h2>Soluci\u00f3n de problemas y problemas comunes<\/h2>\n<p>Los problemas comunes con el cilindro del cuchar\u00f3n incluyen fugas, disminuci\u00f3n del rendimiento y funcionamiento incorrecto. El diagn\u00f3stico y la reparaci\u00f3n adecuados de estos problemas requieren experiencia y conocimientos, y solo deben ser realizados por profesionales capacitados. El mantenimiento y la inspecci\u00f3n regulares pueden ayudar a prevenir estos problemas.<\/p>\n<p><img decoding=\"async\" src=\"https:\/\/www.hydraulic-cylinders.net\/wp-content\/uploads\/2025\/01\/songte-bushings-with-all-kinds-of-excavator-models.webp\" alt=\"Bujes\"><\/p>\n<h2>Acerca de nuestra empresa<\/h2>\n<p>Somos fabricantes de cilindros hidr\u00e1ulicos de repuesto y una empresa l\u00edder en la fabricaci\u00f3n y distribuci\u00f3n de cilindros hidr\u00e1ulicos en el mercado nacional e internacional. Nos basamos en la excelencia en la calidad y en estrategias de gesti\u00f3n de producci\u00f3n industrializadas en talleres de alta calidad. Nuestra empresa mejora constantemente la plataforma de producci\u00f3n del taller mediante la aplicaci\u00f3n de talentos t\u00e9cnicos, equipos de fabricaci\u00f3n digitales de alta gama y sistemas de prueba profesionales para optimizar la calidad de la producci\u00f3n. Nuestra empresa cuenta con una s\u00f3lida capacidad creativa y se basa en los principios de alta eficiencia, precisi\u00f3n y calidad para satisfacer las diversas necesidades de los clientes.<\/p>\n<ul>\n<li>Profesionalismo: Nuestro equipo de expertos brinda servicios profesionales y soporte t\u00e9cnico a clientes de diversas industrias.<\/li>\n<li>Certificaci\u00f3n internacional: Nuestros productos han pasado varias certificaciones internacionales como ISO y CE.<\/li>\n<li>Servicios de personalizaci\u00f3n: Ofrecemos cilindros hidr\u00e1ulicos personalizados seg\u00fan los requisitos y especificaciones del cliente.<\/li>\n<li>Equipo de producci\u00f3n: Utilizamos equipos de fabricaci\u00f3n avanzados para garantizar la calidad y precisi\u00f3n del producto.<\/li>\n<li>Servicio postventa: Brindamos un servicio postventa oportuno y eficiente para garantizar la satisfacci\u00f3n del cliente.<\/li>\n<\/ul>\n<p><img decoding=\"async\" src=\"https:\/\/www.hydraulic-cylinders.net\/wp-content\/uploads\/2025\/01\/songte-company-3.webp\" alt=\"Compa\u00f1\u00eda\"><\/p>\n<p>Autor: lyl<\/p>","protected":false},"excerpt":{"rendered":"<p>Bucket Cylinder For Caterpillar Small Excavator E70\/70B Introduction A bucket cylinder is a specially designed hydraulic cylinder primarily used to control the movement of the bucket in heavy machinery such as excavators, backhoes, and front-end loaders. Its main function is to enable the bucket to perform lifting, lowering, and tilting operations, making it convenient for [&hellip;]<\/p>","protected":false},"featured_media":14776,"comment_status":"open","ping_status":"closed","template":"","meta":{"_et_pb_use_builder":"","_et_pb_old_content":"","_et_gb_content_width":""},"product_brand":[],"product_cat":[1494],"product_tag":[1495,1496],"class_list":{"0":"post-15200","1":"product","2":"type-product","3":"status-publish","4":"has-post-thumbnail","6":"product_cat-bucket-cylinders","7":"product_tag-bucket-cylinders","8":"product_tag-hydraulic-cylinders","10":"first","11":"instock","12":"shipping-taxable","13":"product-type-simple"},"amp_enabled":true,"_links":{"self":[{"href":"https:\/\/www.hydraulic-cylinders.net\/es\/wp-json\/wp\/v2\/product\/15200","targetHints":{"allow":["GET"]}}],"collection":[{"href":"https:\/\/www.hydraulic-cylinders.net\/es\/wp-json\/wp\/v2\/product"}],"about":[{"href":"https:\/\/www.hydraulic-cylinders.net\/es\/wp-json\/wp\/v2\/types\/product"}],"replies":[{"embeddable":true,"href":"https:\/\/www.hydraulic-cylinders.net\/es\/wp-json\/wp\/v2\/comments?post=15200"}],"wp:featuredmedia":[{"embeddable":true,"href":"https:\/\/www.hydraulic-cylinders.net\/es\/wp-json\/wp\/v2\/media\/14776"}],"wp:attachment":[{"href":"https:\/\/www.hydraulic-cylinders.net\/es\/wp-json\/wp\/v2\/media?parent=15200"}],"wp:term":[{"taxonomy":"product_brand","embeddable":true,"href":"https:\/\/www.hydraulic-cylinders.net\/es\/wp-json\/wp\/v2\/product_brand?post=15200"},{"taxonomy":"product_cat","embeddable":true,"href":"https:\/\/www.hydraulic-cylinders.net\/es\/wp-json\/wp\/v2\/product_cat?post=15200"},{"taxonomy":"product_tag","embeddable":true,"href":"https:\/\/www.hydraulic-cylinders.net\/es\/wp-json\/wp\/v2\/product_tag?post=15200"}],"curies":[{"name":"wp","href":"https:\/\/api.w.org\/{rel}","templated":true}]}}