{"id":15201,"date":"2025-01-19T14:13:56","date_gmt":"2025-01-19T14:13:56","guid":{"rendered":"https:\/\/www.hydraulic-cylinders.net\/product\/bucket-cylinder-for-caterpillar-small-excavator-e302-4d\/"},"modified":"2025-01-19T14:13:58","modified_gmt":"2025-01-19T14:13:58","slug":"bucket-cylinder-for-caterpillar-small-excavator-e302-4d","status":"publish","type":"product","link":"https:\/\/www.hydraulic-cylinders.net\/es\/producto\/bucket-cylinder-for-caterpillar-small-excavator-e302-4d\/","title":{"rendered":"Cilindro de cuchar\u00f3n para excavadora peque\u00f1a Caterpillar E302.4D"},"content":{"rendered":"<h1>Cilindro de cuchar\u00f3n para excavadora peque\u00f1a Caterpillar E302.4D<\/h1>\n<h2>Introducci\u00f3n<\/h2>\n<p>Un cilindro de cuchara es un cilindro hidr\u00e1ulico especialmente dise\u00f1ado que se utiliza principalmente para controlar el movimiento de la cuchara en maquinaria pesada como excavadoras, retroexcavadoras y cargadoras frontales. Su funci\u00f3n principal es permitir que la cuchara se eleve, baje e incline para facilitar diversas tareas de manipulaci\u00f3n de materiales. En el sistema hidr\u00e1ulico, el cilindro de la cuchara controla con precisi\u00f3n el movimiento de la cuchara modificando la presi\u00f3n del aceite hidr\u00e1ulico, lo que permite a los operadores manipular cargas pesadas con eficiencia y adaptarse a entornos de trabajo complejos y diversas necesidades operativas.<\/p>\n<p><img decoding=\"async\" src=\"https:\/\/www.hydraulic-cylinders.net\/wp-content\/uploads\/2025\/01\/songte-company-2.webp\" alt=\"Imagen del cilindro del cubo\"><\/p>\n<h2>Caracter\u00edsticas<\/h2>\n<ul>\n<li>\n<h3>Alta resistencia y durabilidad<\/h3>\n<p>Los cilindros de cangilones suelen estar fabricados en acero o aluminio de alta resistencia, lo que les permite soportar altas presiones y cargas pesadas, lo que los hace adecuados para entornos de trabajo exigentes. El dise\u00f1o tambi\u00e9n considera la resistencia al desgaste y a la corrosi\u00f3n, lo que prolonga su vida \u00fatil.<\/p>\n<\/li>\n<li>\n<h3>Operaci\u00f3n hidr\u00e1ulica eficiente<\/h3>\n<p>Los cilindros de cangilones utilizan la presi\u00f3n del aceite hidr\u00e1ulico para lograr una extensi\u00f3n y retracci\u00f3n suaves, lo que permite una respuesta r\u00e1pida a los comandos de control y proporciona una gran fuerza de empuje y tracci\u00f3n, lo que los hace adecuados para manipular cargas pesadas y tareas operativas complejas.<\/p>\n<\/li>\n<li>\n<h3>Varios tipos<\/h3>\n<p>Los cilindros de cangilones se pueden seleccionar como cilindros de simple efecto (hidr\u00e1ulicos utilizados en una sola direcci\u00f3n) o de doble efecto (hidr\u00e1ulicos utilizados en dos direcciones) seg\u00fan los requisitos, y algunos modelos son telesc\u00f3picos, lo que permite una mayor extensi\u00f3n sin aumentar las dimensiones externas, lo que los hace adecuados para aplicaciones con espacio limitado.<\/p>\n<\/li>\n<li>\n<h3>Disponibilidad del producto<\/h3>\n<p>Nuestros cilindros de cangilones pueden reemplazar perfectamente estos cilindros hidr\u00e1ulicos, podemos proporcionar varios modelos y tipos de cilindros de cangilones para que los clientes elijan.<\/p>\n<\/li>\n<\/ul>\n<p><img decoding=\"async\" src=\"https:\/\/www.hydraulic-cylinders.net\/wp-content\/uploads\/2025\/01\/songte-cylinder-head-with-all-kinds-excavator-models.webp\" alt=\"Imagen de reemplazo del cilindro del cuchar\u00f3n\"><\/p>\n<h2>Aplicaciones<\/h2>\n<p>Los cilindros de cangilones juegan un papel crucial en varios tipos de maquinaria pesada, como:<\/p>\n<ul>\n<li>\n<h3>Equipos de construcci\u00f3n<\/h3>\n<p>Son vitales para que las excavadoras excaven, carguen y muevan tierra o escombros. En las retroexcavadoras, el cilindro del cuchar\u00f3n facilita tanto la excavaci\u00f3n como la elevaci\u00f3n. <\/p>\n<\/li>\n<li>\n<h3>Maquinaria agr\u00edcola<\/h3>\n<p>Se utilizan en cargadoras frontales para recoger, levantar y transportar tierra, heno y otros materiales. En las excavadoras, el cilindro del cuchar\u00f3n facilita la excavaci\u00f3n al permitir que el cuchar\u00f3n penetre en el suelo. En las cargadoras frontales, facilitan la elevaci\u00f3n y descarga eficiente de mercanc\u00edas.<\/p>\n<\/li>\n<\/ul>\n<h2>Consideraciones de dise\u00f1o y est\u00e1ndares de selecci\u00f3n<\/h2>\n<p>Los cilindros de cangilones est\u00e1n dise\u00f1ados teniendo en cuenta varios factores clave, tales como:<\/p>\n<ul>\n<li>\n<h3>Capacidad de carga<\/h3>\n<p>Los cilindros de cangilones est\u00e1n fabricados con materiales de alta resistencia y est\u00e1n dise\u00f1ados para soportar cargas pesadas y alta presi\u00f3n.<\/p>\n<\/li>\n<li>\n<h3>Caza de focas<\/h3>\n<p>Diversos componentes de sellado, como los sellos de pist\u00f3n y de v\u00e1stago, est\u00e1n fabricados con materiales resistentes al desgaste para garantizar una larga vida \u00fatil. Los cuerpos de los cilindros y las superficies de los extremos de las roscas est\u00e1n finamente procesados \u200b\u200bpara mejorar la resistencia al desgaste.<\/p>\n<\/li>\n<li>\n<h3>Durabilidad y seguridad<\/h3>\n<p>Los cilindros de cangilones se someten a un riguroso control de calidad para garantizar que cumplan con los est\u00e1ndares de la industria y sean seguros de operar. Est\u00e1n dise\u00f1ados para facilitar su mantenimiento y reparaci\u00f3n, garantizando as\u00ed una larga vida \u00fatil.<\/p>\n<\/li>\n<\/ul>\n<p><img decoding=\"async\" src=\"https:\/\/www.hydraulic-cylinders.net\/wp-content\/uploads\/2025\/01\/songte-oil-pipes-and-spare-parts.webp\" alt=\"Imagen de piezas del cilindro del cubo\"><\/p>\n<h2>Sellado y lubricaci\u00f3n<\/h2>\n<p>Los cilindros de cangilones utilizan diversos tipos de sellos, como sellos de pist\u00f3n y sellos de v\u00e1stago, fabricados con materiales resistentes al desgaste como poliuretano y caucho de nitrilo. Los cuerpos de los cilindros y las superficies de los extremos de las roscas se procesan con precisi\u00f3n para mejorar la resistencia al desgaste. Es importante a\u00f1adir regularmente el aceite hidr\u00e1ulico adecuado para mantener el cilindro lubricado.<\/p>\n<h2>Mantenimiento peri\u00f3dico y medidas preventivas<\/h2>\n<p>Un mantenimiento adecuado es vital para garantizar la longevidad y el rendimiento \u00f3ptimo de los cilindros de cangilones. Las tareas de mantenimiento m\u00e1s comunes incluyen:<\/p>\n<ul>\n<li>\n<h3>Inspecci\u00f3n regular<\/h3>\n<p>Las inspecciones regulares ayudan a identificar problemas potenciales y prevenir da\u00f1os importantes antes de que ocurran.<\/p>\n<\/li>\n<li>\n<h3>Lubricaci\u00f3n<\/h3>\n<p>Es necesaria una lubricaci\u00f3n regular para mantener el cilindro funcionando sin problemas.<\/p>\n<\/li>\n<li>\n<h3>Sustituci\u00f3n de juntas y comprobaci\u00f3n de calibraci\u00f3n<\/h3>\n<p>El reemplazo regular de los sellos desgastados y los controles de calibraci\u00f3n ayudan a mantener un rendimiento \u00f3ptimo.<\/p>\n<\/li>\n<\/ul>\n<p><img decoding=\"async\" src=\"https:\/\/www.hydraulic-cylinders.net\/wp-content\/uploads\/2025\/01\/songte-chushion-collar.webp\" alt=\"Imagen de mantenimiento del cilindro del cuchar\u00f3n\"><\/p>\n<h2>Consideraciones de seguridad y factores ambientales<\/h2>\n<p>Los cilindros de cangilones est\u00e1n dise\u00f1ados para una operaci\u00f3n segura, por lo que se deben tomar las medidas de seguridad adecuadas al operar maquinaria pesada. Factores ambientales como la temperatura y la humedad pueden afectar el rendimiento de los cilindros de cangilones, por lo que se deben tomar las medidas adecuadas para garantizar su \u00f3ptimo rendimiento en diversas condiciones ambientales.<\/p>\n<h2>Diagn\u00f3stico de fallas y problemas comunes<\/h2>\n<p>Los problemas comunes con los cilindros de cangilones incluyen fugas, da\u00f1os en los sellos y un funcionamiento incorrecto. La inspecci\u00f3n y el mantenimiento regulares pueden ayudar a prevenir estos problemas. Si ocurre un problema, es fundamental realizar un diagn\u00f3stico adecuado, y las soluciones comunes incluyen la reparaci\u00f3n o el reemplazo de los componentes da\u00f1ados.<\/p>\n<p><img decoding=\"async\" src=\"https:\/\/www.hydraulic-cylinders.net\/wp-content\/uploads\/2025\/01\/songte-bushings-with-all-kinds-of-excavator-models.webp\" alt=\"Imagen del problema del cilindro del cubo\"><\/p>\n<h2>Acerca de nuestra empresa<\/h2>\n<p>Somos un fabricante y distribuidor mayorista l\u00edder de cilindros hidr\u00e1ulicos, que ofrece una gama completa de productos a los mercados nacional e internacional. Nuestra empresa se adhiere a una estrategia de gesti\u00f3n de producci\u00f3n industrializada basada en la excelencia, contando con un sofisticado taller de fabricaci\u00f3n, talento t\u00e9cnico, equipos de fabricaci\u00f3n digitales de alta gama y sistemas de prueba profesionales para mejorar continuamente nuestra plataforma de fabricaci\u00f3n, perfeccionar la calidad de nuestros productos y poseer una s\u00f3lida capacidad de innovaci\u00f3n. Nos comprometemos a satisfacer las diversas necesidades de nuestros clientes con alta eficiencia, precisi\u00f3n y calidad.<\/p>\n<p><img decoding=\"async\" src=\"https:\/\/hzpt.com\/wp-content\/uploads\/2024\/11\/songte-company-1.webp\" alt=\"Imagen de la empresa\"><\/p>\n<h3>Profesionalismo<\/h3>\n<p>Nos comprometemos a brindar asesoramiento y soluciones profesionales a nuestros clientes, garantizando que obtengan el producto adecuado para sus necesidades espec\u00edficas.<\/p>\n<h3>Certificaci\u00f3n Internacional<\/h3>\n<p>Nuestros productos est\u00e1n certificados para cumplir con los est\u00e1ndares internacionales, garantizando que satisfacen las necesidades del mercado global.<\/p>\n<h3>Servicio de personalizaci\u00f3n<\/h3>\n<p>Brindamos servicios personalizados para satisfacer las necesidades individuales de los clientes, garantizando que obtengan un producto que satisfaga sus requisitos \u00fanicos.<\/p>\n<h3>Equipos de producci\u00f3n<\/h3>\n<p>Nuestros talleres de fabricaci\u00f3n est\u00e1n equipados con maquinaria de \u00faltima generaci\u00f3n para garantizar una producci\u00f3n de alta calidad de nuestros cilindros hidr\u00e1ulicos.<\/p>\n<h3>Servicio posventa<\/h3>\n<p>Ofrecemos un servicio posventa integral para garantizar que nuestros clientes obtengan el soporte que necesitan durante la vida \u00fatil de su cilindro hidr\u00e1ulico.<\/p>\n<h4>Autor: lyl<\/h4>","protected":false},"excerpt":{"rendered":"<p>Bucket Cylinder For Caterpillar Small Excavator E302.4D Introduction A bucket cylinder is a specially designed hydraulic cylinder mainly used to control the movement of the bucket in heavy machinery such as excavators, backhoe loaders, and front loaders. Its main function is to enable the bucket to lift, lower and tilt to facilitate various material handling [&hellip;]<\/p>","protected":false},"featured_media":14773,"comment_status":"open","ping_status":"closed","template":"","meta":{"_et_pb_use_builder":"","_et_pb_old_content":"","_et_gb_content_width":""},"product_brand":[],"product_cat":[1494],"product_tag":[1495,1496],"class_list":{"0":"post-15201","1":"product","2":"type-product","3":"status-publish","4":"has-post-thumbnail","6":"product_cat-bucket-cylinders","7":"product_tag-bucket-cylinders","8":"product_tag-hydraulic-cylinders","10":"first","11":"instock","12":"shipping-taxable","13":"product-type-simple"},"amp_enabled":true,"_links":{"self":[{"href":"https:\/\/www.hydraulic-cylinders.net\/es\/wp-json\/wp\/v2\/product\/15201","targetHints":{"allow":["GET"]}}],"collection":[{"href":"https:\/\/www.hydraulic-cylinders.net\/es\/wp-json\/wp\/v2\/product"}],"about":[{"href":"https:\/\/www.hydraulic-cylinders.net\/es\/wp-json\/wp\/v2\/types\/product"}],"replies":[{"embeddable":true,"href":"https:\/\/www.hydraulic-cylinders.net\/es\/wp-json\/wp\/v2\/comments?post=15201"}],"wp:featuredmedia":[{"embeddable":true,"href":"https:\/\/www.hydraulic-cylinders.net\/es\/wp-json\/wp\/v2\/media\/14773"}],"wp:attachment":[{"href":"https:\/\/www.hydraulic-cylinders.net\/es\/wp-json\/wp\/v2\/media?parent=15201"}],"wp:term":[{"taxonomy":"product_brand","embeddable":true,"href":"https:\/\/www.hydraulic-cylinders.net\/es\/wp-json\/wp\/v2\/product_brand?post=15201"},{"taxonomy":"product_cat","embeddable":true,"href":"https:\/\/www.hydraulic-cylinders.net\/es\/wp-json\/wp\/v2\/product_cat?post=15201"},{"taxonomy":"product_tag","embeddable":true,"href":"https:\/\/www.hydraulic-cylinders.net\/es\/wp-json\/wp\/v2\/product_tag?post=15201"}],"curies":[{"name":"wp","href":"https:\/\/api.w.org\/{rel}","templated":true}]}}