{"id":15203,"date":"2025-01-19T14:14:05","date_gmt":"2025-01-19T14:14:05","guid":{"rendered":"https:\/\/www.hydraulic-cylinders.net\/product\/bucket-cylinder-for-caterpillar-small-excavator-e308b\/"},"modified":"2025-01-19T14:14:07","modified_gmt":"2025-01-19T14:14:07","slug":"bucket-cylinder-for-caterpillar-small-excavator-e308b","status":"publish","type":"product","link":"https:\/\/www.hydraulic-cylinders.net\/es\/producto\/bucket-cylinder-for-caterpillar-small-excavator-e308b\/","title":{"rendered":"Cilindro de cuchar\u00f3n para excavadora peque\u00f1a Caterpillar E308B"},"content":{"rendered":"<h1>Cilindro de cuchar\u00f3n para excavadora peque\u00f1a Caterpillar E308B<\/h1>\n<h2>Introducci\u00f3n<\/h2>\n<p>Un cilindro de cuchar\u00f3n es un cilindro hidr\u00e1ulico especializado, dise\u00f1ado principalmente para controlar el movimiento del cuchar\u00f3n en maquinaria pesada como excavadoras, retroexcavadoras y cargadoras frontales. Su funci\u00f3n principal es permitir que el cuchar\u00f3n se eleve, baje e incline, facilitando diversas tareas de manipulaci\u00f3n de materiales. En un sistema hidr\u00e1ulico, el cilindro del cuchar\u00f3n controla con precisi\u00f3n el movimiento del cuchar\u00f3n mediante cambios en la presi\u00f3n del aceite hidr\u00e1ulico, lo que permite a los operadores manipular cargas pesadas con eficiencia y adaptarse a entornos de trabajo complejos y a diversos requisitos.<\/p>\n<p><img decoding=\"async\" src=\"https:\/\/www.hydraulic-cylinders.net\/wp-content\/uploads\/2025\/01\/songte-company-2.webp\"><\/p>\n<h2>Caracter\u00edsticas<\/h2>\n<ul>\n<li><strong>Alta resistencia y durabilidad:<\/strong> Generalmente fabricado en acero o aluminio de alta resistencia, puede soportar alta presi\u00f3n y cargas pesadas, adaptarse a entornos de trabajo hostiles y est\u00e1 dise\u00f1ado teniendo en cuenta la resistencia al desgaste y la corrosi\u00f3n para prolongar la vida \u00fatil.<\/li>\n<li><strong>Operaci\u00f3n hidr\u00e1ulica eficiente:<\/strong> El cilindro del cuchar\u00f3n logra una extensi\u00f3n y retracci\u00f3n suaves a trav\u00e9s de la presi\u00f3n del aceite hidr\u00e1ulico, lo que permite una respuesta r\u00e1pida a los comandos de control, proporciona poderosas fuerzas de empuje y tracci\u00f3n y es adecuado para manipular cargas pesadas y tareas complejas.<\/li>\n<li><strong>Varios tipos:<\/strong> El cilindro del cuchar\u00f3n puede seleccionarse como de simple efecto (hidr\u00e1ulica en una sola direcci\u00f3n) o de doble efecto (hidr\u00e1ulica en ambas direcciones) seg\u00fan las necesidades operativas. Algunos modelos son telesc\u00f3picos, lo que permite una mayor extensi\u00f3n sin aumentar las dimensiones externas, lo que los hace ideales para aplicaciones con espacio limitado.<\/li>\n<li><strong>F\u00e1cil reemplazo:<\/strong> Nuestros productos pueden reemplazar perfectamente estos cilindros hidr\u00e1ulicos. <\/li>\n<\/ul>\n<p><img decoding=\"async\" src=\"https:\/\/www.hydraulic-cylinders.net\/wp-content\/uploads\/2025\/01\/songte-cylinder-head-with-all-kinds-excavator-models.webp\"><\/p>\n<h2>Aplicaciones<\/h2>\n<p>El cilindro del cuchar\u00f3n es esencial para excavar, cargar y mover tierra o escombros en diversas maquinarias pesadas, entre ellas:<\/p>\n<ul>\n<li><strong>Equipos de construcci\u00f3n:<\/strong> En las excavadoras, son cruciales para excavar, cargar y mover tierra o escombros. En las retroexcavadoras, el cilindro del cuchar\u00f3n facilita la excavaci\u00f3n y la elevaci\u00f3n. <\/li>\n<li><strong>Maquinaria agr\u00edcola:<\/strong> Se utiliza para cargadores frontales, para recoger, levantar y transportar tierra, heno y otros materiales. <\/li>\n<li><strong>Excavadoras:<\/strong> El cilindro del cuchar\u00f3n consigue la acci\u00f3n de excavaci\u00f3n permitiendo que el cuchar\u00f3n penetre en el suelo. <\/li>\n<li><strong>Cargadores:<\/strong> En los cargadores frontales, ayudan a levantar y descargar mercanc\u00edas de manera eficiente.<\/li>\n<\/ul>\n<h2>Consideraciones de dise\u00f1o y criterios de selecci\u00f3n<\/h2>\n<p>A la hora de seleccionar un cilindro de cuchar\u00f3n, se deben tener en cuenta varios factores, entre ellos:<\/p>\n<ul>\n<li><strong>Capacidad de carga:<\/strong> El cilindro del cuchar\u00f3n debe ser capaz de soportar el peso del material que se manipula.<\/li>\n<li><strong>Caza de focas:<\/strong> Diversos sellos, como sellos de pist\u00f3n, sellos de varilla, etc., deben estar hechos de materiales resistentes al desgaste como poliuretano y caucho de nitrilo, y la superficie del cuerpo del cilindro y los extremos roscados deben procesarse finamente para mejorar la resistencia al desgaste.<\/li>\n<li><strong>Durabilidad:<\/strong> El cilindro del cuchar\u00f3n debe estar hecho de materiales de alta resistencia para soportar alta presi\u00f3n y cargas pesadas y dise\u00f1ado teniendo en cuenta materiales resistentes al desgaste y la corrosi\u00f3n para prolongar la vida \u00fatil.<\/li>\n<li><strong>Seguridad y mantenimiento:<\/strong> El cilindro del cuchar\u00f3n debe estar dise\u00f1ado para garantizar un mantenimiento seguro y sencillo, incluido el acceso f\u00e1cil a los accesorios para su inspecci\u00f3n, el reemplazo f\u00e1cil de sellos u otras piezas, etc.<\/li>\n<\/ul>\n<p><img decoding=\"async\" src=\"https:\/\/www.hydraulic-cylinders.net\/wp-content\/uploads\/2025\/01\/songte-oil-pipes-and-spare-parts.webp\"><\/p>\n<h2>Sellado y lubricaci\u00f3n<\/h2>\n<p>El cilindro del cuchar\u00f3n utiliza diversos componentes de sellado, como sellos de pist\u00f3n, sellos de v\u00e1stago, etc., fabricados con materiales resistentes al desgaste como poliuretano y caucho de nitrilo. La superficie del cuerpo del cilindro y de los extremos roscados est\u00e1 finamente procesada para mejorar la resistencia al desgaste, y se debe a\u00f1adir regularmente una cantidad adecuada de aceite hidr\u00e1ulico para su lubricaci\u00f3n.<\/p>\n<h2>Mantenimiento preventivo e inspecci\u00f3n<\/h2>\n<p>La inspecci\u00f3n regular y el mantenimiento preventivo pueden reducir la probabilidad de tiempos de inactividad inesperados y prolongar la vida \u00fatil del cilindro del cuchar\u00f3n. Las tareas de mantenimiento m\u00e1s comunes incluyen:<\/p>\n<ul>\n<li>Inspecci\u00f3n regular<\/li>\n<li>Lubricaci\u00f3n adecuada<\/li>\n<li>Reemplazo del sello<\/li>\n<li>Comprobaci\u00f3n de calibraci\u00f3n<\/li>\n<\/ul>\n<p><img decoding=\"async\" src=\"https:\/\/www.hydraulic-cylinders.net\/wp-content\/uploads\/2025\/01\/songte-chushion-collar.webp\"><\/p>\n<h2>Consideraciones de seguridad y factores ambientales<\/h2>\n<p>Al operar el cilindro del cuchar\u00f3n, es fundamental seguir los protocolos de seguridad para evitar lesiones o da\u00f1os al equipo. Se deben tomar las medidas de seguridad adecuadas para garantizar un uso seguro del cilindro durante la operaci\u00f3n. Tambi\u00e9n se deben considerar los factores ambientales para garantizar que el cilindro del cuchar\u00f3n se utilice de conformidad con las normas y regulaciones de protecci\u00f3n ambiental.<\/p>\n<h2>Soluci\u00f3n de problemas y problemas comunes<\/h2>\n<p>Algunos problemas comunes que pueden ocurrir al utilizar el cilindro del cuchar\u00f3n incluyen:<\/p>\n<ul>\n<li>Fuga de fluido hidr\u00e1ulico<\/li>\n<li>Ruidos inusuales durante el funcionamiento<\/li>\n<li>Dificultad para controlar el cubo<\/li>\n<\/ul>\n<p>Para solucionar estos problemas, se recomienda consultar a un profesional. Un mantenimiento regular puede ayudar a prevenirlos.<\/p>\n<p><img decoding=\"async\" src=\"https:\/\/www.hydraulic-cylinders.net\/wp-content\/uploads\/2025\/01\/songte-bushings-with-all-kinds-of-excavator-models.webp\"><\/p>\n<h2>Acerca de nuestra empresa<\/h2>\n<p>Somos fabricantes de cilindros hidr\u00e1ulicos de repuesto con una gama completa de productos y nos hemos convertido en uno de los principales fabricantes y distribuidores mayoristas de cilindros hidr\u00e1ulicos en el mercado nacional e internacional. Nos adherimos al principio de excelente calidad y nos basamos en estrategias de gesti\u00f3n de producci\u00f3n industrializadas en talleres de fabricaci\u00f3n de alta calidad. Nuestra empresa mejora continuamente la plataforma de fabricaci\u00f3n, perfecciona el proceso de calidad de la producci\u00f3n y cuenta con una s\u00f3lida capacidad creativa. Con los principios de alta eficiencia, alta precisi\u00f3n y alta calidad, satisfacemos las diversas necesidades de nuestros clientes.<\/p>\n<p>Nuestra empresa cuenta con diversas certificaciones internacionales y ofrece servicios personalizados, equipos de fabricaci\u00f3n digital de alta gama y sistemas de pruebas profesionales. Nos esforzamos por ofrecerle los mejores productos y servicios.<\/p>\n<h3>Especialidades<\/h3>\n<ul>\n<li>Certificaci\u00f3n Internacional<\/li>\n<li>Servicios de personalizaci\u00f3n<\/li>\n<li>Equipos de fabricaci\u00f3n de alta gama<\/li>\n<li>Servicio posventa<\/li>\n<\/ul>\n<p><img decoding=\"async\" src=\"https:\/\/hzpt.com\/wp-content\/uploads\/2024\/11\/songte-company-1.webp\"><\/p>\n<p>Autor: lyl.<\/p>","protected":false},"excerpt":{"rendered":"<p>Bucket Cylinder For Caterpillar Small Excavator E308B Introduction A bucket cylinder is a specialized hydraulic cylinder designed primarily for controlling the movement of the bucket in heavy machinery such as excavators, backhoes, and front-end loaders. Its main function is to enable the bucket to lift, lower, and tilt, making it easy to handle various material-handling [&hellip;]<\/p>","protected":false},"featured_media":14769,"comment_status":"open","ping_status":"closed","template":"","meta":{"_et_pb_use_builder":"","_et_pb_old_content":"","_et_gb_content_width":""},"product_brand":[],"product_cat":[1494],"product_tag":[1495,1496],"class_list":{"0":"post-15203","1":"product","2":"type-product","3":"status-publish","4":"has-post-thumbnail","6":"product_cat-bucket-cylinders","7":"product_tag-bucket-cylinders","8":"product_tag-hydraulic-cylinders","10":"first","11":"instock","12":"shipping-taxable","13":"product-type-simple"},"amp_enabled":true,"_links":{"self":[{"href":"https:\/\/www.hydraulic-cylinders.net\/es\/wp-json\/wp\/v2\/product\/15203","targetHints":{"allow":["GET"]}}],"collection":[{"href":"https:\/\/www.hydraulic-cylinders.net\/es\/wp-json\/wp\/v2\/product"}],"about":[{"href":"https:\/\/www.hydraulic-cylinders.net\/es\/wp-json\/wp\/v2\/types\/product"}],"replies":[{"embeddable":true,"href":"https:\/\/www.hydraulic-cylinders.net\/es\/wp-json\/wp\/v2\/comments?post=15203"}],"wp:featuredmedia":[{"embeddable":true,"href":"https:\/\/www.hydraulic-cylinders.net\/es\/wp-json\/wp\/v2\/media\/14769"}],"wp:attachment":[{"href":"https:\/\/www.hydraulic-cylinders.net\/es\/wp-json\/wp\/v2\/media?parent=15203"}],"wp:term":[{"taxonomy":"product_brand","embeddable":true,"href":"https:\/\/www.hydraulic-cylinders.net\/es\/wp-json\/wp\/v2\/product_brand?post=15203"},{"taxonomy":"product_cat","embeddable":true,"href":"https:\/\/www.hydraulic-cylinders.net\/es\/wp-json\/wp\/v2\/product_cat?post=15203"},{"taxonomy":"product_tag","embeddable":true,"href":"https:\/\/www.hydraulic-cylinders.net\/es\/wp-json\/wp\/v2\/product_tag?post=15203"}],"curies":[{"name":"wp","href":"https:\/\/api.w.org\/{rel}","templated":true}]}}