{"id":15204,"date":"2025-01-19T14:14:09","date_gmt":"2025-01-19T14:14:09","guid":{"rendered":"https:\/\/www.hydraulic-cylinders.net\/product\/bucket-cylinder-for-caterpillar-small-excavator-e312dl\/"},"modified":"2025-01-19T14:14:11","modified_gmt":"2025-01-19T14:14:11","slug":"bucket-cylinder-for-caterpillar-small-excavator-e312dl","status":"publish","type":"product","link":"https:\/\/www.hydraulic-cylinders.net\/es\/producto\/bucket-cylinder-for-caterpillar-small-excavator-e312dl\/","title":{"rendered":"Cilindro de cuchar\u00f3n para excavadora peque\u00f1a Caterpillar E312DL"},"content":{"rendered":"<p><!DOCTYPE html><br \/>\n<html><br \/>\n<head><br \/>\n<title>Cilindro de cuchar\u00f3n para excavadora peque\u00f1a Caterpillar E312DL<\/title><br \/>\n<\/head><br \/>\n<body><\/p>\n<h1>Cilindro de cuchar\u00f3n para excavadora peque\u00f1a Caterpillar E312DL<\/h1>\n<h2>Introducci\u00f3n<\/h2>\n<p>El cilindro del cuchar\u00f3n para la excavadora peque\u00f1a Caterpillar E312DL es un cilindro hidr\u00e1ulico especialmente dise\u00f1ado que controla el movimiento del cuchar\u00f3n en maquinaria pesada como excavadoras, retroexcavadoras y cargadoras frontales. Su funci\u00f3n principal es permitir la elevaci\u00f3n, el descenso y la inclinaci\u00f3n del cuchar\u00f3n, lo que facilita diversas tareas de manipulaci\u00f3n de materiales. En un sistema hidr\u00e1ulico, el cilindro del cuchar\u00f3n logra un control preciso del cuchar\u00f3n variando la presi\u00f3n del aceite hidr\u00e1ulico, lo que permite a los operadores manipular cargas pesadas con eficiencia y adaptarse a entornos de trabajo complejos y a diversos requisitos.<\/p>\n<p><img decoding=\"async\" src=\"https:\/\/www.hydraulic-cylinders.net\/wp-content\/uploads\/2025\/01\/songte-company-2.webp\" alt=\"Imagen del cilindro del cubo\"><\/p>\n<h2>Caracter\u00edsticas<\/h2>\n<ul>\n<li>Alta resistencia y durabilidad: Fabricado generalmente en acero o aluminio de alta resistencia, soporta alta presi\u00f3n y cargas pesadas, adapt\u00e1ndose a entornos de trabajo hostiles. Su dise\u00f1o considera la resistencia al desgaste y a la corrosi\u00f3n para prolongar su vida \u00fatil.<\/li>\n<li>Operaci\u00f3n hidr\u00e1ulica eficiente: al utilizar la presi\u00f3n del aceite hidr\u00e1ulico, logra acciones de extensi\u00f3n y retracci\u00f3n suaves, responde r\u00e1pidamente a los comandos de control, proporciona poderosas fuerzas de empuje y tracci\u00f3n y es adecuado para manipular cargas pesadas y tareas laborales complejas.<\/li>\n<li>Varios Tipos: Se pueden elegir cilindros de simple efecto (hidr\u00e1ulicos utilizados en un solo sentido) o de doble efecto (hidr\u00e1ulicos utilizados en ambos sentidos) seg\u00fan las necesidades, y algunos modelos son telesc\u00f3picos, lo que permite una mayor extensi\u00f3n sin aumentar las dimensiones externas, haci\u00e9ndolos adecuados para aplicaciones con espacio limitado.<\/li>\n<li>Reemplazo directo: Nuestro producto puede sustituir perfectamente estos cilindros hidr\u00e1ulicos.<\/li>\n<\/ul>\n<p><img decoding=\"async\" src=\"https:\/\/www.hydraulic-cylinders.net\/wp-content\/uploads\/2025\/01\/songte-cylinder-head-with-all-kinds-excavator-models.webp\" alt=\"Imagen del producto\"><\/p>\n<h2>Aplicaciones<\/h2>\n<ul>\n<li>Equipos de construcci\u00f3n: Se encuentran en las excavadoras y son esenciales para excavar, cargar y mover tierra o escombros. En las retroexcavadoras, el cilindro del cuchar\u00f3n facilita tanto la excavaci\u00f3n como la elevaci\u00f3n.<\/li>\n<li>Maquinaria agr\u00edcola: Se utiliza en cargadoras frontales para recoger, levantar y transportar tierra, heno y otros materiales.<\/li>\n<li>Excavadoras: El cilindro del cuchar\u00f3n permite realizar acciones de excavaci\u00f3n al permitir que el cuchar\u00f3n penetre en el suelo.<\/li>\n<li>Cargadores: En los cargadores frontales, ayudan a levantar y descargar la mercanc\u00eda de forma eficiente.<\/li>\n<\/ul>\n<h2>Consideraciones de dise\u00f1o y criterios de selecci\u00f3n<\/h2>\n<ul>\n<li>Capacidad de carga: Analice la capacidad del cilindro para soportar cargas.<\/li>\n<li>Sellado: Explique la importancia de un sellado eficaz para evitar fugas.<\/li>\n<li>Durabilidad: Analice la resistencia del cilindro al desgaste y la corrosi\u00f3n.<\/li>\n<li>Seguridad: abordar consideraciones de seguridad en el dise\u00f1o.<\/li>\n<li>Mantenibilidad: Analice la facilidad de mantenimiento y reparaci\u00f3n.<\/li>\n<\/ul>\n<p><img decoding=\"async\" src=\"https:\/\/www.hydraulic-cylinders.net\/wp-content\/uploads\/2025\/01\/songte-oil-pipes-and-spare-parts.webp\" alt=\"Imagen del producto\"><\/p>\n<h2>Sellado y lubricaci\u00f3n<\/h2>\n<p>El cilindro del cuchar\u00f3n utiliza diversos elementos de sellado, como sellos de pist\u00f3n y de v\u00e1stago, fabricados con materiales duraderos como poliuretano y caucho de nitrilo. El cuerpo del cilindro y los extremos roscados reciben un tratamiento fino para mejorar la resistencia al desgaste. Es necesaria una lubricaci\u00f3n regular con la cantidad adecuada de aceite hidr\u00e1ulico para garantizar un funcionamiento suave y prolongar la vida \u00fatil del cilindro.<\/p>\n<h2>Inspecci\u00f3n regular y mantenimiento preventivo<\/h2>\n<ul>\n<li>Inspeccione peri\u00f3dicamente el cilindro para detectar cualquier signo de da\u00f1o o desgaste.<\/li>\n<li>Aseg\u00farese de que haya una lubricaci\u00f3n adecuada.<\/li>\n<li>Sustituya las juntas cuando sea necesario.<\/li>\n<li>Realice comprobaciones de calibraci\u00f3n para mantener un rendimiento \u00f3ptimo.<\/li>\n<\/ul>\n<h2>Instrucciones de instalaci\u00f3n<\/h2>\n<p>Una instalaci\u00f3n correcta es crucial para el rendimiento del cilindro del cuchar\u00f3n. Se proporciona orientaci\u00f3n sobre la correcta alineaci\u00f3n del cilindro y se recomienda el uso de soportes de instalaci\u00f3n adecuados para fijarlo en su lugar. Se incluyen instrucciones paso a paso, procedimientos recomendados de inspecci\u00f3n, reparaci\u00f3n y reemplazo, as\u00ed como consejos para prolongar la vida \u00fatil del cilindro.<\/p>\n<p><img decoding=\"async\" src=\"https:\/\/www.hydraulic-cylinders.net\/wp-content\/uploads\/2025\/01\/songte-chushion-collar.webp\" alt=\"Imagen del producto\"><\/p>\n<h2>Consideraciones de seguridad y factores ambientales<\/h2>\n<p>Analice la importancia de las medidas de seguridad al utilizar el cilindro del cuchar\u00f3n y aborde cualquier inquietud ambiental relacionada con su funcionamiento.<\/p>\n<h2>Soluci\u00f3n de problemas y problemas comunes<\/h2>\n<p>Identifique los problemas comunes que pueden surgir con el cilindro del cuchar\u00f3n y proporcione consejos y soluciones para ayudar a los lectores a diagnosticar y resolver problemas eficazmente. Ofrezca medidas preventivas para minimizar posibles problemas.<\/p>\n<p><img decoding=\"async\" src=\"https:\/\/www.hydraulic-cylinders.net\/wp-content\/uploads\/2025\/01\/songte-bushings-with-all-kinds-of-excavator-models.webp\" alt=\"Imagen del producto\"><\/p>\n<p>Recuerde organizar el art\u00edculo de forma l\u00f3gica, utilizar subt\u00edtulos para facilitar la navegaci\u00f3n, incorporar im\u00e1genes o gr\u00e1ficos relevantes para una mejor comprensi\u00f3n y asegurarse de que el contenido sea claro, conciso y adecuado para lectores con distintos niveles de conocimientos t\u00e9cnicos.<\/p>\n<h2>Acerca de nuestra empresa<\/h2>\n<p>Nuestra empresa fabrica cilindros hidr\u00e1ulicos de repuesto. Ofrecemos una amplia gama de productos y nos hemos convertido en uno de los principales fabricantes y distribuidores mayoristas de cilindros hidr\u00e1ulicos en el mercado nacional e internacional. Priorizamos la excelente calidad y nos basamos en estrategias de gesti\u00f3n de la producci\u00f3n industrial en nuestros refinados talleres de fabricaci\u00f3n. Gracias a nuestra gran capacidad creativa, satisfacemos las diversas necesidades de nuestros clientes con alta eficiencia, precisi\u00f3n y calidad. Nuestra empresa es reconocida por su profesionalismo, certificaciones internacionales, servicios personalizados, equipos de producci\u00f3n avanzados y un excelente servicio posventa.<\/p>\n<p><img decoding=\"async\" src=\"https:\/\/www.hydraulic-cylinders.net\/wp-content\/uploads\/2025\/01\/songte-company-3.webp\" alt=\"Imagen de la empresa\"><\/p>\n<p>Autor: lyl<\/p>\n<p><\/body><br \/>\n<\/html><\/p>","protected":false},"excerpt":{"rendered":"<p>Bucket Cylinder For Caterpillar Small Excavator E312DL Bucket Cylinder For Caterpillar Small Excavator E312DL Introduction The bucket cylinder for Caterpillar small excavator E312DL is a specially designed hydraulic cylinder that controls the movement of the bucket in heavy machinery such as excavators, backhoe loaders, and front-end loaders. Its main function is to enable the lifting, [&hellip;]<\/p>","protected":false},"featured_media":14765,"comment_status":"open","ping_status":"closed","template":"","meta":{"_et_pb_use_builder":"","_et_pb_old_content":"","_et_gb_content_width":""},"product_brand":[],"product_cat":[1494],"product_tag":[1495,1496],"class_list":{"0":"post-15204","1":"product","2":"type-product","3":"status-publish","4":"has-post-thumbnail","6":"product_cat-bucket-cylinders","7":"product_tag-bucket-cylinders","8":"product_tag-hydraulic-cylinders","10":"first","11":"instock","12":"shipping-taxable","13":"product-type-simple"},"amp_enabled":true,"_links":{"self":[{"href":"https:\/\/www.hydraulic-cylinders.net\/es\/wp-json\/wp\/v2\/product\/15204","targetHints":{"allow":["GET"]}}],"collection":[{"href":"https:\/\/www.hydraulic-cylinders.net\/es\/wp-json\/wp\/v2\/product"}],"about":[{"href":"https:\/\/www.hydraulic-cylinders.net\/es\/wp-json\/wp\/v2\/types\/product"}],"replies":[{"embeddable":true,"href":"https:\/\/www.hydraulic-cylinders.net\/es\/wp-json\/wp\/v2\/comments?post=15204"}],"wp:featuredmedia":[{"embeddable":true,"href":"https:\/\/www.hydraulic-cylinders.net\/es\/wp-json\/wp\/v2\/media\/14765"}],"wp:attachment":[{"href":"https:\/\/www.hydraulic-cylinders.net\/es\/wp-json\/wp\/v2\/media?parent=15204"}],"wp:term":[{"taxonomy":"product_brand","embeddable":true,"href":"https:\/\/www.hydraulic-cylinders.net\/es\/wp-json\/wp\/v2\/product_brand?post=15204"},{"taxonomy":"product_cat","embeddable":true,"href":"https:\/\/www.hydraulic-cylinders.net\/es\/wp-json\/wp\/v2\/product_cat?post=15204"},{"taxonomy":"product_tag","embeddable":true,"href":"https:\/\/www.hydraulic-cylinders.net\/es\/wp-json\/wp\/v2\/product_tag?post=15204"}],"curies":[{"name":"wp","href":"https:\/\/api.w.org\/{rel}","templated":true}]}}