{"id":15208,"date":"2025-01-19T14:14:25","date_gmt":"2025-01-19T14:14:25","guid":{"rendered":"https:\/\/www.hydraulic-cylinders.net\/product\/bucket-cylinder-for-caterpillar-small-excavator-e306ez\/"},"modified":"2025-01-19T14:14:27","modified_gmt":"2025-01-19T14:14:27","slug":"bucket-cylinder-for-caterpillar-small-excavator-e306ez","status":"publish","type":"product","link":"https:\/\/www.hydraulic-cylinders.net\/es\/producto\/bucket-cylinder-for-caterpillar-small-excavator-e306ez\/","title":{"rendered":"Cilindro de cuchar\u00f3n para excavadora peque\u00f1a Caterpillar E306EZ"},"content":{"rendered":"<p><!DOCTYPE html><br \/>\n<html><br \/>\n<head><br \/>\n<title>Cilindro de cuchar\u00f3n para excavadora peque\u00f1a Caterpillar E306EZ<\/title><br \/>\n<\/head><br \/>\n<body><\/p>\n<h1>Cilindro de cuchar\u00f3n para excavadora peque\u00f1a Caterpillar E306EZ<\/h1>\n<h2>Introducci\u00f3n<\/h2>\n<p>El cilindro del cuchar\u00f3n para la excavadora peque\u00f1a Caterpillar E306EZ es un cilindro hidr\u00e1ulico de dise\u00f1o espec\u00edfico que se utiliza para controlar el movimiento del cuchar\u00f3n en maquinaria pesada como excavadoras, retroexcavadoras y cargadoras frontales. Su funci\u00f3n principal es permitir la elevaci\u00f3n, el descenso y la inclinaci\u00f3n del cuchar\u00f3n, lo que lo hace ideal para diversas tareas de manipulaci\u00f3n de materiales. En un sistema hidr\u00e1ulico, el cilindro del cuchar\u00f3n logra un control preciso del cuchar\u00f3n aprovechando los cambios en la presi\u00f3n del aceite hidr\u00e1ulico, lo que permite a los operadores manipular cargas pesadas con eficiencia y adaptarse a entornos de trabajo complejos y a diversos requisitos.<\/p>\n<p><img decoding=\"async\" src=\"https:\/\/www.hydraulic-cylinders.net\/wp-content\/uploads\/2025\/01\/songte-company-2.webp\" alt=\"Imagen del cilindro del cubo\"><\/p>\n<h2>Caracter\u00edsticas<\/h2>\n<ul>\n<li>Alta resistencia y durabilidad: Fabricado generalmente en acero o aluminio de alta resistencia, soporta alta presi\u00f3n y cargas pesadas, adapt\u00e1ndose a entornos de trabajo hostiles. Su dise\u00f1o considera la resistencia al desgaste y a la corrosi\u00f3n, prolongando as\u00ed su vida \u00fatil.<\/li>\n<li>Operaci\u00f3n hidr\u00e1ulica eficiente: utiliza la presi\u00f3n del aceite hidr\u00e1ulico para lograr movimientos suaves de extensi\u00f3n y retracci\u00f3n, lo que permite una respuesta r\u00e1pida a los comandos de control y proporciona poderosas fuerzas de empuje y tracci\u00f3n adecuadas para manipular cargas pesadas y tareas de trabajo complejas.<\/li>\n<li>Diversos tipos: Disponibles en cilindros de simple efecto (presi\u00f3n hidr\u00e1ulica en un solo sentido) o de doble efecto (presi\u00f3n hidr\u00e1ulica en ambos sentidos), lo que permite diferentes requisitos operativos. Algunos modelos son telesc\u00f3picos, lo que permite una mayor extensi\u00f3n sin aumentar las dimensiones externas, lo que los hace ideales para aplicaciones con espacio limitado.<\/li>\n<li>Reemplazo perfecto: Nuestro producto puede reemplazar perfectamente estos cilindros hidr\u00e1ulicos.<\/li>\n<\/ul>\n<p><img decoding=\"async\" src=\"https:\/\/www.hydraulic-cylinders.net\/wp-content\/uploads\/2025\/01\/songte-cylinder-head-with-all-kinds-excavator-models.webp\" alt=\"Imagen de reemplazo de producto\"><\/p>\n<h2>Aplicaciones<\/h2>\n<p>Los cilindros de cangilones encuentran aplicaciones en diversas industrias y equipos:<\/p>\n<h3>Equipos de construcci\u00f3n:<\/h3>\n<ul>\n<li>Excavadoras: Vitales para excavar, cargar y mover tierra o escombros. El cilindro del cuchar\u00f3n facilita la excavaci\u00f3n al permitir que el cuchar\u00f3n penetre en el suelo.<\/li>\n<li>Retroexcavadoras: El cilindro del cuchar\u00f3n ayuda tanto en las tareas de excavaci\u00f3n como de elevaci\u00f3n.<\/li>\n<\/ul>\n<h3>Maquinaria agr\u00edcola:<\/h3>\n<ul>\n<li>Cargadores frontales: se utilizan para recoger, levantar y transportar tierra, heno y otros materiales.<\/li>\n<\/ul>\n<h3>Excavadoras:<\/h3>\n<ul>\n<li>Los cilindros del cuchar\u00f3n permiten realizar acciones de excavaci\u00f3n al facilitar la penetraci\u00f3n del cuchar\u00f3n en el suelo.<\/li>\n<\/ul>\n<h3>Cargadores frontales:<\/h3>\n<ul>\n<li>El cilindro del cuchar\u00f3n ayuda a levantar y descargar mercanc\u00edas de manera eficiente.<\/li>\n<\/ul>\n<h2>Consideraciones de dise\u00f1o y criterios de selecci\u00f3n<\/h2>\n<ul>\n<li>Capacidad de carga: Analice la capacidad de soportar cargas pesadas.<\/li>\n<li>Sellado: Analice la importancia de un sellado eficaz para evitar fugas.<\/li>\n<li>Durabilidad: Analice la necesidad de un rendimiento duradero y resistencia al desgaste.<\/li>\n<li>Seguridad: Analice las consideraciones de seguridad en el dise\u00f1o del cilindro del cuchar\u00f3n.<\/li>\n<li>Mantenibilidad: Analice la facilidad de mantenimiento y reparaci\u00f3n.<\/li>\n<\/ul>\n<p><img decoding=\"async\" src=\"https:\/\/www.hydraulic-cylinders.net\/wp-content\/uploads\/2025\/01\/songte-oil-pipes-and-spare-parts.webp\" alt=\"Imagen de dise\u00f1o de producto\"><\/p>\n<h2>Sellado y lubricaci\u00f3n<\/h2>\n<p>El cilindro del cuchar\u00f3n utiliza diversos sellos, como sellos de pist\u00f3n y sellos de v\u00e1stago, fabricados con materiales resistentes al desgaste como poliuretano y caucho de nitrilo. El cuerpo del cilindro y las superficies roscadas de los extremos se someten a un tratamiento preciso para mejorar la resistencia al desgaste. Es necesaria una lubricaci\u00f3n regular con el aceite hidr\u00e1ulico adecuado para garantizar un funcionamiento fluido.<\/p>\n<h2>Medidas de inspecci\u00f3n y mantenimiento preventivo<\/h2>\n<ul>\n<li>Inspecciones regulares<\/li>\n<li>Lubricaci\u00f3n adecuada<\/li>\n<li>Reemplazo del sello<\/li>\n<li>Comprobaciones de calibraci\u00f3n<\/li>\n<\/ul>\n<h2>Gu\u00eda de instalaci\u00f3n del producto<\/h2>\n<p>Una instalaci\u00f3n correcta es crucial para el rendimiento \u00f3ptimo del cilindro del cuchar\u00f3n. Aseg\u00farese de que est\u00e9 alineado con la gu\u00eda correcta para la instalaci\u00f3n del cilindro. Se recomienda utilizar soportes de instalaci\u00f3n adecuados para asegurar el cilindro.<\/p>\n<p><img decoding=\"async\" src=\"https:\/\/www.hydraulic-cylinders.net\/wp-content\/uploads\/2025\/01\/songte-chushion-collar.webp\" alt=\"Imagen de la gu\u00eda de instalaci\u00f3n\"><\/p>\n<h2>Tareas de mantenimiento<\/h2>\n<p>Tres tareas comunes de mantenimiento incluyen inspecciones regulares, lubricaci\u00f3n adecuada y reemplazo de sellos. Enfatice la importancia de una correcta instalaci\u00f3n, lubricaci\u00f3n y ajuste. Brinde orientaci\u00f3n para alinear el cilindro durante la instalaci\u00f3n. Recomiende procedimientos de inspecci\u00f3n, reparaci\u00f3n y reemplazo. Ofrezca repuestos y servicios de reconstrucci\u00f3n para prolongar la vida \u00fatil del cilindro del cuchar\u00f3n.<\/p>\n<p><img decoding=\"async\" src=\"https:\/\/www.hydraulic-cylinders.net\/wp-content\/uploads\/2025\/01\/songte-bushings-with-all-kinds-of-excavator-models.webp\" alt=\"Imagen de tareas de mantenimiento\"><\/p>\n<h2>Consideraciones de seguridad y factores ambientales<\/h2>\n<p>Resaltar la importancia de las medidas de seguridad al utilizar el cilindro del cuchar\u00f3n y su impacto en el medio ambiente.<\/p>\n<h2>Soluci\u00f3n de problemas y problemas comunes<\/h2>\n<p>Analice posibles fallos de funcionamiento y proporcione consejos y soluciones para ayudar a los lectores a diagnosticar y resolver problemas eficazmente. Sugiera medidas preventivas para minimizar posibles problemas.<\/p>\n<p><img decoding=\"async\" src=\"https:\/\/www.hydraulic-cylinders.net\/wp-content\/uploads\/2025\/01\/songte-company-1.webp\" alt=\"Soluci\u00f3n de problemas de imagen\"><\/p>\n<h2>Acerca de nuestra empresa<\/h2>\n<p>Somos fabricantes de cilindros hidr\u00e1ulicos de repuesto y uno de los principales fabricantes y distribuidores mayoristas en el mercado nacional e internacional. Nuestra empresa sigue una estrategia de gesti\u00f3n de la producci\u00f3n centrada en la excelencia y se basa en la gesti\u00f3n de la producci\u00f3n industrializada en sofisticados talleres de fabricaci\u00f3n. Gracias a nuestro talento t\u00e9cnico, equipos de fabricaci\u00f3n digitalizados de alta gama y sistemas de prueba profesionales, mejoramos continuamente nuestra plataforma de fabricaci\u00f3n, optimizamos la calidad de nuestros productos y contamos con una s\u00f3lida capacidad de innovaci\u00f3n. Nuestro objetivo es satisfacer las diversas necesidades de nuestros clientes con alta eficiencia, precisi\u00f3n y calidad.<\/p>\n<p><img decoding=\"async\" src=\"https:\/\/www.hydraulic-cylinders.net\/wp-content\/uploads\/2025\/01\/songte-company-3.webp\" alt=\"Imagen de la empresa\"><\/p>\n<h3>Profesionalismo<\/h3>\n<p>Nuestra empresa enfatiza el profesionalismo en todos los aspectos de nuestras operaciones.<\/p>\n<h3>Certificaciones internacionales<\/h3>\n<p>Hemos obtenido diversas certificaciones internacionales para garantizar la calidad y confiabilidad de nuestros productos.<\/p>\n<h3>Servicios de personalizaci\u00f3n<\/h3>\n<p>Ofrecemos servicios de personalizaci\u00f3n para satisfacer los requisitos espec\u00edficos del cliente.<\/p>\n<h3>Equipos de producci\u00f3n<\/h3>\n<p>Contamos con equipos de producci\u00f3n avanzados para respaldar una fabricaci\u00f3n eficiente y precisa.<\/p>\n<h3>Servicio postventa<\/h3>\n<p>Brindamos un servicio postventa integral para garantizar la satisfacci\u00f3n del cliente.<\/p>\n<p><em>Autor: lyl<\/em><\/p>\n<p><\/body><br \/>\n<\/html><\/p>","protected":false},"excerpt":{"rendered":"<p>Bucket Cylinder For Caterpillar Small Excavator E306EZ Bucket Cylinder For Caterpillar Small Excavator E306EZ Introduction The bucket cylinder for Caterpillar small excavator E306EZ is a specifically designed hydraulic cylinder used to control the movement of the bucket in heavy machinery such as excavators, backhoe loaders, and front-end loaders. Its primary function is to enable the [&hellip;]<\/p>","protected":false},"featured_media":14788,"comment_status":"open","ping_status":"closed","template":"","meta":{"_et_pb_use_builder":"","_et_pb_old_content":"","_et_gb_content_width":""},"product_brand":[],"product_cat":[1494],"product_tag":[1495,1496],"class_list":{"0":"post-15208","1":"product","2":"type-product","3":"status-publish","4":"has-post-thumbnail","6":"product_cat-bucket-cylinders","7":"product_tag-bucket-cylinders","8":"product_tag-hydraulic-cylinders","10":"first","11":"instock","12":"shipping-taxable","13":"product-type-simple"},"amp_enabled":true,"_links":{"self":[{"href":"https:\/\/www.hydraulic-cylinders.net\/es\/wp-json\/wp\/v2\/product\/15208","targetHints":{"allow":["GET"]}}],"collection":[{"href":"https:\/\/www.hydraulic-cylinders.net\/es\/wp-json\/wp\/v2\/product"}],"about":[{"href":"https:\/\/www.hydraulic-cylinders.net\/es\/wp-json\/wp\/v2\/types\/product"}],"replies":[{"embeddable":true,"href":"https:\/\/www.hydraulic-cylinders.net\/es\/wp-json\/wp\/v2\/comments?post=15208"}],"wp:featuredmedia":[{"embeddable":true,"href":"https:\/\/www.hydraulic-cylinders.net\/es\/wp-json\/wp\/v2\/media\/14788"}],"wp:attachment":[{"href":"https:\/\/www.hydraulic-cylinders.net\/es\/wp-json\/wp\/v2\/media?parent=15208"}],"wp:term":[{"taxonomy":"product_brand","embeddable":true,"href":"https:\/\/www.hydraulic-cylinders.net\/es\/wp-json\/wp\/v2\/product_brand?post=15208"},{"taxonomy":"product_cat","embeddable":true,"href":"https:\/\/www.hydraulic-cylinders.net\/es\/wp-json\/wp\/v2\/product_cat?post=15208"},{"taxonomy":"product_tag","embeddable":true,"href":"https:\/\/www.hydraulic-cylinders.net\/es\/wp-json\/wp\/v2\/product_tag?post=15208"}],"curies":[{"name":"wp","href":"https:\/\/api.w.org\/{rel}","templated":true}]}}