{"id":15213,"date":"2025-01-19T14:14:44","date_gmt":"2025-01-19T14:14:44","guid":{"rendered":"https:\/\/www.hydraulic-cylinders.net\/product\/bucket-cylinder-for-caterpillar-small-excavator-e300-9d301-7d\/"},"modified":"2025-01-19T14:14:46","modified_gmt":"2025-01-19T14:14:46","slug":"bucket-cylinder-for-caterpillar-small-excavator-e300-9d301-7d","status":"publish","type":"product","link":"https:\/\/www.hydraulic-cylinders.net\/es\/producto\/bucket-cylinder-for-caterpillar-small-excavator-e300-9d301-7d\/","title":{"rendered":"Cilindro de cuchar\u00f3n para excavadora peque\u00f1a Caterpillar E300.9D301.7D"},"content":{"rendered":"<h1>Cilindro de cuchar\u00f3n para excavadora peque\u00f1a Caterpillar E300.9D301.7D<\/h1>\n<h2>Introducci\u00f3n<\/h2>\n<p>Un cilindro de cuchar\u00f3n es un cilindro hidr\u00e1ulico especialmente dise\u00f1ado que se utiliza principalmente para controlar el movimiento del cuchar\u00f3n en maquinaria pesada como excavadoras, retroexcavadoras y cargadoras frontales. Su funci\u00f3n principal es permitir que el cuchar\u00f3n se eleve, baje e incline, facilitando diversas tareas de manipulaci\u00f3n de materiales. En el sistema hidr\u00e1ulico, el cilindro del cuchar\u00f3n logra un control preciso del cuchar\u00f3n mediante cambios en la presi\u00f3n del aceite hidr\u00e1ulico, lo que permite a los operadores manipular cargas pesadas con eficiencia y adaptarse a entornos de trabajo complejos y a diversos requisitos.<\/p>\n<p><img decoding=\"async\" src=\"https:\/\/www.hydraulic-cylinders.net\/wp-content\/uploads\/2025\/01\/songte-company-2.webp\"><\/p>\n<h2>Caracter\u00edsticas<\/h2>\n<ul>\n<li>Alta resistencia y durabilidad: generalmente fabricados en acero o aluminio de alta resistencia, capaces de soportar alta presi\u00f3n y cargas pesadas, y dise\u00f1ados teniendo en cuenta la resistencia al desgaste y la corrosi\u00f3n, lo que prolonga la vida \u00fatil.<\/li>\n<li>Operaci\u00f3n hidr\u00e1ulica eficiente: Acci\u00f3n telesc\u00f3pica suave lograda mediante el uso de presi\u00f3n de aceite hidr\u00e1ulico, capaz de responder r\u00e1pidamente a los comandos de control y proporcionar una fuerte fuerza de empuje y tracci\u00f3n, adecuada para manipular cargas pesadas y tareas laborales complejas.<\/li>\n<li>Variedad de tipos: Se pueden elegir cilindros de simple efecto (hidr\u00e1ulicos utilizados en una sola direcci\u00f3n) o de doble efecto (hidr\u00e1ulicos utilizados en dos direcciones) seg\u00fan las necesidades para satisfacer diferentes requisitos operativos. Algunos modelos son telesc\u00f3picos, lo que permite una mayor extensi\u00f3n sin aumentar las dimensiones externas, ideal para aplicaciones con espacio limitado.<\/li>\n<li>Reemplazo perfecto: Nuestro producto puede reemplazar perfectamente estos cilindros hidr\u00e1ulicos.<\/li>\n<\/ul>\n<p><img decoding=\"async\" src=\"https:\/\/www.hydraulic-cylinders.net\/wp-content\/uploads\/2025\/01\/songte-cylinder-head-with-all-kinds-excavator-models.webp\"><\/p>\n<h2>Aplicaciones<\/h2>\n<h3>Equipos de construcci\u00f3n<\/h3>\n<p>En las excavadoras, son esenciales para excavar, cargar y mover tierra o escombros. En las retroexcavadoras, los cilindros del cuchar\u00f3n ayudan tanto en la excavaci\u00f3n como en la elevaci\u00f3n. En las cargadoras frontales, ayudan a elevar y descargar la carga eficazmente.<\/p>\n<h3>Maquinaria agr\u00edcola<\/h3>\n<p>Se utiliza en cargadoras frontales para recoger, levantar y transportar tierra, heno y otros materiales. En las excavadoras, el cilindro del cuchar\u00f3n permite excavar al permitir que el cuchar\u00f3n penetre en el suelo. En las cargadoras frontales, ayuda a levantar e inclinar mercanc\u00edas eficazmente.<\/p>\n<p><img decoding=\"async\" src=\"https:\/\/www.hydraulic-cylinders.net\/wp-content\/uploads\/2025\/01\/songte-chushion-collar.webp\"><\/p>\n<h2>Consideraciones de dise\u00f1o y criterios de selecci\u00f3n<\/h2>\n<h3>capacidad de carga<\/h3>\n<p>La capacidad de carga del cilindro del cuchar\u00f3n debe considerarse al seleccionarlo o dise\u00f1arlo. Debe estar dise\u00f1ado para soportar la carga requerida y garantizar la seguridad durante la operaci\u00f3n.<\/p>\n<h3>Caza de focas<\/h3>\n<p>El sellado del cilindro de la cuchara es crucial para su funcionamiento. Debe utilizar diversos dispositivos de sellado, como el anillo de sellado del pist\u00f3n y el anillo de sellado del v\u00e1stago. El material de sellado debe ser resistente al desgaste, como poliuretano o caucho de nitrilo, y el cuerpo del cilindro y la superficie del extremo roscado deben estar finamente procesados \u200b\u200bpara mejorar la resistencia al desgaste.<\/p>\n<h3>Durabilidad<\/h3>\n<p>Un cilindro de cangil\u00f3n debe tener una larga vida \u00fatil. Por lo tanto, el material utilizado debe cumplir con los est\u00e1ndares de resistencia y tenacidad requeridos, ser resistente al desgaste y la corrosi\u00f3n, y soportar entornos de trabajo rigurosos.<\/p>\n<h3>Seguridad<\/h3>\n<p>El cilindro del cuchar\u00f3n debe contar con dispositivos de seguridad, como v\u00e1lvulas de alivio de sobrepresi\u00f3n, para evitar accidentes por mal funcionamiento o sobrecarga. Se debe prestar especial atenci\u00f3n al dise\u00f1o y la selecci\u00f3n de los componentes para garantizar un funcionamiento seguro.<\/p>\n<h3>Mantenimiento<\/h3>\n<p>El cilindro del cuchar\u00f3n debe estar dise\u00f1ado para facilitar su mantenimiento, con componentes f\u00e1cilmente reemplazables. Para garantizar un funcionamiento eficiente, se deben realizar inspecciones y reemplazos regulares de sellos, lubricaci\u00f3n y ajuste del v\u00e1stago del pist\u00f3n.<\/p>\n<p><img decoding=\"async\" src=\"https:\/\/www.hydraulic-cylinders.net\/wp-content\/uploads\/2025\/01\/songte-oil-pipes-and-spare-parts.webp\"><\/p>\n<h2>Gu\u00eda de instalaci\u00f3n<\/h2>\n<p>La instalaci\u00f3n del cilindro del cuchar\u00f3n debe seguir estos pasos:<\/p>\n<ul>\n<li>Alinee correctamente el cilindro<\/li>\n<li>Utilice soportes de instalaci\u00f3n adecuados para fijar el cilindro en su lugar<\/li>\n<li>Aseg\u00farese de que todas las conexiones sean seguras y sin fugas.<\/li>\n<li>Agregue la cantidad adecuada de aceite hidr\u00e1ulico para lubricaci\u00f3n.<\/li>\n<\/ul>\n<h2>Mantenimiento<\/h2>\n<p>El mantenimiento regular es crucial para garantizar el funcionamiento eficiente y prolongar la vida \u00fatil del cilindro del cuchar\u00f3n. Las siguientes son tareas de mantenimiento comunes:<\/p>\n<ul>\n<li>Inspecci\u00f3n regular<\/li>\n<li>Lubricaci\u00f3n adecuada<\/li>\n<li>Reemplazo de sellos<\/li>\n<li>Comprobaciones de calibraci\u00f3n<\/li>\n<\/ul>\n<h2>Consideraciones de seguridad y factores ambientales<\/h2>\n<p>Al utilizar el cilindro de la cuchara, se deben observar las medidas de seguridad para evitar accidentes. Tambi\u00e9n deben tenerse en cuenta factores ambientales, como las condiciones de trabajo y la temperatura, para garantizar el correcto funcionamiento del cilindro.<\/p>\n<h2>Soluci\u00f3n de problemas y problemas comunes<\/h2>\n<p>Los problemas comunes con el cilindro del cuchar\u00f3n incluyen fugas de aceite, presi\u00f3n insuficiente y ruidos anormales. Para solucionar problemas, se recomienda inspeccionar los sellos, verificar el nivel y la calidad del aceite, e inspeccionar el v\u00e1stago del pist\u00f3n para detectar signos de desgaste. Las medidas de precauci\u00f3n, como el mantenimiento regular y el uso correcto, pueden ayudar a reducir posibles problemas.<\/p>\n<p><img decoding=\"async\" src=\"https:\/\/www.hydraulic-cylinders.net\/wp-content\/uploads\/2025\/01\/songte-bushings-with-all-kinds-of-excavator-models.webp\"><\/p>\n<h2>Acerca de nuestra empresa<\/h2>\n<p>Somos fabricantes de cilindros hidr\u00e1ulicos y ofrecemos una gama completa de productos. Somos uno de los principales fabricantes y distribuidores mayoristas de cilindros hidr\u00e1ulicos en el mercado nacional e internacional. Nos basamos en el principio de la excelente calidad y en estrategias de gesti\u00f3n de producci\u00f3n industrializadas en talleres de alta calidad. Nuestra empresa mejora constantemente la plataforma de fabricaci\u00f3n, perfeccionando la calidad de los productos y aplicando principios de alta eficiencia, precisi\u00f3n y calidad para satisfacer las diversas necesidades de nuestros clientes.<\/p>\n<p><img decoding=\"async\" src=\"https:\/\/hzpt.com\/wp-content\/uploads\/2024\/11\/songte-company-1.webp\"><\/p>\n<h3>Profesionalismo<\/h3>\n<p>Nuestra empresa cuenta con un equipo de ingenieros y t\u00e9cnicos profesionales para ofrecer a nuestros clientes soluciones eficientes y fiables en cilindros hidr\u00e1ulicos. Gracias a nuestra amplia experiencia en fabricaci\u00f3n y a nuestra s\u00f3lida capacidad t\u00e9cnica, podemos ofrecer productos y servicios de alta calidad.<\/p>\n<h3>Certificaci\u00f3n Internacional<\/h3>\n<p>Nuestra empresa ha pasado una serie de certificaciones internacionales, como ISO y CE, para garantizar la calidad y seguridad de nuestros productos.<\/p>\n<h3>Servicios de personalizaci\u00f3n<\/h3>\n<p>Ofrecemos soluciones de cilindros hidr\u00e1ulicos personalizadas para clientes con requisitos espec\u00edficos para satisfacer sus necesidades \u00fanicas.<\/p>\n<h3>Equipos de producci\u00f3n<\/h3>\n<p>Nuestra empresa utiliza equipos de fabricaci\u00f3n digital avanzados para garantizar la precisi\u00f3n de los cilindros hidr\u00e1ulicos.<\/p>\n<h3>Servicio postventa<\/h3>\n<p>Brindamos servicios integrales de posventa, que incluyen mantenimiento, reparaci\u00f3n y reemplazo, para garantizar el funcionamiento eficiente a largo plazo de nuestros cilindros hidr\u00e1ulicos.<\/p>\n<p>Autor: lyl<\/p>","protected":false},"excerpt":{"rendered":"<p>Bucket Cylinder For Caterpillar Small Excavator E300.9D301.7D Introduction A bucket cylinder is a specially designed hydraulic cylinder primarily used to control the movement of a bucket in heavy machinery such as excavators, backhoes, and front-end loaders. Its main function is to enable the bucket to lift, lower, and tilt, making it easier to handle various [&hellip;]<\/p>","protected":false},"featured_media":14780,"comment_status":"open","ping_status":"closed","template":"","meta":{"_et_pb_use_builder":"","_et_pb_old_content":"","_et_gb_content_width":""},"product_brand":[],"product_cat":[1494],"product_tag":[1495,1496],"class_list":{"0":"post-15213","1":"product","2":"type-product","3":"status-publish","4":"has-post-thumbnail","6":"product_cat-bucket-cylinders","7":"product_tag-bucket-cylinders","8":"product_tag-hydraulic-cylinders","10":"first","11":"instock","12":"shipping-taxable","13":"product-type-simple"},"amp_enabled":true,"_links":{"self":[{"href":"https:\/\/www.hydraulic-cylinders.net\/es\/wp-json\/wp\/v2\/product\/15213","targetHints":{"allow":["GET"]}}],"collection":[{"href":"https:\/\/www.hydraulic-cylinders.net\/es\/wp-json\/wp\/v2\/product"}],"about":[{"href":"https:\/\/www.hydraulic-cylinders.net\/es\/wp-json\/wp\/v2\/types\/product"}],"replies":[{"embeddable":true,"href":"https:\/\/www.hydraulic-cylinders.net\/es\/wp-json\/wp\/v2\/comments?post=15213"}],"wp:featuredmedia":[{"embeddable":true,"href":"https:\/\/www.hydraulic-cylinders.net\/es\/wp-json\/wp\/v2\/media\/14780"}],"wp:attachment":[{"href":"https:\/\/www.hydraulic-cylinders.net\/es\/wp-json\/wp\/v2\/media?parent=15213"}],"wp:term":[{"taxonomy":"product_brand","embeddable":true,"href":"https:\/\/www.hydraulic-cylinders.net\/es\/wp-json\/wp\/v2\/product_brand?post=15213"},{"taxonomy":"product_cat","embeddable":true,"href":"https:\/\/www.hydraulic-cylinders.net\/es\/wp-json\/wp\/v2\/product_cat?post=15213"},{"taxonomy":"product_tag","embeddable":true,"href":"https:\/\/www.hydraulic-cylinders.net\/es\/wp-json\/wp\/v2\/product_tag?post=15213"}],"curies":[{"name":"wp","href":"https:\/\/api.w.org\/{rel}","templated":true}]}}