{"id":15215,"date":"2025-01-19T14:14:58","date_gmt":"2025-01-19T14:14:58","guid":{"rendered":"https:\/\/www.hydraulic-cylinders.net\/product\/bucket-cylinder-for-caterpillar-small-excavator-e307e\/"},"modified":"2025-01-19T14:14:59","modified_gmt":"2025-01-19T14:14:59","slug":"bucket-cylinder-for-caterpillar-small-excavator-e307e","status":"publish","type":"product","link":"https:\/\/www.hydraulic-cylinders.net\/es\/producto\/bucket-cylinder-for-caterpillar-small-excavator-e307e\/","title":{"rendered":"Cilindro de cuchar\u00f3n para excavadora peque\u00f1a Caterpillar E307E"},"content":{"rendered":"<h2>Cilindro de cuchar\u00f3n para excavadora peque\u00f1a Caterpillar E307E<\/h2>\n<h3>Introducci\u00f3n<\/h3>\n<p>Un cilindro de cuchar\u00f3n es un cilindro hidr\u00e1ulico especialmente dise\u00f1ado que se utiliza principalmente para controlar el movimiento de los cucharones en maquinaria pesada, como excavadoras, retroexcavadoras y cargadoras frontales. Su funci\u00f3n principal es permitir que el cuchar\u00f3n se eleve, baje e incline, facilitando diversas tareas de manipulaci\u00f3n de materiales. En el sistema hidr\u00e1ulico, el cilindro del cuchar\u00f3n logra un control preciso del cuchar\u00f3n mediante los cambios de presi\u00f3n del aceite hidr\u00e1ulico, lo que permite a los operadores manipular objetos pesados \u200b\u200bcon eficiencia y adaptarse a entornos de trabajo complejos y diversas necesidades operativas.<\/p>\n<p><img decoding=\"async\" src=\"https:\/\/www.hydraulic-cylinders.net\/wp-content\/uploads\/2025\/01\/songte-company-2.webp\"><\/p>\n<h3>Caracter\u00edsticas del producto<\/h3>\n<ul>\n<li>Alta resistencia y durabilidad: generalmente est\u00e1 hecho de acero o aluminio de alta resistencia, que puede soportar alta presi\u00f3n y cargas pesadas, se adapta a entornos de trabajo hostiles y est\u00e1 dise\u00f1ado teniendo en cuenta la resistencia al desgaste y la corrosi\u00f3n, lo que extiende su vida \u00fatil.<\/li>\n<li>Operaci\u00f3n hidr\u00e1ulica eficiente: utiliza la presi\u00f3n del aceite hidr\u00e1ulico para lograr una extensi\u00f3n y contracci\u00f3n suaves, responde r\u00e1pidamente a los comandos operativos, proporciona una fuerte fuerza de empuje y tracci\u00f3n y es adecuado para manipular objetos pesados \u200b\u200by tareas operativas complejas.<\/li>\n<li>Diversos tipos: Se pueden elegir cilindros de simple efecto (hidr\u00e1ulicos en una sola direcci\u00f3n) o de doble efecto (hidr\u00e1ulicos en ambas direcciones) seg\u00fan las necesidades para satisfacer diferentes requisitos operativos. Algunos modelos son telesc\u00f3picos, lo que permite una mayor extensi\u00f3n sin aumentar las dimensiones externas, lo que los hace ideales para aplicaciones con espacio limitado.<\/li>\n<li>F\u00e1cil reemplazo: Nuestros productos pueden reemplazar perfectamente estos cilindros hidr\u00e1ulicos.<\/li>\n<li>Personalizable: Nuestros productos se pueden personalizar para satisfacer las necesidades espec\u00edficas de los clientes.<\/li>\n<\/ul>\n<p><img decoding=\"async\" src=\"https:\/\/www.hydraulic-cylinders.net\/wp-content\/uploads\/2025\/01\/songte-cylinder-head-with-all-kinds-excavator-models.webp\"><\/p>\n<h3>Aplicaciones<\/h3>\n<p>El cilindro del cuchar\u00f3n se puede utilizar ampliamente en diversas maquinarias pesadas, que incluyen:<\/p>\n<ul>\n<li>Equipos de construcci\u00f3n: Las excavadoras, retroexcavadoras y cargadoras frontales utilizan cilindros de cuchara para excavar, cargar y mover tierra o escombros. En las retroexcavadoras, el cilindro de cuchara facilita tanto la excavaci\u00f3n como la elevaci\u00f3n.<\/li>\n<li>Maquinaria agr\u00edcola: Se utiliza en cargadoras frontales para recoger, levantar y transportar tierra, heno y otros materiales. En las excavadoras, el cilindro del cuchar\u00f3n permite excavar al permitir que el cuchar\u00f3n penetre en el suelo. En las cargadoras frontales, ayuda a levantar e inclinar mercanc\u00edas eficazmente.<\/li>\n<\/ul>\n<h3>Consideraciones de dise\u00f1o y criterios de selecci\u00f3n<\/h3>\n<p>El dise\u00f1o del cilindro del cuchar\u00f3n considera los siguientes factores:<\/p>\n<ul>\n<li>Capacidad de carga: El cilindro debe soportar alta presi\u00f3n y cargas pesadas.<\/li>\n<li>Sellado: Se deben seleccionar varias piezas de sellado, como sellos de pist\u00f3n y sellos de varilla, seg\u00fan la aplicaci\u00f3n para garantizar un sellado efectivo.<\/li>\n<li>Durabilidad: El cilindro debe estar dise\u00f1ado teniendo en cuenta la resistencia al desgaste y a la corrosi\u00f3n para prolongar su vida \u00fatil.<\/li>\n<li>Seguridad: El cilindro debe estar dise\u00f1ado para evitar accidentes y proteger a los operadores de da\u00f1os.<\/li>\n<li>Mantenimiento: El cilindro debe ser f\u00e1cil de mantener y reparar cuando sea necesario.<\/li>\n<\/ul>\n<p><img decoding=\"async\" src=\"https:\/\/www.hydraulic-cylinders.net\/wp-content\/uploads\/2025\/01\/songte-oil-pipes-and-spare-parts.webp\"><\/p>\n<h3>Sellado y lubricaci\u00f3n<\/h3>\n<p>The bucket cylinder uses various sealing parts, such as piston seals and rod seals, which should be selected based on the application to ensure effective sealing. The sealing parts should be made of wear-resistant materials, such as polyurethane and nitrile rubber. The cylinder body and threaded end surface should be finely processed to improve wear resistance. Moreover, regular lubrication with hydraulic oil is necessary to ensure smooth operation and extend the product&#8217;s lifespan.<\/p>\n<h3>Mantenimiento y reparaci\u00f3n<\/h3>\n<p>El mantenimiento y la inspecci\u00f3n regulares del cilindro del cuchar\u00f3n son esenciales para prolongar su vida \u00fatil. Las siguientes son tareas de mantenimiento comunes:<\/p>\n<ul>\n<li>Inspecci\u00f3n regular<\/li>\n<li>Lubricaci\u00f3n adecuada<\/li>\n<li>Reemplazo del sello<\/li>\n<li>Comprobaci\u00f3n de calibraci\u00f3n<\/li>\n<\/ul>\n<p>Una instalaci\u00f3n correcta tambi\u00e9n es crucial para garantizar el rendimiento \u00f3ptimo del cilindro. A continuaci\u00f3n, se detallan los procedimientos de instalaci\u00f3n recomendados:<\/p>\n<ul>\n<li>Alineaci\u00f3n correcta del cilindro<\/li>\n<li>Uso de soportes de instalaci\u00f3n adecuados para asegurar el cilindro<\/li>\n<li>Inspecci\u00f3n peri\u00f3dica, reparaci\u00f3n y sustituci\u00f3n de piezas.<\/li>\n<\/ul>\n<p><img decoding=\"async\" src=\"https:\/\/www.hydraulic-cylinders.net\/wp-content\/uploads\/2025\/01\/songte-chushion-collar.webp\"><\/p>\n<h3>Consideraciones de seguridad y factores ambientales<\/h3>\n<p>Al utilizar cilindros de cangilones, es importante tomar precauciones de seguridad, como usar equipo de protecci\u00f3n y seguir los procedimientos operativos adecuados, para prevenir accidentes y garantizar la seguridad de los trabajadores. Adem\u00e1s, se deben considerar factores ambientales, como la temperatura y la humedad, para garantizar un rendimiento \u00f3ptimo.<\/p>\n<h3>Soluci\u00f3n de problemas y problemas comunes<\/h3>\n<p>Los siguientes son problemas comunes que pueden ocurrir al utilizar cilindros de cangilones:<\/p>\n<ul>\n<li>Fuga<\/li>\n<li>Pega<\/li>\n<li>Baja eficiencia<\/li>\n<li>ruido anormal<\/li>\n<\/ul>\n<p>To troubleshoot these problems, it is recommended to check the sealing parts, lubrication, and other factors that may affect the cylinder&#8217;s performance. Proper maintenance and inspection can also reduce the likelihood of these problems occurring.<\/p>\n<p><img decoding=\"async\" src=\"https:\/\/www.hydraulic-cylinders.net\/wp-content\/uploads\/2025\/01\/songte-bushings-with-all-kinds-of-excavator-models.webp\"><\/p>\n<h3>Acerca de nuestra empresa<\/h3>\n<p>Nuestra empresa es l\u00edder en la fabricaci\u00f3n y venta al por mayor de cilindros hidr\u00e1ulicos en el mercado nacional e internacional. Nos basamos en el principio de excelente calidad y en la estrategia de gesti\u00f3n de la producci\u00f3n industrial de nuestros talleres de alta calidad. Mejoramos constantemente la plataforma de fabricaci\u00f3n de nuestros talleres, optimizamos la calidad de la producci\u00f3n y contamos con una gran capacidad creativa para satisfacer las diversas necesidades de nuestros clientes. Nuestros productos son personalizables y se pueden adaptar a las necesidades espec\u00edficas de cada cliente. Ofrecemos servicios profesionales y personalizados, y nuestros productos cuentan con certificaci\u00f3n internacional. Utilizamos equipos de fabricaci\u00f3n digital de alta gama y sistemas de prueba profesionales para garantizar la mejor calidad posible del producto. Tambi\u00e9n ofrecemos servicios de mantenimiento, reparaci\u00f3n y reconstrucci\u00f3n para prolongar la vida \u00fatil de nuestros productos. Nos enorgullecemos de nuestro compromiso con la entrega de productos de alta calidad y un excelente servicio al cliente.<\/p>\n<p><img decoding=\"async\" src=\"https:\/\/hzpt.com\/wp-content\/uploads\/2024\/11\/songte-company-1.webp\"><\/p>\n<p>Autor: lyl<\/p>","protected":false},"excerpt":{"rendered":"<p>Bucket Cylinder For Caterpillar Small Excavator E307E Introduction A bucket cylinder is a specially designed hydraulic cylinder primarily used to control the movement of buckets in heavy machinery such as excavators, backhoes, and front-end loaders. Its main function is to enable the bucket to lift, lower, and tilt, making it easier to perform various material [&hellip;]<\/p>","protected":false},"featured_media":14776,"comment_status":"open","ping_status":"closed","template":"","meta":{"_et_pb_use_builder":"","_et_pb_old_content":"","_et_gb_content_width":""},"product_brand":[],"product_cat":[1494],"product_tag":[1495,1496],"class_list":{"0":"post-15215","1":"product","2":"type-product","3":"status-publish","4":"has-post-thumbnail","6":"product_cat-bucket-cylinders","7":"product_tag-bucket-cylinders","8":"product_tag-hydraulic-cylinders","10":"first","11":"instock","12":"shipping-taxable","13":"product-type-simple"},"amp_enabled":true,"_links":{"self":[{"href":"https:\/\/www.hydraulic-cylinders.net\/es\/wp-json\/wp\/v2\/product\/15215","targetHints":{"allow":["GET"]}}],"collection":[{"href":"https:\/\/www.hydraulic-cylinders.net\/es\/wp-json\/wp\/v2\/product"}],"about":[{"href":"https:\/\/www.hydraulic-cylinders.net\/es\/wp-json\/wp\/v2\/types\/product"}],"replies":[{"embeddable":true,"href":"https:\/\/www.hydraulic-cylinders.net\/es\/wp-json\/wp\/v2\/comments?post=15215"}],"wp:featuredmedia":[{"embeddable":true,"href":"https:\/\/www.hydraulic-cylinders.net\/es\/wp-json\/wp\/v2\/media\/14776"}],"wp:attachment":[{"href":"https:\/\/www.hydraulic-cylinders.net\/es\/wp-json\/wp\/v2\/media?parent=15215"}],"wp:term":[{"taxonomy":"product_brand","embeddable":true,"href":"https:\/\/www.hydraulic-cylinders.net\/es\/wp-json\/wp\/v2\/product_brand?post=15215"},{"taxonomy":"product_cat","embeddable":true,"href":"https:\/\/www.hydraulic-cylinders.net\/es\/wp-json\/wp\/v2\/product_cat?post=15215"},{"taxonomy":"product_tag","embeddable":true,"href":"https:\/\/www.hydraulic-cylinders.net\/es\/wp-json\/wp\/v2\/product_tag?post=15215"}],"curies":[{"name":"wp","href":"https:\/\/api.w.org\/{rel}","templated":true}]}}