{"id":15217,"date":"2025-01-19T14:15:08","date_gmt":"2025-01-19T14:15:08","guid":{"rendered":"https:\/\/www.hydraulic-cylinders.net\/product\/bucket-cylinder-for-caterpillar-small-excavator-e313bcr\/"},"modified":"2025-01-19T14:15:11","modified_gmt":"2025-01-19T14:15:11","slug":"bucket-cylinder-for-caterpillar-small-excavator-e313bcr","status":"publish","type":"product","link":"https:\/\/www.hydraulic-cylinders.net\/es\/producto\/bucket-cylinder-for-caterpillar-small-excavator-e313bcr\/","title":{"rendered":"Cilindro de cuchar\u00f3n para excavadora peque\u00f1a Caterpillar E313BCR"},"content":{"rendered":"<h1>Cilindro de cuchar\u00f3n para excavadora peque\u00f1a Caterpillar E313BCR<\/h1>\n<h2>Introducci\u00f3n<\/h2>\n<p>El cilindro del cuchar\u00f3n para la excavadora peque\u00f1a Caterpillar E313BCR es un cilindro hidr\u00e1ulico especialmente dise\u00f1ado que se utiliza principalmente para controlar el movimiento de los cucharones en maquinaria pesada como excavadoras, retroexcavadoras y cargadoras frontales. Su funci\u00f3n principal es permitir que el cuchar\u00f3n se eleve, baje e incline, facilitando la manipulaci\u00f3n de diversos materiales. En el sistema hidr\u00e1ulico, el cilindro del cuchar\u00f3n controla con precisi\u00f3n los movimientos del cuchar\u00f3n mediante cambios en la presi\u00f3n del aceite hidr\u00e1ulico, lo que permite a los operadores manipular cargas pesadas con eficiencia y adaptarse a entornos de trabajo complejos y diversas exigencias operativas.<\/p>\n<p><img decoding=\"async\" src=\"https:\/\/www.hydraulic-cylinders.net\/wp-content\/uploads\/2025\/01\/songte-company-2.webp\" alt=\"Imagen del cilindro del cubo\"><\/p>\n<h2>Caracter\u00edsticas<\/h2>\n<ul>\n<li>Alta resistencia y durabilidad: generalmente fabricado en acero o aluminio de alta resistencia, puede soportar alta presi\u00f3n y cargas pesadas y est\u00e1 dise\u00f1ado teniendo en cuenta la resistencia al desgaste y la corrosi\u00f3n, prolongando su vida \u00fatil.<\/li>\n<li>Operaci\u00f3n hidr\u00e1ulica eficiente: utiliza presi\u00f3n de aceite hidr\u00e1ulico para lograr una extensi\u00f3n y retracci\u00f3n suaves, puede responder r\u00e1pidamente a los comandos de control, proporciona una poderosa fuerza de empuje y tracci\u00f3n y es adecuado para manipular cargas pesadas y tareas operativas complejas.<\/li>\n<li>Diversos tipos: Se pueden seleccionar cilindros de simple efecto (hidr\u00e1ulico en una sola direcci\u00f3n) o de doble efecto (hidr\u00e1ulico en dos direcciones) seg\u00fan sea necesario para satisfacer diferentes requisitos operativos. Algunos modelos son telesc\u00f3picos, lo que permite una mayor extensi\u00f3n sin aumentar las dimensiones externas y son ideales para aplicaciones con espacio limitado.<\/li>\n<li>F\u00e1cil de producir: podemos producir este producto y nuestros productos pueden reemplazar perfectamente estos cilindros hidr\u00e1ulicos.<\/li>\n<\/ul>\n<p><img decoding=\"async\" src=\"https:\/\/www.hydraulic-cylinders.net\/wp-content\/uploads\/2025\/01\/songte-cylinder-head-with-all-kinds-excavator-models.webp\" alt=\"Imagen del cilindro del cubo\"><\/p>\n<h2>Aplicaciones<\/h2>\n<h3>Equipos de construcci\u00f3n<\/h3>\n<p>En las excavadoras, son esenciales para excavar, cargar y mover tierra o escombros. En las retroexcavadoras, el cilindro del cuchar\u00f3n facilita la excavaci\u00f3n y la elevaci\u00f3n. En las cargadoras frontales, ayudan a elevar y descargar la carga eficazmente.<\/p>\n<h3>Maquinaria agr\u00edcola<\/h3>\n<p>Se utiliza en cargadoras frontales para recoger, levantar y transportar tierra, heno y otros materiales. En las excavadoras, el cilindro del cuchar\u00f3n facilita la excavaci\u00f3n al permitir que el cuchar\u00f3n penetre en el suelo. <\/p>\n<p><img decoding=\"async\" src=\"https:\/\/www.hydraulic-cylinders.net\/wp-content\/uploads\/2025\/01\/songte-chushion-collar.webp\" alt=\"Imagen del cilindro del cubo\"><\/p>\n<h2>Consideraciones de dise\u00f1o y criterios de selecci\u00f3n<\/h2>\n<ul>\n<li>Capacidad de carga: La capacidad de carga del cilindro debe ser capaz de soportar la carga m\u00e1xima prevista.<\/li>\n<li>Sellado: Los sellos, como los sellos de pist\u00f3n y los sellos de varilla, deben estar hechos de materiales resistentes al desgaste como poliuretano y caucho de nitrilo, y el cuerpo del cilindro y la superficie del extremo roscado deben procesarse finamente para mejorar la resistencia al desgaste.<\/li>\n<li>Durabilidad: El cilindro debe estar dise\u00f1ado para soportar condiciones ambientales adversas y ser resistente a la corrosi\u00f3n.<\/li>\n<li>Seguridad: Se deben dise\u00f1ar medidas de seguridad para garantizar una operaci\u00f3n segura y prevenir accidentes.<\/li>\n<li>Mantenimiento: El cilindro debe estar dise\u00f1ado teniendo en mente un f\u00e1cil mantenimiento y se deben realizar controles de mantenimiento peri\u00f3dicos para garantizar su correcto funcionamiento.<\/li>\n<\/ul>\n<p><img decoding=\"async\" src=\"https:\/\/www.hydraulic-cylinders.net\/wp-content\/uploads\/2025\/01\/songte-oil-pipes-and-spare-parts.webp\" alt=\"Imagen del cilindro del cubo\"><\/p>\n<h2>Sellado y lubricaci\u00f3n<\/h2>\n<p>Se utilizan diversos dispositivos de sellado, como sellos de pist\u00f3n y de v\u00e1stago, para garantizar que el aceite hidr\u00e1ulico no se escape del cilindro. El poliuretano y el caucho de nitrilo se utilizan com\u00fanmente como materiales de sellado resistentes al desgaste. El cuerpo del cilindro y la superficie del extremo roscado est\u00e1n finamente procesados \u200b\u200bpara aumentar la resistencia al desgaste. El cilindro requiere lubricaci\u00f3n regular con una cantidad adecuada de aceite hidr\u00e1ulico para garantizar un funcionamiento suave.<\/p>\n<h2>Mantenimiento preventivo e inspecci\u00f3n<\/h2>\n<p>Para minimizar posibles problemas, se deben realizar inspecciones peri\u00f3dicas y mantenimiento preventivo, que incluyan:<\/p>\n<ul>\n<li>Lubricaci\u00f3n regular<\/li>\n<li>Inspecci\u00f3n peri\u00f3dica de los sellos para detectar fugas o desgaste.<\/li>\n<li>Comprobaciones peri\u00f3dicas de calibraci\u00f3n<\/li>\n<\/ul>\n<h2>Consideraciones de seguridad y factores ambientales<\/h2>\n<p>Al operar maquinaria pesada, siempre se deben tomar medidas de seguridad, incluyendo la capacitaci\u00f3n adecuada de los operadores, la inspecci\u00f3n peri\u00f3dica del equipo y el cumplimiento de los procedimientos de seguridad recomendados. Al seleccionar un cilindro hidr\u00e1ulico, tambi\u00e9n se deben considerar factores ambientales, como el uso de aceite hidr\u00e1ulico biodegradable.<\/p>\n<h2>Soluci\u00f3n de problemas y problemas comunes<\/h2>\n<p>Los problemas comunes incluyen fugas en los sellos, da\u00f1os en el v\u00e1stago del pist\u00f3n y lubricaci\u00f3n inadecuada. Los consejos para la soluci\u00f3n de problemas incluyen verificar si hay fugas, inspeccionar el v\u00e1stago del pist\u00f3n y asegurar una lubricaci\u00f3n adecuada.<\/p>\n<p><img decoding=\"async\" src=\"https:\/\/www.hydraulic-cylinders.net\/wp-content\/uploads\/2025\/01\/songte-bushings-with-all-kinds-of-excavator-models.webp\" alt=\"Imagen del cilindro del cubo\"><\/p>\n<h2>Acerca de nuestra empresa<\/h2>\n<p>Somos fabricantes de cilindros hidr\u00e1ulicos de repuesto con una gama completa de productos y nos hemos convertido en uno de los principales fabricantes y mayoristas de cilindros hidr\u00e1ulicos en el mercado nacional e internacional. Nos adherimos a una pol\u00edtica de excelente calidad, bas\u00e1ndonos en la estrategia de gesti\u00f3n de la producci\u00f3n industrial de nuestros talleres de alta calidad. Mejoramos continuamente la plataforma de fabricaci\u00f3n, perfeccionamos la cadena de producci\u00f3n de calidad del producto y nos esforzamos por satisfacer las diversas necesidades de nuestros clientes con los principios de alta eficiencia, precisi\u00f3n y calidad.<\/p>\n<ul>\n<li>Profesionalismo<\/li>\n<li>Certificaci\u00f3n internacional<\/li>\n<li>Servicios de personalizaci\u00f3n<\/li>\n<li>Equipos de producci\u00f3n avanzados<\/li>\n<li>Servicio posventa<\/li>\n<\/ul>\n<p><img decoding=\"async\" src=\"https:\/\/hzpt.com\/wp-content\/uploads\/2024\/11\/songte-company-1.webp\" alt=\"Imagen del cilindro del cubo\"><\/p>\n<p>Autor: lyl<\/p>","protected":false},"excerpt":{"rendered":"<p>Bucket Cylinder For Caterpillar Small Excavator E313BCR Introduction The Bucket Cylinder for Caterpillar Small Excavator E313BCR is a specially designed hydraulic cylinder primarily used to control the movement of buckets in heavy machinery such as excavators, backhoe loaders, and front-end loaders. Its main function is to enable the bucket to lift, lower, and tilt, making [&hellip;]<\/p>","protected":false},"featured_media":14771,"comment_status":"open","ping_status":"closed","template":"","meta":{"_et_pb_use_builder":"","_et_pb_old_content":"","_et_gb_content_width":""},"product_brand":[],"product_cat":[1494],"product_tag":[1495,1496],"class_list":{"0":"post-15217","1":"product","2":"type-product","3":"status-publish","4":"has-post-thumbnail","6":"product_cat-bucket-cylinders","7":"product_tag-bucket-cylinders","8":"product_tag-hydraulic-cylinders","10":"first","11":"instock","12":"shipping-taxable","13":"product-type-simple"},"amp_enabled":true,"_links":{"self":[{"href":"https:\/\/www.hydraulic-cylinders.net\/es\/wp-json\/wp\/v2\/product\/15217","targetHints":{"allow":["GET"]}}],"collection":[{"href":"https:\/\/www.hydraulic-cylinders.net\/es\/wp-json\/wp\/v2\/product"}],"about":[{"href":"https:\/\/www.hydraulic-cylinders.net\/es\/wp-json\/wp\/v2\/types\/product"}],"replies":[{"embeddable":true,"href":"https:\/\/www.hydraulic-cylinders.net\/es\/wp-json\/wp\/v2\/comments?post=15217"}],"wp:featuredmedia":[{"embeddable":true,"href":"https:\/\/www.hydraulic-cylinders.net\/es\/wp-json\/wp\/v2\/media\/14771"}],"wp:attachment":[{"href":"https:\/\/www.hydraulic-cylinders.net\/es\/wp-json\/wp\/v2\/media?parent=15217"}],"wp:term":[{"taxonomy":"product_brand","embeddable":true,"href":"https:\/\/www.hydraulic-cylinders.net\/es\/wp-json\/wp\/v2\/product_brand?post=15217"},{"taxonomy":"product_cat","embeddable":true,"href":"https:\/\/www.hydraulic-cylinders.net\/es\/wp-json\/wp\/v2\/product_cat?post=15217"},{"taxonomy":"product_tag","embeddable":true,"href":"https:\/\/www.hydraulic-cylinders.net\/es\/wp-json\/wp\/v2\/product_tag?post=15217"}],"curies":[{"name":"wp","href":"https:\/\/api.w.org\/{rel}","templated":true}]}}