{"id":15226,"date":"2025-01-19T14:15:44","date_gmt":"2025-01-19T14:15:44","guid":{"rendered":"https:\/\/www.hydraulic-cylinders.net\/product\/bucket-cylinder-for-caterpillar-middle-excavator-e320-320b\/"},"modified":"2025-01-19T14:15:46","modified_gmt":"2025-01-19T14:15:46","slug":"bucket-cylinder-for-caterpillar-middle-excavator-e320-320b","status":"publish","type":"product","link":"https:\/\/www.hydraulic-cylinders.net\/es\/producto\/bucket-cylinder-for-caterpillar-middle-excavator-e320-320b\/","title":{"rendered":"Cilindro de cuchar\u00f3n para excavadora intermedia Caterpillar E320\/320B"},"content":{"rendered":"<p><!--h1-->Cilindro de cuchar\u00f3n para excavadora intermedia Caterpillar E320\/320B<!--\/h1--><\/p>\n<p><!--h2-->Introducci\u00f3n<!--\/h2--><\/p>\n<p>Un cilindro de cuchar\u00f3n es un cilindro hidr\u00e1ulico especialmente dise\u00f1ado que se utiliza para controlar el movimiento del cuchar\u00f3n en maquinaria pesada como excavadoras, retroexcavadoras y cargadoras de ruedas. Su funci\u00f3n principal es permitir la elevaci\u00f3n, el descenso y la inclinaci\u00f3n del cuchar\u00f3n, facilitando la realizaci\u00f3n de diversas tareas de manipulaci\u00f3n de materiales. En un sistema hidr\u00e1ulico, el cilindro del cuchar\u00f3n logra un control preciso del cuchar\u00f3n variando la presi\u00f3n del aceite hidr\u00e1ulico, lo que permite a los operadores manipular cargas pesadas con eficiencia y adaptarse a entornos de trabajo complejos y a diversos requisitos.<\/p>\n<p><!--img--><br \/>\n<img decoding=\"async\" src=\"https:\/\/www.hydraulic-cylinders.net\/wp-content\/uploads\/2025\/01\/songte-company-2.webp\"><\/p>\n<p><!--h2-->Caracter\u00edsticas<!--\/h2--><\/p>\n<ul>\n<li><strong>Alta resistencia y durabilidad:<\/strong> Fabricado generalmente en acero o aluminio de alta resistencia, el cilindro del cuchar\u00f3n puede soportar alta presi\u00f3n y cargas pesadas, adapt\u00e1ndose a entornos de trabajo hostiles. Su dise\u00f1o tambi\u00e9n considera la resistencia al desgaste y a la corrosi\u00f3n, lo que prolonga su vida \u00fatil.<\/li>\n<li><strong>Operaci\u00f3n hidr\u00e1ulica eficiente:<\/strong> Al utilizar la presi\u00f3n del aceite hidr\u00e1ulico, el cilindro del cuchar\u00f3n logra movimientos suaves de extensi\u00f3n y retracci\u00f3n, respondiendo r\u00e1pidamente a los comandos de control y proporcionando potentes fuerzas de empuje y tracci\u00f3n. Es ideal para manipular cargas pesadas y realizar tareas complejas.<\/li>\n<li><strong>Varios tipos:<\/strong> El cilindro del cuchar\u00f3n puede seleccionarse como de simple efecto (hidr\u00e1ulico en un solo sentido) o de doble efecto (hidr\u00e1ulico en ambos sentidos) seg\u00fan las necesidades operativas espec\u00edficas. Algunos modelos son telesc\u00f3picos, lo que permite una mayor extensi\u00f3n sin aumentar las dimensiones externas, lo que los hace ideales para aplicaciones con espacio limitado.<\/li>\n<li><strong>Reemplazo perfecto:<\/strong> Nuestro producto puede sustituir perfectamente a estos cilindros hidr\u00e1ulicos.<\/li>\n<\/ul>\n<p><!--img--><br \/>\n<img decoding=\"async\" src=\"https:\/\/www.hydraulic-cylinders.net\/wp-content\/uploads\/2025\/01\/songte-cylinder-head-with-all-kinds-excavator-models.webp\"><\/p>\n<p><!--h2-->Aplicaciones<!--\/h2--><\/p>\n<p>El cilindro del cuchar\u00f3n encuentra aplicaciones en diversos equipos:<\/p>\n<ul>\n<li><strong>Equipos de construcci\u00f3n:<\/strong> Se encuentran en las excavadoras y son esenciales para excavar, cargar y mover tierra o escombros. En las retroexcavadoras, el cilindro del cuchar\u00f3n facilita tanto la excavaci\u00f3n como la elevaci\u00f3n.<\/li>\n<li><strong>Maquinaria agr\u00edcola:<\/strong> Utilizadas en cargadoras frontales, ayudan a recoger, levantar y transportar tierra, heno y otros materiales.<\/li>\n<li><strong>Excavadoras:<\/strong> El cilindro del cuchar\u00f3n permite realizar acciones de excavaci\u00f3n al permitir que el cuchar\u00f3n penetre en el suelo.<\/li>\n<li><strong>Cargadoras de ruedas:<\/strong> En los cargadores frontales, ayudan a levantar y descargar mercanc\u00edas de manera eficiente.<\/li>\n<\/ul>\n<p><!--img--><br \/>\n<img decoding=\"async\" src=\"https:\/\/www.hydraulic-cylinders.net\/wp-content\/uploads\/2025\/01\/songte-oil-pipes-and-spare-parts.webp\"><\/p>\n<p><!--h2-->Consideraciones de dise\u00f1o y criterios de selecci\u00f3n<!--\/h2--><\/p>\n<p>Cuando se trata de las consideraciones de dise\u00f1o y los criterios de selecci\u00f3n de cilindros de cangilones, varios factores son cruciales:<\/p>\n<ul>\n<li><strong>Capacidad de carga:<\/strong> El cilindro debe estar dise\u00f1ado para soportar las cargas y fuerzas previstas.<\/li>\n<li><strong>Caza de focas:<\/strong> Se utilizan diversos componentes de sellado, como sellos de pist\u00f3n y de v\u00e1stago, generalmente fabricados con materiales resistentes al desgaste como poliuretano y caucho de nitrilo. El cuerpo del cilindro y los extremos roscados reciben un tratamiento fino para mejorar la resistencia al desgaste.<\/li>\n<li><strong>Durabilidad:<\/strong> El cilindro del cuchar\u00f3n debe estar dise\u00f1ado para ser duradero, teniendo en cuenta las condiciones de trabajo y los materiales con los que estar\u00e1 expuesto.<\/li>\n<li><strong>Seguridad:<\/strong> Se deben incorporar caracter\u00edsticas de seguridad para prevenir accidentes y garantizar la protecci\u00f3n del operador.<\/li>\n<li><strong>Mantenimiento:<\/strong> El f\u00e1cil mantenimiento y reparabilidad son consideraciones importantes para minimizar el tiempo de inactividad.<\/li>\n<\/ul>\n<p><!--img--><br \/>\n<img decoding=\"async\" src=\"https:\/\/www.hydraulic-cylinders.net\/wp-content\/uploads\/2025\/01\/songte-chushion-collar.webp\"><\/p>\n<p><!--h2-->Sellado y lubricaci\u00f3n<!--\/h2--><\/p>\n<p>El cilindro del cuchar\u00f3n utiliza diversos componentes de sellado, como sellos de pist\u00f3n y de v\u00e1stago, fabricados con materiales resistentes al desgaste como poliuretano y caucho de nitrilo. El cuerpo del cilindro y los extremos roscados se someten a un tratamiento de precisi\u00f3n para mejorar la resistencia al desgaste. Es necesaria una lubricaci\u00f3n regular con el aceite hidr\u00e1ulico adecuado para garantizar un funcionamiento suave y evitar el desgaste excesivo.<\/p>\n<p><!--h2-->Inspecci\u00f3n regular y mantenimiento preventivo<!--\/h2--><\/p>\n<p>Para garantizar un rendimiento \u00f3ptimo y una larga vida \u00fatil, la inspecci\u00f3n regular y el mantenimiento preventivo son esenciales:<\/p>\n<ul>\n<li>Inspeccione peri\u00f3dicamente el cilindro del cuchar\u00f3n para detectar signos de desgaste, da\u00f1os o fugas.<\/li>\n<li>Lubricaci\u00f3n adecuada en intervalos especificados.<\/li>\n<li>Reemplace los sellos y juntas cuando sea necesario.<\/li>\n<li>Revise y calibre peri\u00f3dicamente el cilindro para garantizar su correcta alineaci\u00f3n y funcionamiento.<\/li>\n<\/ul>\n<p><!--img--><br \/>\n<img decoding=\"async\" src=\"https:\/\/www.hydraulic-cylinders.net\/wp-content\/uploads\/2025\/01\/songte-bushings-with-all-kinds-of-excavator-models.webp\"><\/p>\n<p><!--h2-->Consideraciones de seguridad y factores ambientales<!--\/h2--><\/p>\n<p>Garantizar las medidas de seguridad durante el uso del cilindro del cuchar\u00f3n es fundamental para prevenir accidentes y proteger al personal. Tambi\u00e9n se deben considerar los factores ambientales para minimizar cualquier impacto negativo en el entorno.<\/p>\n<p><!--h2-->Soluci\u00f3n de problemas y problemas comunes<!--\/h2--><\/p>\n<p>Al encontrar problemas con el cilindro del cuchar\u00f3n, es importante diagnosticarlos y solucionarlos de inmediato. Aqu\u00ed tiene consejos y soluciones comunes para la resoluci\u00f3n de problemas:<\/p>\n<ul>\n<li>Proporcionar sugerencias y soluciones para la resoluci\u00f3n de problemas.<\/li>\n<li>Sugerir medidas preventivas para minimizar posibles problemas.<\/li>\n<\/ul>\n<p><!--img--><br \/>\n<img decoding=\"async\" src=\"https:\/\/www.hydraulic-cylinders.net\/wp-content\/uploads\/2025\/01\/songte-company-1.webp\"><\/p>\n<p><!--h2-->Introducci\u00f3n de la empresa<!--\/h2--><\/p>\n<p>Somos fabricantes de cilindros hidr\u00e1ulicos de repuesto y ofrecemos una gama completa de productos. Nos hemos convertido en uno de los principales fabricantes y distribuidores mayoristas de cilindros hidr\u00e1ulicos tanto en el mercado nacional como en el internacional. Nuestra empresa se basa en principios de excelencia y en estrategias de gesti\u00f3n de producci\u00f3n industrializada en talleres de fabricaci\u00f3n altamente equipados. Gracias a nuestro talento t\u00e9cnico, equipos de fabricaci\u00f3n de vanguardia y sistemas de prueba profesionales, mejoramos continuamente nuestra plataforma de fabricaci\u00f3n, perfeccionamos nuestras l\u00edneas de producci\u00f3n de calidad y contamos con una s\u00f3lida capacidad de innovaci\u00f3n. Priorizamos la eficiencia, la precisi\u00f3n y la alta calidad para satisfacer las diversas necesidades de nuestros clientes.<\/p>\n<p><!--img--><br \/>\n<img decoding=\"async\" src=\"https:\/\/www.hydraulic-cylinders.net\/wp-content\/uploads\/2025\/01\/songte-company-3.webp\"><\/p>\n<p><!--h2-->Aspectos destacados de la empresa<!--\/h2--><\/p>\n<ul>\n<li>Profesionalismo<\/li>\n<li>Certificaciones internacionales<\/li>\n<li>Servicios de personalizaci\u00f3n<\/li>\n<li>Equipos de producci\u00f3n avanzados<\/li>\n<li>Servicios posventa<\/li>\n<\/ul>\n<p><!--h2-->Paternidad literaria<!--\/h2--><\/p>\n<p>Autor: lyl<\/p>","protected":false},"excerpt":{"rendered":"<p>Bucket Cylinder For Caterpillar Middle Excavator E320\/320B Introduction A bucket cylinder is a specially designed hydraulic cylinder used to control the movement of the bucket in heavy machinery such as excavators, backhoe loaders, and wheel loaders. Its main function is to enable the lifting, lowering, and tilting of the bucket, making it easier to handle [&hellip;]<\/p>","protected":false},"featured_media":14784,"comment_status":"open","ping_status":"closed","template":"","meta":{"_et_pb_use_builder":"","_et_pb_old_content":"","_et_gb_content_width":""},"product_brand":[],"product_cat":[1494],"product_tag":[1495,1496],"class_list":{"0":"post-15226","1":"product","2":"type-product","3":"status-publish","4":"has-post-thumbnail","6":"product_cat-bucket-cylinders","7":"product_tag-bucket-cylinders","8":"product_tag-hydraulic-cylinders","10":"first","11":"instock","12":"shipping-taxable","13":"product-type-simple"},"amp_enabled":true,"_links":{"self":[{"href":"https:\/\/www.hydraulic-cylinders.net\/es\/wp-json\/wp\/v2\/product\/15226","targetHints":{"allow":["GET"]}}],"collection":[{"href":"https:\/\/www.hydraulic-cylinders.net\/es\/wp-json\/wp\/v2\/product"}],"about":[{"href":"https:\/\/www.hydraulic-cylinders.net\/es\/wp-json\/wp\/v2\/types\/product"}],"replies":[{"embeddable":true,"href":"https:\/\/www.hydraulic-cylinders.net\/es\/wp-json\/wp\/v2\/comments?post=15226"}],"wp:featuredmedia":[{"embeddable":true,"href":"https:\/\/www.hydraulic-cylinders.net\/es\/wp-json\/wp\/v2\/media\/14784"}],"wp:attachment":[{"href":"https:\/\/www.hydraulic-cylinders.net\/es\/wp-json\/wp\/v2\/media?parent=15226"}],"wp:term":[{"taxonomy":"product_brand","embeddable":true,"href":"https:\/\/www.hydraulic-cylinders.net\/es\/wp-json\/wp\/v2\/product_brand?post=15226"},{"taxonomy":"product_cat","embeddable":true,"href":"https:\/\/www.hydraulic-cylinders.net\/es\/wp-json\/wp\/v2\/product_cat?post=15226"},{"taxonomy":"product_tag","embeddable":true,"href":"https:\/\/www.hydraulic-cylinders.net\/es\/wp-json\/wp\/v2\/product_tag?post=15226"}],"curies":[{"name":"wp","href":"https:\/\/api.w.org\/{rel}","templated":true}]}}