{"id":15230,"date":"2025-01-19T14:16:10","date_gmt":"2025-01-19T14:16:10","guid":{"rendered":"https:\/\/www.hydraulic-cylinders.net\/product\/bucket-cylinder-for-caterpillar-middle-excavator-e240bl\/"},"modified":"2025-01-19T14:16:12","modified_gmt":"2025-01-19T14:16:12","slug":"bucket-cylinder-for-caterpillar-middle-excavator-e240bl","status":"publish","type":"product","link":"https:\/\/www.hydraulic-cylinders.net\/es\/producto\/bucket-cylinder-for-caterpillar-middle-excavator-e240bl\/","title":{"rendered":"Cilindro de cuchar\u00f3n para excavadora intermedia Caterpillar E240BL"},"content":{"rendered":"<h1>Cilindro de cuchar\u00f3n para excavadora intermedia Caterpillar E240BL<\/h1>\n<h2>Introducci\u00f3n<\/h2>\n<p>Un cilindro de cuchar\u00f3n es un cilindro hidr\u00e1ulico especialmente dise\u00f1ado que se utiliza para controlar el movimiento de los cucharones en maquinaria pesada, como excavadoras, retroexcavadoras y cargadoras frontales. Su funci\u00f3n principal es permitir que el cuchar\u00f3n realice acciones de elevaci\u00f3n, descenso e inclinaci\u00f3n, facilitando diversas tareas de manipulaci\u00f3n de materiales. En el sistema hidr\u00e1ulico, el cilindro del cuchar\u00f3n controla con precisi\u00f3n el movimiento del cuchar\u00f3n mediante cambios en la presi\u00f3n del aceite hidr\u00e1ulico, lo que permite a los operadores manipular cargas pesadas con eficiencia y adaptarse a entornos de trabajo complejos y diversos requisitos operativos.<\/p>\n<p><img decoding=\"async\" src=\"https:\/\/www.hydraulic-cylinders.net\/wp-content\/uploads\/2025\/01\/songte-company-2.webp\" alt=\"Imagen del cilindro del cubo\"><\/p>\n<h2>Caracter\u00edsticas<\/h2>\n<ul>\n<li>Alta resistencia y durabilidad: generalmente fabricado en acero o aluminio de alta resistencia, puede soportar alta presi\u00f3n y cargas pesadas, adaptarse a entornos de trabajo hostiles y est\u00e1 dise\u00f1ado para considerar la resistencia al desgaste y la resistencia a la corrosi\u00f3n, lo que extiende su vida \u00fatil.<\/li>\n<li>Operaci\u00f3n hidr\u00e1ulica eficiente: Se logran acciones suaves de extensi\u00f3n y contracci\u00f3n utilizando la presi\u00f3n del aceite hidr\u00e1ulico, y puede responder r\u00e1pidamente a los comandos de control, proporcionando poderosas fuerzas de empuje y tracci\u00f3n, lo que lo hace adecuado para manipular cargas pesadas y tareas laborales complejas.<\/li>\n<li>Diversos tipos: Se pueden seleccionar cilindros de simple efecto (hidr\u00e1ulicos en una direcci\u00f3n) o doble efecto (hidr\u00e1ulicos en dos direcciones) seg\u00fan las necesidades operativas. Algunos modelos son telesc\u00f3picos, lo que permite una mayor extensi\u00f3n sin aumentar las dimensiones externas, lo que los hace ideales para aplicaciones con espacio limitado.<\/li>\n<li>Nuestro producto puede sustituir perfectamente a estos cilindros hidr\u00e1ulicos.<\/li>\n<\/ul>\n<p><img decoding=\"async\" src=\"https:\/\/www.hydraulic-cylinders.net\/wp-content\/uploads\/2025\/01\/songte-cylinder-head-with-all-kinds-excavator-models.webp\" alt=\"Imagen del cilindro del cubo\"><\/p>\n<h2>Aplicaciones<\/h2>\n<p>El cilindro del cuchar\u00f3n se utiliza en una variedad de maquinaria pesada:<\/p>\n<ul>\n<li>Equipos de construcci\u00f3n: Son esenciales para las excavadoras al excavar, cargar y mover tierra o escombros. En las retroexcavadoras, el cilindro del cuchar\u00f3n facilita tanto la excavaci\u00f3n como la elevaci\u00f3n. <\/li>\n<li>Maquinaria agr\u00edcola: Se utiliza en cargadoras frontales para recoger, levantar y transportar tierra, heno y otros materiales. <\/li>\n<li>Excavadoras: Los cilindros del cuchar\u00f3n permiten la acci\u00f3n de excavaci\u00f3n al dejar que el cuchar\u00f3n penetre en el suelo. <\/li>\n<li>Cargadores: En las cargadoras frontales, ayudan a levantar e inclinar las mercanc\u00edas de forma eficaz. <\/li>\n<\/ul>\n<h2>Consideraciones de dise\u00f1o y criterios de selecci\u00f3n<\/h2>\n<p>El dise\u00f1o del cilindro del cuchar\u00f3n es esencial para garantizar su fiabilidad en condiciones de trabajo exigentes. A continuaci\u00f3n, se presentan algunas consideraciones de dise\u00f1o y criterios de selecci\u00f3n fundamentales:<\/p>\n<ul>\n<li>Capacidad de carga: Debe ser capaz de soportar alta presi\u00f3n y cargas pesadas. <\/li>\n<li>Sellado: Debe contar con elementos de sellado de alta calidad, como sellos de pist\u00f3n y sellos de v\u00e1stago, que est\u00e9n hechos de materiales resistentes al desgaste como poliuretano y caucho de nitrilo. <\/li>\n<li>Durabilidad: El cuerpo del cilindro y las superficies de los extremos roscados deben procesarse finamente para mejorar la resistencia al desgaste. <\/li>\n<li>Seguridad: Debe tener caracter\u00edsticas de seguridad como v\u00e1lvulas de derivaci\u00f3n y v\u00e1lvulas de alivio de presi\u00f3n para evitar sobrecargas. <\/li>\n<li>Mantenibilidad: Debe tener piezas de desgaste f\u00e1ciles de reemplazar y un dise\u00f1o f\u00e1cil de desmontar para su mantenimiento. <\/li>\n<\/ul>\n<p><img decoding=\"async\" src=\"https:\/\/www.hydraulic-cylinders.net\/wp-content\/uploads\/2025\/01\/songte-oil-pipes-and-spare-parts.webp\" alt=\"Imagen del cilindro del cubo\"><\/p>\n<h2>Sellado y lubricaci\u00f3n<\/h2>\n<p>El cilindro del cuchar\u00f3n requiere varios elementos de sellado para evitar fugas de aceite y garantizar una lubricaci\u00f3n adecuada. A continuaci\u00f3n, se presentan algunos puntos importantes a considerar:<\/p>\n<ul>\n<li>Utilice diversos elementos de sellado, como sellos de pist\u00f3n y sellos de varilla.<\/li>\n<li>Seleccione elementos de sellado fabricados con materiales resistentes al desgaste, como poliuretano y caucho de nitrilo.<\/li>\n<li>Aseg\u00farese de que el cuerpo del cilindro y las superficies de los extremos roscados est\u00e9n finamente procesados \u200b\u200bpara mejorar la resistencia al desgaste.<\/li>\n<li>Agregue peri\u00f3dicamente aceite hidr\u00e1ulico adecuado para lubricar<\/li>\n<\/ul>\n<h2>Mantenimiento y reparaci\u00f3n<\/h2>\n<p>El cilindro del cuchar\u00f3n requiere inspecci\u00f3n peri\u00f3dica y mantenimiento preventivo para garantizar su \u00f3ptimo rendimiento y durabilidad. A continuaci\u00f3n, se presentan algunas tareas de mantenimiento comunes:<\/p>\n<ul>\n<li>Inspecci\u00f3n regular<\/li>\n<li>Lubricaci\u00f3n adecuada<\/li>\n<li>Reemplazo del sello<\/li>\n<li>Comprobaci\u00f3n de calibraci\u00f3n<\/li>\n<\/ul>\n<p><img decoding=\"async\" src=\"https:\/\/www.hydraulic-cylinders.net\/wp-content\/uploads\/2025\/01\/songte-chushion-collar.webp\" alt=\"Imagen del cilindro del cubo\"><\/p>\n<h2>Consideraciones de seguridad y medio ambiente<\/h2>\n<p>Al utilizar el cilindro del cuchar\u00f3n, se deben tomar medidas de seguridad para garantizar un funcionamiento seguro. Adem\u00e1s, se deben tener en cuenta consideraciones ambientales, como las fugas de aceite.<\/p>\n<h2>Diagn\u00f3stico y problemas comunes<\/h2>\n<p>Los siguientes son algunos problemas comunes que pueden ocurrir al utilizar el cilindro del cuchar\u00f3n:<\/p>\n<ul>\n<li>Fuga de aceite<\/li>\n<li>Presi\u00f3n insuficiente<\/li>\n<li>Movimiento lento<\/li>\n<li>Vibraci\u00f3n excesiva<\/li>\n<\/ul>\n<h2>Introducci\u00f3n de la empresa<\/h2>\n<p>Somos fabricantes de cilindros hidr\u00e1ulicos que pueden reemplazar los cilindros originales. Nuestra gama de productos es diversa y nos hemos convertido en uno de los principales fabricantes y distribuidores mayoristas de cilindros hidr\u00e1ulicos en el mercado nacional e internacional. Nos basamos en el principio de excelente calidad y en estrategias de gesti\u00f3n de la producci\u00f3n industrial en talleres de alta calidad. Mejoramos continuamente nuestras plataformas de fabricaci\u00f3n y perfeccionamos nuestras l\u00edneas de producci\u00f3n de calidad, contando con una s\u00f3lida capacidad de creaci\u00f3n. Satisfacemos las diversas necesidades de nuestros clientes bas\u00e1ndonos en nuestros principios de alta eficiencia, alta precisi\u00f3n y alta calidad.<\/p>\n<p>Nuestra empresa tambi\u00e9n ofrece servicios personalizados y certificaciones internacionales, como ISO9001, ISO14001 y CE. Contamos con equipos de producci\u00f3n profesionales y servicio posventa, que incluye reemplazo de piezas y reconstrucci\u00f3n para garantizar una larga vida \u00fatil de nuestros productos.<\/p>\n<p><img decoding=\"async\" src=\"https:\/\/hzpt.com\/wp-content\/uploads\/2024\/11\/songte-company-1.webp\" alt=\"Imagen del cilindro del cubo\"><\/p>\n<p>Autor: lyl<\/p>","protected":false},"excerpt":{"rendered":"<p>Bucket Cylinder For Caterpillar Middle Excavator E240BL Introduction A bucket cylinder is a specially designed hydraulic cylinder used to control the movement of buckets in heavy-duty machinery such as excavators, backhoes, and front loaders. Its main function is to enable the bucket to perform lifting, lowering, and tilting actions, making it easier to handle various [&hellip;]<\/p>","protected":false},"featured_media":14776,"comment_status":"open","ping_status":"closed","template":"","meta":{"_et_pb_use_builder":"","_et_pb_old_content":"","_et_gb_content_width":""},"product_brand":[],"product_cat":[1494],"product_tag":[1495,1496],"class_list":{"0":"post-15230","1":"product","2":"type-product","3":"status-publish","4":"has-post-thumbnail","6":"product_cat-bucket-cylinders","7":"product_tag-bucket-cylinders","8":"product_tag-hydraulic-cylinders","10":"first","11":"instock","12":"shipping-taxable","13":"product-type-simple"},"amp_enabled":true,"_links":{"self":[{"href":"https:\/\/www.hydraulic-cylinders.net\/es\/wp-json\/wp\/v2\/product\/15230","targetHints":{"allow":["GET"]}}],"collection":[{"href":"https:\/\/www.hydraulic-cylinders.net\/es\/wp-json\/wp\/v2\/product"}],"about":[{"href":"https:\/\/www.hydraulic-cylinders.net\/es\/wp-json\/wp\/v2\/types\/product"}],"replies":[{"embeddable":true,"href":"https:\/\/www.hydraulic-cylinders.net\/es\/wp-json\/wp\/v2\/comments?post=15230"}],"wp:featuredmedia":[{"embeddable":true,"href":"https:\/\/www.hydraulic-cylinders.net\/es\/wp-json\/wp\/v2\/media\/14776"}],"wp:attachment":[{"href":"https:\/\/www.hydraulic-cylinders.net\/es\/wp-json\/wp\/v2\/media?parent=15230"}],"wp:term":[{"taxonomy":"product_brand","embeddable":true,"href":"https:\/\/www.hydraulic-cylinders.net\/es\/wp-json\/wp\/v2\/product_brand?post=15230"},{"taxonomy":"product_cat","embeddable":true,"href":"https:\/\/www.hydraulic-cylinders.net\/es\/wp-json\/wp\/v2\/product_cat?post=15230"},{"taxonomy":"product_tag","embeddable":true,"href":"https:\/\/www.hydraulic-cylinders.net\/es\/wp-json\/wp\/v2\/product_tag?post=15230"}],"curies":[{"name":"wp","href":"https:\/\/api.w.org\/{rel}","templated":true}]}}