{"id":15231,"date":"2025-01-19T14:16:14","date_gmt":"2025-01-19T14:16:14","guid":{"rendered":"https:\/\/www.hydraulic-cylinders.net\/product\/bucket-cylinder-for-caterpillar-middle-excavator-e320c-320d\/"},"modified":"2025-01-19T14:16:16","modified_gmt":"2025-01-19T14:16:16","slug":"bucket-cylinder-for-caterpillar-middle-excavator-e320c-320d","status":"publish","type":"product","link":"https:\/\/www.hydraulic-cylinders.net\/es\/producto\/bucket-cylinder-for-caterpillar-middle-excavator-e320c-320d\/","title":{"rendered":"Cilindro de cuchar\u00f3n para excavadora intermedia Caterpillar E320C\/320D"},"content":{"rendered":"<h1>Cilindro de cuchar\u00f3n para excavadora intermedia Caterpillar E320C\/320D<\/h1>\n<h2>Introducci\u00f3n<\/h2>\n<h3>Definici\u00f3n<\/h3>\n<p>Un cilindro de cuchar\u00f3n es un cilindro hidr\u00e1ulico especialmente dise\u00f1ado que se utiliza principalmente para controlar el movimiento del cuchar\u00f3n en maquinaria pesada como excavadoras, retroexcavadoras y cargadoras frontales. Su funci\u00f3n principal es permitir que el cuchar\u00f3n se eleve, baje e incline, facilitando diversas tareas de manipulaci\u00f3n de materiales. En el sistema hidr\u00e1ulico, el cilindro del cuchar\u00f3n logra un control preciso del cuchar\u00f3n mediante cambios en la presi\u00f3n del aceite hidr\u00e1ulico, lo que permite al operador manipular cargas pesadas con eficiencia y adaptarse a entornos de trabajo complejos y a diversos requisitos.<\/p>\n<p><img decoding=\"async\" src=\"https:\/\/www.hydraulic-cylinders.net\/wp-content\/uploads\/2025\/01\/songte-company-2.webp\"\/><\/p>\n<h3>Caracter\u00edsticas<\/h3>\n<ul>\n<li><strong>Alta resistencia y durabilidad:<\/strong> Generalmente fabricados en acero o aluminio de alta resistencia, soportan alta presi\u00f3n y cargas pesadas, adapt\u00e1ndose a entornos de trabajo hostiles. Dise\u00f1ados con resistencia al desgaste y la corrosi\u00f3n, prolongan su vida \u00fatil.<\/li>\n<li><strong>Operaci\u00f3n hidr\u00e1ulica eficiente:<\/strong> Utiliza presi\u00f3n de aceite hidr\u00e1ulico para lograr una extensi\u00f3n y retracci\u00f3n suaves, puede responder r\u00e1pidamente a los comandos de control, proporcionando tracci\u00f3n poderosa y fuerza de empuje, adecuado para manipular cargas pesadas y tareas laborales complejas.<\/li>\n<li><strong>Varios tipos:<\/strong> Se pueden seleccionar cilindros de simple efecto (hidr\u00e1ulicos en una sola direcci\u00f3n) o de doble efecto (hidr\u00e1ulicos en dos direcciones) seg\u00fan sea necesario para satisfacer diferentes requisitos operativos. Algunos modelos son telesc\u00f3picos, lo que permite una mayor extensi\u00f3n sin aumentar las dimensiones externas, ideal para aplicaciones con espacio limitado.<\/li>\n<li><strong>Amplia aplicaci\u00f3n:<\/strong> Los cilindros de cuchar\u00f3n se utilizan ampliamente en equipos de construcci\u00f3n, maquinaria agr\u00edcola, excavadoras y cargadoras, y brindan soporte esencial para excavar, cargar y transportar tierra, heno y otros materiales.<\/li>\n<li><strong>Reemplazable:<\/strong> Nuestros productos pueden reemplazar perfectamente estos cilindros hidr\u00e1ulicos, proporcionando una alternativa rentable para el reemplazo.<\/li>\n<\/ul>\n<p><img decoding=\"async\" src=\"https:\/\/www.hydraulic-cylinders.net\/wp-content\/uploads\/2025\/01\/songte-cylinder-head-with-all-kinds-excavator-models.webp\"\/><\/p>\n<h2>Aplicaciones<\/h2>\n<h3>Equipos de construcci\u00f3n<\/h3>\n<p>En las excavadoras, los cilindros del cuchar\u00f3n son esenciales para excavar, cargar y mover tierra o escombros. En las retroexcavadoras, los cilindros del cuchar\u00f3n ayudan tanto en la excavaci\u00f3n como en la elevaci\u00f3n. En las cargadoras frontales, ayudan a elevar e inclinar la carga eficientemente.<\/p>\n<h3>Maquinaria agr\u00edcola<\/h3>\n<p>Se utiliza en cargadoras frontales para recoger, levantar y transportar tierra, heno y otros materiales. En las excavadoras, el cilindro del cuchar\u00f3n permite excavar al permitir que el cuchar\u00f3n penetre en el suelo. Es adecuado para diversas aplicaciones agr\u00edcolas.<\/p>\n<h3>excavadoras<\/h3>\n<p>Los cilindros de cuchar\u00f3n se utilizan para excavar, cargar y transportar tierra, grava y otros materiales. El cilindro permite que el cuchar\u00f3n penetre en el suelo, lo que permite excavar el material.<\/p>\n<h3>Cargadores<\/h3>\n<p>En cargadores frontales, ayudan a elevar e inclinar la carga eficientemente. Son adecuados para la carga y descarga de materiales en diversas industrias.<\/p>\n<p><img decoding=\"async\" src=\"https:\/\/www.hydraulic-cylinders.net\/wp-content\/uploads\/2025\/01\/songte-bushings-with-all-kinds-of-excavator-models.webp\"\/><\/p>\n<h2>Consideraciones de dise\u00f1o y criterios de selecci\u00f3n<\/h2>\n<h3>Capacidad de carga<\/h3>\n<p>La capacidad de carga de un cilindro hidr\u00e1ulico se refiere a la carga m\u00e1xima que puede soportar. Est\u00e1 determinada por el di\u00e1metro interior, el di\u00e1metro del v\u00e1stago y la longitud de carrera del cilindro. El dise\u00f1o del cilindro hidr\u00e1ulico debe garantizar que pueda soportar la carga requerida.<\/p>\n<h3>Caza de focas<\/h3>\n<p>La tecnolog\u00eda de sellado del cilindro hidr\u00e1ulico determina su vida \u00fatil y fiabilidad. El uso de materiales de sellado de alta calidad, como el poliuretano y el caucho de nitrilo, puede reducir eficazmente el desgaste y prolongar la vida \u00fatil del cilindro.<\/p>\n<h3>Durabilidad<\/h3>\n<p>La durabilidad del cilindro hidr\u00e1ulico depende de los materiales y el tratamiento superficial empleado en su construcci\u00f3n. El cuerpo del cilindro y el v\u00e1stago del pist\u00f3n suelen estar fabricados con acero de alta calidad, y el tratamiento superficial puede mejorar la resistencia al desgaste y a la corrosi\u00f3n.<\/p>\n<h3>Seguridad<\/h3>\n<p>Los cilindros hidr\u00e1ulicos deben dise\u00f1arse con la seguridad como prioridad para evitar accidentes causados \u200b\u200bpor fallas. El sistema hidr\u00e1ulico debe estar dise\u00f1ado para liberar la presi\u00f3n excesiva, y el dise\u00f1o del cilindro hidr\u00e1ulico debe contar con un factor de seguridad que resista posibles sobrecargas.<\/p>\n<h3>Mantenimiento<\/h3>\n<p>El cilindro hidr\u00e1ulico requiere mantenimiento regular para garantizar su correcto funcionamiento. La inspecci\u00f3n regular, la lubricaci\u00f3n adecuada, el reemplazo de sellos y las comprobaciones de calibraci\u00f3n son esenciales para garantizar su larga vida \u00fatil.<\/p>\n<p><img decoding=\"async\" src=\"https:\/\/hydraulic-cylinders.net\/wp-content\/uploads\/2024\/11\/songte-oil-pipes-and-spare-parts.webp\"\/><\/p>\n<h2>Instalaci\u00f3n y mantenimiento<\/h2>\n<h3>Instalaci\u00f3n<\/h3>\n<p>Una instalaci\u00f3n correcta es esencial para el correcto funcionamiento de los cilindros hidr\u00e1ulicos. El cilindro hidr\u00e1ulico debe estar correctamente alineado y se deben utilizar soportes de instalaci\u00f3n adecuados para asegurarlo. La alineaci\u00f3n correcta se puede lograr con un nivel de burbuja o una plomada. <\/p>\n<h3>Mantenimiento<\/h3>\n<p>La inspecci\u00f3n regular, la lubricaci\u00f3n adecuada y el reemplazo de sellos son necesarios para mantener la longevidad del cilindro hidr\u00e1ulico. Un mantenimiento adecuado puede ayudar a prevenir aver\u00edas y prolongar la vida \u00fatil del cilindro.<\/p>\n<h3>Mantenimiento preventivo<\/h3>\n<ul>\n<li><strong>Inspecci\u00f3n regular:<\/strong> Para comprobar si hay signos de desgaste o da\u00f1os en el cilindro y sus componentes.<\/li>\n<li><strong>Lubricaci\u00f3n adecuada:<\/strong> Para garantizar el correcto funcionamiento del cilindro, lubrique peri\u00f3dicamente las partes m\u00f3viles con el aceite hidr\u00e1ulico recomendado.<\/li>\n<li><strong>Reemplazo del sello:<\/strong> Para evitar fugas y garantizar la confiabilidad, reemplace los sellos seg\u00fan lo recomendado por el fabricante.<\/li>\n<\/ul>\n<p><img decoding=\"async\" src=\"https:\/\/www.hydraulic-cylinders.net\/wp-content\/uploads\/2025\/01\/songte-chushion-collar.webp\"\/><\/p>\n<h2>Consideraciones de seguridad y medio ambiente<\/h2>\n<p>Se deben tomar las precauciones de seguridad adecuadas al trabajar con cilindros hidr\u00e1ulicos. Es necesario seguir los procedimientos adecuados de manipulaci\u00f3n, instalaci\u00f3n y mantenimiento del cilindro para evitar accidentes. La manipulaci\u00f3n y eliminaci\u00f3n adecuadas del aceite hidr\u00e1ulico y otros componentes del cilindro tambi\u00e9n son esenciales para proteger el medio ambiente.<\/p>\n<h2>Diagn\u00f3stico y soluci\u00f3n de problemas<\/h2>\n<p>Cuando falla un cilindro hidr\u00e1ulico, es importante diagnosticar el problema correctamente y tomar las medidas adecuadas. Los problemas comunes incluyen fugas, da\u00f1os en el cuerpo o la varilla del cilindro y fallas en la v\u00e1lvula de control. Un diagn\u00f3stico adecuado puede ayudar a determinar la causa del problema y la soluci\u00f3n adecuada.<\/p>\n<h2>Introducci\u00f3n de la empresa<\/h2>\n<p>Somos fabricantes de cilindros hidr\u00e1ulicos de repuesto. Con una gama completa de productos, nos hemos convertido en uno de los principales fabricantes y distribuidores mayoristas de cilindros hidr\u00e1ulicos en el mercado nacional e internacional. Nos basamos en el principio de excelente calidad y en la estrategia de gesti\u00f3n de la producci\u00f3n industrializada de nuestros talleres de fabricaci\u00f3n de alta calidad. Mejoramos continuamente la plataforma de fabricaci\u00f3n, perfeccionamos la cadena de producci\u00f3n y la calidad de nuestros productos, y contamos con una s\u00f3lida capacidad creativa en principios de alta eficiencia, precisi\u00f3n y calidad para satisfacer las diversas necesidades de nuestros clientes. <\/p>\n<h3>Profesionalismo<\/h3>\n<p>Nuestra empresa cuenta con un equipo profesional de I+D y un equipo de producci\u00f3n avanzado para garantizar la calidad de nuestros productos y satisfacer las necesidades de nuestros clientes.<\/p>\n<h3>Certificaci\u00f3n Internacional<\/h3>\n<p>Nuestros productos han pasado certificaciones de calidad internacionales, como ISO9001, CE y ROHS, lo que garantiza que nuestros productos cumplen con los est\u00e1ndares internacionales y son de excelente calidad.<\/p>\n<h3>Servicios de personalizaci\u00f3n<\/h3>\n<p>Ofrecemos servicios personalizados de cilindros hidr\u00e1ulicos para satisfacer las necesidades espec\u00edficas de nuestros clientes. Dise\u00f1amos y fabricamos cilindros hidr\u00e1ulicos que cumplen con sus requisitos espec\u00edficos.<\/p>\n<h3>Equipos de producci\u00f3n<\/h3>\n<p>Nuestra empresa cuenta con equipos de producci\u00f3n avanzados, como tornos CNC, rectificadoras CNC y fresadoras CNC, que garantizan la precisi\u00f3n y calidad de nuestros productos.<\/p>\n<h3>Servicios posventa<\/h3>\n<p>Brindamos servicios posventa, como reemplazo de piezas y servicios de reconstrucci\u00f3n, para ayudar a los clientes a mantener y reparar sus cilindros hidr\u00e1ulicos de manera eficiente y eficaz.<\/p>\n<p><img decoding=\"async\" src=\"https:\/\/www.hydraulic-cylinders.net\/wp-content\/uploads\/2025\/01\/songte-company-3.webp\"\/><\/p>\n<p>Autor: lyl<\/p>","protected":false},"excerpt":{"rendered":"<p>Bucket Cylinder For Caterpillar Middle Excavator E320C\/320D Introduction Definition A bucket cylinder is a specially designed hydraulic cylinder primarily used to control the movement of the bucket in heavy machinery such as excavators, backhoes, and front loaders. Its main function is to enable the bucket to lift, lower, and tilt, making it easier to handle [&hellip;]<\/p>","protected":false},"featured_media":14773,"comment_status":"open","ping_status":"closed","template":"","meta":{"_et_pb_use_builder":"","_et_pb_old_content":"","_et_gb_content_width":""},"product_brand":[],"product_cat":[1494],"product_tag":[1495,1496],"class_list":{"0":"post-15231","1":"product","2":"type-product","3":"status-publish","4":"has-post-thumbnail","6":"product_cat-bucket-cylinders","7":"product_tag-bucket-cylinders","8":"product_tag-hydraulic-cylinders","10":"first","11":"instock","12":"shipping-taxable","13":"product-type-simple"},"amp_enabled":true,"_links":{"self":[{"href":"https:\/\/www.hydraulic-cylinders.net\/es\/wp-json\/wp\/v2\/product\/15231","targetHints":{"allow":["GET"]}}],"collection":[{"href":"https:\/\/www.hydraulic-cylinders.net\/es\/wp-json\/wp\/v2\/product"}],"about":[{"href":"https:\/\/www.hydraulic-cylinders.net\/es\/wp-json\/wp\/v2\/types\/product"}],"replies":[{"embeddable":true,"href":"https:\/\/www.hydraulic-cylinders.net\/es\/wp-json\/wp\/v2\/comments?post=15231"}],"wp:featuredmedia":[{"embeddable":true,"href":"https:\/\/www.hydraulic-cylinders.net\/es\/wp-json\/wp\/v2\/media\/14773"}],"wp:attachment":[{"href":"https:\/\/www.hydraulic-cylinders.net\/es\/wp-json\/wp\/v2\/media?parent=15231"}],"wp:term":[{"taxonomy":"product_brand","embeddable":true,"href":"https:\/\/www.hydraulic-cylinders.net\/es\/wp-json\/wp\/v2\/product_brand?post=15231"},{"taxonomy":"product_cat","embeddable":true,"href":"https:\/\/www.hydraulic-cylinders.net\/es\/wp-json\/wp\/v2\/product_cat?post=15231"},{"taxonomy":"product_tag","embeddable":true,"href":"https:\/\/www.hydraulic-cylinders.net\/es\/wp-json\/wp\/v2\/product_tag?post=15231"}],"curies":[{"name":"wp","href":"https:\/\/api.w.org\/{rel}","templated":true}]}}