{"id":15233,"date":"2025-01-19T14:16:23","date_gmt":"2025-01-19T14:16:23","guid":{"rendered":"https:\/\/www.hydraulic-cylinders.net\/product\/bucket-cylinder-for-caterpillar-middle-excavator-e33202\/"},"modified":"2025-01-19T14:16:25","modified_gmt":"2025-01-19T14:16:25","slug":"bucket-cylinder-for-caterpillar-middle-excavator-e33202","status":"publish","type":"product","link":"https:\/\/www.hydraulic-cylinders.net\/es\/producto\/bucket-cylinder-for-caterpillar-middle-excavator-e33202\/","title":{"rendered":"Cilindro de cuchar\u00f3n para excavadora intermedia Caterpillar E33202"},"content":{"rendered":"<h1>Cilindro de cuchar\u00f3n para excavadora intermedia Caterpillar E33202<\/h1>\n<h2>Introducci\u00f3n<\/h2>\n<h3>Definici\u00f3n y explicaci\u00f3n<\/h3>\n<p>El cilindro del cuchar\u00f3n para la excavadora intermedia Caterpillar E33202 es un cilindro hidr\u00e1ulico especializado que se utiliza principalmente para controlar el movimiento de los cucharones en maquinaria pesada, como excavadoras, retroexcavadoras y cargadoras frontales. Su funci\u00f3n principal es permitir que el cuchar\u00f3n se eleve, baje e incline, lo que facilita diversas tareas de manipulaci\u00f3n de materiales. En el sistema hidr\u00e1ulico, el cilindro del cuchar\u00f3n logra un control preciso del cuchar\u00f3n mediante cambios en la presi\u00f3n del aceite hidr\u00e1ulico, lo que permite a los operadores manipular cargas pesadas con eficiencia y adaptarse a entornos de trabajo complejos y diversos requisitos operativos.<\/p>\n<div>\n    <img decoding=\"async\" src=\"https:\/\/www.hydraulic-cylinders.net\/wp-content\/uploads\/2025\/01\/songte-company-2.webp\" alt=\"Cilindro de cuchar\u00f3n para excavadora intermedia Caterpillar E33202\">\n<\/div>\n<h2>Caracter\u00edsticas del producto<\/h2>\n<h3>Alta resistencia y durabilidad<\/h3>\n<p>Los cilindros de cangilones suelen estar hechos de acero o aluminio de alta resistencia, capaces de soportar alta presi\u00f3n y cargas pesadas, adaptarse a entornos de trabajo hostiles y est\u00e1n dise\u00f1ados teniendo en cuenta la resistencia al desgaste y la corrosi\u00f3n, lo que extiende su vida \u00fatil.<\/p>\n<h3>Operaciones hidr\u00e1ulicas eficientes<\/h3>\n<p>Los cilindros de cangilones utilizan la presi\u00f3n del aceite hidr\u00e1ulico para lograr movimientos suaves de extensi\u00f3n y contracci\u00f3n, son capaces de responder r\u00e1pidamente a los comandos de control, proporcionando poderosas fuerzas de empuje y tracci\u00f3n, y son adecuados para manipular cargas pesadas y tareas operativas complejas.<\/p>\n<h3>M\u00faltiples tipos<\/h3>\n<p>Los cilindros de cangilones pueden ser de simple efecto (hidr\u00e1ulico en una sola direcci\u00f3n) o de doble efecto (hidr\u00e1ulico en ambas direcciones), seg\u00fan las necesidades operativas. Algunos modelos son telesc\u00f3picos, lo que permite una mayor extensi\u00f3n sin aumentar las dimensiones externas, lo que los hace ideales para espacios reducidos.<\/p>\n<h3>Producci\u00f3n de productos<\/h3>\n<p>Podemos fabricar este producto y nuestro producto puede reemplazar perfectamente estos cilindros hidr\u00e1ulicos.<\/p>\n<div>\n    <img decoding=\"async\" src=\"https:\/\/www.hydraulic-cylinders.net\/wp-content\/uploads\/2025\/01\/songte-cylinder-head-with-all-kinds-excavator-models.webp\" alt=\"Cilindro de cuchar\u00f3n para excavadora intermedia Caterpillar E33202\">\n<\/div>\n<h2>Escenarios de aplicaci\u00f3n<\/h2>\n<h3>Equipos de construcci\u00f3n<\/h3>\n<p>En las excavadoras, son fundamentales para excavar, cargar y mover tierra o escombros. En las retroexcavadoras, los cilindros del cuchar\u00f3n facilitan tanto la excavaci\u00f3n como la elevaci\u00f3n. En las cargadoras frontales, facilitan la descarga y el vertido eficientes de materiales.<\/p>\n<h3>Maquinaria agr\u00edcola<\/h3>\n<p>Se utiliza en cargadores frontales para levantar y transportar tierra, heno y otros materiales.<\/p>\n<h3>excavadoras<\/h3>\n<p>Los cilindros del cuchar\u00f3n permiten acciones de excavaci\u00f3n al permitir que el cuchar\u00f3n penetre el suelo.<\/p>\n<h3>Cargadores<\/h3>\n<p>En los cargadores frontales, ayudan a levantar y verter mercanc\u00edas de manera eficiente.<\/p>\n<div>\n    <img decoding=\"async\" src=\"https:\/\/www.hydraulic-cylinders.net\/wp-content\/uploads\/2025\/01\/songte-bushings-with-all-kinds-of-excavator-models.webp\" alt=\"Cilindro de cuchar\u00f3n para excavadora intermedia Caterpillar E33202: escenarios de aplicaci\u00f3n\">\n<\/div>\n<h2>Consideraciones de dise\u00f1o y criterios de selecci\u00f3n<\/h2>\n<h3>Capacidad de carga<\/h3>\n<p>El cilindro del cuchar\u00f3n debe estar dise\u00f1ado para soportar la fuerza m\u00e1xima ejercida sobre \u00e9l durante el funcionamiento.<\/p>\n<h3>Caza de focas<\/h3>\n<p>El uso de diversos componentes de sellado, como sellos de pist\u00f3n y de v\u00e1stago, fabricados con materiales resistentes al desgaste como poliuretano y caucho de nitrilo, garantiza una mayor vida \u00fatil. La superficie del cuerpo del cilindro y el extremo roscado se someten a un tratamiento meticuloso para mejorar la resistencia al desgaste. El llenado regular con la cantidad adecuada de aceite hidr\u00e1ulico garantiza un funcionamiento suave.<\/p>\n<h3>Durabilidad<\/h3>\n<p>El cilindro del cuchar\u00f3n debe estar fabricado con materiales de alta resistencia, resistentes a la corrosi\u00f3n, al desgaste y a entornos hostiles, para garantizar la durabilidad y confiabilidad a largo plazo.<\/p>\n<h3>Seguridad<\/h3>\n<p>Los cilindros del cuchar\u00f3n deben dise\u00f1arse e instalarse de manera que se garantice la seguridad del operador, y su falla no debe provocar da\u00f1os al personal ni a la maquinaria.<\/p>\n<h3>Mantenimiento<\/h3>\n<p>El mantenimiento y la inspecci\u00f3n regulares, que incluyen lubricaci\u00f3n, reemplazo de sellos y controles de calibraci\u00f3n, garantizan la longevidad y el rendimiento \u00f3ptimo del cilindro del cuchar\u00f3n.<\/p>\n<div>\n    <img decoding=\"async\" src=\"https:\/\/www.hydraulic-cylinders.net\/wp-content\/uploads\/2025\/01\/songte-oil-pipes-and-spare-parts.webp\" alt=\"Consideraciones de dise\u00f1o y criterios de selecci\u00f3n del cilindro del cuchar\u00f3n para la excavadora intermedia Caterpillar E33202\">\n<\/div>\n<h2>Sellado y lubricaci\u00f3n<\/h2>\n<p>Los cilindros de cangilones utilizan diversos componentes de sellado para garantizar su fiabilidad. Los sellos de pist\u00f3n y v\u00e1stago suelen estar fabricados con materiales resistentes al desgaste, como poliuretano y caucho de nitrilo. El cuerpo del cilindro y el extremo roscado se someten a un tratamiento minucioso para aumentar la resistencia al desgaste. El llenado regular con la cantidad adecuada de aceite hidr\u00e1ulico garantiza un funcionamiento suave.<\/p>\n<div>\n    <img decoding=\"async\" src=\"https:\/\/www.hydraulic-cylinders.net\/wp-content\/uploads\/2025\/01\/songte-chushion-collar.webp\" alt=\"Cilindro de cuchar\u00f3n para excavadora intermedia Caterpillar E33202: Sellado y lubricaci\u00f3n\">\n<\/div>\n<h2>Medidas de mantenimiento preventivo y reparaci\u00f3n<\/h2>\n<h3>Inspecci\u00f3n regular<\/h3>\n<p>La inspecci\u00f3n peri\u00f3dica del cilindro del cuchar\u00f3n garantiza que cualquier problema se detecte y se resuelva de manera oportuna.<\/p>\n<h3>Lubricaci\u00f3n adecuada<\/h3>\n<p>La lubricaci\u00f3n adecuada del cilindro del cuchar\u00f3n garantiza un funcionamiento suave y prolonga la vida \u00fatil del cilindro.<\/p>\n<h3>Sustituci\u00f3n de juntas y comprobaci\u00f3n de calibraci\u00f3n<\/h3>\n<p>Reemplazar los componentes de sellado desgastados y calibrar el cilindro garantiza un rendimiento y una longevidad \u00f3ptimos.<\/p>\n<p>Es importante alinear correctamente el cilindro durante la instalaci\u00f3n y utilizar los soportes de instalaci\u00f3n adecuados para asegurarlo. Los procedimientos recomendados de inspecci\u00f3n, reparaci\u00f3n y reemplazo, as\u00ed como los servicios de reconstrucci\u00f3n, ofrecen consejos para prolongar la vida \u00fatil del cilindro del cuchar\u00f3n.<\/p>\n<div>\n    <img decoding=\"async\" src=\"https:\/\/hzpt.com\/wp-content\/uploads\/2024\/11\/songte-company-1.webp\" alt=\"Medidas de mantenimiento preventivo y reparaci\u00f3n del cilindro del cuchar\u00f3n de la excavadora intermedia Caterpillar E33202\">\n<\/div>\n<h2>Consideraciones de seguridad y factores ambientales<\/h2>\n<p>Al utilizar cilindros de cangilones, se deben tomar medidas de seguridad para evitar da\u00f1os al personal o a la maquinaria. Se debe enfatizar la importancia de tomar medidas de seguridad al utilizar el producto.<\/p>\n<h2>Diagn\u00f3stico de fallas y problemas comunes<\/h2>\n<p>Los cilindros de cangilones pueden experimentar diversos problemas durante su funcionamiento, como fugas de aceite, presi\u00f3n insuficiente y da\u00f1os mec\u00e1nicos. Un diagn\u00f3stico y una resoluci\u00f3n de problemas adecuados son necesarios para identificar y resolver estos problemas. El mantenimiento y la inspecci\u00f3n regulares minimizan la aparici\u00f3n de posibles problemas.<\/p>\n<div>\n    <img decoding=\"async\" src=\"https:\/\/www.hydraulic-cylinders.net\/wp-content\/uploads\/2025\/01\/songte-company-3.webp\" alt=\"Introducci\u00f3n de la empresa: Cilindro de cuchar\u00f3n para excavadora intermedia Caterpillar E33202\">\n<\/div>\n<h2>Introducci\u00f3n de la empresa<\/h2>\n<p>Somos fabricantes de cilindros hidr\u00e1ulicos de repuesto y contamos con una gama completa de productos, lo que nos convierte en uno de los principales fabricantes y distribuidores mayoristas de cilindros hidr\u00e1ulicos en el mercado nacional e internacional. Nos adherimos al principio de excelente calidad, nos basamos en estrategias de gesti\u00f3n de producci\u00f3n industrializadas en talleres de fabricaci\u00f3n de alta calidad, mejoramos constantemente nuestra plataforma de fabricaci\u00f3n, perfeccionamos nuestra l\u00ednea de producci\u00f3n de calidad y contamos con una s\u00f3lida capacidad creativa para satisfacer las diversas necesidades de nuestros clientes con alta eficiencia, precisi\u00f3n y principios de alta calidad.<\/p>\n<p>Ofrecemos servicios personalizados y contamos con certificaciones internacionales. Utilizamos equipos de producci\u00f3n avanzados y contamos con un equipo profesional de servicio posventa para brindar productos y servicios de alta calidad a nuestros clientes.<\/p>\n<div>\n    <img decoding=\"async\" src=\"https:\/\/www.hydraulic-cylinders.net\/wp-content\/uploads\/2025\/01\/songte-company-3.webp\" alt=\"Introducci\u00f3n de la empresa: Cilindro de cuchar\u00f3n para excavadora intermedia Caterpillar E33202\">\n<\/div>\n<p>Autor: lyl.<\/p>","protected":false},"excerpt":{"rendered":"<p>Bucket Cylinder For Caterpillar Middle Excavator E33202 Introduction Definition and Explanation A Bucket Cylinder for Caterpillar Middle Excavator E33202 is a specialized hydraulic cylinder primarily used to control the movement of buckets in heavy machinery, such as excavators, backhoe excavators, and front-end loaders. Its main function is to enable the bucket to lift, lower, and [&hellip;]<\/p>","protected":false},"featured_media":14769,"comment_status":"open","ping_status":"closed","template":"","meta":{"_et_pb_use_builder":"","_et_pb_old_content":"","_et_gb_content_width":""},"product_brand":[],"product_cat":[1494],"product_tag":[1495,1496],"class_list":{"0":"post-15233","1":"product","2":"type-product","3":"status-publish","4":"has-post-thumbnail","6":"product_cat-bucket-cylinders","7":"product_tag-bucket-cylinders","8":"product_tag-hydraulic-cylinders","10":"first","11":"instock","12":"shipping-taxable","13":"product-type-simple"},"amp_enabled":true,"_links":{"self":[{"href":"https:\/\/www.hydraulic-cylinders.net\/es\/wp-json\/wp\/v2\/product\/15233","targetHints":{"allow":["GET"]}}],"collection":[{"href":"https:\/\/www.hydraulic-cylinders.net\/es\/wp-json\/wp\/v2\/product"}],"about":[{"href":"https:\/\/www.hydraulic-cylinders.net\/es\/wp-json\/wp\/v2\/types\/product"}],"replies":[{"embeddable":true,"href":"https:\/\/www.hydraulic-cylinders.net\/es\/wp-json\/wp\/v2\/comments?post=15233"}],"wp:featuredmedia":[{"embeddable":true,"href":"https:\/\/www.hydraulic-cylinders.net\/es\/wp-json\/wp\/v2\/media\/14769"}],"wp:attachment":[{"href":"https:\/\/www.hydraulic-cylinders.net\/es\/wp-json\/wp\/v2\/media?parent=15233"}],"wp:term":[{"taxonomy":"product_brand","embeddable":true,"href":"https:\/\/www.hydraulic-cylinders.net\/es\/wp-json\/wp\/v2\/product_brand?post=15233"},{"taxonomy":"product_cat","embeddable":true,"href":"https:\/\/www.hydraulic-cylinders.net\/es\/wp-json\/wp\/v2\/product_cat?post=15233"},{"taxonomy":"product_tag","embeddable":true,"href":"https:\/\/www.hydraulic-cylinders.net\/es\/wp-json\/wp\/v2\/product_tag?post=15233"}],"curies":[{"name":"wp","href":"https:\/\/api.w.org\/{rel}","templated":true}]}}