{"id":15235,"date":"2025-01-19T14:16:31","date_gmt":"2025-01-19T14:16:31","guid":{"rendered":"https:\/\/www.hydraulic-cylinders.net\/product\/bucket-cylinder-for-caterpillar-middle-excavator-e300-300b\/"},"modified":"2025-01-19T14:16:33","modified_gmt":"2025-01-19T14:16:33","slug":"bucket-cylinder-for-caterpillar-middle-excavator-e300-300b","status":"publish","type":"product","link":"https:\/\/www.hydraulic-cylinders.net\/es\/producto\/bucket-cylinder-for-caterpillar-middle-excavator-e300-300b\/","title":{"rendered":"Cilindro de cuchar\u00f3n para excavadora intermedia Caterpillar E300\/300B"},"content":{"rendered":"<h1>Cilindro de cuchar\u00f3n para excavadora intermedia Caterpillar E300\/300B<\/h1>\n<h2>Introducci\u00f3n<\/h2>\n<p>El cilindro del cuchar\u00f3n para la excavadora intermedia Caterpillar E300\/300B es un cilindro hidr\u00e1ulico especialmente dise\u00f1ado que se utiliza principalmente para controlar el movimiento del cuchar\u00f3n en maquinaria pesada como excavadoras, retroexcavadoras y cargadoras frontales. Su funci\u00f3n principal es permitir que el cuchar\u00f3n se eleve, baje e incline, facilitando diversas tareas de manipulaci\u00f3n de materiales. En el sistema hidr\u00e1ulico, el cilindro del cuchar\u00f3n logra un control preciso del cuchar\u00f3n variando la presi\u00f3n del aceite hidr\u00e1ulico, lo que permite a los operadores manipular cargas pesadas con eficiencia y adaptarse a entornos de trabajo complejos y diversos requisitos operativos.<\/p>\n<p><img decoding=\"async\" src=\"https:\/\/www.hydraulic-cylinders.net\/wp-content\/uploads\/2025\/01\/songte-company-2.webp\" alt=\"Imagen del cilindro del cubo\"><\/p>\n<h2>Caracter\u00edsticas<\/h2>\n<ul>\n<li>Alta resistencia y durabilidad: Fabricado generalmente en acero o aluminio de alta resistencia, el cilindro del cuchar\u00f3n puede soportar alta presi\u00f3n y cargas pesadas, adapt\u00e1ndose a entornos de trabajo hostiles. Su dise\u00f1o considera la resistencia al desgaste y a la corrosi\u00f3n, lo que prolonga su vida \u00fatil.<\/li>\n<li>Operaci\u00f3n hidr\u00e1ulica eficiente: al utilizar la presi\u00f3n del aceite hidr\u00e1ulico, el cilindro del cuchar\u00f3n logra acciones suaves de extensi\u00f3n y retracci\u00f3n, lo que permite una respuesta r\u00e1pida a los comandos de control y proporciona poderosas fuerzas de empuje y tracci\u00f3n, lo que lo hace adecuado para manipular cargas pesadas y tareas operativas complejas.<\/li>\n<li>Varios tipos: El cilindro del cuchar\u00f3n puede ser de simple efecto (hidr\u00e1ulico en una sola direcci\u00f3n) o de doble efecto (hidr\u00e1ulico en ambas direcciones) para satisfacer diferentes requisitos operativos. Algunos modelos son telesc\u00f3picos, lo que permite una mayor extensi\u00f3n sin aumentar las dimensiones externas, lo que los hace ideales para aplicaciones con espacio limitado.<\/li>\n<li>Reemplazo perfecto: Nuestros productos pueden reemplazar perfectamente estos cilindros hidr\u00e1ulicos.<\/li>\n<\/ul>\n<p><img decoding=\"async\" src=\"https:\/\/www.hydraulic-cylinders.net\/wp-content\/uploads\/2025\/01\/songte-cylinder-head-with-all-kinds-excavator-models.webp\" alt=\"Imagen del producto\"><\/p>\n<h2>Aplicaciones<\/h2>\n<ul>\n<li>Equipos de construcci\u00f3n: Presentes en las excavadoras, son cruciales para excavar, cargar y mover tierra o escombros. En las retroexcavadoras, el cilindro del cuchar\u00f3n facilita tanto la excavaci\u00f3n como la elevaci\u00f3n.<\/li>\n<li>Maquinaria agr\u00edcola: Se utilizan en cargadores frontales y ayudan a recoger, levantar y transportar tierra, heno y otros materiales.<\/li>\n<li>Excavadoras: El cilindro del cuchar\u00f3n permite realizar acciones de excavaci\u00f3n al permitir que el cuchar\u00f3n penetre en el suelo.<\/li>\n<li>Cargadores: En los cargadores frontales, ayudan a levantar y descargar mercanc\u00edas de manera eficiente.<\/li>\n<\/ul>\n<h2>Consideraciones de dise\u00f1o y criterios de selecci\u00f3n<\/h2>\n<ul>\n<li>Capacidad de carga: El cilindro del cuchar\u00f3n est\u00e1 dise\u00f1ado para soportar los requisitos de carga especificados.<\/li>\n<li>Sellado: Se utilizan diversos elementos de sellado, como sellos de pist\u00f3n y sellos de varilla, para garantizar un sellado adecuado y evitar fugas.<\/li>\n<li>Durabilidad: El cilindro del cuchar\u00f3n est\u00e1 construido para soportar las duras condiciones de funcionamiento y proporcionar un rendimiento duradero.<\/li>\n<li>Seguridad: Se incorporan caracter\u00edsticas de seguridad como v\u00e1lvulas de alivio de presi\u00f3n para evitar la sobrecarga y garantizar un funcionamiento seguro.<\/li>\n<li>Mantenibilidad: El dise\u00f1o permite un f\u00e1cil mantenimiento y reparaci\u00f3n, minimizando el tiempo de inactividad.<\/li>\n<\/ul>\n<p><img decoding=\"async\" src=\"https:\/\/www.hydraulic-cylinders.net\/wp-content\/uploads\/2025\/01\/songte-oil-pipes-and-spare-parts.webp\" alt=\"Imagen del producto\"><\/p>\n<h2>Sellado y lubricaci\u00f3n<\/h2>\n<p>El cilindro del cuchar\u00f3n utiliza diversos elementos de sellado, como sellos de pist\u00f3n y de v\u00e1stago, fabricados con materiales resistentes al desgaste como poliuretano y caucho de nitrilo. El cuerpo del cilindro y los extremos roscados cuentan con un tratamiento fino para mejorar la resistencia al desgaste. Es necesaria una lubricaci\u00f3n regular con el aceite hidr\u00e1ulico adecuado para garantizar un funcionamiento fluido.<\/p>\n<h2>Inspecci\u00f3n y mantenimiento preventivo<\/h2>\n<ul>\n<li>Inspeccione peri\u00f3dicamente el cilindro del cuchar\u00f3n para detectar cualquier signo de da\u00f1o, fuga o desgaste.<\/li>\n<li>Aseg\u00farese de que el cilindro y sus componentes est\u00e9n lubricados adecuadamente.<\/li>\n<li>Reemplace los sellos y otras piezas desgastadas para mantener un rendimiento \u00f3ptimo.<\/li>\n<\/ul>\n<h2>Gu\u00eda de instalaci\u00f3n<\/h2>\n<p>La correcta instalaci\u00f3n del cilindro del cuchar\u00f3n es crucial para su rendimiento y durabilidad. Siga estas instrucciones:<\/p>\n<ul>\n<li>Alinee correctamente el cilindro durante la instalaci\u00f3n.<\/li>\n<li>Utilice soportes de instalaci\u00f3n adecuados para asegurar el cilindro.<\/li>\n<\/ul>\n<p><img decoding=\"async\" src=\"https:\/\/www.hydraulic-cylinders.net\/wp-content\/uploads\/2025\/01\/songte-chushion-collar.webp\" alt=\"Imagen del producto\"><\/p>\n<h2>Tareas de mantenimiento<\/h2>\n<p>Las tareas de mantenimiento habituales para el cilindro del cuchar\u00f3n incluyen:<\/p>\n<ul>\n<li>Inspecciones regulares<\/li>\n<li>Lubricaci\u00f3n adecuada<\/li>\n<li>Reemplazo de sellos<\/li>\n<li>Comprobaciones de calibraci\u00f3n<\/li>\n<\/ul>\n<p>Es importante destacar la importancia de una correcta instalaci\u00f3n, lubricaci\u00f3n y ajuste. Es fundamental brindar una gu\u00eda adecuada sobre la alineaci\u00f3n del cilindro durante la instalaci\u00f3n. Se deben proporcionar los procedimientos recomendados de inspecci\u00f3n, reparaci\u00f3n y reemplazo para prolongar la vida \u00fatil del cilindro del cuchar\u00f3n. Tambi\u00e9n se deben proporcionar consejos para el reemplazo de componentes y los servicios de reconstrucci\u00f3n para prolongar la vida \u00fatil del producto.<\/p>\n<p><img decoding=\"async\" src=\"https:\/\/www.hydraulic-cylinders.net\/wp-content\/uploads\/2025\/01\/songte-bushings-with-all-kinds-of-excavator-models.webp\" alt=\"Imagen del producto\"><\/p>\n<h2>Consideraciones de seguridad y factores ambientales<\/h2>\n<p>Al utilizar el cilindro del cuchar\u00f3n, es importante seguir las medidas de seguridad para evitar accidentes y garantizar un funcionamiento seguro.<\/p>\n<h2>Soluci\u00f3n de problemas y problemas comunes<\/h2>\n<p>Identifique y describa los problemas comunes que pueden ocurrir con el cilindro del cuchar\u00f3n. Proporcione consejos y soluciones para ayudar a los lectores a diagnosticar y resolver problemas. Ofrezca medidas preventivas para minimizar posibles problemas.<\/p>\n<p><img decoding=\"async\" src=\"https:\/\/hzpt.com\/wp-content\/uploads\/2024\/11\/songte-company-1.webp\" alt=\"Imagen del producto\"><\/p>\n<h2>Acerca de nuestra empresa<\/h2>\n<p>Somos un fabricante y distribuidor mayorista l\u00edder de cilindros hidr\u00e1ulicos en el mercado nacional e internacional. Nuestra amplia gama de productos y nuestro compromiso con la excelencia nos han convertido en uno de los principales fabricantes y mayoristas de cilindros hidr\u00e1ulicos del sector. Seguimos una estrategia de gesti\u00f3n de producci\u00f3n industrializada, con un taller de fabricaci\u00f3n de alta calidad, equipos de fabricaci\u00f3n digital avanzados y sistemas de prueba profesionales para mejorar continuamente nuestra plataforma de fabricaci\u00f3n y nuestras l\u00edneas de producci\u00f3n de calidad. Con una s\u00f3lida capacidad de innovaci\u00f3n, nos esforzamos por satisfacer las diversas necesidades de nuestros clientes con alta eficiencia, precisi\u00f3n y calidad.<\/p>\n<p><img decoding=\"async\" src=\"https:\/\/www.hydraulic-cylinders.net\/wp-content\/uploads\/2025\/01\/songte-company-3.webp\" alt=\"Imagen de la empresa\"><\/p>\n<h3>Profesionalismo<\/h3>\n<p>Contamos con un equipo de profesionales cualificados que aseguran los m\u00e1s altos est\u00e1ndares de calidad en todo nuestro proceso de fabricaci\u00f3n.<\/p>\n<h3>Certificaciones internacionales<\/h3>\n<p>Nuestros productos cumplen con los est\u00e1ndares internacionales de calidad y seguridad, garantizando fiabilidad y satisfacci\u00f3n del cliente.<\/p>\n<h3>Servicios de personalizaci\u00f3n<\/h3>\n<p>Ofrecemos servicios de personalizaci\u00f3n para satisfacer los requisitos espec\u00edficos del cliente y brindar soluciones personalizadas.<\/p>\n<h3>Equipos de producci\u00f3n<\/h3>\n<p>Utilizamos equipos de producci\u00f3n avanzados para garantizar precisi\u00f3n y eficiencia en cada etapa de la fabricaci\u00f3n.<\/p>\n<h3>Servicio posventa<\/h3>\n<p>Brindamos un servicio posventa integral y soporte para ayudar a los clientes con cualquier consulta o inquietud.<\/p>\n<p>Autor: lyl<\/p>","protected":false},"excerpt":{"rendered":"<p>Bucket Cylinder For Caterpillar Middle Excavator E300\/300B Introduction The bucket cylinder for Caterpillar middle excavator E300\/300B is a specially designed hydraulic cylinder that is primarily used to control the movement of the bucket in heavy machinery such as excavators, backhoe loaders, and front-end loaders. Its main function is to allow the bucket to lift, lower, [&hellip;]<\/p>","protected":false},"featured_media":14762,"comment_status":"open","ping_status":"closed","template":"","meta":{"_et_pb_use_builder":"","_et_pb_old_content":"","_et_gb_content_width":""},"product_brand":[],"product_cat":[1494],"product_tag":[1495,1496],"class_list":{"0":"post-15235","1":"product","2":"type-product","3":"status-publish","4":"has-post-thumbnail","6":"product_cat-bucket-cylinders","7":"product_tag-bucket-cylinders","8":"product_tag-hydraulic-cylinders","10":"first","11":"instock","12":"shipping-taxable","13":"product-type-simple"},"amp_enabled":true,"_links":{"self":[{"href":"https:\/\/www.hydraulic-cylinders.net\/es\/wp-json\/wp\/v2\/product\/15235","targetHints":{"allow":["GET"]}}],"collection":[{"href":"https:\/\/www.hydraulic-cylinders.net\/es\/wp-json\/wp\/v2\/product"}],"about":[{"href":"https:\/\/www.hydraulic-cylinders.net\/es\/wp-json\/wp\/v2\/types\/product"}],"replies":[{"embeddable":true,"href":"https:\/\/www.hydraulic-cylinders.net\/es\/wp-json\/wp\/v2\/comments?post=15235"}],"wp:featuredmedia":[{"embeddable":true,"href":"https:\/\/www.hydraulic-cylinders.net\/es\/wp-json\/wp\/v2\/media\/14762"}],"wp:attachment":[{"href":"https:\/\/www.hydraulic-cylinders.net\/es\/wp-json\/wp\/v2\/media?parent=15235"}],"wp:term":[{"taxonomy":"product_brand","embeddable":true,"href":"https:\/\/www.hydraulic-cylinders.net\/es\/wp-json\/wp\/v2\/product_brand?post=15235"},{"taxonomy":"product_cat","embeddable":true,"href":"https:\/\/www.hydraulic-cylinders.net\/es\/wp-json\/wp\/v2\/product_cat?post=15235"},{"taxonomy":"product_tag","embeddable":true,"href":"https:\/\/www.hydraulic-cylinders.net\/es\/wp-json\/wp\/v2\/product_tag?post=15235"}],"curies":[{"name":"wp","href":"https:\/\/api.w.org\/{rel}","templated":true}]}}