{"id":15244,"date":"2025-01-19T14:17:12","date_gmt":"2025-01-19T14:17:12","guid":{"rendered":"https:\/\/www.hydraulic-cylinders.net\/product\/bucket-cylinder-for-caterpillar-large-excavator-e349dz\/"},"modified":"2025-01-19T14:17:14","modified_gmt":"2025-01-19T14:17:14","slug":"bucket-cylinder-for-caterpillar-large-excavator-e349dz","status":"publish","type":"product","link":"https:\/\/www.hydraulic-cylinders.net\/es\/producto\/bucket-cylinder-for-caterpillar-large-excavator-e349dz\/","title":{"rendered":"Cilindro de cuchar\u00f3n para excavadora grande Caterpillar E349DZ"},"content":{"rendered":"<h1>Cilindro de cuchar\u00f3n para excavadora grande Caterpillar E349DZ<\/h1>\n<h2>Introducci\u00f3n<\/h2>\n<p>Un cilindro de cuchar\u00f3n es un cilindro hidr\u00e1ulico especialmente dise\u00f1ado que controla el movimiento de los cucharones en maquinaria pesada, como excavadoras, retroexcavadoras y cargadoras frontales. Su funci\u00f3n principal es permitir que el cuchar\u00f3n se eleve, baje e incline, facilitando la manipulaci\u00f3n de diversos materiales. En el sistema hidr\u00e1ulico, el cilindro del cuchar\u00f3n controla con precisi\u00f3n el movimiento del cuchar\u00f3n mediante cambios en la presi\u00f3n del aceite hidr\u00e1ulico, lo que permite a los operadores manipular cargas pesadas con eficiencia y adaptarse a entornos de trabajo complejos y diversas necesidades operativas.<\/p>\n<p><img decoding=\"async\" src=\"https:\/\/www.hydraulic-cylinders.net\/wp-content\/uploads\/2025\/01\/songte-company-2.webp\"><\/p>\n<h2>Caracter\u00edsticas<\/h2>\n<ul>\n<li>\n<h3>Alta resistencia y durabilidad<\/h3>\n<\/li>\n<p>Los cilindros de cangilones generalmente est\u00e1n hechos de acero o aluminio de alta resistencia, que pueden soportar alta presi\u00f3n y cargas pesadas, adaptarse a entornos de trabajo hostiles y est\u00e1n dise\u00f1ados para considerar la resistencia al desgaste y la resistencia a la corrosi\u00f3n para extender su vida \u00fatil.<\/p>\n<li>\n<h3>Operaci\u00f3n hidr\u00e1ulica eficiente<\/h3>\n<\/li>\n<p>Los cilindros de cangilones utilizan presi\u00f3n de aceite hidr\u00e1ulico para lograr movimientos suaves de extensi\u00f3n y contracci\u00f3n, y pueden responder r\u00e1pidamente a los comandos de control para proporcionar fuertes fuerzas de empuje y tracci\u00f3n, lo que los hace adecuados para manipular cargas pesadas y tareas operativas complejas.<\/p>\n<li>\n<h3>Varios tipos<\/h3>\n<\/li>\n<p>Los cilindros de cuchar\u00f3n se pueden seleccionar seg\u00fan las necesidades operativas, como cilindros de simple efecto (hidr\u00e1ulicos en una sola direcci\u00f3n) o de doble efecto (hidr\u00e1ulicos en ambas direcciones). Algunos modelos son telesc\u00f3picos, lo que permite una mayor extensi\u00f3n sin aumentar las dimensiones externas, lo que los hace ideales para aplicaciones con espacio limitado.<\/p>\n<li>\n<h3>Reemplazo compatible<\/h3>\n<\/li>\n<p>Nuestros productos pueden reemplazar perfectamente estos cilindros hidr\u00e1ulicos.<\/p>\n<\/ul>\n<p><img decoding=\"async\" src=\"https:\/\/www.hydraulic-cylinders.net\/wp-content\/uploads\/2025\/01\/songte-cylinder-head-with-all-kinds-excavator-models.webp\"><\/p>\n<h2>Aplicaciones<\/h2>\n<p>Los cilindros de cuchar\u00f3n se utilizan ampliamente en diversas industrias, como maquinaria de construcci\u00f3n, maquinaria agr\u00edcola, excavadoras y cargadoras. A continuaci\u00f3n, se muestran algunos ejemplos:<\/p>\n<ul>\n<li>\n<h3>Equipos de construcci\u00f3n<\/h3>\n<\/li>\n<p>Los cilindros del cuchar\u00f3n son esenciales para excavar, cargar y mover tierra o escombros en excavadoras y retroexcavadoras. En las cargadoras frontales, ayudan a elevar e inclinar la mercanc\u00eda eficazmente.<\/p>\n<li>\n<h3>Maquinaria agr\u00edcola<\/h3>\n<\/li>\n<p>Los cilindros de cuchar\u00f3n se utilizan en cargadores frontales para recoger, levantar y transportar tierra, heno y otros materiales.<\/p>\n<li>\n<h3>excavadoras<\/h3>\n<\/li>\n<p>Los cilindros del cuchar\u00f3n permiten la excavaci\u00f3n al permitir que el cuchar\u00f3n penetre en el suelo.<\/p>\n<li>\n<h3>Cargadores<\/h3>\n<\/li>\n<p>Los cilindros del cuchar\u00f3n ayudan a levantar e inclinar las mercanc\u00edas de manera efectiva en los cargadores frontales.<\/p>\n<\/ul>\n<h2>Consideraciones de dise\u00f1o y criterios de selecci\u00f3n<\/h2>\n<p>Al seleccionar cilindros para cangilones, se deben considerar diversos factores como la capacidad de carga, el sellado, la durabilidad, la seguridad y la facilidad de mantenimiento. A continuaci\u00f3n, se presentan algunas consideraciones de dise\u00f1o y criterios de selecci\u00f3n:<\/p>\n<ul>\n<li>\n<h3>Capacidad de carga<\/h3>\n<\/li>\n<p>El cilindro del cuchar\u00f3n debe poder soportar la carga m\u00e1xima que pueda ocurrir durante el funcionamiento.<\/p>\n<li>\n<h3>Caza de focas<\/h3>\n<\/li>\n<p>El cilindro del cuchar\u00f3n debe tener un buen sellado para evitar fugas de aceite y garantizar un funcionamiento suave.<\/p>\n<li>\n<h3>Durabilidad<\/h3>\n<\/li>\n<p>El cilindro del cuchar\u00f3n debe estar fabricado con materiales duraderos y de alta calidad para soportar el duro entorno de trabajo y garantizar una larga vida \u00fatil.<\/p>\n<li>\n<h3>Seguridad<\/h3>\n<\/li>\n<p>El cilindro del cuchar\u00f3n debe tener caracter\u00edsticas de seguridad como v\u00e1lvulas de alivio y man\u00f3metros para evitar la sobrecarga y garantizar un funcionamiento seguro.<\/p>\n<li>\n<h3>Mantenibilidad<\/h3>\n<\/li>\n<p>El cilindro del cuchar\u00f3n debe ser f\u00e1cil de mantener y reparar, y las piezas de repuesto deben estar f\u00e1cilmente disponibles.<\/p>\n<\/ul>\n<p><img decoding=\"async\" src=\"https:\/\/www.hydraulic-cylinders.net\/wp-content\/uploads\/2025\/01\/songte-oil-pipes-and-spare-parts.webp\"><\/p>\n<h2>Sellado y lubricaci\u00f3n<\/h2>\n<p>Se deben utilizar diversos componentes de sellado, como sellos de pist\u00f3n y de v\u00e1stago, en los cilindros de cangilones para evitar fugas de aceite y garantizar un funcionamiento suave. Los sellos deben estar fabricados con materiales resistentes al desgaste, como poliuretano y caucho de nitrilo. El cuerpo del cilindro y las superficies de los extremos de las roscas deben estar finamente procesadas para mejorar la resistencia al desgaste. El cilindro de cangilones requiere lubricaci\u00f3n regular con aceite hidr\u00e1ulico para garantizar un funcionamiento suave. <\/p>\n<h2>Mantenimiento y reparaci\u00f3n<\/h2>\n<p>La inspecci\u00f3n regular y las medidas de mantenimiento preventivo pueden ayudar a prevenir posibles problemas y prolongar la vida \u00fatil del cilindro del cuchar\u00f3n. A continuaci\u00f3n, se presentan tres tareas de mantenimiento comunes:<\/p>\n<ul>\n<li>Inspecci\u00f3n regular<\/li>\n<p>Revise peri\u00f3dicamente si hay fugas de aceite, desgaste y otros problemas.<\/p>\n<li>Lubricaci\u00f3n adecuada<\/li>\n<p>Aseg\u00farese de que el cilindro del cuchar\u00f3n est\u00e9 correctamente lubricado con aceite hidr\u00e1ulico.<\/p>\n<li>Sustituci\u00f3n de juntas y comprobaci\u00f3n de calibraci\u00f3n<\/li>\n<p>Reemplace los sellos desgastados y verifique la calibraci\u00f3n peri\u00f3dicamente para garantizar un rendimiento \u00f3ptimo.<\/p>\n<\/ul>\n<p><img decoding=\"async\" src=\"https:\/\/www.hydraulic-cylinders.net\/wp-content\/uploads\/2025\/01\/songte-chushion-collar.webp\"><\/p>\n<h2>Consideraciones de seguridad y medio ambiente<\/h2>\n<p>Se deben tomar medidas de seguridad al utilizar cilindros de cangilones para prevenir accidentes. Es fundamental seguir las normas de seguridad y utilizar el equipo de protecci\u00f3n personal adecuado. Tambi\u00e9n se deben tener en cuenta las consideraciones ambientales, como la correcta eliminaci\u00f3n del aceite hidr\u00e1ulico y otros residuos.<\/p>\n<h2>Soluci\u00f3n de problemas y problemas comunes<\/h2>\n<p>A continuaci\u00f3n se presentan algunos problemas comunes que pueden ocurrir al utilizar cilindros de cangilones y algunas sugerencias para la resoluci\u00f3n de problemas:<\/p>\n<ul>\n<li>\n<h3>Fuga de aceite<\/h3>\n<\/li>\n<p>Verifique si hay sellos da\u00f1ados y reempl\u00e1celos si es necesario.<\/p>\n<li>\n<h3>Operaci\u00f3n lenta<\/h3>\n<\/li>\n<p>Compruebe si no hay suficiente aceite hidr\u00e1ulico y rell\u00e9nelo si es necesario.<\/p>\n<li>\n<h3>Ruido excesivo<\/h3>\n<\/li>\n<p>Compruebe si hay componentes da\u00f1ados o desgastados y reempl\u00e1celos si es necesario.<\/p>\n<\/ul>\n<p><img decoding=\"async\" src=\"https:\/\/www.hydraulic-cylinders.net\/wp-content\/uploads\/2025\/01\/songte-bushings-with-all-kinds-of-excavator-models.webp\"><\/p>\n<h2>Acerca de nuestra empresa<\/h2>\n<p>Somos fabricantes de cilindros hidr\u00e1ulicos de repuesto con una gama completa de productos y nos hemos convertido en uno de los principales fabricantes y distribuidores mayoristas de cilindros hidr\u00e1ulicos en el mercado nacional e internacional. Nos adherimos al principio de excelencia en calidad y nos basamos en estrategias de gesti\u00f3n de la producci\u00f3n industrial en talleres de alta calidad. Nuestra empresa mejora continuamente la plataforma de fabricaci\u00f3n de nuestros talleres, perfecciona la calidad de nuestros productos y cuenta con una s\u00f3lida capacidad creativa. Satisfacemos las diversas necesidades de nuestros clientes con alta eficiencia, precisi\u00f3n y altos est\u00e1ndares de calidad.<\/p>\n<p><img decoding=\"async\" src=\"https:\/\/hzpt.com\/wp-content\/uploads\/2024\/11\/songte-company-1.webp\"><\/p>\n<h2>Nuestros servicios<\/h2>\n<ul>\n<li>\n<h3>Profesionalismo<\/h3>\n<\/li>\n<p>Contamos con un equipo de ingenieros y t\u00e9cnicos profesionales que pueden brindar soluciones personalizadas para sus necesidades de cilindros hidr\u00e1ulicos.<\/p>\n<li>\n<h3>Certificaci\u00f3n Internacional<\/h3>\n<\/li>\n<p>Hemos obtenido certificaciones internacionales como ISO9001, CE y SGS, que garantizan que la calidad de nuestros productos cumple con los est\u00e1ndares internacionales.<\/p>\n<li>\n<h3>Servicios de personalizaci\u00f3n<\/h3>\n<\/li>\n<p>Ofrecemos servicios de personalizaci\u00f3n para satisfacer las necesidades espec\u00edficas de nuestros clientes.<\/p>\n<li>\n<h3>Equipos de producci\u00f3n avanzados<\/h3>\n<\/li>\n<p>Utilizamos equipos de producci\u00f3n y sistemas de prueba avanzados para garantizar la calidad de nuestros productos.<\/p>\n<li>\n<h3>Servicio postventa<\/h3>\n<\/li>\n<p>Brindamos servicio postventa y soporte t\u00e9cnico para garantizar el rendimiento a largo plazo de nuestros productos.<\/p>\n<\/ul>\n<p>Autor: lyl<\/p>","protected":false},"excerpt":{"rendered":"<p>Bucket Cylinder For Caterpillar Large Excavator E349DZ Introduction A bucket cylinder is a specially designed hydraulic cylinder that controls the movement of buckets in heavy machinery such as excavators, backhoe loaders, and front-end loaders. Its main function is to allow the bucket to lift, lower, and tilt, making it easier to handle various materials. In [&hellip;]<\/p>","protected":false},"featured_media":14778,"comment_status":"open","ping_status":"closed","template":"","meta":{"_et_pb_use_builder":"","_et_pb_old_content":"","_et_gb_content_width":""},"product_brand":[],"product_cat":[1494],"product_tag":[1495,1496],"class_list":{"0":"post-15244","1":"product","2":"type-product","3":"status-publish","4":"has-post-thumbnail","6":"product_cat-bucket-cylinders","7":"product_tag-bucket-cylinders","8":"product_tag-hydraulic-cylinders","10":"first","11":"instock","12":"shipping-taxable","13":"product-type-simple"},"amp_enabled":true,"_links":{"self":[{"href":"https:\/\/www.hydraulic-cylinders.net\/es\/wp-json\/wp\/v2\/product\/15244","targetHints":{"allow":["GET"]}}],"collection":[{"href":"https:\/\/www.hydraulic-cylinders.net\/es\/wp-json\/wp\/v2\/product"}],"about":[{"href":"https:\/\/www.hydraulic-cylinders.net\/es\/wp-json\/wp\/v2\/types\/product"}],"replies":[{"embeddable":true,"href":"https:\/\/www.hydraulic-cylinders.net\/es\/wp-json\/wp\/v2\/comments?post=15244"}],"wp:featuredmedia":[{"embeddable":true,"href":"https:\/\/www.hydraulic-cylinders.net\/es\/wp-json\/wp\/v2\/media\/14778"}],"wp:attachment":[{"href":"https:\/\/www.hydraulic-cylinders.net\/es\/wp-json\/wp\/v2\/media?parent=15244"}],"wp:term":[{"taxonomy":"product_brand","embeddable":true,"href":"https:\/\/www.hydraulic-cylinders.net\/es\/wp-json\/wp\/v2\/product_brand?post=15244"},{"taxonomy":"product_cat","embeddable":true,"href":"https:\/\/www.hydraulic-cylinders.net\/es\/wp-json\/wp\/v2\/product_cat?post=15244"},{"taxonomy":"product_tag","embeddable":true,"href":"https:\/\/www.hydraulic-cylinders.net\/es\/wp-json\/wp\/v2\/product_tag?post=15244"}],"curies":[{"name":"wp","href":"https:\/\/api.w.org\/{rel}","templated":true}]}}