{"id":15246,"date":"2025-01-19T14:17:21","date_gmt":"2025-01-19T14:17:21","guid":{"rendered":"https:\/\/www.hydraulic-cylinders.net\/product\/bucket-cylinder-for-caterpillar-large-excavator-e390dl\/"},"modified":"2025-01-19T14:17:23","modified_gmt":"2025-01-19T14:17:23","slug":"bucket-cylinder-for-caterpillar-large-excavator-e390dl","status":"publish","type":"product","link":"https:\/\/www.hydraulic-cylinders.net\/es\/producto\/bucket-cylinder-for-caterpillar-large-excavator-e390dl\/","title":{"rendered":"Cilindro de cuchar\u00f3n para excavadora grande Caterpillar E390DL"},"content":{"rendered":"<h2>Cilindro de cuchar\u00f3n para excavadora grande Caterpillar E390DL<\/h2>\n<h3>Introducci\u00f3n<\/h3>\n<p>El cilindro del cuchar\u00f3n de una excavadora grande Caterpillar E390DL es un cilindro hidr\u00e1ulico especializado, dise\u00f1ado principalmente para controlar el movimiento del cuchar\u00f3n en maquinaria pesada como excavadoras, retroexcavadoras y cargadoras frontales. Su funci\u00f3n principal es permitir que el cuchar\u00f3n se eleve, baje e incline, facilitando diversas tareas de manipulaci\u00f3n de materiales. En el sistema hidr\u00e1ulico, los cilindros del cuchar\u00f3n controlan los movimientos precisos del cuchar\u00f3n mediante cambios en la presi\u00f3n del aceite hidr\u00e1ulico, lo que permite a los operadores manipular cargas pesadas con eficiencia y adaptarse a entornos de trabajo complejos y a diversos requisitos laborales.<\/p>\n<p><img decoding=\"async\" src=\"https:\/\/www.hydraulic-cylinders.net\/wp-content\/uploads\/2025\/01\/songte-company-2.webp\" alt=\"Cilindro de cuchar\u00f3n para excavadora grande Caterpillar E390DL\" \/><\/p>\n<h3>Caracter\u00edsticas<\/h3>\n<ul>\n<li>Alta resistencia y durabilidad: generalmente fabricado en acero o aluminio de alta resistencia, puede soportar alta presi\u00f3n y cargas pesadas, adaptarse a entornos de trabajo hostiles y est\u00e1 dise\u00f1ado teniendo en cuenta la resistencia al desgaste y la corrosi\u00f3n para extender su vida \u00fatil.<\/li>\n<li>Operaci\u00f3n hidr\u00e1ulica eficiente: Utilizando la presi\u00f3n del aceite hidr\u00e1ulico para lograr movimientos suaves de extensi\u00f3n y contracci\u00f3n, puede responder r\u00e1pidamente a los comandos de control, proporcionar poderosas fuerzas de empuje y tracci\u00f3n, y es adecuado para manipular cargas pesadas y tareas laborales complejas.<\/li>\n<li>Diversos tipos: Se pueden elegir cilindros de simple efecto (hidr\u00e1ulicos en una sola direcci\u00f3n) o de doble efecto (hidr\u00e1ulicos en dos direcciones) seg\u00fan las necesidades operativas. Algunos modelos son telesc\u00f3picos, lo que permite una mayor extensi\u00f3n sin aumentar las dimensiones externas, lo que los hace ideales para aplicaciones con espacio limitado.<\/li>\n<li>Altamente compatible: nuestro producto puede reemplazar perfectamente estos cilindros hidr\u00e1ulicos.<\/li>\n<li>Personalizable: Podemos producir este producto seg\u00fan sus especificaciones, para satisfacer sus necesidades espec\u00edficas.<\/li>\n<\/ul>\n<p><img decoding=\"async\" src=\"https:\/\/www.hydraulic-cylinders.net\/wp-content\/uploads\/2025\/01\/songte-cylinder-head-with-all-kinds-excavator-models.webp\" alt=\"Cilindro de cuchar\u00f3n para excavadora grande Caterpillar E390DL\" \/><\/p>\n<h3>Aplicaciones<\/h3>\n<p>Los cilindros de cangilones se utilizan ampliamente en diversas maquinarias de trabajo pesado como:<\/p>\n<ul>\n<li>Equipos de construcci\u00f3n: En las excavadoras, son cruciales para excavar, cargar y mover tierra o escombros. En las retroexcavadoras, los cilindros del cuchar\u00f3n ayudan en la excavaci\u00f3n y la elevaci\u00f3n.<\/li>\n<li>Maquinaria agr\u00edcola: Se utiliza en cargadores frontales para recoger, levantar y transportar tierra, heno y otros materiales.<\/li>\n<li>Excavadoras: Los cilindros del cuchar\u00f3n permiten la excavaci\u00f3n al permitir que el cuchar\u00f3n penetre en el suelo.<\/li>\n<li>Cargadores: En los cargadores frontales, ayudan a levantar y descargar mercanc\u00edas de manera eficaz.<\/li>\n<\/ul>\n<h3>Criterios de dise\u00f1o y selecci\u00f3n<\/h3>\n<p>Al dise\u00f1ar y seleccionar cilindros de cangilones, se deben tener en cuenta varios factores:<\/p>\n<ul>\n<li>Capacidad de carga: Los cilindros de los cangilones deben ser capaces de soportar la carga de la maquinaria en la que se utilizan y el peso del material que se manipula.<\/li>\n<li>Sellado: Se deben utilizar varios componentes de sellado, como sellos de pist\u00f3n, sellos de varilla y sellos limpiadores, para garantizar un sellado efectivo y evitar fugas.<\/li>\n<li>Durabilidad: Los cilindros de cangilones deben dise\u00f1arse teniendo en cuenta la durabilidad, garantizando que puedan soportar duras condiciones de trabajo, uso prolongado y cargas pesadas.<\/li>\n<li>Seguridad: Los cilindros de cangilones deben estar dise\u00f1ados y fabricados para cumplir con estrictos est\u00e1ndares de seguridad, garantizando un funcionamiento seguro y previniendo accidentes.<\/li>\n<li>Mantenimiento: Los cilindros de los cangilones deben dise\u00f1arse teniendo en cuenta la facilidad de mantenimiento, lo que hace que sea f\u00e1cil desmontarlos, repararlos y reemplazar piezas si es necesario.<\/li>\n<\/ul>\n<p><img decoding=\"async\" src=\"https:\/\/www.hydraulic-cylinders.net\/wp-content\/uploads\/2025\/01\/songte-oil-pipes-and-spare-parts.webp\" alt=\"Cilindro de cuchar\u00f3n para excavadora grande Caterpillar E390DL\" \/><\/p>\n<h3>Sellado y lubricaci\u00f3n<\/h3>\n<p>Para garantizar un funcionamiento correcto, los cilindros de cuchar\u00f3n requieren un sellado y una lubricaci\u00f3n adecuados. Esto incluye el uso de diversos componentes de sellado, como sellos de pist\u00f3n, sellos de v\u00e1stago y sellos rascadores, fabricados con materiales duraderos como poliuretano y caucho de nitrilo, as\u00ed como un mecanizado preciso del cuerpo del cilindro y las superficies de las roscas para aumentar la resistencia al desgaste. Es necesario a\u00f1adir regularmente la cantidad adecuada de aceite hidr\u00e1ulico para garantizar una lubricaci\u00f3n adecuada.<\/p>\n<h3>Mantenimiento y reparaci\u00f3n<\/h3>\n<p>La inspecci\u00f3n regular y el mantenimiento preventivo son fundamentales para la longevidad de los cilindros de cangilones. Las tareas de mantenimiento m\u00e1s comunes incluyen las siguientes:<\/p>\n<ul>\n<li>Inspecci\u00f3n regular: inspeccione el cilindro para detectar signos de da\u00f1o o desgaste, como fugas de aceite, grietas, abolladuras u \u00f3xido.<\/li>\n<li>Lubricaci\u00f3n: Aplique regularmente el lubricante adecuado a las superficies cr\u00edticas.<\/li>\n<li>Reemplazo de sellos: reemplace cualquier sello desgastado o da\u00f1ado para evitar fugas de aceite.<\/li>\n<li>Calibration check: Check the cylinder&#8217;s performance regularly to ensure it is functioning correctly.<\/li>\n<\/ul>\n<p><img decoding=\"async\" src=\"https:\/\/www.hydraulic-cylinders.net\/wp-content\/uploads\/2025\/01\/songte-chushion-collar.webp\" alt=\"Cilindro de cuchar\u00f3n para excavadora grande Caterpillar E390DL\" \/><\/p>\n<h3>Consideraciones de seguridad y factores ambientales<\/h3>\n<p>Los cilindros de cangilones deben utilizarse con precauci\u00f3n y con el equipo de seguridad adecuado, como guantes y botas de trabajo. La correcta eliminaci\u00f3n del aceite hidr\u00e1ulico y otros residuos es fundamental para la seguridad ambiental y debe realizarse de acuerdo con las normativas locales.<\/p>\n<h3>Diagn\u00f3stico de fallas y problemas comunes<\/h3>\n<p>Los problemas comunes que pueden afectar el rendimiento de los cilindros de cuchar\u00f3n incluyen fugas de aceite, da\u00f1os en los pistones y desgaste de los sellos. Para diagnosticar y resolver estos problemas, los siguientes consejos pueden ser \u00fatiles:<\/p>\n<ul>\n<li>Inspeccione peri\u00f3dicamente el cilindro para detectar da\u00f1os o desgaste.<\/li>\n<li>Reemplace cualquier sello o componente desgastado o da\u00f1ado.<\/li>\n<li>Verifique y ajuste la calibraci\u00f3n seg\u00fan sea necesario.<\/li>\n<\/ul>\n<p><img decoding=\"async\" src=\"https:\/\/www.hydraulic-cylinders.net\/wp-content\/uploads\/2025\/01\/songte-bushings-with-all-kinds-of-excavator-models.webp\" alt=\"Cilindro de cuchar\u00f3n para excavadora grande Caterpillar E390DL\" \/><\/p>\n<h3>Acerca de nuestra empresa<\/h3>\n<p>Somos un fabricante y distribuidor mayorista l\u00edder de cilindros hidr\u00e1ulicos en el mercado nacional e internacional. Nos adherimos a excelentes est\u00e1ndares de calidad, nos basamos en estrategias de gesti\u00f3n de la producci\u00f3n industrial en talleres de fabricaci\u00f3n de alta calidad y mejoramos continuamente nuestra plataforma de fabricaci\u00f3n y las rutas de calidad de nuestros productos mediante el uso de talento t\u00e9cnico, equipos de fabricaci\u00f3n digitales de alta gama y sistemas de prueba profesionales. Contamos con una s\u00f3lida capacidad de innovaci\u00f3n y ofrecemos productos y servicios de alta eficiencia, precisi\u00f3n y calidad para satisfacer las diversas necesidades de nuestros clientes.<\/p>\n<p><img decoding=\"async\" src=\"https:\/\/hzpt.com\/wp-content\/uploads\/2024\/11\/songte-company-1.webp\" alt=\"Cilindro de cuchar\u00f3n para excavadora grande Caterpillar E390DL\" \/><\/p>\n<h3>\u00bfPor qu\u00e9 elegirnos?<\/h3>\n<ul>\n<li>Profesionalismo: Contamos con un equipo de profesionales con experiencia y expertos en el campo de los cilindros hidr\u00e1ulicos.<\/li>\n<li>Certificaci\u00f3n internacional: Hemos obtenido la ISO9001 y otras certificaciones internacionales, lo que garantiza la calidad de nuestros productos.<\/li>\n<li>Servicios de personalizaci\u00f3n: Podemos proporcionar productos personalizados seg\u00fan sus especificaciones para satisfacer sus necesidades espec\u00edficas.<\/li>\n<li>Equipo de producci\u00f3n avanzado: Confiamos en equipos de producci\u00f3n avanzados para garantizar la precisi\u00f3n y la calidad de nuestros productos.<\/li>\n<li>Servicios posventa: Brindamos excelentes servicios posventa a nuestros clientes, incluidos servicios de mantenimiento, reparaci\u00f3n y reconstrucci\u00f3n.<\/li>\n<\/ul>\n<p>Autor: lyl<\/p>","protected":false},"excerpt":{"rendered":"<p>Bucket Cylinder for Caterpillar Large Excavator E390DL Introduction A bucket cylinder for a Caterpillar large excavator E390DL is a specialized hydraulic cylinder designed primarily for controlling the movement of the bucket in heavy machinery such as excavators, backhoe loaders, and front-end loaders. Its main function is to enable the bucket to lift, lower, and tilt, [&hellip;]<\/p>","protected":false},"featured_media":14773,"comment_status":"open","ping_status":"closed","template":"","meta":{"_et_pb_use_builder":"","_et_pb_old_content":"","_et_gb_content_width":""},"product_brand":[],"product_cat":[1494],"product_tag":[1495,1496],"class_list":{"0":"post-15246","1":"product","2":"type-product","3":"status-publish","4":"has-post-thumbnail","6":"product_cat-bucket-cylinders","7":"product_tag-bucket-cylinders","8":"product_tag-hydraulic-cylinders","10":"first","11":"instock","12":"shipping-taxable","13":"product-type-simple"},"amp_enabled":true,"_links":{"self":[{"href":"https:\/\/www.hydraulic-cylinders.net\/es\/wp-json\/wp\/v2\/product\/15246","targetHints":{"allow":["GET"]}}],"collection":[{"href":"https:\/\/www.hydraulic-cylinders.net\/es\/wp-json\/wp\/v2\/product"}],"about":[{"href":"https:\/\/www.hydraulic-cylinders.net\/es\/wp-json\/wp\/v2\/types\/product"}],"replies":[{"embeddable":true,"href":"https:\/\/www.hydraulic-cylinders.net\/es\/wp-json\/wp\/v2\/comments?post=15246"}],"wp:featuredmedia":[{"embeddable":true,"href":"https:\/\/www.hydraulic-cylinders.net\/es\/wp-json\/wp\/v2\/media\/14773"}],"wp:attachment":[{"href":"https:\/\/www.hydraulic-cylinders.net\/es\/wp-json\/wp\/v2\/media?parent=15246"}],"wp:term":[{"taxonomy":"product_brand","embeddable":true,"href":"https:\/\/www.hydraulic-cylinders.net\/es\/wp-json\/wp\/v2\/product_brand?post=15246"},{"taxonomy":"product_cat","embeddable":true,"href":"https:\/\/www.hydraulic-cylinders.net\/es\/wp-json\/wp\/v2\/product_cat?post=15246"},{"taxonomy":"product_tag","embeddable":true,"href":"https:\/\/www.hydraulic-cylinders.net\/es\/wp-json\/wp\/v2\/product_tag?post=15246"}],"curies":[{"name":"wp","href":"https:\/\/api.w.org\/{rel}","templated":true}]}}