{"id":15254,"date":"2025-01-19T14:17:52","date_gmt":"2025-01-19T14:17:52","guid":{"rendered":"https:\/\/www.hydraulic-cylinders.net\/product\/bucket-cylinder-for-caterpillar-large-excavator-e329d-329dl\/"},"modified":"2025-01-19T14:18:00","modified_gmt":"2025-01-19T14:18:00","slug":"bucket-cylinder-for-caterpillar-large-excavator-e329d-329dl","status":"publish","type":"product","link":"https:\/\/www.hydraulic-cylinders.net\/es\/producto\/bucket-cylinder-for-caterpillar-large-excavator-e329d-329dl\/","title":{"rendered":"Cilindro de cuchar\u00f3n para excavadora grande Caterpillar E329D\/329DL"},"content":{"rendered":"<h1>Cilindro de cuchar\u00f3n para excavadora grande Caterpillar E329D\/329DL<\/h1>\n<h2>Introducci\u00f3n<\/h2>\n<p>The bucket cylinder for Caterpillar large excavator E329D\/329DL is a specially designed hydraulic cylinder used to control the movement of the bucket in heavy machinery such as excavators, backhoe loaders, and front-end loaders. Its main function is to enable the bucket to lift, lower, and tilt, making it convenient for various material handling tasks. In the hydraulic system, the bucket cylinder achieves precise control of the bucket&#8217;s movements through changes in hydraulic oil pressure, allowing operators to efficiently handle heavy loads and adapt to complex working environments and diverse operational needs.<\/p>\n<p><img decoding=\"async\" src=\"https:\/\/www.hydraulic-cylinders.net\/wp-content\/uploads\/2025\/01\/songte-company-2.webp\"><\/p>\n<h2>Caracter\u00edsticas<\/h2>\n<ul>\n<li>Alta resistencia y durabilidad: Fabricado generalmente en acero o aluminio de alta resistencia, el cilindro del cuchar\u00f3n soporta alta presi\u00f3n y cargas pesadas, lo que lo hace ideal para condiciones de trabajo rigurosas. Su dise\u00f1o considera la resistencia al desgaste y a la corrosi\u00f3n, lo que prolonga su vida \u00fatil.<\/li>\n<li>Operaci\u00f3n hidr\u00e1ulica eficiente: al utilizar la presi\u00f3n del aceite hidr\u00e1ulico, el cilindro del cuchar\u00f3n permite acciones suaves de extensi\u00f3n y retracci\u00f3n, responde r\u00e1pidamente a los comandos de control, proporciona poderosas fuerzas de empuje y tracci\u00f3n y es adecuado para manipular cargas pesadas y tareas operativas complejas.<\/li>\n<li>Varios tipos: El cilindro del cuchar\u00f3n puede seleccionarse como cilindro hidr\u00e1ulico de simple efecto (energ\u00eda hidr\u00e1ulica en una sola direcci\u00f3n) o de doble efecto (energ\u00eda hidr\u00e1ulica en ambas direcciones), seg\u00fan las necesidades. Algunos modelos son telesc\u00f3picos, lo que permite una mayor extensi\u00f3n sin aumentar las dimensiones externas, lo que los hace ideales para aplicaciones con espacio limitado.<\/li>\n<li>Reemplazo perfecto: Nuestros productos pueden reemplazar perfectamente estos cilindros hidr\u00e1ulicos. <\/li>\n<\/ul>\n<p><img decoding=\"async\" src=\"https:\/\/www.hydraulic-cylinders.net\/wp-content\/uploads\/2025\/01\/songte-cylinder-head-with-all-kinds-excavator-models.webp\"><\/p>\n<h2>Aplicaciones<\/h2>\n<p>El cilindro de cuchara para excavadora grande Caterpillar E329D\/329DL se utiliza en diversos tipos de equipos:<\/p>\n<ul>\n<li>Equipos de construcci\u00f3n: Presentes en excavadoras, son cruciales para excavar, cargar y mover tierra o escombros. En las retroexcavadoras, el cilindro del cuchar\u00f3n facilita tanto la excavaci\u00f3n como la elevaci\u00f3n.<\/li>\n<li>Maquinaria agr\u00edcola: Se utiliza en cargadoras frontales para recoger, levantar y transportar tierra, heno y otros materiales.<\/li>\n<li>Excavadoras: El cilindro del cuchar\u00f3n permite realizar acciones de excavaci\u00f3n al permitir que el cuchar\u00f3n penetre en el suelo.<\/li>\n<li>Cargadores: En los cargadores frontales, ayudan a levantar e inclinar las mercanc\u00edas de manera eficiente.<\/li>\n<\/ul>\n<h2>Consideraciones de dise\u00f1o y criterios de selecci\u00f3n<\/h2>\n<p>Cuando se trata de las consideraciones de dise\u00f1o y los criterios de selecci\u00f3n de cilindros de cangilones, los siguientes factores son cruciales:<\/p>\n<ul>\n<li>Capacidad de carga<\/li>\n<li>Caza de focas<\/li>\n<li>Durabilidad<\/li>\n<li>Seguridad<\/li>\n<li>Mantenibilidad<\/li>\n<\/ul>\n<p><img decoding=\"async\" src=\"https:\/\/www.hydraulic-cylinders.net\/wp-content\/uploads\/2025\/01\/songte-oil-pipes-and-spare-parts.webp\"><\/p>\n<h2>Sellado y lubricaci\u00f3n<\/h2>\n<p>El cilindro del cuchar\u00f3n utiliza diversos componentes de sellado, como sellos de pist\u00f3n y de v\u00e1stago, fabricados con materiales resistentes al desgaste como poliuretano y caucho de nitrilo. El cuerpo del cilindro y los extremos roscados se someten a un procesamiento preciso para mejorar la resistencia al desgaste. Es necesaria una lubricaci\u00f3n regular con el aceite hidr\u00e1ulico adecuado para garantizar un funcionamiento sin problemas.<\/p>\n<h2>Inspecci\u00f3n regular y mantenimiento preventivo<\/h2>\n<p>Las inspecciones peri\u00f3dicas y el mantenimiento preventivo son esenciales para un rendimiento \u00f3ptimo. Se deben tomar las siguientes medidas:<\/p>\n<ul>\n<li>Inspeccionar y mantener la alineaci\u00f3n adecuada durante la instalaci\u00f3n<\/li>\n<li>Lubricaci\u00f3n regular<\/li>\n<li>Reemplazo del sello<\/li>\n<li>Comprobaciones de calibraci\u00f3n<\/li>\n<\/ul>\n<p><img decoding=\"async\" src=\"https:\/\/www.hydraulic-cylinders.net\/wp-content\/uploads\/2025\/01\/songte-chushion-collar.webp\"><\/p>\n<h2>Consideraciones de seguridad y factores ambientales<\/h2>\n<p>Es fundamental garantizar la implementaci\u00f3n de medidas de seguridad al utilizar cilindros de cangilones. Se deben considerar factores como la instalaci\u00f3n correcta, el mantenimiento regular y el cumplimiento de las normas de seguridad relacionadas con el uso de equipos hidr\u00e1ulicos.<\/p>\n<h2>Soluci\u00f3n de problemas y problemas comunes<\/h2>\n<p>Si experimenta problemas con el cilindro del cuchar\u00f3n, es importante diagnosticarlos y solucionarlos de inmediato. Algunos consejos y soluciones comunes para la resoluci\u00f3n de problemas incluyen:<\/p>\n<ul>\n<li>Inspecci\u00f3n de conexiones hidr\u00e1ulicas para detectar fugas<\/li>\n<li>Comprobaci\u00f3n de ruidos anormales durante el funcionamiento<\/li>\n<li>Verificaci\u00f3n de los niveles adecuados de l\u00edquido hidr\u00e1ulico<\/li>\n<\/ul>\n<p><img decoding=\"async\" src=\"https:\/\/www.hydraulic-cylinders.net\/wp-content\/uploads\/2025\/01\/songte-bushings-with-all-kinds-of-excavator-models.webp\"><\/p>\n<h2>Conclusi\u00f3n<\/h2>\n<p>En resumen, somos un fabricante y distribuidor mayorista l\u00edder de cilindros hidr\u00e1ulicos en el mercado nacional e internacional. Nuestra amplia gama de productos, nuestro compromiso con la excelencia y la utilizaci\u00f3n de tecnolog\u00edas de fabricaci\u00f3n avanzadas y sistemas de prueba profesionales nos permiten satisfacer las diversas demandas de nuestros clientes. Priorizamos la eficiencia, la precisi\u00f3n y los altos est\u00e1ndares de calidad para garantizar la satisfacci\u00f3n del cliente. Con un enfoque en la profesionalidad, las certificaciones internacionales, los servicios personalizados, los equipos de producci\u00f3n y el soporte posventa, nos esforzamos por ofrecer las mejores soluciones en el campo de los cilindros hidr\u00e1ulicos.<\/p>\n<p><img decoding=\"async\" src=\"https:\/\/www.hydraulic-cylinders.net\/wp-content\/uploads\/2025\/01\/songte-company-3.webp\"><\/p>\n<p>Autor: lyl<\/p>","protected":false},"excerpt":{"rendered":"<p>Bucket Cylinder For Caterpillar Large Excavator E329D\/329DL Introduction The bucket cylinder for Caterpillar large excavator E329D\/329DL is a specially designed hydraulic cylinder used to control the movement of the bucket in heavy machinery such as excavators, backhoe loaders, and front-end loaders. Its main function is to enable the bucket to lift, lower, and tilt, making [&hellip;]<\/p>","protected":false},"featured_media":14787,"comment_status":"open","ping_status":"closed","template":"","meta":{"_et_pb_use_builder":"","_et_pb_old_content":"","_et_gb_content_width":""},"product_brand":[],"product_cat":[1494],"product_tag":[1495,1496],"class_list":{"0":"post-15254","1":"product","2":"type-product","3":"status-publish","4":"has-post-thumbnail","6":"product_cat-bucket-cylinders","7":"product_tag-bucket-cylinders","8":"product_tag-hydraulic-cylinders","10":"first","11":"instock","12":"shipping-taxable","13":"product-type-simple"},"amp_enabled":true,"_links":{"self":[{"href":"https:\/\/www.hydraulic-cylinders.net\/es\/wp-json\/wp\/v2\/product\/15254","targetHints":{"allow":["GET"]}}],"collection":[{"href":"https:\/\/www.hydraulic-cylinders.net\/es\/wp-json\/wp\/v2\/product"}],"about":[{"href":"https:\/\/www.hydraulic-cylinders.net\/es\/wp-json\/wp\/v2\/types\/product"}],"replies":[{"embeddable":true,"href":"https:\/\/www.hydraulic-cylinders.net\/es\/wp-json\/wp\/v2\/comments?post=15254"}],"wp:featuredmedia":[{"embeddable":true,"href":"https:\/\/www.hydraulic-cylinders.net\/es\/wp-json\/wp\/v2\/media\/14787"}],"wp:attachment":[{"href":"https:\/\/www.hydraulic-cylinders.net\/es\/wp-json\/wp\/v2\/media?parent=15254"}],"wp:term":[{"taxonomy":"product_brand","embeddable":true,"href":"https:\/\/www.hydraulic-cylinders.net\/es\/wp-json\/wp\/v2\/product_brand?post=15254"},{"taxonomy":"product_cat","embeddable":true,"href":"https:\/\/www.hydraulic-cylinders.net\/es\/wp-json\/wp\/v2\/product_cat?post=15254"},{"taxonomy":"product_tag","embeddable":true,"href":"https:\/\/www.hydraulic-cylinders.net\/es\/wp-json\/wp\/v2\/product_tag?post=15254"}],"curies":[{"name":"wp","href":"https:\/\/api.w.org\/{rel}","templated":true}]}}