{"id":15259,"date":"2025-01-19T14:18:18","date_gmt":"2025-01-19T14:18:18","guid":{"rendered":"https:\/\/www.hydraulic-cylinders.net\/product\/bucket-cylinder-for-caterpillar-large-excavator-e390d\/"},"modified":"2025-01-19T14:18:20","modified_gmt":"2025-01-19T14:18:20","slug":"bucket-cylinder-for-caterpillar-large-excavator-e390d","status":"publish","type":"product","link":"https:\/\/www.hydraulic-cylinders.net\/es\/producto\/bucket-cylinder-for-caterpillar-large-excavator-e390d\/","title":{"rendered":"Cilindro de cuchar\u00f3n para excavadora grande Caterpillar E390D"},"content":{"rendered":"<h1>Cilindro de cuchar\u00f3n para excavadora grande Caterpillar E390D<\/h1>\n<h2>Introducci\u00f3n<\/h2>\n<p>A bucket cylinder is a specially designed hydraulic cylinder used to control the movement of the bucket in heavy machinery, such as excavators, backhoe loaders, and front-end loaders. Its primary function is to allow the bucket to lift, lower and tilt, making it suitable for various material handling tasks. In the hydraulic system, the bucket cylinder precisely controls the bucket&#8217;s movements through changes in hydraulic oil pressure, enabling operators to efficiently handle heavy loads and adapt to complex work environments and diverse job requirements. <\/p>\n<p><img decoding=\"async\" src=\"https:\/\/www.hydraulic-cylinders.net\/wp-content\/uploads\/2025\/01\/songte-company-2.webp\"><\/p>\n<h2>Caracter\u00edsticas<\/h2>\n<ul>\n<li>\n<h3>Alta resistencia y durabilidad.<\/h3>\n<p>Los cilindros de cangilones suelen estar fabricados en acero o aluminio de alta resistencia y son capaces de soportar altas presiones y cargas pesadas, lo que los hace adecuados para entornos de trabajo hostiles. Est\u00e1n dise\u00f1ados para resistir el desgaste y la corrosi\u00f3n, lo que prolonga su vida \u00fatil.<\/p>\n<\/li>\n<li>\n<h3>Funcionamiento hidr\u00e1ulico eficiente<\/h3>\n<p>Los cilindros del cuchar\u00f3n utilizan la presi\u00f3n del aceite hidr\u00e1ulico para lograr movimientos suaves de extensi\u00f3n y retracci\u00f3n. Responden r\u00e1pidamente a las \u00f3rdenes de control, proporcionando potentes fuerzas de empuje y tracci\u00f3n, ideales para manipular cargas pesadas y realizar tareas complejas.<\/p>\n<\/li>\n<li>\n<h3>Diversos tipos<\/h3>\n<p>Los cilindros de cuchar\u00f3n pueden ser de simple efecto (que utilizan presi\u00f3n hidr\u00e1ulica en una sola direcci\u00f3n) o de doble efecto (que utilizan presi\u00f3n hidr\u00e1ulica en ambas direcciones), seg\u00fan las necesidades operativas. Algunos modelos son telesc\u00f3picos, lo que permite una mayor extensi\u00f3n sin aumentar las dimensiones externas, lo que los hace ideales para aplicaciones con espacio limitado.<\/p>\n<\/li>\n<li>\n<h3>Compatible con varios modelos de excavadoras.<\/h3>\n<p>Nuestro producto puede sustituir perfectamente a estos cilindros hidr\u00e1ulicos. <\/p>\n<\/li>\n<\/ul>\n<p><img decoding=\"async\" src=\"https:\/\/www.hydraulic-cylinders.net\/wp-content\/uploads\/2025\/01\/songte-cylinder-head-with-all-kinds-excavator-models.webp\"><\/p>\n<h2>Aplicaciones<\/h2>\n<p>Los cilindros del cuchar\u00f3n son componentes esenciales en diversas maquinarias pesadas, incluidas, entre otras:<\/p>\n<ul>\n<li>\n<h3>Equipos de construcci\u00f3n<\/h3>\n<p>En las excavadoras, son esenciales para excavar, cargar y mover tierra o escombros. En las retroexcavadoras, el cilindro del cuchar\u00f3n facilita tanto la excavaci\u00f3n como la elevaci\u00f3n. <\/p>\n<\/li>\n<li>\n<h3>Maquinaria agr\u00edcola<\/h3>\n<p>Se utiliza en cargadores frontales para recoger, levantar y transportar tierra, heno y otros materiales. <\/p>\n<\/li>\n<li>\n<h3>excavadoras<\/h3>\n<p>El cilindro del cuchar\u00f3n permite que \u00e9ste penetre en el suelo y realice acciones de excavaci\u00f3n. <\/p>\n<\/li>\n<li>\n<h3>Cargadores frontales<\/h3>\n<p>En los cargadores frontales, ayudan a levantar y descargar mercanc\u00edas de manera eficiente. <\/p>\n<\/li>\n<\/ul>\n<h2>Consideraciones de dise\u00f1o y criterios de selecci\u00f3n<\/h2>\n<p>Los cilindros de cangilones est\u00e1n dise\u00f1ados teniendo en cuenta varias consideraciones:<\/p>\n<ul>\n<li>\n<h3>capacidad de carga<\/h3>\n<p>El cilindro del cuchar\u00f3n debe ser lo suficientemente resistente para soportar cargas pesadas y soportar alta presi\u00f3n.<\/p>\n<\/li>\n<li>\n<h3>Caza de focas<\/h3>\n<p>El cilindro debe estar adecuadamente sellado para evitar fugas de aceite y mantener la presi\u00f3n adecuada. Debe estar equipado con materiales de sellado de alta calidad, como sellos de pist\u00f3n y de v\u00e1stago, fabricados con materiales resistentes al desgaste como poliuretano y caucho de nitrilo.<\/p>\n<\/li>\n<li>\n<h3>Durabilidad<\/h3>\n<p>El cilindro debe ser lo suficientemente duradero para soportar el desgaste en entornos hostiles, y el cuerpo del cilindro y los extremos roscados deben estar finamente procesados \u200b\u200bpara mejorar la resistencia al desgaste.<\/p>\n<\/li>\n<li>\n<h3>Seguridad<\/h3>\n<p>El cilindro debe estar dise\u00f1ado con caracter\u00edsticas de seguridad como protecci\u00f3n contra sobrecarga y v\u00e1lvulas de alivio de presi\u00f3n para evitar accidentes.<\/p>\n<\/li>\n<li>\n<h3>Mantenibilidad<\/h3>\n<p>El cilindro debe ser f\u00e1cil de mantener y reparar, y se recomienda utilizar piezas de repuesto adecuadas y servicios de reconstrucci\u00f3n para una vida \u00fatil m\u00e1s prolongada.<\/p>\n<\/li>\n<\/ul>\n<p><img decoding=\"async\" src=\"https:\/\/www.hydraulic-cylinders.net\/wp-content\/uploads\/2025\/01\/songte-oil-pipes-and-spare-parts.webp\"><\/p>\n<h2>Sellado y lubricaci\u00f3n<\/h2>\n<p>Los cilindros de cuchar\u00f3n requieren un sellado y una lubricaci\u00f3n adecuados para garantizar su \u00f3ptimo rendimiento. Esto incluye el uso de diversos componentes de sellado, como sellos de pist\u00f3n, sellos de v\u00e1stago y sellos rascadores, fabricados con materiales resistentes al desgaste. El cuerpo del cilindro y los extremos roscados deben procesarse para mejorar la resistencia al desgaste. Se recomienda regularizar la lubricaci\u00f3n con aceite hidr\u00e1ulico para garantizar un funcionamiento sin problemas.<\/p>\n<h2>Mantenimiento y reparaci\u00f3n<\/h2>\n<p>Regular maintenance and repair are essential for maintaining the bucket cylinder&#8217;s optimal performance. Common maintenance tasks include regular inspection, proper lubrication, seal replacement, and calibration checking. It is also vital to ensure proper installation, lubrication, and adjustment to increase the cylinder&#8217;s lifespan. <\/p>\n<p><img decoding=\"async\" src=\"https:\/\/www.hydraulic-cylinders.net\/wp-content\/uploads\/2025\/01\/songte-chushion-collar.webp\"><\/p>\n<h2>Consideraciones de seguridad<\/h2>\n<p>Los cilindros de cangilones deben operarse con las medidas de seguridad adecuadas y seguir las directrices de seguridad recomendadas. El cilindro debe ser instalado y operado por personal cualificado para evitar accidentes.<\/p>\n<h2>Diagn\u00f3stico y soluci\u00f3n de problemas<\/h2>\n<p>Las fallas comunes en los cilindros de la cuchara incluyen fugas de aceite, potencia insuficiente y funcionamiento lento. Los m\u00e9todos eficaces de soluci\u00f3n de problemas incluyen revisar el nivel de aceite hidr\u00e1ulico, inspeccionar el cilindro en busca de da\u00f1os o desgaste y reemplazar los sellos desgastados o da\u00f1ados. Es fundamental seguir los procedimientos de mantenimiento recomendados para evitar estas fallas.<\/p>\n<p><img decoding=\"async\" src=\"https:\/\/www.hydraulic-cylinders.net\/wp-content\/uploads\/2025\/01\/songte-bushings-with-all-kinds-of-excavator-models.webp\"><\/p>\n<h2>Sobre nosotros<\/h2>\n<p>We are a manufacturer of replacement hydraulic cylinders with a complete range of products. We have become one of the leading manufacturers and wholesale distributors of hydraulic cylinders in the domestic and international markets. We follow excellent quality, rely on finely crafted manufacturing workshops&#8217; industrial production management strategies, and constantly improve the manufacturing platform, improve product quality production lines, and have a strong creative ability to meet customers&#8217; diverse needs with high efficiency, high precision, and high quality principles. <\/p>\n<p><img decoding=\"async\" src=\"https:\/\/hzpt.com\/wp-content\/uploads\/2024\/11\/songte-company-1.webp\"><\/p>\n<h3>Profesionalismo<\/h3>\n<p>Contamos con un equipo de ingenieros y t\u00e9cnicos altamente calificados que dise\u00f1an y fabrican cilindros hidr\u00e1ulicos para cumplir con los m\u00e1s altos est\u00e1ndares de calidad. <\/p>\n<h3>Certificaciones internacionales<\/h3>\n<p>Nuestros productos est\u00e1n certificados con varios est\u00e1ndares internacionales, incluidos ISO, CE y SGS. <\/p>\n<h3>Servicios de personalizaci\u00f3n<\/h3>\n<p>Ofrecemos cilindros hidr\u00e1ulicos personalizados para satisfacer los requisitos espec\u00edficos del cliente, incluido el dise\u00f1o, la fabricaci\u00f3n y las pruebas. <\/p>\n<h3>Equipos de producci\u00f3n<\/h3>\n<p>Utilizamos equipos avanzados, incluidos centros de mecanizado CNC, rectificadoras de precisi\u00f3n y equipos de prueba. <\/p>\n<h3>Servicios posventa<\/h3>\n<p>Brindamos servicios integrales de posventa, incluidos servicios de mantenimiento, reparaci\u00f3n y reconstrucci\u00f3n para garantizar un rendimiento y una durabilidad \u00f3ptimos. <\/p>\n<p>Autor: lyl.<\/p>","protected":false},"excerpt":{"rendered":"<p>Bucket Cylinder For Caterpillar Large Excavator E390D Introduction A bucket cylinder is a specially designed hydraulic cylinder used to control the movement of the bucket in heavy machinery, such as excavators, backhoe loaders, and front-end loaders. Its primary function is to allow the bucket to lift, lower and tilt, making it suitable for various material [&hellip;]<\/p>","protected":false},"featured_media":14778,"comment_status":"open","ping_status":"closed","template":"","meta":{"_et_pb_use_builder":"","_et_pb_old_content":"","_et_gb_content_width":""},"product_brand":[],"product_cat":[1494],"product_tag":[1495,1496],"class_list":{"0":"post-15259","1":"product","2":"type-product","3":"status-publish","4":"has-post-thumbnail","6":"product_cat-bucket-cylinders","7":"product_tag-bucket-cylinders","8":"product_tag-hydraulic-cylinders","10":"first","11":"instock","12":"shipping-taxable","13":"product-type-simple"},"amp_enabled":true,"_links":{"self":[{"href":"https:\/\/www.hydraulic-cylinders.net\/es\/wp-json\/wp\/v2\/product\/15259","targetHints":{"allow":["GET"]}}],"collection":[{"href":"https:\/\/www.hydraulic-cylinders.net\/es\/wp-json\/wp\/v2\/product"}],"about":[{"href":"https:\/\/www.hydraulic-cylinders.net\/es\/wp-json\/wp\/v2\/types\/product"}],"replies":[{"embeddable":true,"href":"https:\/\/www.hydraulic-cylinders.net\/es\/wp-json\/wp\/v2\/comments?post=15259"}],"wp:featuredmedia":[{"embeddable":true,"href":"https:\/\/www.hydraulic-cylinders.net\/es\/wp-json\/wp\/v2\/media\/14778"}],"wp:attachment":[{"href":"https:\/\/www.hydraulic-cylinders.net\/es\/wp-json\/wp\/v2\/media?parent=15259"}],"wp:term":[{"taxonomy":"product_brand","embeddable":true,"href":"https:\/\/www.hydraulic-cylinders.net\/es\/wp-json\/wp\/v2\/product_brand?post=15259"},{"taxonomy":"product_cat","embeddable":true,"href":"https:\/\/www.hydraulic-cylinders.net\/es\/wp-json\/wp\/v2\/product_cat?post=15259"},{"taxonomy":"product_tag","embeddable":true,"href":"https:\/\/www.hydraulic-cylinders.net\/es\/wp-json\/wp\/v2\/product_tag?post=15259"}],"curies":[{"name":"wp","href":"https:\/\/api.w.org\/{rel}","templated":true}]}}