{"id":15260,"date":"2025-01-19T14:18:23","date_gmt":"2025-01-19T14:18:23","guid":{"rendered":"https:\/\/www.hydraulic-cylinders.net\/product\/bucket-cylinder-for-caterpillar-wheel-excavator-m320dz\/"},"modified":"2025-01-19T14:18:25","modified_gmt":"2025-01-19T14:18:25","slug":"bucket-cylinder-for-caterpillar-wheel-excavator-m320dz","status":"publish","type":"product","link":"https:\/\/www.hydraulic-cylinders.net\/es\/producto\/bucket-cylinder-for-caterpillar-wheel-excavator-m320dz\/","title":{"rendered":"Cilindro de cuchara para excavadora de ruedas Caterpillar M320DZ"},"content":{"rendered":"<p><!DOCTYPE html><br \/>\n<html><br \/>\n<head><br \/>\n\t<title>Cilindro de cuchara para excavadora de ruedas Caterpillar M320DZ<\/title><br \/>\n<\/head><br \/>\n<body><\/p>\n<h1>Cilindro de cuchara para excavadora de ruedas Caterpillar M320DZ<\/h1>\n<h2>Definici\u00f3n y explicaci\u00f3n<\/h2>\n<p>El cilindro de la cuchara es un cilindro hidr\u00e1ulico de dise\u00f1o especial que se utiliza para controlar el movimiento de la cuchara en maquinaria pesada como excavadoras, retroexcavadoras y cargadoras de ruedas. Su funci\u00f3n principal es permitir la elevaci\u00f3n, el descenso y la inclinaci\u00f3n de la cuchara, lo que lo hace id\u00f3neo para diversas tareas de manipulaci\u00f3n de materiales.<\/p>\n<p>En el sistema hidr\u00e1ulico, el cilindro de la cuchara logra un control preciso de la misma variando la presi\u00f3n del aceite hidr\u00e1ulico, lo que permite a los operarios manejar cargas pesadas de manera eficiente y adaptarse a entornos de trabajo complejos y a diversos requisitos laborales.<\/p>\n<p>\t<img decoding=\"async\" src=\"https:\/\/www.hydraulic-cylinders.net\/wp-content\/uploads\/2025\/01\/songte-company-2.webp\" alt=\"Imagen del cilindro del cubo\"><\/p>\n<h2>Caracter\u00edsticas<\/h2>\n<ul>\n<li>Alta resistencia y durabilidad: generalmente fabricados en acero o aluminio de alta resistencia, capaces de soportar altas presiones y cargas pesadas, adapt\u00e1ndose a entornos de trabajo exigentes, dise\u00f1ados teniendo en cuenta la resistencia al desgaste y a la corrosi\u00f3n, lo que prolonga su vida \u00fatil.<\/li>\n<li>Funcionamiento hidr\u00e1ulico eficiente: Utiliza la presi\u00f3n del aceite hidr\u00e1ulico para lograr movimientos suaves de extensi\u00f3n y retracci\u00f3n, con capacidad de respuesta r\u00e1pida a las \u00f3rdenes de control, proporcionando potentes fuerzas de empuje y tracci\u00f3n, adecuadas para manipular cargas pesadas y tareas complejas.<\/li>\n<li>Diversos tipos: Elija entre cilindros de simple efecto (hidr\u00e1ulicos utilizados en una sola direcci\u00f3n) o de doble efecto (hidr\u00e1ulicos utilizados en ambas direcciones) seg\u00fan sus necesidades operativas espec\u00edficas. Algunos modelos son telesc\u00f3picos, lo que permite una mayor extensi\u00f3n sin aumentar las dimensiones externas, adecuados para aplicaciones con espacio limitado.<\/li>\n<li>Reemplazo perfecto: Nuestros productos pueden reemplazar perfectamente estos cilindros hidr\u00e1ulicos.<\/li>\n<\/ul>\n<p>\t<img decoding=\"async\" src=\"https:\/\/www.hydraulic-cylinders.net\/wp-content\/uploads\/2025\/01\/songte-cylinder-head-with-all-kinds-excavator-models.webp\" alt=\"Imagen del producto\"><\/p>\n<h2>Aplicaciones<\/h2>\n<ul>\n<li>Equipos de construcci\u00f3n: Presentes en excavadoras, son esenciales para excavar, cargar y mover tierra o escombros. En las retroexcavadoras, el cilindro del cuchar\u00f3n ayuda tanto en la excavaci\u00f3n como en la elevaci\u00f3n.<\/li>\n<li>Maquinaria agr\u00edcola: Se utilizan en cargadores frontales y ayudan a recoger, levantar y transportar tierra, heno y otros materiales.<\/li>\n<li>Excavadoras: El cilindro del cuchar\u00f3n permite la acci\u00f3n de excavaci\u00f3n al permitir que el cuchar\u00f3n penetre en el suelo.<\/li>\n<li>Cargadoras de ruedas: En las cargadoras frontales, ayudan a levantar y descargar mercanc\u00edas de forma eficiente.<\/li>\n<\/ul>\n<h2>Consideraciones de dise\u00f1o y criterios de selecci\u00f3n<\/h2>\n<ul>\n<li>Capacidad de carga: Analice la capacidad del producto para soportar cargas pesadas y proporcione ejemplos de c\u00f3mo est\u00e1 dise\u00f1ado para manejar diferentes pesos y presiones.<\/li>\n<li>Sellado: Explique la importancia de utilizar diversos componentes de sellado, como juntas de pist\u00f3n y de v\u00e1stago, fabricados con materiales resistentes al desgaste como poliuretano y caucho de nitrilo. Mencione el tratamiento superficial preciso del cuerpo del cilindro y los extremos roscados para mejorar la resistencia al desgaste. Haga hincapi\u00e9 en la necesidad de una lubricaci\u00f3n regular con la cantidad adecuada de aceite hidr\u00e1ulico.<\/li>\n<\/ul>\n<p>\t<img decoding=\"async\" src=\"https:\/\/www.hydraulic-cylinders.net\/wp-content\/uploads\/2025\/01\/songte-oil-pipes-and-spare-parts.webp\" alt=\"Imagen del producto\"><\/p>\n<h2>Medidas de mantenimiento y prevenci\u00f3n<\/h2>\n<ul>\n<li>Inspecci\u00f3n peri\u00f3dica: Resalte la importancia de inspeccionar peri\u00f3dicamente el cilindro del dep\u00f3sito para detectar cualquier signo de desgaste, da\u00f1o o fuga.<\/li>\n<li>Lubricaci\u00f3n adecuada: Explique la importancia de una lubricaci\u00f3n adecuada para garantizar un funcionamiento sin problemas y prevenir el desgaste prematuro.<\/li>\n<li>Sustituci\u00f3n de juntas: Proporcione instrucciones sobre cu\u00e1ndo y c\u00f3mo sustituir las juntas para mantener el rendimiento del cilindro.<\/li>\n<\/ul>\n<p>\t<img decoding=\"async\" src=\"https:\/\/www.hydraulic-cylinders.net\/wp-content\/uploads\/2025\/01\/songte-chushion-collar.webp\" alt=\"Imagen del producto\"><\/p>\n<h2>Consideraciones de seguridad y factores ambientales<\/h2>\n<p>Analice la importancia de seguir las medidas de seguridad al utilizar el cilindro de cubo y el impacto ambiental de su uso.<\/p>\n<h2>Soluci\u00f3n de problemas y problemas comunes<\/h2>\n<p>Describa los problemas comunes que pueden surgir con el cilindro del dep\u00f3sito y proporcione consejos y soluciones para diagnosticar y resolver problemas. Adem\u00e1s, ofrezca medidas preventivas para minimizar posibles inconvenientes.<\/p>\n<p>\t<img decoding=\"async\" src=\"https:\/\/www.hydraulic-cylinders.net\/wp-content\/uploads\/2025\/01\/songte-bushings-with-all-kinds-of-excavator-models.webp\" alt=\"Imagen del producto\"><\/p>\n<h2>Introducci\u00f3n de la empresa<\/h2>\n<p>Somos fabricantes de cilindros hidr\u00e1ulicos de repuesto y uno de los principales fabricantes y distribuidores mayoristas en los mercados nacionales e internacionales. Nuestra empresa se rige por los principios de excelencia, utilizando estrategias de gesti\u00f3n de producci\u00f3n industrializada con talleres de fabricaci\u00f3n de alta calidad. Mejoramos continuamente nuestra plataforma de fabricaci\u00f3n, optimizamos los procesos de producci\u00f3n y contamos con una s\u00f3lida capacidad creativa. Nuestro objetivo es satisfacer las diversas necesidades de nuestros clientes con alta eficiencia, precisi\u00f3n y calidad.<\/p>\n<p>\t<img decoding=\"async\" src=\"https:\/\/hzpt.com\/wp-content\/uploads\/2024\/11\/songte-company-1.webp\" alt=\"Imagen de la empresa\"><\/p>\n<h3>Profesionalismo<\/h3>\n<p>Analice la experiencia de la empresa en la producci\u00f3n de cilindros hidr\u00e1ulicos y su compromiso con el suministro de productos de alta calidad.<\/p>\n<h3>Certificaciones internacionales<\/h3>\n<p>Resalte cualquier certificaci\u00f3n internacional que haya obtenido la empresa, demostrando as\u00ed su compromiso con el cumplimiento de los est\u00e1ndares globales.<\/p>\n<h3>Servicios de personalizaci\u00f3n<\/h3>\n<p>Explique la capacidad de la empresa para ofrecer soluciones personalizadas en funci\u00f3n de las necesidades del cliente.<\/p>\n<h3>Equipos de producci\u00f3n<\/h3>\n<p>Analice los equipos de producci\u00f3n avanzados que utiliza la empresa para garantizar la precisi\u00f3n y la calidad de sus productos.<\/p>\n<h3>Servicio postventa<\/h3>\n<p>Describa el compromiso de la empresa de brindar un excelente servicio posventa, incluidos los servicios de reparaci\u00f3n y reemplazo, para prolongar la vida \u00fatil de los cilindros hidr\u00e1ulicos.<\/p>\n<p>\t<img decoding=\"async\" src=\"https:\/\/www.hydraulic-cylinders.net\/wp-content\/uploads\/2025\/01\/songte-company-3.webp\" alt=\"Imagen de la empresa\"><\/p>\n<p>Autor: lyl<\/p>\n<p><\/body><br \/>\n<\/html><\/p>","protected":false},"excerpt":{"rendered":"<p>Bucket Cylinder For Caterpillar Wheel Excavator M320DZ Bucket Cylinder For Caterpillar Wheel Excavator M320DZ Definition and Explanation The bucket cylinder is a specially designed hydraulic cylinder used to control the movement of the bucket in heavy machinery such as excavators, backhoe loaders, and wheel loaders. Its main function is to enable the lifting, lowering, and [&hellip;]<\/p>","protected":false},"featured_media":14776,"comment_status":"open","ping_status":"closed","template":"","meta":{"_et_pb_use_builder":"","_et_pb_old_content":"","_et_gb_content_width":""},"product_brand":[],"product_cat":[1494],"product_tag":[1495,1496],"class_list":{"0":"post-15260","1":"product","2":"type-product","3":"status-publish","4":"has-post-thumbnail","6":"product_cat-bucket-cylinders","7":"product_tag-bucket-cylinders","8":"product_tag-hydraulic-cylinders","10":"first","11":"instock","12":"shipping-taxable","13":"product-type-simple"},"amp_enabled":true,"_links":{"self":[{"href":"https:\/\/www.hydraulic-cylinders.net\/es\/wp-json\/wp\/v2\/product\/15260","targetHints":{"allow":["GET"]}}],"collection":[{"href":"https:\/\/www.hydraulic-cylinders.net\/es\/wp-json\/wp\/v2\/product"}],"about":[{"href":"https:\/\/www.hydraulic-cylinders.net\/es\/wp-json\/wp\/v2\/types\/product"}],"replies":[{"embeddable":true,"href":"https:\/\/www.hydraulic-cylinders.net\/es\/wp-json\/wp\/v2\/comments?post=15260"}],"wp:featuredmedia":[{"embeddable":true,"href":"https:\/\/www.hydraulic-cylinders.net\/es\/wp-json\/wp\/v2\/media\/14776"}],"wp:attachment":[{"href":"https:\/\/www.hydraulic-cylinders.net\/es\/wp-json\/wp\/v2\/media?parent=15260"}],"wp:term":[{"taxonomy":"product_brand","embeddable":true,"href":"https:\/\/www.hydraulic-cylinders.net\/es\/wp-json\/wp\/v2\/product_brand?post=15260"},{"taxonomy":"product_cat","embeddable":true,"href":"https:\/\/www.hydraulic-cylinders.net\/es\/wp-json\/wp\/v2\/product_cat?post=15260"},{"taxonomy":"product_tag","embeddable":true,"href":"https:\/\/www.hydraulic-cylinders.net\/es\/wp-json\/wp\/v2\/product_tag?post=15260"}],"curies":[{"name":"wp","href":"https:\/\/api.w.org\/{rel}","templated":true}]}}