{"id":15261,"date":"2025-01-19T14:18:27","date_gmt":"2025-01-19T14:18:27","guid":{"rendered":"https:\/\/www.hydraulic-cylinders.net\/product\/bucket-cylinder-for-caterpillar-wheel-excavator-m326d\/"},"modified":"2025-01-19T14:18:29","modified_gmt":"2025-01-19T14:18:29","slug":"bucket-cylinder-for-caterpillar-wheel-excavator-m326d","status":"publish","type":"product","link":"https:\/\/www.hydraulic-cylinders.net\/es\/producto\/bucket-cylinder-for-caterpillar-wheel-excavator-m326d\/","title":{"rendered":"Cilindro de cuchar\u00f3n para excavadora de ruedas Caterpillar M326D"},"content":{"rendered":"<h1>Cilindro de cuchar\u00f3n para excavadora de ruedas Caterpillar M326D<\/h1>\n<h2>Introducci\u00f3n<\/h2>\n<p>El cilindro del cuchar\u00f3n de la excavadora de ruedas Caterpillar M326D es un cilindro hidr\u00e1ulico especializado, dise\u00f1ado para controlar el movimiento del cuchar\u00f3n en maquinaria pesada como excavadoras, retroexcavadoras y cargadoras frontales. Su funci\u00f3n principal es permitir que el cuchar\u00f3n se eleve, baje e incline, facilitando as\u00ed diversas tareas de manipulaci\u00f3n de materiales. En el sistema hidr\u00e1ulico, el cilindro del cuchar\u00f3n logra un control preciso del cuchar\u00f3n variando la presi\u00f3n del aceite hidr\u00e1ulico, lo que permite al operador manipular cargas pesadas con eficiencia y adaptarse a entornos de trabajo complejos y a diversos requisitos.<\/p>\n<p><img decoding=\"async\" src=\"https:\/\/www.hydraulic-cylinders.net\/wp-content\/uploads\/2025\/01\/songte-company-2.webp\"><\/p>\n<h2>Caracter\u00edsticas<\/h2>\n<ul>\n<li>Alta resistencia y durabilidad: generalmente fabricado en acero o aluminio de alta resistencia, puede soportar alta presi\u00f3n y cargas pesadas, adaptarse a entornos de trabajo hostiles y est\u00e1 dise\u00f1ado teniendo en cuenta la resistencia al desgaste y la corrosi\u00f3n, lo que extiende su vida \u00fatil.<\/li>\n<li>Operaci\u00f3n hidr\u00e1ulica eficiente: Se logran movimientos suaves de extensi\u00f3n y retracci\u00f3n utilizando presi\u00f3n de aceite hidr\u00e1ulico, y puede responder r\u00e1pidamente a los comandos de control, proporcionando poderosas fuerzas de empuje y tracci\u00f3n adecuadas para manipular cargas pesadas y tareas laborales complejas.<\/li>\n<li>Diversos tipos: Se pueden seleccionar cilindros de simple acci\u00f3n (hidr\u00e1ulicos en una sola direcci\u00f3n) o de doble acci\u00f3n (hidr\u00e1ulicos en ambas direcciones) seg\u00fan sea necesario para satisfacer diferentes requisitos operativos. Algunos modelos son telesc\u00f3picos, lo que permite una mayor extensi\u00f3n sin aumentar las dimensiones externas, lo que los hace ideales para aplicaciones con espacio limitado.<\/li>\n<li>Reemplazable: Nuestro producto puede reemplazar perfectamente estos cilindros hidr\u00e1ulicos.<\/li>\n<\/ul>\n<p><img decoding=\"async\" src=\"https:\/\/www.hydraulic-cylinders.net\/wp-content\/uploads\/2025\/01\/songte-cylinder-head-with-all-kinds-excavator-models.webp\"><\/p>\n<h2>Aplicaciones<\/h2>\n<p>El cilindro del cuchar\u00f3n para la excavadora de ruedas Caterpillar M326D se utiliza ampliamente en diversas industrias como:<\/p>\n<ul>\n<li>Equipos de construcci\u00f3n: En las excavadoras, son fundamentales para excavar, cargar y mover tierra o escombros. En las retroexcavadoras, los cilindros del cuchar\u00f3n facilitan tanto la excavaci\u00f3n como la elevaci\u00f3n. <\/li>\n<li>Maquinaria agr\u00edcola: Se utiliza en cargadores frontales para recoger, levantar y transportar tierra, heno y otros materiales; en las excavadoras, los cilindros del cuchar\u00f3n permiten excavar al permitir que el cuchar\u00f3n penetre en el suelo. <\/li>\n<li>Cargadores: En los cargadores frontales, ayudan a levantar y descargar art\u00edculos de manera efectiva. <\/li>\n<\/ul>\n<h2>Consideraciones de dise\u00f1o y criterios de selecci\u00f3n<\/h2>\n<p>Las consideraciones de dise\u00f1o y los criterios de selecci\u00f3n del cilindro de cuchara son los siguientes:<\/p>\n<ul>\n<li>Capacidad de carga: La capacidad de carga del cilindro es una consideraci\u00f3n crucial y debe poder soportar la presi\u00f3n y la carga m\u00e1ximas.<\/li>\n<li>Sellado: Se deben utilizar diversos componentes de sellado, como sellos de pist\u00f3n y de v\u00e1stago. Se prefieren sellos de materiales resistentes al desgaste, como poliuretano y caucho de nitrilo.<\/li>\n<li>Durabilidad: El cilindro debe estar dise\u00f1ado teniendo en cuenta la durabilidad y debe ser resistente al desgaste y la corrosi\u00f3n.<\/li>\n<li>Seguridad: El dise\u00f1o del cilindro debe garantizar la seguridad durante la operaci\u00f3n y el mantenimiento.<\/li>\n<li>Mantenimiento: El cilindro debe estar dise\u00f1ado teniendo en cuenta el mantenimiento y debe ser f\u00e1cil de mantener y reparar.<\/li>\n<\/ul>\n<p><img decoding=\"async\" src=\"https:\/\/www.hydraulic-cylinders.net\/wp-content\/uploads\/2025\/01\/songte-oil-pipes-and-spare-parts.webp\"><\/p>\n<h2>Sellado y lubricaci\u00f3n<\/h2>\n<p>El cilindro del cuchar\u00f3n debe utilizar diversos componentes de sellado, como sellos de pist\u00f3n y de v\u00e1stago, fabricados con materiales resistentes al desgaste como poliuretano y caucho de nitrilo. El cuerpo del cilindro y las superficies roscadas de los extremos deben estar finamente procesadas para mejorar la resistencia al desgaste. Tambi\u00e9n es necesario a\u00f1adir regularmente la cantidad adecuada de aceite hidr\u00e1ulico para su lubricaci\u00f3n.<\/p>\n<h2>Medidas de inspecci\u00f3n y mantenimiento preventivo<\/h2>\n<p>La inspecci\u00f3n regular y las medidas de mantenimiento preventivo son cruciales para prolongar la vida \u00fatil del cilindro del cuchar\u00f3n. Estas medidas incluyen:<\/p>\n<ul>\n<li>Lubricaci\u00f3n regular<\/li>\n<li>Reemplazo peri\u00f3dico del sello<\/li>\n<li>Comprobaci\u00f3n de calibraci\u00f3n<\/li>\n<\/ul>\n<p>Es fundamental proporcionar una gu\u00eda adecuada para alinear el cilindro durante la instalaci\u00f3n y utilizar soportes de instalaci\u00f3n adecuados para asegurarlo. Tambi\u00e9n se recomienda seguir los procedimientos recomendados de inspecci\u00f3n, reparaci\u00f3n y reemplazo, y ofrecer servicios de reconstrucci\u00f3n para prolongar la vida \u00fatil del cilindro.<\/p>\n<p><img decoding=\"async\" src=\"https:\/\/www.hydraulic-cylinders.net\/wp-content\/uploads\/2025\/01\/songte-chushion-collar.webp\"><\/p>\n<h2>Consideraciones de seguridad y factores ambientales<\/h2>\n<p>Al utilizar el cilindro del cuchar\u00f3n, es fundamental tomar medidas de seguridad. Los trabajadores deben recibir capacitaci\u00f3n sobre su uso seguro y deben inspeccionarlo peri\u00f3dicamente para detectar cualquier signo de da\u00f1o o desgaste. Tambi\u00e9n es necesario desechar correctamente el aceite hidr\u00e1ulico.<\/p>\n<h2>Soluci\u00f3n de problemas y problemas comunes<\/h2>\n<p>Algunos problemas comunes que pueden ocurrir con el cilindro del cuchar\u00f3n incluyen:<\/p>\n<ul>\n<li>Fugas de aceite<\/li>\n<li>Movimientos lentos<\/li>\n<li>Ruido durante el funcionamiento<\/li>\n<\/ul>\n<p>Se deben emplear m\u00e9todos adecuados de diagn\u00f3stico y resoluci\u00f3n de problemas para diagnosticar y resolver estos problemas. Un mantenimiento y una reparaci\u00f3n adecuados tambi\u00e9n pueden ayudar a prevenir posibles problemas.<\/p>\n<p><img decoding=\"async\" src=\"https:\/\/www.hydraulic-cylinders.net\/wp-content\/uploads\/2025\/01\/songte-bushings-with-all-kinds-of-excavator-models.webp\"><\/p>\n<h2>Acerca de nuestra empresa<\/h2>\n<p>Somos fabricantes de cilindros hidr\u00e1ulicos de repuesto con una gama completa de productos y nos hemos convertido en uno de los principales fabricantes y distribuidores mayoristas de cilindros hidr\u00e1ulicos en el mercado nacional e internacional. Nos basamos en el principio de calidad superior y en la estrategia de gesti\u00f3n de la producci\u00f3n industrializada de talleres de fabricaci\u00f3n de precisi\u00f3n. La empresa mejora continuamente la plataforma de fabricaci\u00f3n de nuestros talleres, optimiza la calidad de la l\u00ednea de producci\u00f3n de nuestros productos y cuenta con una s\u00f3lida capacidad de creaci\u00f3n. Satisfacemos las diversas necesidades de nuestros clientes con los principios de alta eficiencia, precisi\u00f3n y calidad.<\/p>\n<ul>\n<li>Profesionalismo<\/li>\n<li>Certificaci\u00f3n internacional<\/li>\n<li>Servicios personalizados<\/li>\n<li>Equipos de producci\u00f3n<\/li>\n<li>Servicio posventa<\/li>\n<\/ul>\n<p><img decoding=\"async\" src=\"https:\/\/hzpt.com\/wp-content\/uploads\/2024\/11\/songte-company-1.webp\"><\/p>\n<h3>Autor: lyl<\/h3>","protected":false},"excerpt":{"rendered":"<p>Bucket Cylinder For Caterpillar Wheel Excavator M326D Introduction The bucket cylinder for Caterpillar wheel excavator M326D is a specialized hydraulic cylinder designed to control the movement of the bucket in heavy machinery such as excavators, backhoes, and front-end loaders. Its main function is to enable the bucket to lift, lower, and tilt, thus facilitating various [&hellip;]<\/p>","protected":false},"featured_media":14773,"comment_status":"open","ping_status":"closed","template":"","meta":{"_et_pb_use_builder":"","_et_pb_old_content":"","_et_gb_content_width":""},"product_brand":[],"product_cat":[1494],"product_tag":[1495,1496],"class_list":{"0":"post-15261","1":"product","2":"type-product","3":"status-publish","4":"has-post-thumbnail","6":"product_cat-bucket-cylinders","7":"product_tag-bucket-cylinders","8":"product_tag-hydraulic-cylinders","10":"first","11":"instock","12":"shipping-taxable","13":"product-type-simple"},"amp_enabled":true,"_links":{"self":[{"href":"https:\/\/www.hydraulic-cylinders.net\/es\/wp-json\/wp\/v2\/product\/15261","targetHints":{"allow":["GET"]}}],"collection":[{"href":"https:\/\/www.hydraulic-cylinders.net\/es\/wp-json\/wp\/v2\/product"}],"about":[{"href":"https:\/\/www.hydraulic-cylinders.net\/es\/wp-json\/wp\/v2\/types\/product"}],"replies":[{"embeddable":true,"href":"https:\/\/www.hydraulic-cylinders.net\/es\/wp-json\/wp\/v2\/comments?post=15261"}],"wp:featuredmedia":[{"embeddable":true,"href":"https:\/\/www.hydraulic-cylinders.net\/es\/wp-json\/wp\/v2\/media\/14773"}],"wp:attachment":[{"href":"https:\/\/www.hydraulic-cylinders.net\/es\/wp-json\/wp\/v2\/media?parent=15261"}],"wp:term":[{"taxonomy":"product_brand","embeddable":true,"href":"https:\/\/www.hydraulic-cylinders.net\/es\/wp-json\/wp\/v2\/product_brand?post=15261"},{"taxonomy":"product_cat","embeddable":true,"href":"https:\/\/www.hydraulic-cylinders.net\/es\/wp-json\/wp\/v2\/product_cat?post=15261"},{"taxonomy":"product_tag","embeddable":true,"href":"https:\/\/www.hydraulic-cylinders.net\/es\/wp-json\/wp\/v2\/product_tag?post=15261"}],"curies":[{"name":"wp","href":"https:\/\/api.w.org\/{rel}","templated":true}]}}