{"id":15273,"date":"2025-01-19T14:19:24","date_gmt":"2025-01-19T14:19:24","guid":{"rendered":"https:\/\/www.hydraulic-cylinders.net\/product\/bucket-cylinder-for-doosan-small-excavator-dh130-5-7\/"},"modified":"2025-01-19T14:19:26","modified_gmt":"2025-01-19T14:19:26","slug":"bucket-cylinder-for-doosan-small-excavator-dh130-5-7","status":"publish","type":"product","link":"https:\/\/www.hydraulic-cylinders.net\/es\/producto\/bucket-cylinder-for-doosan-small-excavator-dh130-5-7\/","title":{"rendered":"Cilindro de cuchar\u00f3n para excavadora peque\u00f1a Doosan DH130-5-7"},"content":{"rendered":"<h1>Cilindro de cuchar\u00f3n para excavadora peque\u00f1a Doosan DH130-5-7<\/h1>\n<h2>Introducci\u00f3n<\/h2>\n<p>El cilindro del cuchar\u00f3n para la excavadora peque\u00f1a Doosan DH130-5-7 es un cilindro hidr\u00e1ulico especialmente dise\u00f1ado que se utiliza para controlar el movimiento del cuchar\u00f3n en maquinaria pesada como excavadoras, retroexcavadoras y cargadoras frontales. Su funci\u00f3n principal es permitir que el cuchar\u00f3n se eleve, baje e incline, lo que facilita diversas tareas de manipulaci\u00f3n de materiales. En el sistema hidr\u00e1ulico, el cilindro del cuchar\u00f3n logra un control preciso del cuchar\u00f3n mediante los cambios de presi\u00f3n del aceite hidr\u00e1ulico, lo que permite a los operadores manipular cargas pesadas con eficiencia y adaptarse a entornos de trabajo complejos y diversas necesidades operativas.<\/p>\n<p><img decoding=\"async\" src=\"https:\/\/www.hydraulic-cylinders.net\/wp-content\/uploads\/2025\/01\/songte-company-2.webp\" alt=\"Imagen del cilindro del cubo\"><\/p>\n<h2>Caracter\u00edsticas<\/h2>\n<ul>\n<li>Alta resistencia y durabilidad: generalmente fabricados en acero o aluminio de alta resistencia, capaces de soportar alta presi\u00f3n y cargas pesadas, adecuados para entornos de trabajo hostiles, dise\u00f1ados teniendo en cuenta la resistencia al desgaste y la resistencia a la corrosi\u00f3n para prolongar la vida \u00fatil.<\/li>\n<li>Operaci\u00f3n hidr\u00e1ulica eficiente: utiliza la presi\u00f3n del aceite hidr\u00e1ulico para lograr acciones suaves de extensi\u00f3n y retracci\u00f3n, capaces de responder r\u00e1pidamente a los comandos de control, proporcionando poderosas fuerzas de empuje y tracci\u00f3n, adecuadas para manipular cargas pesadas y tareas operativas complejas.<\/li>\n<li>Varios tipos: Se pueden seleccionar como cilindros de simple efecto (hidr\u00e1ulico utilizado en una sola direcci\u00f3n) o de doble efecto (hidr\u00e1ulico utilizado en ambas direcciones) seg\u00fan los requisitos, ciertos modelos son telesc\u00f3picos, lo que permite una mayor extensi\u00f3n sin aumentar las dimensiones externas, adecuado para aplicaciones con espacio limitado.<\/li>\n<li>Reemplazo perfecto: Nuestro producto puede reemplazar perfectamente estos cilindros hidr\u00e1ulicos, ofreciendo la misma funcionalidad y rendimiento.<\/li>\n<\/ul>\n<p><img decoding=\"async\" src=\"https:\/\/www.hydraulic-cylinders.net\/wp-content\/uploads\/2025\/01\/songte-cylinder-head-with-all-kinds-excavator-models.webp\" alt=\"Imagen de la culata\"><\/p>\n<h2>Aplicaciones<\/h2>\n<p>El cilindro de cuchara para la excavadora peque\u00f1a Doosan DH130-5-7 se utiliza en diversos entornos:<\/p>\n<h3>Equipos de construcci\u00f3n:<\/h3>\n<p>En las excavadoras, son cruciales para la excavaci\u00f3n, la carga y el movimiento de tierra o escombros. En las retroexcavadoras, el cilindro del cuchar\u00f3n facilita tanto la excavaci\u00f3n como la elevaci\u00f3n.<\/p>\n<h3>Maquinaria agr\u00edcola:<\/h3>\n<p>Se utiliza en cargadores frontales para recoger, levantar y transportar tierra, heno y otros materiales.<\/p>\n<h3>Excavadoras:<\/h3>\n<p>El cilindro del cuchar\u00f3n permite realizar acciones de excavaci\u00f3n al permitir que el cuchar\u00f3n penetre en el suelo.<\/p>\n<h3>Cargadores:<\/h3>\n<p>En los cargadores frontales, ayudan a levantar e inclinar las mercanc\u00edas de manera eficaz.<\/p>\n<p><img decoding=\"async\" src=\"https:\/\/www.hydraulic-cylinders.net\/wp-content\/uploads\/2025\/01\/songte-oil-pipes-and-spare-parts.webp\" alt=\"Imagen de tuber\u00edas de aceite y repuestos\"><\/p>\n<h2>Consideraciones de dise\u00f1o y criterios de selecci\u00f3n<\/h2>\n<ul>\n<li>Capacidad de carga: El cilindro est\u00e1 dise\u00f1ado para soportar la carga especificada sin deformarse ni fallarse.<\/li>\n<li>Sellado: Se utilizan diversos elementos de sellado, como sellos de pist\u00f3n y de v\u00e1stago, fabricados con materiales resistentes al desgaste como poliuretano y caucho de nitrilo. El cuerpo del cilindro y los extremos roscados se someten a un tratamiento de precisi\u00f3n para mejorar la resistencia al desgaste. Es necesaria una lubricaci\u00f3n regular con el aceite hidr\u00e1ulico adecuado.<\/li>\n<li>Durabilidad: El cilindro est\u00e1 dise\u00f1ado para soportar el uso repetido y condiciones adversas, lo que garantiza una larga vida \u00fatil.<\/li>\n<li>Seguridad: Se consideran caracter\u00edsticas de seguridad como v\u00e1lvulas de alivio de presi\u00f3n y t\u00e9cnicas de instalaci\u00f3n adecuadas para prevenir accidentes y garantizar un funcionamiento seguro.<\/li>\n<li>Mantenibilidad: El cilindro est\u00e1 dise\u00f1ado para un f\u00e1cil mantenimiento, lo que permite la inspecci\u00f3n, lubricaci\u00f3n y reemplazo de sellos o componentes cuando sea necesario.<\/li>\n<\/ul>\n<p><img decoding=\"async\" src=\"https:\/\/www.hydraulic-cylinders.net\/wp-content\/uploads\/2025\/01\/songte-chushion-collar.webp\" alt=\"Imagen de cuello acolchado\"><\/p>\n<h2>Seguridad del producto y consideraciones ambientales<\/h2>\n<p>Al utilizar el cilindro del cuchar\u00f3n, es importante seguir las medidas de seguridad para prevenir accidentes y minimizar el impacto ambiental. Se deben tomar precauciones de seguridad durante la instalaci\u00f3n, el funcionamiento y el mantenimiento.<\/p>\n<h2>Soluci\u00f3n de problemas y problemas comunes<\/h2>\n<p>Al encontrar problemas con el cilindro del cuchar\u00f3n, es fundamental diagnosticarlos correctamente e implementar las soluciones adecuadas. A continuaci\u00f3n, se presentan algunos consejos comunes para la resoluci\u00f3n de problemas:<\/p>\n<ul>\n<li>Problema: Fuga de l\u00edquido hidr\u00e1ulico.<\/li>\n<p>    Soluci\u00f3n: Verifique y reemplace los sellos o accesorios da\u00f1ados y aseg\u00farese de que est\u00e9n bien apretados.<\/li>\n<li>Problema: Fuerza insuficiente o desigual durante el funcionamiento.<\/li>\n<p>    Soluci\u00f3n: Verifique si hay bloqueos en el sistema hidr\u00e1ulico, verifique que la presi\u00f3n y el flujo del fluido sean correctos e inspeccione el cilindro para detectar da\u00f1os o desgaste.<\/li>\n<li>Problema: El cilindro no se extiende ni se retrae suavemente.<\/li>\n<p>    Soluci\u00f3n: Verifique si hay obstrucciones o residuos en el cilindro, inspeccione el v\u00e1stago del pist\u00f3n y los sellos para detectar da\u00f1os.<\/li>\n<\/ul>\n<p><img decoding=\"async\" src=\"https:\/\/www.hydraulic-cylinders.net\/wp-content\/uploads\/2025\/01\/songte-bushings-with-all-kinds-of-excavator-models.webp\" alt=\"Imagen de bujes\"><\/p>\n<h2>Tareas de mantenimiento<\/h2>\n<p>Las tareas de mantenimiento regulares del cilindro del cuchar\u00f3n incluyen:<\/p>\n<ul>\n<li>Inspecci\u00f3n peri\u00f3dica del cilindro para detectar signos de desgaste o da\u00f1os.<\/li>\n<li>Lubricaci\u00f3n adecuada de sellos y partes m\u00f3viles.<\/li>\n<li>Sustituci\u00f3n de juntas desgastadas o da\u00f1adas.<\/li>\n<li>Controles de calibraci\u00f3n peri\u00f3dicos para garantizar un rendimiento adecuado.<\/li>\n<\/ul>\n<p>Una instalaci\u00f3n, lubricaci\u00f3n y ajuste adecuados son cruciales para la longevidad del cilindro del cuchar\u00f3n. Durante la instalaci\u00f3n, proporcione una gu\u00eda de alineaci\u00f3n correcta del cilindro y recomiende el uso de soportes de montaje adecuados para asegurarlo. Se deben seguir los procedimientos recomendados de inspecci\u00f3n, reparaci\u00f3n y reemplazo, y se deben proporcionar consejos para prolongar la vida \u00fatil del cilindro del cuchar\u00f3n.<\/p>\n<p><img decoding=\"async\" src=\"https:\/\/www.hydraulic-cylinders.net\/wp-content\/uploads\/2025\/01\/songte-company-3.webp\" alt=\"Imagen de la empresa\"><\/p>\n<h2>Acerca de nuestra empresa<\/h2>\n<p>Somos fabricantes de cilindros hidr\u00e1ulicos de repuesto y ofrecemos una amplia gama de productos. Nos hemos convertido en uno de los principales fabricantes y distribuidores mayoristas de cilindros hidr\u00e1ulicos en el mercado nacional e internacional. Nos adherimos a los principios de excelente calidad y nos basamos en estrategias de gesti\u00f3n de producci\u00f3n industrializadas en nuestros sofisticados talleres de fabricaci\u00f3n. Gracias a la aplicaci\u00f3n de talento tecnol\u00f3gico, equipos de fabricaci\u00f3n digital avanzados y sistemas de prueba profesionales, mejoramos continuamente nuestras capacidades de fabricaci\u00f3n, perfeccionamos la cadena de producci\u00f3n para garantizar la calidad del producto y contamos con una s\u00f3lida capacidad de innovaci\u00f3n. Bas\u00e1ndonos en los principios de eficiencia, precisi\u00f3n y alta calidad, nos esforzamos por satisfacer las diversas necesidades de nuestros clientes.<\/p>\n<p>Ampl\u00ede la introducci\u00f3n resaltando nuestra profesionalidad, certificaciones internacionales, servicios personalizados, equipos de producci\u00f3n y servicios postventa.<\/p>\n<p><img decoding=\"async\" src=\"https:\/\/www.hydraulic-cylinders.net\/wp-content\/uploads\/2025\/01\/songte-company-1.webp\" alt=\"Imagen de la empresa\"><\/p>\n<p>Autor: lyl<\/p>","protected":false},"excerpt":{"rendered":"<p>Bucket Cylinder For Doosan Small Excavator DH130-5-7 Introduction The bucket cylinder for Doosan small excavator DH130-5-7 is a specially designed hydraulic cylinder used to control the movement of the bucket in heavy machinery such as excavators, backhoe loaders, and front loaders. Its main function is to allow the bucket to lift, lower, and tilt, making [&hellip;]<\/p>","protected":false},"featured_media":14780,"comment_status":"open","ping_status":"closed","template":"","meta":{"_et_pb_use_builder":"","_et_pb_old_content":"","_et_gb_content_width":""},"product_brand":[],"product_cat":[1494],"product_tag":[1495,1496],"class_list":{"0":"post-15273","1":"product","2":"type-product","3":"status-publish","4":"has-post-thumbnail","6":"product_cat-bucket-cylinders","7":"product_tag-bucket-cylinders","8":"product_tag-hydraulic-cylinders","10":"first","11":"instock","12":"shipping-taxable","13":"product-type-simple"},"amp_enabled":true,"_links":{"self":[{"href":"https:\/\/www.hydraulic-cylinders.net\/es\/wp-json\/wp\/v2\/product\/15273","targetHints":{"allow":["GET"]}}],"collection":[{"href":"https:\/\/www.hydraulic-cylinders.net\/es\/wp-json\/wp\/v2\/product"}],"about":[{"href":"https:\/\/www.hydraulic-cylinders.net\/es\/wp-json\/wp\/v2\/types\/product"}],"replies":[{"embeddable":true,"href":"https:\/\/www.hydraulic-cylinders.net\/es\/wp-json\/wp\/v2\/comments?post=15273"}],"wp:featuredmedia":[{"embeddable":true,"href":"https:\/\/www.hydraulic-cylinders.net\/es\/wp-json\/wp\/v2\/media\/14780"}],"wp:attachment":[{"href":"https:\/\/www.hydraulic-cylinders.net\/es\/wp-json\/wp\/v2\/media?parent=15273"}],"wp:term":[{"taxonomy":"product_brand","embeddable":true,"href":"https:\/\/www.hydraulic-cylinders.net\/es\/wp-json\/wp\/v2\/product_brand?post=15273"},{"taxonomy":"product_cat","embeddable":true,"href":"https:\/\/www.hydraulic-cylinders.net\/es\/wp-json\/wp\/v2\/product_cat?post=15273"},{"taxonomy":"product_tag","embeddable":true,"href":"https:\/\/www.hydraulic-cylinders.net\/es\/wp-json\/wp\/v2\/product_tag?post=15273"}],"curies":[{"name":"wp","href":"https:\/\/api.w.org\/{rel}","templated":true}]}}