{"id":15275,"date":"2025-01-19T14:19:32","date_gmt":"2025-01-19T14:19:32","guid":{"rendered":"https:\/\/www.hydraulic-cylinders.net\/product\/bucket-cylinder-for-doosan-middle-excavator-dh200-5-7\/"},"modified":"2025-01-19T14:19:34","modified_gmt":"2025-01-19T14:19:34","slug":"bucket-cylinder-for-doosan-middle-excavator-dh200-5-7","status":"publish","type":"product","link":"https:\/\/www.hydraulic-cylinders.net\/es\/producto\/bucket-cylinder-for-doosan-middle-excavator-dh200-5-7\/","title":{"rendered":"Cilindro de cuchar\u00f3n para excavadora intermedia Doosan DH200-5-7"},"content":{"rendered":"<h1>Cilindro de cuchar\u00f3n para excavadora intermedia Doosan DH200-5-7<\/h1>\n<h2>Introducci\u00f3n<\/h2>\n<p>Un cilindro de cuchar\u00f3n es un cilindro hidr\u00e1ulico especialmente dise\u00f1ado que se utiliza principalmente para controlar el movimiento del cuchar\u00f3n en maquinaria pesada como excavadoras, retroexcavadoras y cargadoras frontales. Su funci\u00f3n principal es permitir que el cuchar\u00f3n se eleve, baje e incline, facilitando diversas tareas de manipulaci\u00f3n de materiales. En el sistema hidr\u00e1ulico, el cilindro del cuchar\u00f3n controla el movimiento preciso del cuchar\u00f3n mediante cambios en la presi\u00f3n del aceite hidr\u00e1ulico, lo que permite a los operadores manipular cargas pesadas con eficiencia y adaptarse a entornos de trabajo complejos y a diversos requisitos.<\/p>\n<p><img decoding=\"async\" src=\"https:\/\/www.hydraulic-cylinders.net\/wp-content\/uploads\/2025\/01\/songte-company-2.webp\" alt=\"Imagen del cilindro del cubo\"><\/p>\n<h2>Caracter\u00edsticas<\/h2>\n<ul>\n<li>\n<h3>Alta resistencia y durabilidad<\/h3>\n<p>Los cilindros de cangilones suelen estar fabricados en acero o aluminio de alta resistencia, lo que les permite soportar altas presiones y cargas pesadas, adapt\u00e1ndose a condiciones de trabajo rigurosas. Su dise\u00f1o considera la resistencia al desgaste y a la corrosi\u00f3n, lo que prolonga su vida \u00fatil.<\/p>\n<\/li>\n<li>\n<h3>Operaci\u00f3n hidr\u00e1ulica eficiente<\/h3>\n<p>La presi\u00f3n hidr\u00e1ulica se utiliza para lograr acciones suaves de extensi\u00f3n y contracci\u00f3n, lo que permite una respuesta r\u00e1pida a los comandos de control, proporciona potentes fuerzas de empuje y tracci\u00f3n y es adecuado para manipular cargas pesadas y tareas laborales complejas.<\/p>\n<\/li>\n<li>\n<h3>Varios tipos<\/h3>\n<p>Los cilindros del cuchar\u00f3n pueden ser de simple efecto (hidr\u00e1ulica en una sola direcci\u00f3n) o de doble efecto (hidr\u00e1ulica en ambas direcciones), seg\u00fan las necesidades de la operaci\u00f3n. Algunos modelos son telesc\u00f3picos, lo que permite una mayor extensi\u00f3n sin aumentar las dimensiones externas, lo que los hace ideales para aplicaciones con espacio limitado.<\/p>\n<\/li>\n<li>\n<h3>Sustituto perfecto<\/h3>\n<p>Nuestros productos pueden reemplazar perfectamente estos cilindros hidr\u00e1ulicos.<\/p>\n<\/li>\n<\/ul>\n<p><img decoding=\"async\" src=\"https:\/\/www.hydraulic-cylinders.net\/wp-content\/uploads\/2025\/01\/songte-cylinder-head-with-all-kinds-excavator-models.webp\" alt=\"Imagen de sustituci\u00f3n del cilindro del cubo\"><\/p>\n<h2>Aplicaciones<\/h2>\n<p>Los cilindros de cangilones son ampliamente utilizados en diversas maquinarias, tales como:<\/p>\n<ul>\n<li>\n<h3>Equipos de construcci\u00f3n<\/h3>\n<p>En las excavadoras, son esenciales para excavar, cargar y mover tierra o escombros. En las retroexcavadoras, el cilindro del cuchar\u00f3n facilita tanto la excavaci\u00f3n como la elevaci\u00f3n. <\/p>\n<\/li>\n<li>\n<h3>Maquinaria agr\u00edcola<\/h3>\n<p>Se utiliza en cargadores frontales para recoger, levantar y transportar tierra, heno y otros materiales.<\/p>\n<\/li>\n<li>\n<h3>excavadoras<\/h3>\n<p>El cilindro del cuchar\u00f3n permite la penetraci\u00f3n del suelo para lograr la excavaci\u00f3n.<\/p>\n<\/li>\n<li>\n<h3>Cargadores<\/h3>\n<p>En los cargadores frontales, ayudan a levantar y descargar mercanc\u00edas de manera eficaz.<\/p>\n<\/li>\n<\/ul>\n<h2>Consideraciones de dise\u00f1o y criterios de selecci\u00f3n<\/h2>\n<ul>\n<li>\n<h3>Capacidad de carga<\/h3>\n<p>El cilindro debe tener suficiente capacidad de carga para garantizar un funcionamiento seguro y evitar sobrecargas. <\/p>\n<\/li>\n<li>\n<h3>Caza de focas<\/h3>\n<p>El sello del pist\u00f3n, el sello del v\u00e1stago y otros sellos deben estar hechos de materiales resistentes al desgaste, como poliuretano y caucho de nitrilo, para prolongar la vida \u00fatil. <\/p>\n<\/li>\n<li>\n<h3>Durabilidad<\/h3>\n<p>El cuerpo del cilindro y la superficie del extremo de la rosca deben someterse a un procesamiento fino para mejorar la resistencia al desgaste. <\/p>\n<\/li>\n<li>\n<h3>Seguridad<\/h3>\n<p>El cilindro debe estar equipado con dispositivos de seguridad para evitar accidentes causados \u200b\u200bpor ca\u00eddas repentinas de presi\u00f3n o cargas excesivas. <\/p>\n<\/li>\n<li>\n<h3>Mantenibilidad<\/h3>\n<p>El cilindro debe ser f\u00e1cil de desmontar y montar, reemplazar piezas da\u00f1adas y realizar mantenimiento.<\/p>\n<\/li>\n<\/ul>\n<p><img decoding=\"async\" src=\"https:\/\/www.hydraulic-cylinders.net\/wp-content\/uploads\/2025\/01\/songte-oil-pipes-and-spare-parts.webp\" alt=\"Imagen de piezas de repuesto\"><\/p>\n<h2>Sellado y lubricaci\u00f3n<\/h2>\n<p>Se utilizan diversos componentes de sellado, como sellos de pist\u00f3n y de v\u00e1stago, para evitar fugas de aceite y garantizar la lubricaci\u00f3n de los componentes m\u00f3viles. Los sellos est\u00e1n fabricados con materiales resistentes al desgaste, como poliuretano y caucho de nitrilo, y el cuerpo del cilindro y la superficie del extremo de la rosca est\u00e1n finamente procesados \u200b\u200bpara mejorar la resistencia al desgaste. El cilindro tambi\u00e9n debe llenarse regularmente con una cantidad adecuada de aceite hidr\u00e1ulico para su lubricaci\u00f3n.<\/p>\n<h2>Medidas de inspecci\u00f3n y mantenimiento preventivo<\/h2>\n<p>Las inspecciones peri\u00f3dicas, la lubricaci\u00f3n adecuada, el reemplazo de sellos y las comprobaciones de calibraci\u00f3n son tareas comunes de mantenimiento. Una instalaci\u00f3n, lubricaci\u00f3n y ajuste adecuados son esenciales, y se debe asegurar una alineaci\u00f3n correcta del cilindro durante la instalaci\u00f3n. Se recomienda utilizar soportes de instalaci\u00f3n adecuados para asegurar el cilindro. Se proporcionan los procedimientos recomendados de inspecci\u00f3n, reparaci\u00f3n y reemplazo, junto con consejos para prolongar la vida \u00fatil del cilindro.<\/p>\n<p><img decoding=\"async\" src=\"https:\/\/www.hydraulic-cylinders.net\/wp-content\/uploads\/2025\/01\/songte-chushion-collar.webp\" alt=\"Imagen de instalaci\u00f3n\"><\/p>\n<h2>Consideraciones de seguridad y factores ambientales<\/h2>\n<p>Las medidas de seguridad son cruciales al utilizar el cilindro. Es necesario garantizar que est\u00e9 instalado y utilizado correctamente para evitar accidentes. Tambi\u00e9n deben considerarse factores ambientales como la temperatura, la presi\u00f3n y la humedad para prevenir posibles riesgos de seguridad.<\/p>\n<h2>Diagn\u00f3stico de fallas comunes y soluciones<\/h2>\n<p>Durante el uso del cilindro, pueden ocurrir fallas comunes como fugas de aceite, presi\u00f3n insuficiente y funcionamiento inestable. El manual del cilindro ofrece consejos y soluciones para ayudar a los lectores a diagnosticar y resolver problemas eficazmente, as\u00ed como medidas preventivas para reducir posibles problemas.<\/p>\n<p><img decoding=\"async\" src=\"https:\/\/www.hydraulic-cylinders.net\/wp-content\/uploads\/2025\/01\/songte-bushings-with-all-kinds-of-excavator-models.webp\" alt=\"Imagen de diagn\u00f3stico de fallas\"><\/p>\n<h2>Acerca de nuestra empresa<\/h2>\n<p>Somos fabricantes de repuestos para cilindros hidr\u00e1ulicos, con una gama completa de productos, y nos hemos convertido en uno de los principales fabricantes y mayoristas de cilindros hidr\u00e1ulicos en el mercado nacional e internacional. Nos adherimos a los principios de excelente calidad y nos apoyamos en la estrategia de gesti\u00f3n de la producci\u00f3n industrial de talleres de fabricaci\u00f3n de alta calidad, con talento t\u00e9cnico, equipos de fabricaci\u00f3n digitales de alta gama y sistemas de prueba profesionales. Nuestra empresa mejora continuamente la plataforma de fabricaci\u00f3n de nuestros talleres, perfecciona la cadena de producci\u00f3n de calidad de nuestros productos y cuenta con una s\u00f3lida capacidad de creaci\u00f3n para satisfacer las diversas necesidades de nuestros clientes, con los principios de alta eficiencia, precisi\u00f3n y calidad.<\/p>\n<p><img decoding=\"async\" src=\"https:\/\/hzpt.com\/wp-content\/uploads\/2024\/11\/songte-company-1.webp\" alt=\"Imagen de la empresa\"><\/p>\n<h3>Profesionalismo<\/h3>\n<p>Contamos con un equipo profesional de dise\u00f1o y producci\u00f3n que puede brindar a los clientes servicios personalizados para satisfacer sus necesidades espec\u00edficas.<\/p>\n<h3>Certificaci\u00f3n Internacional<\/h3>\n<p>Los productos de nuestra empresa han obtenido ISO9001, CE y otras certificaciones internacionales, que demuestran plenamente nuestra excelente calidad de producto y nivel de servicio.<\/p>\n<h3>Servicio personalizado<\/h3>\n<p>Podemos brindar servicios personalizados seg\u00fan las diferentes necesidades de los clientes, y nuestro equipo de dise\u00f1o profesional puede brindarles soluciones personalizadas.<\/p>\n<h3>Equipos de producci\u00f3n<\/h3>\n<p>Contamos con equipos de producci\u00f3n avanzados, como m\u00e1quinas herramienta CNC y equipos de prueba, que pueden garantizar la alta calidad y precisi\u00f3n de nuestros productos.<\/p>\n<h3>Servicio postventa<\/h3>\n<p>Brindamos a nuestros clientes servicios posventa integrales, que incluyen orientaci\u00f3n sobre la instalaci\u00f3n, soporte t\u00e9cnico y servicios de mantenimiento, para garantizar que puedan utilizar nuestros productos con tranquilidad.<\/p>\n<p>Autor: lyl<\/p>","protected":false},"excerpt":{"rendered":"<p>Bucket Cylinder for Doosan Middle Excavator DH200-5-7 Introduction A bucket cylinder is a specially designed hydraulic cylinder that is primarily used to control the movement of the bucket in heavy machinery such as excavators, backhoe loaders, and front-end loaders. Its main function is to enable the bucket to lift, lower, and tilt, making it easier [&hellip;]<\/p>","protected":false},"featured_media":14776,"comment_status":"open","ping_status":"closed","template":"","meta":{"_et_pb_use_builder":"","_et_pb_old_content":"","_et_gb_content_width":""},"product_brand":[],"product_cat":[1494],"product_tag":[1495,1496],"class_list":{"0":"post-15275","1":"product","2":"type-product","3":"status-publish","4":"has-post-thumbnail","6":"product_cat-bucket-cylinders","7":"product_tag-bucket-cylinders","8":"product_tag-hydraulic-cylinders","10":"first","11":"instock","12":"shipping-taxable","13":"product-type-simple"},"amp_enabled":true,"_links":{"self":[{"href":"https:\/\/www.hydraulic-cylinders.net\/es\/wp-json\/wp\/v2\/product\/15275","targetHints":{"allow":["GET"]}}],"collection":[{"href":"https:\/\/www.hydraulic-cylinders.net\/es\/wp-json\/wp\/v2\/product"}],"about":[{"href":"https:\/\/www.hydraulic-cylinders.net\/es\/wp-json\/wp\/v2\/types\/product"}],"replies":[{"embeddable":true,"href":"https:\/\/www.hydraulic-cylinders.net\/es\/wp-json\/wp\/v2\/comments?post=15275"}],"wp:featuredmedia":[{"embeddable":true,"href":"https:\/\/www.hydraulic-cylinders.net\/es\/wp-json\/wp\/v2\/media\/14776"}],"wp:attachment":[{"href":"https:\/\/www.hydraulic-cylinders.net\/es\/wp-json\/wp\/v2\/media?parent=15275"}],"wp:term":[{"taxonomy":"product_brand","embeddable":true,"href":"https:\/\/www.hydraulic-cylinders.net\/es\/wp-json\/wp\/v2\/product_brand?post=15275"},{"taxonomy":"product_cat","embeddable":true,"href":"https:\/\/www.hydraulic-cylinders.net\/es\/wp-json\/wp\/v2\/product_cat?post=15275"},{"taxonomy":"product_tag","embeddable":true,"href":"https:\/\/www.hydraulic-cylinders.net\/es\/wp-json\/wp\/v2\/product_tag?post=15275"}],"curies":[{"name":"wp","href":"https:\/\/api.w.org\/{rel}","templated":true}]}}