{"id":15281,"date":"2025-01-19T14:19:55","date_gmt":"2025-01-19T14:19:55","guid":{"rendered":"https:\/\/www.hydraulic-cylinders.net\/product\/bucket-cylinder-for-doosan-middle-excavator-dh220lc-9e\/"},"modified":"2025-01-19T14:20:04","modified_gmt":"2025-01-19T14:20:04","slug":"bucket-cylinder-for-doosan-middle-excavator-dh220lc-9e","status":"publish","type":"product","link":"https:\/\/www.hydraulic-cylinders.net\/es\/producto\/bucket-cylinder-for-doosan-middle-excavator-dh220lc-9e\/","title":{"rendered":"Cilindro de cuchar\u00f3n para excavadora mediana Doosan DH220LC-9E"},"content":{"rendered":"<h1>Cilindro de cuchar\u00f3n para excavadora mediana Doosan DH220LC-9E<\/h1>\n<h2>Introducci\u00f3n<\/h2>\n<p>El cilindro del cuchar\u00f3n para la excavadora intermedia Doosan DH220LC-9E es un cilindro hidr\u00e1ulico dise\u00f1ado para controlar el movimiento del cuchar\u00f3n en maquinaria pesada como excavadoras, retroexcavadoras y cargadoras frontales. Su funci\u00f3n principal es permitir que el cuchar\u00f3n se eleve, baje e incline, facilitando la realizaci\u00f3n de diversas tareas de manipulaci\u00f3n de materiales. En el sistema hidr\u00e1ulico, el cilindro del cuchar\u00f3n utiliza la presi\u00f3n del aceite hidr\u00e1ulico para controlar con precisi\u00f3n el cuchar\u00f3n, lo que permite a los operadores manipular cargas pesadas con eficiencia, adaptarse a entornos de trabajo complejos y satisfacer diversas necesidades laborales.<\/p>\n<p><img decoding=\"async\" src=\"https:\/\/www.hydraulic-cylinders.net\/wp-content\/uploads\/2025\/01\/songte-company-2.webp\" alt=\"Imagen del cilindro del cubo\"><\/p>\n<h2>Caracter\u00edsticas<\/h2>\n<ul>\n<li>Alta resistencia y durabilidad: generalmente fabricado en acero o aluminio de alta resistencia, capaz de soportar alta presi\u00f3n y cargas pesadas, adecuado para entornos de trabajo hostiles, dise\u00f1ado teniendo en cuenta la resistencia al desgaste y la resistencia a la corrosi\u00f3n para extender la vida \u00fatil.<\/li>\n<li>Operaci\u00f3n hidr\u00e1ulica eficiente: utiliza la presi\u00f3n del aceite hidr\u00e1ulico para lograr una extensi\u00f3n y contracci\u00f3n suaves, capaz de responder r\u00e1pidamente a los comandos de control, proporcionando una poderosa fuerza de empuje y tracci\u00f3n, adecuado para manipular cargas pesadas y tareas laborales complejas.<\/li>\n<li>Varios tipos: cilindros de simple efecto (utilizando hidr\u00e1ulico en una sola direcci\u00f3n) o de doble efecto (utilizando hidr\u00e1ulico en dos direcciones) se pueden seleccionar seg\u00fan los requisitos, algunos modelos son telesc\u00f3picos, lo que permite una mayor extensi\u00f3n sin aumentar las dimensiones externas, adecuados para aplicaciones con espacio limitado.<\/li>\n<li>Reemplazo perfecto: nuestros productos pueden reemplazar perfectamente estos cilindros hidr\u00e1ulicos.<\/li>\n<\/ul>\n<p><img decoding=\"async\" src=\"https:\/\/www.hydraulic-cylinders.net\/wp-content\/uploads\/2025\/01\/songte-cylinder-head-with-all-kinds-excavator-models.webp\" alt=\"Imagen de reemplazo del cilindro del cuchar\u00f3n\"><\/p>\n<h2>Aplicaciones<\/h2>\n<p>El cilindro del cuchar\u00f3n para la excavadora intermedia Doosan DH220LC-9E se utiliza ampliamente en diversas aplicaciones de maquinaria pesada, como:<\/p>\n<ul>\n<li>Equipo de construcci\u00f3n: crucial para excavar, cargar y mover tierra o escombros en excavadoras y retroexcavadoras; los cilindros del cuchar\u00f3n ayudan a excavar y levantar en las retroexcavadoras.<\/li>\n<li>Maquinaria agr\u00edcola: se utiliza en cargadores frontales, para palear, levantar y transportar tierra, heno y otros materiales; los cilindros del cuchar\u00f3n permiten la acci\u00f3n de excavaci\u00f3n al permitir que el cuchar\u00f3n penetre en el suelo en las excavadoras.<\/li>\n<li>Cargador: en los cargadores frontales, los cilindros del cuchar\u00f3n ayudan a levantar y descargar mercanc\u00edas de manera eficaz.<\/li>\n<\/ul>\n<h2>Consideraciones de dise\u00f1o y criterios de selecci\u00f3n<\/h2>\n<p>El cilindro del cuchar\u00f3n para la excavadora intermedia Doosan DH220LC-9E est\u00e1 dise\u00f1ado teniendo en cuenta varias consideraciones clave, como:<\/p>\n<ul>\n<li>Capacidad de carga: el cilindro debe ser capaz de soportar las cargas m\u00e1ximas a las que estar\u00e1 sometido.<\/li>\n<li>Sellado: fundamental para evitar fugas y mantener la presi\u00f3n hidr\u00e1ulica.<\/li>\n<li>Durabilidad: el cilindro debe poder soportar entornos hostiles y un uso intensivo.<\/li>\n<li>Seguridad: el cilindro debe estar dise\u00f1ado con caracter\u00edsticas de seguridad para evitar accidentes o lesiones.<\/li>\n<li>Mantenibilidad: el cilindro debe ser f\u00e1cil de mantener y reparar para minimizar el tiempo de inactividad.<\/li>\n<\/ul>\n<p><img decoding=\"async\" src=\"https:\/\/www.hydraulic-cylinders.net\/wp-content\/uploads\/2025\/01\/songte-oil-pipes-and-spare-parts.webp\" alt=\"Componentes del cilindro del cuchar\u00f3n\"><\/p>\n<h2>Sellado y lubricaci\u00f3n<\/h2>\n<p>El cilindro del cuchar\u00f3n de la excavadora intermedia Doosan DH220LC-9E utiliza diversos componentes de sellado, como sellos de pist\u00f3n y de v\u00e1stago, fabricados con materiales resistentes al desgaste como poliuretano y caucho de nitrilo. El cuerpo del cilindro y las superficies roscadas de los extremos est\u00e1n finamente procesadas para mejorar la resistencia al desgaste. Para un funcionamiento fluido, es necesaria una lubricaci\u00f3n regular con la cantidad adecuada de aceite hidr\u00e1ulico.<\/p>\n<h2>Mantenimiento y reparaci\u00f3n<\/h2>\n<p>La inspecci\u00f3n, lubricaci\u00f3n y sustituci\u00f3n de sellos regulares son algunas de las tareas de mantenimiento habituales del cilindro del cuchar\u00f3n de la excavadora intermedia Doosan DH220LC-9E. Una instalaci\u00f3n, lubricaci\u00f3n y ajuste adecuados son esenciales para un rendimiento \u00f3ptimo. Se recomienda la correcta alineaci\u00f3n del cilindro y el uso de soportes de montaje adecuados. Tambi\u00e9n ofrecemos repuestos y servicios de reconstrucci\u00f3n para prolongar la vida \u00fatil del cilindro.<\/p>\n<p><img decoding=\"async\" src=\"https:\/\/www.hydraulic-cylinders.net\/wp-content\/uploads\/2025\/01\/songte-chushion-collar.webp\" alt=\"Imagen de instalaci\u00f3n del cilindro del cubo\"><\/p>\n<h2>Consideraciones de seguridad y medio ambiente<\/h2>\n<p>Se deben seguir las medidas de seguridad adecuadas al utilizar el cilindro del cuchar\u00f3n para la excavadora intermedia Doosan DH220LC-9E. Los sistemas hidr\u00e1ulicos funcionan a alta presi\u00f3n y pueden causar lesiones graves o accidentes si no se manipulan correctamente. Es fundamental desechar correctamente el aceite hidr\u00e1ulico usado y otros componentes para minimizar el impacto ambiental.<\/p>\n<h2>Soluci\u00f3n de problemas y problemas comunes<\/h2>\n<p>El cilindro del cuchar\u00f3n de la excavadora intermedia Doosan DH220LC-9E puede presentar problemas como fugas, menor rendimiento y da\u00f1os debido al uso inadecuado o al desgaste. Un diagn\u00f3stico adecuado y una reparaci\u00f3n oportuna son esenciales para evitar da\u00f1os mayores. Ofrecemos consejos y soluciones para la resoluci\u00f3n de problemas que ayudan a los lectores a diagnosticar y resolver problemas eficazmente. Tambi\u00e9n se sugieren medidas preventivas para minimizar posibles problemas.<\/p>\n<p><img decoding=\"async\" src=\"https:\/\/www.hydraulic-cylinders.net\/wp-content\/uploads\/2025\/01\/songte-bushings-with-all-kinds-of-excavator-models.webp\" alt=\"Imagen de bujes de cilindro de cuchar\u00f3n\"><\/p>\n<h2>Sobre nosotros<\/h2>\n<p>Somos fabricantes de repuestos para cilindros hidr\u00e1ulicos y ofrecemos una amplia gama de productos. Somos uno de los principales fabricantes y mayoristas de cilindros hidr\u00e1ulicos en el mercado nacional e internacional. Nos adherimos a los principios de excelente calidad, nos basamos en la estrategia de gesti\u00f3n de producci\u00f3n industrializada de nuestro taller de fabricaci\u00f3n de alta calidad, mejoramos continuamente nuestra plataforma de fabricaci\u00f3n, optimizamos la cadena de producci\u00f3n de calidad del producto y contamos con una s\u00f3lida capacidad de innovaci\u00f3n. Satisfacemos las diversas necesidades de nuestros clientes con alta eficiencia, precisi\u00f3n y principios de alta calidad.<\/p>\n<p>Ofrecemos servicios profesionales, personalizados y con certificaci\u00f3n internacional, y utilizamos equipos de fabricaci\u00f3n avanzados y sistemas de prueba profesionales. Ofrecemos equipos de producci\u00f3n confiables y un excelente servicio posventa.<\/p>\n<p><img decoding=\"async\" src=\"https:\/\/www.hydraulic-cylinders.net\/wp-content\/uploads\/2025\/01\/songte-company-3.webp\" alt=\"Imagen de la empresa\"><\/p>\n<p><em>Autor: lyl<\/em><\/p>","protected":false},"excerpt":{"rendered":"<p>Bucket Cylinder For Doosan Middle Excavator DH220LC-9E Introduction The Bucket Cylinder for Doosan Middle Excavator DH220LC-9E is a hydraulic cylinder designed to control the movement of the bucket in heavy machinery such as excavators, backhoe excavators, and front-end loaders. Its main function is to enable the bucket to lift, lower, and tilt, making it easier [&hellip;]<\/p>","protected":false},"featured_media":14761,"comment_status":"open","ping_status":"closed","template":"","meta":{"_et_pb_use_builder":"","_et_pb_old_content":"","_et_gb_content_width":""},"product_brand":[],"product_cat":[1494],"product_tag":[1495,1496],"class_list":{"0":"post-15281","1":"product","2":"type-product","3":"status-publish","4":"has-post-thumbnail","6":"product_cat-bucket-cylinders","7":"product_tag-bucket-cylinders","8":"product_tag-hydraulic-cylinders","10":"first","11":"instock","12":"shipping-taxable","13":"product-type-simple"},"amp_enabled":true,"_links":{"self":[{"href":"https:\/\/www.hydraulic-cylinders.net\/es\/wp-json\/wp\/v2\/product\/15281","targetHints":{"allow":["GET"]}}],"collection":[{"href":"https:\/\/www.hydraulic-cylinders.net\/es\/wp-json\/wp\/v2\/product"}],"about":[{"href":"https:\/\/www.hydraulic-cylinders.net\/es\/wp-json\/wp\/v2\/types\/product"}],"replies":[{"embeddable":true,"href":"https:\/\/www.hydraulic-cylinders.net\/es\/wp-json\/wp\/v2\/comments?post=15281"}],"wp:featuredmedia":[{"embeddable":true,"href":"https:\/\/www.hydraulic-cylinders.net\/es\/wp-json\/wp\/v2\/media\/14761"}],"wp:attachment":[{"href":"https:\/\/www.hydraulic-cylinders.net\/es\/wp-json\/wp\/v2\/media?parent=15281"}],"wp:term":[{"taxonomy":"product_brand","embeddable":true,"href":"https:\/\/www.hydraulic-cylinders.net\/es\/wp-json\/wp\/v2\/product_brand?post=15281"},{"taxonomy":"product_cat","embeddable":true,"href":"https:\/\/www.hydraulic-cylinders.net\/es\/wp-json\/wp\/v2\/product_cat?post=15281"},{"taxonomy":"product_tag","embeddable":true,"href":"https:\/\/www.hydraulic-cylinders.net\/es\/wp-json\/wp\/v2\/product_tag?post=15281"}],"curies":[{"name":"wp","href":"https:\/\/api.w.org\/{rel}","templated":true}]}}