{"id":15282,"date":"2025-01-19T14:20:06","date_gmt":"2025-01-19T14:20:06","guid":{"rendered":"https:\/\/www.hydraulic-cylinders.net\/product\/bucket-cylinder-for-doosan-middle-excavator-dh225lc-9\/"},"modified":"2025-01-19T14:20:09","modified_gmt":"2025-01-19T14:20:09","slug":"bucket-cylinder-for-doosan-middle-excavator-dh225lc-9","status":"publish","type":"product","link":"https:\/\/www.hydraulic-cylinders.net\/es\/producto\/bucket-cylinder-for-doosan-middle-excavator-dh225lc-9\/","title":{"rendered":"Cilindro de cuchar\u00f3n para excavadora mediana Doosan DH225LC-9"},"content":{"rendered":"<h1>Cilindro de cuchar\u00f3n para excavadora mediana Doosan DH225LC-9<\/h1>\n<h2>Introducci\u00f3n<\/h2>\n<p>El cilindro del cuchar\u00f3n para la excavadora intermedia Doosan DH225LC-9 es un cilindro hidr\u00e1ulico especializado, dise\u00f1ado principalmente para controlar los movimientos del cuchar\u00f3n en maquinaria pesada, como excavadoras, retroexcavadoras y cargadoras frontales. Su funci\u00f3n principal es permitir la elevaci\u00f3n, el descenso y la inclinaci\u00f3n del cuchar\u00f3n, facilitando la realizaci\u00f3n de diversas tareas de manipulaci\u00f3n de materiales. En el sistema hidr\u00e1ulico, el cilindro del cuchar\u00f3n utiliza los cambios de presi\u00f3n del aceite hidr\u00e1ulico para controlar con precisi\u00f3n el cuchar\u00f3n, lo que permite a los operadores manipular cargas pesadas con eficiencia y adaptarse a entornos de trabajo complejos y diversos requisitos operativos.<\/p>\n<p><img decoding=\"async\" src=\"https:\/\/www.hydraulic-cylinders.net\/wp-content\/uploads\/2025\/01\/songte-company-2.webp\"\/><\/p>\n<h2>Caracter\u00edsticas<\/h2>\n<ul>\n<li>Alta resistencia y durabilidad: generalmente hecho de acero o aluminio de alta resistencia, puede soportar alta presi\u00f3n y cargas pesadas, adaptarse a entornos de trabajo hostiles y est\u00e1 dise\u00f1ado para considerar la resistencia al desgaste y la resistencia a la corrosi\u00f3n para extender la vida \u00fatil. <\/li>\n<li>Operaci\u00f3n hidr\u00e1ulica eficiente: Se logran acciones suaves de expansi\u00f3n y contracci\u00f3n utilizando la presi\u00f3n del aceite hidr\u00e1ulico, que puede responder r\u00e1pidamente a los comandos de control, proporcionar poderosas fuerzas de empuje y tracci\u00f3n y es adecuado para manipular cargas pesadas y tareas operativas complejas. <\/li>\n<li>Diversos tipos: Se pueden seleccionar cilindros de simple acci\u00f3n (hidr\u00e1ulica utilizada en una sola direcci\u00f3n) o de doble acci\u00f3n (hidr\u00e1ulica utilizada en dos direcciones) seg\u00fan las necesidades operativas. Algunos modelos son telesc\u00f3picos, lo que permite una mayor extensi\u00f3n sin aumentar las dimensiones externas, lo que resulta ideal para aplicaciones con espacio limitado. <\/li>\n<li>Puede ser producido por nuestra empresa: Nuestros productos pueden reemplazar perfectamente estos cilindros hidr\u00e1ulicos.<\/li>\n<\/ul>\n<p><img decoding=\"async\" src=\"https:\/\/www.hydraulic-cylinders.net\/wp-content\/uploads\/2025\/01\/songte-cylinder-head-with-all-kinds-excavator-models.webp\"\/><\/p>\n<h2>Aplicaciones<\/h2>\n<p>El cilindro del cuchar\u00f3n para la excavadora intermedia Doosan DH225LC-9 se utiliza ampliamente en varios campos, incluidos:<\/p>\n<ul>\n<li>Equipo de construcci\u00f3n: Es esencial para las excavadoras al excavar, cargar y mover tierra o escombros. En las retroexcavadoras, el cilindro del cuchar\u00f3n facilita la excavaci\u00f3n y la elevaci\u00f3n. <\/li>\n<li>Maquinaria agr\u00edcola: Se utiliza para cargadores frontales para recoger, levantar y transportar tierra, heno y otros materiales. <\/li>\n<li>Excavadoras: El cilindro del cuchar\u00f3n permite que \u00e9ste penetre en el suelo para lograr la acci\u00f3n de excavaci\u00f3n. <\/li>\n<li>Cargadores: En los cargadores frontales, ayuda a levantar e inclinar las mercanc\u00edas de manera eficiente. <\/li>\n<\/ul>\n<p>A continuaci\u00f3n se ampl\u00eda cada aplicaci\u00f3n:<\/p>\n<h3>Equipos de construcci\u00f3n<\/h3>\n<p>El cilindro del cuchar\u00f3n desempe\u00f1a un papel importante en las excavadoras para excavar, cargar y mover tierra o escombros. Tambi\u00e9n facilita la excavaci\u00f3n y la elevaci\u00f3n de las retroexcavadoras.<\/p>\n<h3>Maquinaria agr\u00edcola<\/h3>\n<p>El cilindro del cuchar\u00f3n se utiliza en cargadores frontales para recoger, levantar y transportar tierra, heno y otros materiales.<\/p>\n<h3>excavadoras<\/h3>\n<p>El cilindro del cuchar\u00f3n se utiliza para permitir que el cuchar\u00f3n penetre en el suelo para lograr la acci\u00f3n de excavaci\u00f3n.<\/p>\n<h3>Cargadores<\/h3>\n<p>En los cargadores frontales, el cilindro del cuchar\u00f3n ayuda a levantar e inclinar las mercanc\u00edas de manera eficiente.<\/p>\n<h2>Consideraciones de dise\u00f1o y criterios de selecci\u00f3n<\/h2>\n<p>Al seleccionar el cilindro del cuchar\u00f3n para la excavadora intermedia Doosan DH225LC-9, se deben tener en cuenta diferentes consideraciones de dise\u00f1o y criterios de selecci\u00f3n. Estos incluyen:<\/p>\n<ul>\n<li>capacidad de carga<\/li>\n<li>Caza de focas<\/li>\n<li>Durabilidad<\/li>\n<li>Seguridad<\/li>\n<li>Mantenibilidad<\/li>\n<\/ul>\n<p><img decoding=\"async\" src=\"https:\/\/www.hydraulic-cylinders.net\/wp-content\/uploads\/2025\/01\/songte-oil-pipes-and-spare-parts.webp\"\/><\/p>\n<h2>Sellado y lubricaci\u00f3n<\/h2>\n<p>El cilindro del cuchar\u00f3n de la excavadora intermedia Doosan DH225LC-9 utiliza diversos componentes de sellado, como sellos de pist\u00f3n y de v\u00e1stago, fabricados con materiales resistentes al desgaste como poliuretano y caucho de nitrilo. El cuerpo del cilindro y la superficie roscada del extremo est\u00e1n finamente procesados \u200b\u200bpara mejorar la resistencia al desgaste. Es necesario a\u00f1adir regularmente aceite hidr\u00e1ulico adecuado para su lubricaci\u00f3n.<\/p>\n<h2>Medidas de mantenimiento y precauci\u00f3n<\/h2>\n<p>Las revisiones peri\u00f3dicas y las medidas de mantenimiento preventivo son esenciales para el correcto funcionamiento del cilindro del cuchar\u00f3n. Estas medidas incluyen:<\/p>\n<ul>\n<li>Controles regulares<\/li>\n<li>Lubricaci\u00f3n adecuada<\/li>\n<li>Inspecci\u00f3n de calibraci\u00f3n y reemplazo de sellos<\/li>\n<\/ul>\n<p>Es importante proporcionar una gu\u00eda de alineaci\u00f3n correcta durante la instalaci\u00f3n y utilizar los soportes de instalaci\u00f3n adecuados para fijar el cilindro en su lugar. Recomendamos seguir los procedimientos recomendados de inspecci\u00f3n, reparaci\u00f3n y reemplazo para prolongar la vida \u00fatil del cilindro del cuchar\u00f3n de la excavadora intermedia Doosan DH225LC-9.<\/p>\n<p><img decoding=\"async\" src=\"https:\/\/www.hydraulic-cylinders.net\/wp-content\/uploads\/2025\/01\/songte-chushion-collar.webp\"\/><\/p>\n<h2>Consideraciones de seguridad y factores ambientales<\/h2>\n<p>Al utilizar el cilindro del cuchar\u00f3n para la excavadora intermedia Doosan DH225LC-9, es importante seguir las medidas de seguridad para evitar accidentes y tener en cuenta los factores ambientales que pueden afectar el funcionamiento del cilindro.<\/p>\n<h2>Soluci\u00f3n de problemas y problemas comunes<\/h2>\n<p>Al usar el cilindro del cuchar\u00f3n de la excavadora intermedia Doosan DH225LC-9, pueden surgir diversos problemas comunes y de resoluci\u00f3n de problemas. A continuaci\u00f3n, se presentan algunas soluciones:<\/p>\n<ul>\n<li>Reemplazo de sellos<\/li>\n<li>Comprobaci\u00f3n de fugas<\/li>\n<li>Comprobaci\u00f3n de deformaciones y da\u00f1os <\/li>\n<\/ul>\n<p>Se recomiendan medidas preventivas para minimizar posibles problemas.<\/p>\n<p><img decoding=\"async\" src=\"https:\/\/www.hydraulic-cylinders.net\/wp-content\/uploads\/2025\/01\/songte-bushings-with-all-kinds-of-excavator-models.webp\"\/><\/p>\n<h2>Acerca de nuestra empresa<\/h2>\n<p>Somos un fabricante y mayorista l\u00edder de cilindros hidr\u00e1ulicos en el mercado nacional e internacional, y ofrecemos una gama completa de productos de reemplazo. Nos adherimos al principio de excelente calidad, nos basamos en la estrategia de gesti\u00f3n de producci\u00f3n industrializada de nuestro taller de alta calidad, mejoramos continuamente nuestra plataforma de fabricaci\u00f3n, perfeccionamos la calidad de nuestros productos y contamos con una s\u00f3lida capacidad de creaci\u00f3n. <\/p>\n<p>Adem\u00e1s del talento tecnol\u00f3gico, equipos de fabricaci\u00f3n digitales de alta gama y sistemas de inspecci\u00f3n profesionales, brindamos servicios personalizados, equipos de producci\u00f3n y servicios posventa para satisfacer las diversas necesidades de los clientes, con alta eficiencia, alta precisi\u00f3n y alta calidad como principios.<\/p>\n<p>Nuestra empresa tambi\u00e9n ofrece una gama de servicios como personalizaciones especializadas, servicios de reconstrucci\u00f3n y piezas de repuesto para ayudar a los clientes a extender la vida \u00fatil de sus equipos.<\/p>\n<p><img decoding=\"async\" src=\"https:\/\/hzpt.com\/wp-content\/uploads\/2024\/11\/songte-company-1.webp\"\/><\/p>\n<h2>Autor<\/h2>\n<p>lyl<\/p>","protected":false},"excerpt":{"rendered":"<p>Bucket Cylinder For Doosan Middle Excavator DH225LC-9 Introduction The Bucket Cylinder for Doosan Middle Excavator DH225LC-9 is a specialized hydraulic cylinder designed primarily for controlling the movements of the bucket in heavy machinery, such as excavators, backhoe loaders, and front loaders. Its main function is to enable lifting, lowering, and tilting of the bucket, making [&hellip;]<\/p>","protected":false},"featured_media":14789,"comment_status":"open","ping_status":"closed","template":"","meta":{"_et_pb_use_builder":"","_et_pb_old_content":"","_et_gb_content_width":""},"product_brand":[],"product_cat":[1494],"product_tag":[1495,1496],"class_list":{"0":"post-15282","1":"product","2":"type-product","3":"status-publish","4":"has-post-thumbnail","6":"product_cat-bucket-cylinders","7":"product_tag-bucket-cylinders","8":"product_tag-hydraulic-cylinders","10":"first","11":"instock","12":"shipping-taxable","13":"product-type-simple"},"amp_enabled":true,"_links":{"self":[{"href":"https:\/\/www.hydraulic-cylinders.net\/es\/wp-json\/wp\/v2\/product\/15282","targetHints":{"allow":["GET"]}}],"collection":[{"href":"https:\/\/www.hydraulic-cylinders.net\/es\/wp-json\/wp\/v2\/product"}],"about":[{"href":"https:\/\/www.hydraulic-cylinders.net\/es\/wp-json\/wp\/v2\/types\/product"}],"replies":[{"embeddable":true,"href":"https:\/\/www.hydraulic-cylinders.net\/es\/wp-json\/wp\/v2\/comments?post=15282"}],"wp:featuredmedia":[{"embeddable":true,"href":"https:\/\/www.hydraulic-cylinders.net\/es\/wp-json\/wp\/v2\/media\/14789"}],"wp:attachment":[{"href":"https:\/\/www.hydraulic-cylinders.net\/es\/wp-json\/wp\/v2\/media?parent=15282"}],"wp:term":[{"taxonomy":"product_brand","embeddable":true,"href":"https:\/\/www.hydraulic-cylinders.net\/es\/wp-json\/wp\/v2\/product_brand?post=15282"},{"taxonomy":"product_cat","embeddable":true,"href":"https:\/\/www.hydraulic-cylinders.net\/es\/wp-json\/wp\/v2\/product_cat?post=15282"},{"taxonomy":"product_tag","embeddable":true,"href":"https:\/\/www.hydraulic-cylinders.net\/es\/wp-json\/wp\/v2\/product_tag?post=15282"}],"curies":[{"name":"wp","href":"https:\/\/api.w.org\/{rel}","templated":true}]}}