{"id":15284,"date":"2025-01-19T14:20:16","date_gmt":"2025-01-19T14:20:16","guid":{"rendered":"https:\/\/www.hydraulic-cylinders.net\/product\/bucket-cylinder-for-doosan-middle-excavator-dx260lc\/"},"modified":"2025-01-19T14:20:18","modified_gmt":"2025-01-19T14:20:18","slug":"bucket-cylinder-for-doosan-middle-excavator-dx260lc","status":"publish","type":"product","link":"https:\/\/www.hydraulic-cylinders.net\/es\/producto\/bucket-cylinder-for-doosan-middle-excavator-dx260lc\/","title":{"rendered":"Cilindro de cuchar\u00f3n para excavadora mediana Doosan DX260LC"},"content":{"rendered":"<div>\n<h1>Cilindro de cuchar\u00f3n para excavadora mediana Doosan DX260LC<\/h1>\n<p>    <img decoding=\"async\" src=\"https:\/\/www.hydraulic-cylinders.net\/wp-content\/uploads\/2025\/01\/songte-company-2.webp\" alt=\"Imagen del producto\"><\/p>\n<h2>Introducci\u00f3n<\/h2>\n<p>El cilindro del cuchar\u00f3n es un cilindro hidr\u00e1ulico especialmente dise\u00f1ado que se utiliza para controlar el movimiento del cuchar\u00f3n en maquinaria pesada como excavadoras, retroexcavadoras y cargadoras frontales. Su funci\u00f3n principal es permitir la elevaci\u00f3n, el descenso y la inclinaci\u00f3n del cuchar\u00f3n, facilitando diversas tareas de manipulaci\u00f3n de materiales. En el sistema hidr\u00e1ulico, el cilindro del cuchar\u00f3n logra un control preciso del cuchar\u00f3n mediante los cambios de presi\u00f3n del aceite hidr\u00e1ulico, lo que permite a los operadores manipular cargas pesadas con eficiencia y adaptarse a entornos de trabajo complejos y diversos requisitos operativos.<\/p>\n<p>    <img decoding=\"async\" src=\"https:\/\/www.hydraulic-cylinders.net\/wp-content\/uploads\/2025\/01\/songte-cylinder-head-with-all-kinds-excavator-models.webp\" alt=\"Imagen del producto\"><\/p>\n<h2>Caracter\u00edsticas<\/h2>\n<ul>\n<li>Alta resistencia y durabilidad: generalmente fabricados en acero o aluminio de alta resistencia, capaces de soportar alta presi\u00f3n y cargas pesadas, adaptarse a entornos de trabajo hostiles y dise\u00f1ados teniendo en cuenta la resistencia al desgaste y la corrosi\u00f3n para extender la vida \u00fatil.<\/li>\n<li>Operaci\u00f3n hidr\u00e1ulica eficiente: utiliza la presi\u00f3n del aceite hidr\u00e1ulico para lograr acciones suaves de extensi\u00f3n y retracci\u00f3n, capaz de responder r\u00e1pidamente a los comandos de control, proporcionando poderosas fuerzas de empuje y tracci\u00f3n, adecuadas para manipular cargas pesadas y tareas operativas complejas.<\/li>\n<li>Varios tipos: El cilindro del cuchar\u00f3n puede seleccionarse como de simple efecto (hidr\u00e1ulico en una sola direcci\u00f3n) o de doble efecto (hidr\u00e1ulico en ambas direcciones) seg\u00fan las necesidades, lo que permite diferentes requisitos operativos. Algunos modelos son telesc\u00f3picos, lo que permite una mayor extensi\u00f3n sin aumentar las dimensiones externas, ideal para aplicaciones con espacio limitado.<\/li>\n<li>Reemplazo perfecto: Nuestros productos pueden reemplazar perfectamente estos cilindros hidr\u00e1ulicos.<\/li>\n<\/ul>\n<h2>Aplicaciones<\/h2>\n<ul>\n<li>Equipos de construcci\u00f3n: Presentes en las excavadoras, son cruciales para excavar, cargar y mover tierra o escombros. En las retroexcavadoras, el cilindro del cuchar\u00f3n facilita tanto la excavaci\u00f3n como la elevaci\u00f3n.<\/li>\n<li>Maquinaria agr\u00edcola: Se utiliza en cargadoras frontales para recoger, levantar y transportar tierra, heno y otros materiales.<\/li>\n<li>Excavadoras: El cilindro del cuchar\u00f3n permite realizar acciones de excavaci\u00f3n al permitir que el cuchar\u00f3n penetre en el suelo.<\/li>\n<li>Cargadores: En los cargadores frontales, ayudan a levantar e inclinar las mercanc\u00edas de manera eficaz.<\/li>\n<\/ul>\n<p>    <img decoding=\"async\" src=\"https:\/\/www.hydraulic-cylinders.net\/wp-content\/uploads\/2025\/01\/songte-oil-pipes-and-spare-parts.webp\" alt=\"Imagen del producto\"><\/p>\n<h2>Consideraciones de dise\u00f1o y criterios de selecci\u00f3n<\/h2>\n<ul>\n<li>Capacidad de carga: Analice la capacidad de soportar cargas pesadas y la importancia de considerar factores de dise\u00f1o como los materiales y la integridad estructural.<\/li>\n<li>Sellado: Analice el uso de diversos sellos, como los de pist\u00f3n y v\u00e1stago, fabricados con materiales resistentes al desgaste como el poliuretano y el caucho de nitrilo. Resalte la importancia del tratamiento superficial fino de los cuerpos de los cilindros y los extremos roscados para mejorar la resistencia al desgaste.<\/li>\n<li>Durabilidad: Resalte la necesidad de una lubricaci\u00f3n regular con aceite hidr\u00e1ulico apropiado para garantizar un funcionamiento suave y prolongar la vida \u00fatil del cilindro del cuchar\u00f3n.<\/li>\n<li>Seguridad: Analice las medidas de seguridad relacionadas con el uso del cilindro del cuchar\u00f3n, enfatizando la importancia de la instalaci\u00f3n adecuada, las inspecciones regulares y el cumplimiento de los procedimientos de mantenimiento.<\/li>\n<li>Mantenimiento: Brinde consejos para inspecciones regulares, lubricaci\u00f3n adecuada, reemplazo de sellos y comprobaciones de calibraci\u00f3n. Enfatice la importancia de una instalaci\u00f3n correcta, la gu\u00eda de alineaci\u00f3n y el uso de soportes de montaje adecuados para asegurar el cilindro.<\/li>\n<\/ul>\n<p>    <img decoding=\"async\" src=\"https:\/\/www.hydraulic-cylinders.net\/wp-content\/uploads\/2025\/01\/songte-chushion-collar.webp\" alt=\"Imagen del producto\"><\/p>\n<h2>Consideraciones de seguridad y factores ambientales<\/h2>\n<p>Analice la importancia de las medidas de seguridad al utilizar el cilindro del cuchar\u00f3n y la necesidad de considerar los factores ambientales en la selecci\u00f3n y operaci\u00f3n del producto.<\/p>\n<p>    <img decoding=\"async\" src=\"https:\/\/www.hydraulic-cylinders.net\/wp-content\/uploads\/2025\/01\/songte-bushings-with-all-kinds-of-excavator-models.webp\" alt=\"Imagen del producto\"><\/p>\n<h2>Soluci\u00f3n de problemas y problemas comunes<\/h2>\n<p>Proporcionar consejos y soluciones para problemas comunes relacionados con el cilindro del cuchar\u00f3n. Ofrecer medidas preventivas para minimizar posibles problemas.<\/p>\n<p>    <img decoding=\"async\" src=\"https:\/\/hzpt.com\/wp-content\/uploads\/2024\/11\/songte-company-1.webp\" alt=\"Imagen del producto\"><\/p>\n<h2>Descripci\u00f3n general de la empresa<\/h2>\n<p>Somos fabricantes de cilindros hidr\u00e1ulicos de repuesto y un fabricante y distribuidor mayorista l\u00edder en los mercados nacional e internacional. Nuestra empresa sigue una estrategia de gesti\u00f3n de la producci\u00f3n industrial basada en la excelencia, con talleres de fabricaci\u00f3n de alta tecnolog\u00eda y en la mejora continua de la plataforma de fabricaci\u00f3n mediante el uso de talento tecnol\u00f3gico, equipos de fabricaci\u00f3n digitales de alta gama y sistemas de prueba profesionales. Contamos con una gran capacidad creativa y buscamos satisfacer las diversas demandas de nuestros clientes con alta eficiencia, precisi\u00f3n y principios de alta calidad.<\/p>\n<p>    <img decoding=\"async\" src=\"https:\/\/www.hydraulic-cylinders.net\/wp-content\/uploads\/2025\/01\/songte-company-3.webp\" alt=\"Imagen del producto\"><\/p>\n<h2>Informaci\u00f3n de la empresa<\/h2>\n<ul>\n<li>Profesionalismo: Analice el compromiso de la empresa con el profesionalismo y la experiencia en la producci\u00f3n de cilindros hidr\u00e1ulicos.<\/li>\n<li>Certificaciones internacionales: Resalte cualquier certificaciones internacionales que la empresa haya obtenido, demostrando su compromiso con la calidad y los est\u00e1ndares de la industria.<\/li>\n<li>Servicios de personalizaci\u00f3n: Enfatiza la capacidad de la empresa para brindar soluciones personalizadas para satisfacer los requisitos espec\u00edficos de los clientes.<\/li>\n<li>Equipo de producci\u00f3n: Analice el equipo de producci\u00f3n avanzado que utiliza la empresa para garantizar productos de alta calidad.<\/li>\n<li>Servicio postventa: Resalte la dedicaci\u00f3n de la empresa para brindar un excelente servicio postventa, incluidos servicios de reparaci\u00f3n y reemplazo.<\/li>\n<\/ul>\n<p>Autor: lyl<\/p>\n<\/div>","protected":false},"excerpt":{"rendered":"<p>Bucket Cylinder For Doosan Middle Excavator DX260LC Introduction The bucket cylinder is a specially designed hydraulic cylinder used to control the movement of the bucket in heavy machinery such as excavators, backhoe loaders, and front loaders. Its main function is to enable the lifting, lowering, and tilting of the bucket, making it easier for various [&hellip;]<\/p>","protected":false},"featured_media":14787,"comment_status":"open","ping_status":"closed","template":"","meta":{"_et_pb_use_builder":"","_et_pb_old_content":"","_et_gb_content_width":""},"product_brand":[],"product_cat":[1494],"product_tag":[1495,1496],"class_list":{"0":"post-15284","1":"product","2":"type-product","3":"status-publish","4":"has-post-thumbnail","6":"product_cat-bucket-cylinders","7":"product_tag-bucket-cylinders","8":"product_tag-hydraulic-cylinders","10":"first","11":"instock","12":"shipping-taxable","13":"product-type-simple"},"amp_enabled":true,"_links":{"self":[{"href":"https:\/\/www.hydraulic-cylinders.net\/es\/wp-json\/wp\/v2\/product\/15284","targetHints":{"allow":["GET"]}}],"collection":[{"href":"https:\/\/www.hydraulic-cylinders.net\/es\/wp-json\/wp\/v2\/product"}],"about":[{"href":"https:\/\/www.hydraulic-cylinders.net\/es\/wp-json\/wp\/v2\/types\/product"}],"replies":[{"embeddable":true,"href":"https:\/\/www.hydraulic-cylinders.net\/es\/wp-json\/wp\/v2\/comments?post=15284"}],"wp:featuredmedia":[{"embeddable":true,"href":"https:\/\/www.hydraulic-cylinders.net\/es\/wp-json\/wp\/v2\/media\/14787"}],"wp:attachment":[{"href":"https:\/\/www.hydraulic-cylinders.net\/es\/wp-json\/wp\/v2\/media?parent=15284"}],"wp:term":[{"taxonomy":"product_brand","embeddable":true,"href":"https:\/\/www.hydraulic-cylinders.net\/es\/wp-json\/wp\/v2\/product_brand?post=15284"},{"taxonomy":"product_cat","embeddable":true,"href":"https:\/\/www.hydraulic-cylinders.net\/es\/wp-json\/wp\/v2\/product_cat?post=15284"},{"taxonomy":"product_tag","embeddable":true,"href":"https:\/\/www.hydraulic-cylinders.net\/es\/wp-json\/wp\/v2\/product_tag?post=15284"}],"curies":[{"name":"wp","href":"https:\/\/api.w.org\/{rel}","templated":true}]}}