{"id":15285,"date":"2025-01-19T14:20:20","date_gmt":"2025-01-19T14:20:20","guid":{"rendered":"https:\/\/www.hydraulic-cylinders.net\/product\/bucket-cylinder-for-doosan-large-excavator-dh290\/"},"modified":"2025-01-19T14:20:22","modified_gmt":"2025-01-19T14:20:22","slug":"bucket-cylinder-for-doosan-large-excavator-dh290","status":"publish","type":"product","link":"https:\/\/www.hydraulic-cylinders.net\/es\/producto\/bucket-cylinder-for-doosan-large-excavator-dh290\/","title":{"rendered":"Cilindro de cuchar\u00f3n para excavadora grande Doosan DH290"},"content":{"rendered":"<h1>Cilindro de cuchar\u00f3n para excavadora grande Doosan DH290<\/h1>\n<h2>Introducci\u00f3n<\/h2>\n<p>El cilindro del cuchar\u00f3n para la excavadora Doosan DH290 es un cilindro hidr\u00e1ulico especialmente dise\u00f1ado que controla el movimiento del cuchar\u00f3n en maquinaria pesada como excavadoras, retroexcavadoras y cargadoras frontales. Su funci\u00f3n principal es permitir que el cuchar\u00f3n se eleve, baje e incline, facilitando diversas tareas de manipulaci\u00f3n de materiales. En el sistema hidr\u00e1ulico, el cilindro del cuchar\u00f3n controla el movimiento preciso del cuchar\u00f3n mediante cambios en la presi\u00f3n del aceite hidr\u00e1ulico, lo que permite a los operadores manipular cargas pesadas con eficiencia y adaptarse a entornos de trabajo complejos y a diversos requisitos.<\/p>\n<p><img decoding=\"async\" src=\"https:\/\/www.hydraulic-cylinders.net\/wp-content\/uploads\/2025\/01\/songte-company-2.webp\" alt=\"Imagen del cilindro del cubo\" \/><\/p>\n<h2>Caracter\u00edsticas<\/h2>\n<ul>\n<li>\n<h3>Alta resistencia y durabilidad<\/h3>\n<p>El cilindro del cuchar\u00f3n generalmente est\u00e1 hecho de acero o aluminio de alta resistencia, que puede soportar alta presi\u00f3n y cargas pesadas, adaptarse a entornos de trabajo hostiles y est\u00e1 dise\u00f1ado teniendo en cuenta la resistencia al desgaste y la corrosi\u00f3n para extender su vida \u00fatil.<\/p>\n<\/li>\n<li>\n<h3>Operaci\u00f3n hidr\u00e1ulica eficiente<\/h3>\n<p>El cilindro del cuchar\u00f3n utiliza presi\u00f3n de aceite hidr\u00e1ulico para lograr una extensi\u00f3n y contracci\u00f3n suaves, responde r\u00e1pidamente a los comandos de control, proporciona una poderosa fuerza de empuje y tracci\u00f3n y es adecuado para manipular cargas pesadas y tareas laborales complejas.<\/p>\n<\/li>\n<li>\n<h3>Varios tipos<\/h3>\n<p>El cilindro del cuchar\u00f3n se puede seleccionar como un cilindro de acci\u00f3n simple (se utiliza hidr\u00e1ulico en una sola direcci\u00f3n) o de acci\u00f3n doble (se utiliza hidr\u00e1ulico en ambas direcciones) seg\u00fan los requisitos, y algunos modelos son telesc\u00f3picos, lo que permite una mayor extensi\u00f3n sin aumentar las dimensiones externas, adecuado para aplicaciones con espacio limitado.<\/p>\n<\/li>\n<li>\n<h3>Reemplazo perfecto<\/h3>\n<p>Nuestro producto puede sustituir perfectamente a estos cilindros hidr\u00e1ulicos.<\/p>\n<\/li>\n<\/ul>\n<p><img decoding=\"async\" src=\"https:\/\/www.hydraulic-cylinders.net\/wp-content\/uploads\/2025\/01\/songte-cylinder-head-with-all-kinds-excavator-models.webp\" alt=\"Imagen de reemplazo del cilindro del cuchar\u00f3n\" \/><\/p>\n<h2>Aplicaciones<\/h2>\n<p>El cilindro del cuchar\u00f3n se utiliza ampliamente en diversas m\u00e1quinas pesadas, entre ellas:<\/p>\n<ul>\n<li>\n<h3>Equipos de construcci\u00f3n<\/h3>\n<p>En las excavadoras, son vitales para excavar, cargar y mover tierra o escombros. En las retroexcavadoras, el cilindro del cuchar\u00f3n facilita la excavaci\u00f3n y la elevaci\u00f3n. En las cargadoras frontales, facilitan la elevaci\u00f3n y la inclinaci\u00f3n de mercanc\u00edas de forma eficaz.<\/p>\n<\/li>\n<li>\n<h3>Maquinaria agr\u00edcola<\/h3>\n<p>Se utiliza para cargadores frontales, para recoger, levantar y transportar tierra, heno y otros materiales.<\/p>\n<\/li>\n<li>\n<h3>excavadoras<\/h3>\n<p>El cilindro del cuchar\u00f3n permite que \u00e9ste penetre en el suelo para lograr la acci\u00f3n de excavaci\u00f3n.<\/p>\n<\/li>\n<\/ul>\n<h2>Consideraciones de dise\u00f1o y criterios de selecci\u00f3n<\/h2>\n<p>El dise\u00f1o del cilindro del cuchar\u00f3n considera su capacidad de carga, sellado, durabilidad, seguridad y facilidad de mantenimiento. Las siguientes son las consideraciones clave de dise\u00f1o:<\/p>\n<ul>\n<li>\n<h3>Capacidad de carga<\/h3>\n<p>El cilindro del cuchar\u00f3n est\u00e1 dise\u00f1ado y fabricado para soportar la fuerza y \u200b\u200bel peso m\u00e1ximos requeridos para su aplicaci\u00f3n prevista.<\/p>\n<\/li>\n<li>\n<h3>Caza de focas<\/h3>\n<p>El cilindro del cuchar\u00f3n utiliza varios componentes de sellado, como sellos de pist\u00f3n, sellos de varilla, etc., con materiales resistentes al desgaste como poliuretano y caucho de nitrilo, para garantizar un buen sellado y evitar fugas de fluido.<\/p>\n<\/li>\n<li>\n<h3>Durabilidad<\/h3>\n<p>El cuerpo del cilindro y la superficie roscada del extremo est\u00e1n finamente procesados \u200b\u200bpara aumentar la resistencia al desgaste. El cilindro del cuchar\u00f3n tambi\u00e9n est\u00e1 dise\u00f1ado con materiales y recubrimientos resistentes a la corrosi\u00f3n para prolongar su vida \u00fatil.<\/p>\n<\/li>\n<li>\n<h3>Seguridad<\/h3>\n<p>El cilindro del cuchar\u00f3n est\u00e1 equipado con dispositivos de seguridad como v\u00e1lvulas de alivio y protecci\u00f3n contra sobrecarga para evitar lesiones o da\u00f1os al cilindro o la maquinaria.<\/p>\n<\/li>\n<li>\n<h3>Mantenibilidad<\/h3>\n<p>El cilindro del cuchar\u00f3n requiere inspecci\u00f3n regular y mantenimiento preventivo para garantizar un rendimiento \u00f3ptimo. El aceite hidr\u00e1ulico debe cambiarse y rellenarse peri\u00f3dicamente, y el sello debe inspeccionarse y reemplazarse si es necesario.<\/p>\n<\/li>\n<\/ul>\n<p><img decoding=\"async\" src=\"https:\/\/www.hydraulic-cylinders.net\/wp-content\/uploads\/2025\/01\/songte-oil-pipes-and-spare-parts.webp\" alt=\"Imagen de repuestos para cilindro de cuchar\u00f3n\" \/><\/p>\n<h2>Sellado y lubricaci\u00f3n<\/h2>\n<p>El cilindro del cuchar\u00f3n utiliza diversos componentes de sellado, como sellos de pist\u00f3n, sellos de v\u00e1stago, etc., con materiales resistentes al desgaste como poliuretano y caucho de nitrilo, para garantizar un buen sellado y evitar fugas de fluido. El cuerpo del cilindro y la superficie del extremo roscado est\u00e1n finamente procesados \u200b\u200bpara aumentar la resistencia al desgaste. Requiere lubricaci\u00f3n regular con la cantidad adecuada de aceite hidr\u00e1ulico para mantener un rendimiento \u00f3ptimo.<\/p>\n<h2>Mantenimiento y reparaci\u00f3n<\/h2>\n<p>Las siguientes son algunas tareas de mantenimiento comunes para el cilindro del cuchar\u00f3n:<\/p>\n<ul>\n<li>\n<h3>Inspecci\u00f3n regular<\/h3>\n<p>Es necesario inspeccionar peri\u00f3dicamente el cilindro del cuchar\u00f3n para garantizar que funcione correctamente y detectar posibles problemas de forma temprana.<\/p>\n<\/li>\n<li>\n<h3>Lubricaci\u00f3n<\/h3>\n<p>El cilindro del cuchar\u00f3n debe lubricarse con la cantidad adecuada de aceite hidr\u00e1ulico para mantener un rendimiento \u00f3ptimo.<\/p>\n<\/li>\n<li>\n<h3>Reemplazo del sello<\/h3>\n<p>Es necesario inspeccionar el sello y reemplazarlo si es necesario para mantener un buen sellado y evitar fugas de l\u00edquido.<\/p>\n<\/li>\n<li>\n<h3>Comprobaci\u00f3n de alineaci\u00f3n<\/h3>\n<p>Durante la instalaci\u00f3n, el cilindro del cuchar\u00f3n debe estar alineado correctamente para garantizar que funcione adecuadamente.<\/p>\n<\/li>\n<\/ul>\n<p>Una instalaci\u00f3n, lubricaci\u00f3n y ajuste adecuados son esenciales para garantizar la longevidad del cilindro del cuchar\u00f3n. Se recomienda el uso de soportes de instalaci\u00f3n adecuados para asegurar el cilindro. Ofrecemos un procedimiento recomendado de inspecci\u00f3n, reparaci\u00f3n y reemplazo para prolongar la vida \u00fatil del cilindro del cuchar\u00f3n.<\/p>\n<p><img decoding=\"async\" src=\"https:\/\/www.hydraulic-cylinders.net\/wp-content\/uploads\/2025\/01\/songte-chushion-collar.webp\" alt=\"Imagen del collar del cilindro del cubo\" \/><\/p>\n<h2>Consideraciones de seguridad y factores ambientales<\/h2>\n<p>Al utilizar el cilindro del cuchar\u00f3n, es fundamental seguir los procedimientos de seguridad adecuados para evitar lesiones o da\u00f1os al cilindro o a la maquinaria. La inspecci\u00f3n, el mantenimiento y las reparaciones regulares pueden ayudar a reducir los posibles riesgos ambientales.<\/p>\n<h2>Soluci\u00f3n de problemas y problemas comunes<\/h2>\n<p>Los siguientes son algunos problemas comunes que pueden ocurrir con el cilindro del cuchar\u00f3n:<\/p>\n<ul>\n<li>\n<h3>Fuga<\/h3>\n<p>El cilindro puede tener fugas debido a sellos da\u00f1ados, aceite hidr\u00e1ulico contaminado o conexiones sueltas.<\/p>\n<\/li>\n<li>\n<h3>Operaci\u00f3n lenta<\/h3>\n<p>El cilindro puede funcionar lentamente debido a aceite hidr\u00e1ulico insuficiente, sellos desgastados o varillas da\u00f1adas.<\/p>\n<\/li>\n<li>\n<h3>Calentamiento excesivo<\/h3>\n<p>El cilindro puede sobrecalentarse debido a niveles bajos de aceite, conductos de aceite bloqueados o v\u00e1lvulas de alivio da\u00f1adas.<\/p>\n<\/li>\n<\/ul>\n<p>Para solucionar estos problemas, es necesario identificar la causa y tomar las medidas correctivas adecuadas, como reemplazar los sellos da\u00f1ados, limpiar el aceite hidr\u00e1ulico o reparar o reemplazar las piezas da\u00f1adas.<\/p>\n<p><img decoding=\"async\" src=\"https:\/\/www.hydraulic-cylinders.net\/wp-content\/uploads\/2025\/01\/songte-bushings-with-all-kinds-of-excavator-models.webp\" alt=\"Imagen de bujes de cilindro de cuchar\u00f3n\" \/><\/p>\n<h2>Sobre nosotros<\/h2>\n<p>Nuestra empresa, fabricante de cilindros hidr\u00e1ulicos de repuesto con una gama completa de productos, se ha consolidado como uno de los principales fabricantes y mayoristas de cilindros hidr\u00e1ulicos en el mercado nacional e internacional. Nos basamos en principios de excelente calidad, nos basamos en estrategias de gesti\u00f3n de producci\u00f3n industrializada en talleres de alta calidad, mejoramos continuamente nuestra plataforma de fabricaci\u00f3n y la calidad de nuestras l\u00edneas de producci\u00f3n, y contamos con una s\u00f3lida capacidad para crear productos de alta eficiencia, precisi\u00f3n y calidad para satisfacer las diversas necesidades de nuestros clientes.<\/p>\n<p><img decoding=\"async\" src=\"https:\/\/hzpt.com\/wp-content\/uploads\/2024\/11\/songte-company-1.webp\" alt=\"Imagen de la empresa\" \/><\/p>\n<h3>Profesionalismo<\/h3>\n<p>Nuestra empresa cuenta con un equipo de t\u00e9cnicos e ingenieros profesionales que tienen muchos a\u00f1os de experiencia en el dise\u00f1o y fabricaci\u00f3n de cilindros hidr\u00e1ulicos y equipos relacionados.<\/p>\n<h3>Certificaci\u00f3n Internacional<\/h3>\n<p>Nuestros productos han pasado certificaciones internacionales como ISO9001, CE y SGS, lo que garantiza que nuestros productos cumplen con los est\u00e1ndares internacionales de calidad.<\/p>\n<h3>Servicios de personalizaci\u00f3n<\/h3>\n<p>Ofrecemos servicios de personalizaci\u00f3n de cilindros hidr\u00e1ulicos para satisfacer las necesidades espec\u00edficas de nuestros clientes.<\/p>\n<h3>Equipos de producci\u00f3n<\/h3>\n<p>Nuestra empresa cuenta con equipos de producci\u00f3n avanzados, como m\u00e1quinas herramienta CNC, centros de mecanizado y equipos de prueba para garantizar una producci\u00f3n eficiente y de alta calidad.<\/p>\n<h3>Servicio posventa<\/h3>\n<p>Brindamos un excelente servicio postventa a nuestros clientes, que incluye soporte t\u00e9cnico, mantenimiento y servicios de reparaci\u00f3n.<\/p>\n<p>Autor: lyl<\/p>","protected":false},"excerpt":{"rendered":"<p>Bucket Cylinder For Doosan Large Excavator DH290 Introduction The bucket cylinder for Doosan large excavator DH290 is a specially designed hydraulic cylinder used to control the movement of the bucket in heavy machinery such as excavators, backhoe excavators, and front-end loaders. Its main function is to enable the bucket to lift, lower, and tilt, making [&hellip;]<\/p>","protected":false},"featured_media":14785,"comment_status":"open","ping_status":"closed","template":"","meta":{"_et_pb_use_builder":"","_et_pb_old_content":"","_et_gb_content_width":""},"product_brand":[],"product_cat":[1494],"product_tag":[1495,1496],"class_list":{"0":"post-15285","1":"product","2":"type-product","3":"status-publish","4":"has-post-thumbnail","6":"product_cat-bucket-cylinders","7":"product_tag-bucket-cylinders","8":"product_tag-hydraulic-cylinders","10":"first","11":"instock","12":"shipping-taxable","13":"product-type-simple"},"amp_enabled":true,"_links":{"self":[{"href":"https:\/\/www.hydraulic-cylinders.net\/es\/wp-json\/wp\/v2\/product\/15285","targetHints":{"allow":["GET"]}}],"collection":[{"href":"https:\/\/www.hydraulic-cylinders.net\/es\/wp-json\/wp\/v2\/product"}],"about":[{"href":"https:\/\/www.hydraulic-cylinders.net\/es\/wp-json\/wp\/v2\/types\/product"}],"replies":[{"embeddable":true,"href":"https:\/\/www.hydraulic-cylinders.net\/es\/wp-json\/wp\/v2\/comments?post=15285"}],"wp:featuredmedia":[{"embeddable":true,"href":"https:\/\/www.hydraulic-cylinders.net\/es\/wp-json\/wp\/v2\/media\/14785"}],"wp:attachment":[{"href":"https:\/\/www.hydraulic-cylinders.net\/es\/wp-json\/wp\/v2\/media?parent=15285"}],"wp:term":[{"taxonomy":"product_brand","embeddable":true,"href":"https:\/\/www.hydraulic-cylinders.net\/es\/wp-json\/wp\/v2\/product_brand?post=15285"},{"taxonomy":"product_cat","embeddable":true,"href":"https:\/\/www.hydraulic-cylinders.net\/es\/wp-json\/wp\/v2\/product_cat?post=15285"},{"taxonomy":"product_tag","embeddable":true,"href":"https:\/\/www.hydraulic-cylinders.net\/es\/wp-json\/wp\/v2\/product_tag?post=15285"}],"curies":[{"name":"wp","href":"https:\/\/api.w.org\/{rel}","templated":true}]}}