{"id":15288,"date":"2025-01-19T14:20:32","date_gmt":"2025-01-19T14:20:32","guid":{"rendered":"https:\/\/www.hydraulic-cylinders.net\/product\/bucket-cylinder-for-doosan-large-excavator-dx300lc\/"},"modified":"2025-01-19T14:20:34","modified_gmt":"2025-01-19T14:20:34","slug":"bucket-cylinder-for-doosan-large-excavator-dx300lc","status":"publish","type":"product","link":"https:\/\/www.hydraulic-cylinders.net\/es\/producto\/bucket-cylinder-for-doosan-large-excavator-dx300lc\/","title":{"rendered":"Cilindro de cuchar\u00f3n para excavadora grande Doosan DX300LC"},"content":{"rendered":"<h1>Cilindro de cuchar\u00f3n para excavadora grande Doosan DX300LC<\/h1>\n<h2>Introducci\u00f3n<\/h2>\n<h3>Definici\u00f3n<\/h3>\n<p>Un cilindro de cuchar\u00f3n, un cilindro hidr\u00e1ulico de dise\u00f1o espec\u00edfico, se utiliza para controlar el movimiento del cuchar\u00f3n en maquinaria pesada como excavadoras, retroexcavadoras y cargadoras frontales. Su funci\u00f3n principal es permitir que el cuchar\u00f3n se eleve, baje e incline para facilitar las tareas de manipulaci\u00f3n de materiales. En el sistema hidr\u00e1ulico, el cilindro del cuchar\u00f3n controla con precisi\u00f3n el movimiento del cuchar\u00f3n mediante cambios en la presi\u00f3n del aceite hidr\u00e1ulico, lo que permite a los operadores manipular cargas pesadas con eficiencia y adaptarse a entornos de trabajo complejos y a diversos requisitos.<\/p>\n<p><img decoding=\"async\" src=\"https:\/\/www.hydraulic-cylinders.net\/wp-content\/uploads\/2025\/01\/songte-company-2.webp\" alt=\"Imagen del cilindro del cubo\"><\/p>\n<h3>Caracter\u00edsticas<\/h3>\n<ul>\n<li>Alta resistencia y durabilidad: generalmente fabricados en acero o aluminio de alta resistencia, pueden soportar alta presi\u00f3n y cargas pesadas, adaptarse a entornos de trabajo hostiles y est\u00e1n dise\u00f1ados teniendo en cuenta la resistencia al desgaste y la corrosi\u00f3n para extender la vida \u00fatil.<\/li>\n<li>Operaci\u00f3n hidr\u00e1ulica eficiente: utiliza presi\u00f3n de aceite hidr\u00e1ulico para lograr una acci\u00f3n telesc\u00f3pica suave, responde r\u00e1pidamente a los comandos de control, proporciona una poderosa fuerza de empuje y tracci\u00f3n, adecuado para manipular cargas pesadas y tareas laborales complejas.<\/li>\n<li>Diversos tipos: Elija cilindros de simple efecto (hidr\u00e1ulicos utilizados en una sola direcci\u00f3n) o de doble efecto (hidr\u00e1ulicos utilizados en ambas direcciones) seg\u00fan los requisitos para satisfacer diferentes necesidades operativas, algunos modelos son telesc\u00f3picos, lo que permite una mayor extensi\u00f3n sin aumentar las dimensiones externas, adecuados para aplicaciones con espacio limitado.<\/li>\n<li>Reemplazo directo: Nuestro producto puede reemplazar estos cilindros hidr\u00e1ulicos perfectamente.<\/li>\n<\/ul>\n<p><img decoding=\"async\" src=\"https:\/\/www.hydraulic-cylinders.net\/wp-content\/uploads\/2025\/01\/songte-cylinder-head-with-all-kinds-excavator-models.webp\" alt=\"Imagen del producto\"><\/p>\n<h2>Aplicaciones<\/h2>\n<h3>Equipos de construcci\u00f3n<\/h3>\n<p>En las excavadoras, son esenciales para excavar, cargar y mover tierra o escombros. En las retroexcavadoras, el cilindro del cuchar\u00f3n facilita tanto la excavaci\u00f3n como la elevaci\u00f3n. En las cargadoras frontales, ayudan a elevar y descargar mercanc\u00edas eficazmente.<\/p>\n<h3>Maquinaria agr\u00edcola<\/h3>\n<p>Se utiliza en cargadoras frontales para recoger, levantar y transportar tierra, heno y otros materiales. En las excavadoras, el cilindro del cuchar\u00f3n permite la excavaci\u00f3n al permitir que el cuchar\u00f3n penetre en el suelo. Tambi\u00e9n es \u00fatil para levantar e inclinar otras m\u00e1quinas agr\u00edcolas.<\/p>\n<h2>Consideraciones de dise\u00f1o y criterios de selecci\u00f3n<\/h2>\n<h3>Capacidad de carga<\/h3>\n<p>La capacidad de carga del cilindro es uno de los factores de dise\u00f1o m\u00e1s importantes. Debe ser lo suficientemente resistente y duradero como para soportar el peso de la carga y la alta presi\u00f3n.<\/p>\n<h3>Sellado y durabilidad<\/h3>\n<p>Un cilindro debe estar bien sellado para evitar fugas, que pueden provocar desgaste y da\u00f1os prematuros. Elegir los materiales de sellado adecuados es esencial y, en algunos casos, el v\u00e1stago y el cuerpo del cilindro pueden requerir tratamientos o recubrimientos superficiales para mejorar la resistencia al desgaste y prevenir la corrosi\u00f3n.<\/p>\n<h3>Seguridad y mantenimiento<\/h3>\n<p>La seguridad es un factor crucial al dise\u00f1ar cilindros hidr\u00e1ulicos, y se deben incluir caracter\u00edsticas de seguridad adecuadas para prevenir accidentes. Adem\u00e1s, un mantenimiento adecuado es esencial para garantizar la larga vida \u00fatil del cilindro y prevenir aver\u00edas.<\/p>\n<p><img decoding=\"async\" src=\"https:\/\/www.hydraulic-cylinders.net\/wp-content\/uploads\/2025\/01\/songte-oil-pipes-and-spare-parts.webp\" alt=\"Imagen del producto\"><\/p>\n<h2>Sellado y lubricaci\u00f3n<\/h2>\n<p>Se utilizan diversos componentes de sellado, como sellos de pist\u00f3n, sellos de v\u00e1stago, etc., para garantizar el sellado adecuado del cilindro. El poliuretano y el caucho de nitrilo son materiales comunes para estos componentes. El cuerpo del cilindro y la superficie roscada del extremo se someten a un procesamiento fino para mejorar la resistencia al desgaste. Es necesaria una lubricaci\u00f3n regular con aceite hidr\u00e1ulico para garantizar un funcionamiento suave y evitar el desgaste.<\/p>\n<h2>Mantenimiento y reparaci\u00f3n<\/h2>\n<p>Las inspecciones peri\u00f3dicas, la lubricaci\u00f3n adecuada y el reemplazo de los componentes de sellado desgastados son tareas comunes de mantenimiento. Una instalaci\u00f3n, lubricaci\u00f3n y ajuste adecuados son cruciales para garantizar un funcionamiento fiable y duradero. Se recomienda utilizar soportes de instalaci\u00f3n adecuados para montar el cilindro de forma segura. Los procedimientos recomendados de inspecci\u00f3n, reparaci\u00f3n y reemplazo son esenciales para prolongar la vida \u00fatil del cilindro.<\/p>\n<p><img decoding=\"async\" src=\"https:\/\/www.hydraulic-cylinders.net\/wp-content\/uploads\/2025\/01\/songte-chushion-collar.webp\" alt=\"Imagen del producto\"><\/p>\n<h2>Consideraciones de seguridad y factores ambientales<\/h2>\n<p>Al utilizar cilindros hidr\u00e1ulicos, se deben tomar medidas de seguridad como la instalaci\u00f3n correcta, el mantenimiento regular y la inspecci\u00f3n para evitar accidentes. El aceite hidr\u00e1ulico utilizado en el cilindro puede representar un riesgo ambiental si no se desecha correctamente. Por lo tanto, se deben tomar las medidas adecuadas para prevenir la contaminaci\u00f3n ambiental.<\/p>\n<h2>Diagn\u00f3stico y soluci\u00f3n de problemas<\/h2>\n<p>Problemas comunes como fugas, reducci\u00f3n de potencia y movimiento err\u00e1tico requieren un diagn\u00f3stico y una soluci\u00f3n de problemas r\u00e1pidos. El uso de equipos y herramientas de diagn\u00f3stico adecuados, como man\u00f3metros y caudal\u00edmetros, es esencial para identificar la causa ra\u00edz del problema. El mantenimiento y la inspecci\u00f3n regulares pueden ayudar a prevenir la aparici\u00f3n de estos problemas.<\/p>\n<p><img decoding=\"async\" src=\"https:\/\/www.hydraulic-cylinders.net\/wp-content\/uploads\/2025\/01\/songte-bushings-with-all-kinds-of-excavator-models.webp\" alt=\"Imagen del producto\"><\/p>\n<h2>Acerca de nuestra empresa<\/h2>\n<p>Somos fabricantes de cilindros hidr\u00e1ulicos de repuesto con una gama completa de productos. Nos hemos convertido en uno de los principales fabricantes y mayoristas de cilindros hidr\u00e1ulicos en el mercado nacional e internacional gracias a nuestra excelente calidad, nuestras estrategias de gesti\u00f3n de la producci\u00f3n industrial en talleres de fabricaci\u00f3n sofisticados y la mejora continua de la plataforma de fabricaci\u00f3n en nuestros talleres mediante el uso de talento t\u00e9cnico, equipos de fabricaci\u00f3n digitales de alta gama y sistemas de prueba profesionales. Adem\u00e1s, contamos con una s\u00f3lida capacidad creativa para satisfacer las diversas necesidades de nuestros clientes con alta eficiencia, precisi\u00f3n y principios de alta calidad. <\/p>\n<h3>Profesionalismo<\/h3>\n<p>Nuestro equipo de profesionales est\u00e1 dedicado a brindar los mejores productos y servicios a nuestros clientes.<\/p>\n<h3>Certificaci\u00f3n Internacional<\/h3>\n<p>Nuestros productos est\u00e1n certificados por est\u00e1ndares internacionales de calidad y seguridad, como ISO y CE.<\/p>\n<h3>Servicios de personalizaci\u00f3n<\/h3>\n<p>Ofrecemos servicios personalizados para satisfacer las diversas necesidades de nuestros clientes.<\/p>\n<h3>Equipos de producci\u00f3n<\/h3>\n<p>Nuestro equipo de producci\u00f3n es de \u00faltima generaci\u00f3n y garantiza productos de alta calidad.<\/p>\n<h3>Servicio posventa<\/h3>\n<p>Brindamos un excelente servicio postventa para garantizar la satisfacci\u00f3n del cliente.<\/p>\n<p><img decoding=\"async\" src=\"https:\/\/www.hydraulic-cylinders.net\/wp-content\/uploads\/2025\/01\/songte-company-3.webp\" alt=\"Imagen de la empresa\"><\/p>\n<p>Autor: lyl<\/p>","protected":false},"excerpt":{"rendered":"<p>Bucket Cylinder For Doosan Large Excavator DX300LC Introduction Definition A bucket cylinder, specifically designed hydraulic cylinder, used to control the movement of the bucket in heavy machinery such as excavators, backhoes, and front-end loaders. Its main function is to enable the bucket to lift, lower, and tilt for easy material-handling tasks. In the hydraulic system, [&hellip;]<\/p>","protected":false},"featured_media":14780,"comment_status":"open","ping_status":"closed","template":"","meta":{"_et_pb_use_builder":"","_et_pb_old_content":"","_et_gb_content_width":""},"product_brand":[],"product_cat":[1494],"product_tag":[1495,1496],"class_list":{"0":"post-15288","1":"product","2":"type-product","3":"status-publish","4":"has-post-thumbnail","6":"product_cat-bucket-cylinders","7":"product_tag-bucket-cylinders","8":"product_tag-hydraulic-cylinders","10":"first","11":"instock","12":"shipping-taxable","13":"product-type-simple"},"amp_enabled":true,"_links":{"self":[{"href":"https:\/\/www.hydraulic-cylinders.net\/es\/wp-json\/wp\/v2\/product\/15288","targetHints":{"allow":["GET"]}}],"collection":[{"href":"https:\/\/www.hydraulic-cylinders.net\/es\/wp-json\/wp\/v2\/product"}],"about":[{"href":"https:\/\/www.hydraulic-cylinders.net\/es\/wp-json\/wp\/v2\/types\/product"}],"replies":[{"embeddable":true,"href":"https:\/\/www.hydraulic-cylinders.net\/es\/wp-json\/wp\/v2\/comments?post=15288"}],"wp:featuredmedia":[{"embeddable":true,"href":"https:\/\/www.hydraulic-cylinders.net\/es\/wp-json\/wp\/v2\/media\/14780"}],"wp:attachment":[{"href":"https:\/\/www.hydraulic-cylinders.net\/es\/wp-json\/wp\/v2\/media?parent=15288"}],"wp:term":[{"taxonomy":"product_brand","embeddable":true,"href":"https:\/\/www.hydraulic-cylinders.net\/es\/wp-json\/wp\/v2\/product_brand?post=15288"},{"taxonomy":"product_cat","embeddable":true,"href":"https:\/\/www.hydraulic-cylinders.net\/es\/wp-json\/wp\/v2\/product_cat?post=15288"},{"taxonomy":"product_tag","embeddable":true,"href":"https:\/\/www.hydraulic-cylinders.net\/es\/wp-json\/wp\/v2\/product_tag?post=15288"}],"curies":[{"name":"wp","href":"https:\/\/api.w.org\/{rel}","templated":true}]}}