{"id":15289,"date":"2025-01-19T14:20:36","date_gmt":"2025-01-19T14:20:36","guid":{"rendered":"https:\/\/www.hydraulic-cylinders.net\/product\/bucket-cylinder-for-doosan-large-excavator-dx500lc\/"},"modified":"2025-01-19T14:20:38","modified_gmt":"2025-01-19T14:20:38","slug":"bucket-cylinder-for-doosan-large-excavator-dx500lc","status":"publish","type":"product","link":"https:\/\/www.hydraulic-cylinders.net\/es\/producto\/bucket-cylinder-for-doosan-large-excavator-dx500lc\/","title":{"rendered":"Cilindro de cuchar\u00f3n para excavadora grande Doosan DX500LC"},"content":{"rendered":"<h1>Cilindro de cuchar\u00f3n para excavadora grande Doosan DX500LC<\/h1>\n<h2>Introducci\u00f3n<\/h2>\n<p>El cilindro del cuchar\u00f3n para la excavadora Doosan DX500LC es un cilindro hidr\u00e1ulico especialmente dise\u00f1ado que controla principalmente el movimiento del cuchar\u00f3n en maquinaria pesada como excavadoras, retroexcavadoras y cargadoras frontales. Su funci\u00f3n principal es permitir que el cuchar\u00f3n se eleve, baje e incline, lo que facilita diversas tareas de manipulaci\u00f3n de materiales. En el sistema hidr\u00e1ulico, el cilindro del cuchar\u00f3n controla con precisi\u00f3n el movimiento del cuchar\u00f3n mediante cambios en la presi\u00f3n del aceite hidr\u00e1ulico, lo que permite a los operadores manipular cargas pesadas con eficiencia y adaptarse a entornos de trabajo complejos y diversas necesidades operativas.<\/p>\n<p><img decoding=\"async\" src=\"https:\/\/www.hydraulic-cylinders.net\/wp-content\/uploads\/2025\/01\/songte-company-2.webp\"><\/p>\n<h2>Caracter\u00edsticas<\/h2>\n<ul>\n<li>Alta resistencia y durabilidad: generalmente fabricado en acero o aluminio de alta resistencia, puede soportar alta presi\u00f3n y cargas pesadas, adaptarse a entornos de trabajo hostiles y est\u00e1 dise\u00f1ado con resistencia al desgaste y a la corrosi\u00f3n para extender su vida \u00fatil.<\/li>\n<li>Operaci\u00f3n hidr\u00e1ulica eficiente: Al utilizar la presi\u00f3n del aceite hidr\u00e1ulico para lograr acciones suaves de expansi\u00f3n y contracci\u00f3n, puede responder r\u00e1pidamente a los comandos de control, proporcionar poderosas fuerzas de empuje y tracci\u00f3n, y es adecuado para manipular cargas pesadas y tareas operativas complejas.<\/li>\n<li>Diversos tipos: Se pueden elegir cilindros de simple efecto (hidr\u00e1ulicos en una sola direcci\u00f3n) o de doble efecto (hidr\u00e1ulicos en dos direcciones) seg\u00fan las necesidades para satisfacer diferentes requisitos operativos. Algunos modelos son telesc\u00f3picos, lo que permite una mayor expansi\u00f3n sin aumentar las dimensiones externas, lo que resulta ideal para aplicaciones con espacio limitado.<\/li>\n<li>F\u00e1cil sustituci\u00f3n: Nuestro producto puede sustituir perfectamente estos cilindros hidr\u00e1ulicos.<\/li>\n<\/ul>\n<p><img decoding=\"async\" src=\"https:\/\/www.hydraulic-cylinders.net\/wp-content\/uploads\/2025\/01\/songte-cylinder-head-with-all-kinds-excavator-models.webp\"><\/p>\n<h2>Aplicaciones<\/h2>\n<p>Los cilindros de cangilones se utilizan ampliamente en diversas industrias, como la construcci\u00f3n, la agricultura y la miner\u00eda. A continuaci\u00f3n, se presentan algunas aplicaciones comunes:<\/p>\n<ul>\n<li>Equipos de construcci\u00f3n: En las excavadoras, son esenciales para excavar, cargar y mover tierra o escombros. En las retroexcavadoras, los cilindros del cuchar\u00f3n facilitan tanto la excavaci\u00f3n como la elevaci\u00f3n. <\/li>\n<li>Maquinaria agr\u00edcola: Se utilizan en cargadoras frontales para recoger, levantar y transportar tierra, heno y otros materiales. <\/li>\n<li>Excavadoras: Los cilindros del cuchar\u00f3n logran la excavaci\u00f3n al permitir que el cuchar\u00f3n penetre en el suelo. <\/li>\n<li>Cargadores: En los cargadores frontales, ayudan a levantar y descargar mercanc\u00edas de manera eficaz. <\/li>\n<\/ul>\n<h2>Consideraciones de dise\u00f1o y criterios de selecci\u00f3n<\/h2>\n<p>A la hora de elegir un cilindro de cangil\u00f3n, es esencial tener en cuenta las siguientes consideraciones de dise\u00f1o y criterios de selecci\u00f3n:<\/p>\n<ul>\n<li>Capacidad de carga: Es necesario asegurarse de que el cilindro pueda soportar el peso de la carga que soporta.<\/li>\n<li>Sellado: Varios elementos de sellado, como sellos de pist\u00f3n, sellos de varilla, etc., deben garantizar que el cilindro pueda mantener un sello positivo y evitar fugas de fluido hidr\u00e1ulico. <\/li>\n<li>Durabilidad: Es necesario considerar el material del cilindro y su resistencia al desgaste y a la corrosi\u00f3n para prolongar su vida \u00fatil.<\/li>\n<li>Seguridad: Es necesario garantizar que el cilindro sea seguro de usar y pueda soportar posibles accidentes como sobrecarga, vibraci\u00f3n, etc.<\/li>\n<li>Mantenibilidad: Es necesario asegurarse de que el cilindro sea f\u00e1cil de mantener y reparar, y que sus piezas est\u00e9n f\u00e1cilmente disponibles.<\/li>\n<\/ul>\n<p><img decoding=\"async\" src=\"https:\/\/www.hydraulic-cylinders.net\/wp-content\/uploads\/2025\/01\/songte-oil-pipes-and-spare-parts.webp\"><\/p>\n<h2>Sellado y lubricaci\u00f3n<\/h2>\n<p>En los cilindros de cuchar\u00f3n se utilizan diversos componentes de sellado, como sellos de pist\u00f3n, sellos de v\u00e1stago, etc., para garantizar un sellado herm\u00e9tico y evitar fugas de fluido hidr\u00e1ulico. Los componentes de sellado utilizan materiales resistentes al desgaste, como poliuretano y caucho de nitrilo. El cuerpo del cilindro y las superficies roscadas de los extremos se someten a un procesamiento fino para mejorar la resistencia al desgaste. Es fundamental a\u00f1adir regularmente una cantidad adecuada de aceite hidr\u00e1ulico para su lubricaci\u00f3n.<\/p>\n<h2>Mantenimiento y precauciones<\/h2>\n<p>La inspecci\u00f3n regular y el mantenimiento preventivo son necesarios para prolongar la vida \u00fatil del cilindro del cuchar\u00f3n. A continuaci\u00f3n, se indican algunas tareas de mantenimiento comunes:<\/p>\n<ul>\n<li>Inspecci\u00f3n regular<\/li>\n<li>Lubricaci\u00f3n adecuada<\/li>\n<li>Sustituci\u00f3n de juntas y comprobaci\u00f3n de calibraci\u00f3n<\/li>\n<\/ul>\n<p>Durante la instalaci\u00f3n, es fundamental proporcionar las instrucciones de alineaci\u00f3n correctas para el cilindro. Se recomienda utilizar soportes de instalaci\u00f3n adecuados para fijar el cilindro. Tambi\u00e9n sugerimos seguir los procedimientos recomendados de inspecci\u00f3n, reparaci\u00f3n y reemplazo para prolongar la vida \u00fatil del cilindro.<\/p>\n<p><img decoding=\"async\" src=\"https:\/\/www.hydraulic-cylinders.net\/wp-content\/uploads\/2025\/01\/songte-chushion-collar.webp\"><\/p>\n<h2>Consideraciones de seguridad y medio ambiente<\/h2>\n<p>Al utilizar cilindros de cangilones, es fundamental seguir las medidas de seguridad para evitar posibles riesgos como sobrecarga, vibraci\u00f3n, etc. Factores ambientales como la exposici\u00f3n al polvo y las altas temperaturas tambi\u00e9n pueden afectar el rendimiento del cilindro. Por lo tanto, es fundamental mantener un entorno de trabajo limpio y seguro.<\/p>\n<h2>Diagn\u00f3stico de fallas y soluci\u00f3n de problemas<\/h2>\n<p>A continuaci\u00f3n se presentan algunos problemas comunes que pueden ocurrir al utilizar un cilindro de cubo:<\/p>\n<ul>\n<li>Fuga de fluido hidr\u00e1ulico<\/li>\n<li>Dificultad para mover el pist\u00f3n<\/li>\n<li>Ruido durante el funcionamiento<\/li>\n<\/ul>\n<p>Para solucionar estos problemas, es fundamental revisar los sellos, el pist\u00f3n y otros componentes del cilindro. Una limpieza regular y una lubricaci\u00f3n adecuada pueden ayudar a prevenir estos problemas.<\/p>\n<p><img decoding=\"async\" src=\"https:\/\/www.hydraulic-cylinders.net\/wp-content\/uploads\/2025\/01\/songte-bushings-with-all-kinds-of-excavator-models.webp\"><\/p>\n<h2>Acerca de nuestra empresa<\/h2>\n<p>Somos fabricantes de cilindros hidr\u00e1ulicos de repuesto con una gama completa de productos y nos hemos convertido en uno de los principales fabricantes y distribuidores mayoristas de cilindros hidr\u00e1ulicos en el mercado nacional e internacional. Nos adherimos al principio de excelente calidad y nos basamos en la estrategia de gesti\u00f3n de la producci\u00f3n industrial de un taller de fabricaci\u00f3n sofisticado. Gracias al uso de talento tecnol\u00f3gico, equipos de fabricaci\u00f3n digitales de alta gama y sistemas de prueba profesionales, mejoramos continuamente la plataforma de fabricaci\u00f3n del taller, optimizamos la l\u00ednea de producci\u00f3n de calidad del producto y contamos con una s\u00f3lida capacidad creativa. Nuestro objetivo es satisfacer las diversas necesidades de nuestros clientes con alta eficiencia, precisi\u00f3n y principios de alta calidad.<\/p>\n<p><img decoding=\"async\" src=\"https:\/\/hzpt.com\/wp-content\/uploads\/2024\/11\/songte-company-1.webp\"><\/p>\n<h2>Profesionalismo<\/h2>\n<p>Contamos con un equipo profesional que puede brindar soporte t\u00e9cnico y servicios personalizados para satisfacer las necesidades espec\u00edficas de los clientes.<\/p>\n<h2>Certificaci\u00f3n Internacional<\/h2>\n<p>Nuestros productos han pasado certificaciones internacionales como ISO9001, CE y SGS, etc.<\/p>\n<h2>Servicios personalizados<\/h2>\n<p>Ofrecemos servicios personalizados para diversos requisitos, incluidos materiales, tama\u00f1os y otras especificaciones.<\/p>\n<h2>Equipos de producci\u00f3n<\/h2>\n<p>Utilizamos equipos de fabricaci\u00f3n avanzados para garantizar la calidad del producto y la eficiencia de la producci\u00f3n.<\/p>\n<h2>Servicio postventa<\/h2>\n<p>Brindamos un servicio posventa integral, que incluye mantenimiento, reparaci\u00f3n y reemplazo de piezas para ayudar a los clientes a mantener el excelente rendimiento del cilindro hidr\u00e1ulico.<\/p>\n<h4>Autor: lyl<\/h4>","protected":false},"excerpt":{"rendered":"<p>Bucket Cylinder For Doosan Large Excavator DX500LC Introduction A bucket cylinder for Doosan large excavator DX500LC is a specially designed hydraulic cylinder that mainly controls the movement of the bucket in heavy machinery such as excavators, backhoe excavators, and front loaders. Its primary function is to enable the bucket to lift, lower, and tilt, making [&hellip;]<\/p>","protected":false},"featured_media":14778,"comment_status":"open","ping_status":"closed","template":"","meta":{"_et_pb_use_builder":"","_et_pb_old_content":"","_et_gb_content_width":""},"product_brand":[],"product_cat":[1494],"product_tag":[1495,1496],"class_list":{"0":"post-15289","1":"product","2":"type-product","3":"status-publish","4":"has-post-thumbnail","6":"product_cat-bucket-cylinders","7":"product_tag-bucket-cylinders","8":"product_tag-hydraulic-cylinders","10":"first","11":"instock","12":"shipping-taxable","13":"product-type-simple"},"amp_enabled":true,"_links":{"self":[{"href":"https:\/\/www.hydraulic-cylinders.net\/es\/wp-json\/wp\/v2\/product\/15289","targetHints":{"allow":["GET"]}}],"collection":[{"href":"https:\/\/www.hydraulic-cylinders.net\/es\/wp-json\/wp\/v2\/product"}],"about":[{"href":"https:\/\/www.hydraulic-cylinders.net\/es\/wp-json\/wp\/v2\/types\/product"}],"replies":[{"embeddable":true,"href":"https:\/\/www.hydraulic-cylinders.net\/es\/wp-json\/wp\/v2\/comments?post=15289"}],"wp:featuredmedia":[{"embeddable":true,"href":"https:\/\/www.hydraulic-cylinders.net\/es\/wp-json\/wp\/v2\/media\/14778"}],"wp:attachment":[{"href":"https:\/\/www.hydraulic-cylinders.net\/es\/wp-json\/wp\/v2\/media?parent=15289"}],"wp:term":[{"taxonomy":"product_brand","embeddable":true,"href":"https:\/\/www.hydraulic-cylinders.net\/es\/wp-json\/wp\/v2\/product_brand?post=15289"},{"taxonomy":"product_cat","embeddable":true,"href":"https:\/\/www.hydraulic-cylinders.net\/es\/wp-json\/wp\/v2\/product_cat?post=15289"},{"taxonomy":"product_tag","embeddable":true,"href":"https:\/\/www.hydraulic-cylinders.net\/es\/wp-json\/wp\/v2\/product_tag?post=15289"}],"curies":[{"name":"wp","href":"https:\/\/api.w.org\/{rel}","templated":true}]}}